{"id":2627,"date":"2024-02-28T08:23:35","date_gmt":"2024-02-28T08:23:35","guid":{"rendered":"https:\/\/www.silviobessone.it\/sejour-chocolate\/"},"modified":"2024-02-28T15:10:04","modified_gmt":"2024-02-28T15:10:04","slug":"sejour-chocolate","status":"publish","type":"page","link":"https:\/\/www.silviobessone.it\/fr\/sejour-chocolate\/","title":{"rendered":"S\u00e9jour chocolat\u00e9"},"content":{"rendered":"\t\t<div data-elementor-type=\"wp-page\" data-elementor-id=\"2627\" class=\"elementor elementor-2627 elementor-2578\" data-elementor-post-type=\"page\">\n\t\t\t\t\t\t<section class=\"elementor-section elementor-top-section elementor-element elementor-element-1f668e0 elementor-section-boxed elementor-section-height-default elementor-section-height-default\" data-id=\"1f668e0\" data-element_type=\"section\">\n\t\t\t\t\t\t<div class=\"elementor-container elementor-column-gap-default\">\n\t\t\t\t\t<div class=\"elementor-column elementor-col-100 elementor-top-column elementor-element elementor-element-feb5102\" data-id=\"feb5102\" data-element_type=\"column\">\n\t\t\t<div class=\"elementor-widget-wrap elementor-element-populated\">\n\t\t\t\t\t\t<div class=\"elementor-element elementor-element-929cbf9 elementor-widget elementor-widget-spacer\" data-id=\"929cbf9\" data-element_type=\"widget\" data-widget_type=\"spacer.default\">\n\t\t\t\t<div class=\"elementor-widget-container\">\n\t\t\t\t\t\t\t<div class=\"elementor-spacer\">\n\t\t\t<div class=\"elementor-spacer-inner\"><\/div>\n\t\t<\/div>\n\t\t\t\t\t\t<\/div>\n\t\t\t\t<\/div>\n\t\t\t\t<div class=\"elementor-element elementor-element-a0767cd elementor-widget elementor-widget-heading\" data-id=\"a0767cd\" data-element_type=\"widget\" data-widget_type=\"heading.default\">\n\t\t\t\t<div class=\"elementor-widget-container\">\n\t\t\t\t\t<h2 class=\"elementor-heading-title elementor-size-default\">S\u00e9jour chocolat\u00e9 <\/h2>\t\t\t\t<\/div>\n\t\t\t\t<\/div>\n\t\t\t\t<div class=\"elementor-element elementor-element-88795ab elementor-widget elementor-widget-spacer\" data-id=\"88795ab\" data-element_type=\"widget\" data-widget_type=\"spacer.default\">\n\t\t\t\t<div class=\"elementor-widget-container\">\n\t\t\t\t\t\t\t<div class=\"elementor-spacer\">\n\t\t\t<div class=\"elementor-spacer-inner\"><\/div>\n\t\t<\/div>\n\t\t\t\t\t\t<\/div>\n\t\t\t\t<\/div>\n\t\t\t\t<div class=\"elementor-element elementor-element-a3e1595 elementor-widget elementor-widget-text-editor\" data-id=\"a3e1595\" data-element_type=\"widget\" data-widget_type=\"text-editor.default\">\n\t\t\t\t<div class=\"elementor-widget-container\">\n\t\t\t\t\t\t\t\t\t<p><strong>S\u00e9jour au chocolat \u00e0 la Cioccolocanda<\/strong><\/p>\n<p><strong>Vivez en couple une exp\u00e9rience inoubliable au c\u0153ur du chocolat.<\/strong><\/p>\n\t\t\t\t\t\t\t\t<\/div>\n\t\t\t\t<\/div>\n\t\t\t\t<div class=\"elementor-element elementor-element-8aa349e elementor-widget elementor-widget-text-editor\" data-id=\"8aa349e\" data-element_type=\"widget\" data-widget_type=\"text-editor.default\">\n\t\t\t\t<div class=\"elementor-widget-container\">\n\t\t\t\t\t\t\t\t\t<p><strong>Jour 1 :<\/strong><\/p>\n<ul>\n<li><strong>15 heures :<\/strong> Arriv\u00e9e et accueil \u00e0 la Cioccolocanda.<\/li>\n<li><strong>18 heures :<\/strong> Plongez dans l&rsquo;histoire et la fascination du chocolat gr\u00e2ce \u00e0 une visite guid\u00e9e de notre mus\u00e9e du chocolat. Vous d\u00e9couvrirez le parcours du cacao, de la graine \u00e0 la barre irr\u00e9sistible, et enrichirez votre exp\u00e9rience d&rsquo;une d\u00e9gustation guid\u00e9e de nos meilleurs chocolats.<\/li>\n<li><strong>19 heures :<\/strong> Rejoignez-moi, Silvio Bessone, pour une heure de pure douceur. Pendant notre cours de p\u00e2tisserie, nous apprendrons ensemble \u00e0 cr\u00e9er un d\u00e9licieux g\u00e2teau au chocolat qui sera ensuite servi comme dessert au d\u00eener.<\/li>\n<li><strong>D\u00eener :<\/strong> Apr\u00e8s un apr\u00e8s-midi chocolat\u00e9, un d\u00eener gastronomique o\u00f9 la tradition culinaire de la r\u00e9gion rencontre la tentation du cacao. Chaque plat raconte une histoire, chaque saveur est un voyage.<\/li>\n<li><strong>Un pralin\u00e9 vertical :<\/strong> Trois chocolats selon la saison et\/ou le jour seront servis \u00e0 chaque couple et pr\u00e9c\u00e9deront le caf\u00e9.<\/li>\n<li><strong>Diff\u00e9rents verres de vin ou de bi\u00e8re de cacao adapt\u00e9s au plat seront servis au cours du d\u00eener.<\/strong><\/li>\n<li>L&rsquo;eau et le caf\u00e9 sont inclus dans le menu<\/li>\n<\/ul>\n<p><strong>Du 21 septembre au 30 janvier, il sera possible de remplacer un plat du menu par un plat \u00e0 base de truffe blanche moyennant une petite contribution financi\u00e8re. Il varie en fonction de la saison et de la valeur de la truffe \u00e0 ce moment-l\u00e0.  <\/strong><\/p>\n<ul>\n<li><strong>Nuit du chocolat :<\/strong> d\u00e9tendez-vous dans votre chambre, inspir\u00e9e et d\u00e9di\u00e9e \u00e0 l&rsquo;un des pays producteurs de cacao. Mais la nuit ne s&rsquo;arr\u00eate pas l\u00e0 : un kit exclusif de fondue au chocolat vous attend pour vous dorloter avant un repos bien m\u00e9rit\u00e9.<\/li>\n<\/ul>\n<p><strong>Jour 2 :<\/strong><\/p>\n<ul>\n<li>Petit-d\u00e9jeuner <strong>:<\/strong> Commencez la journ\u00e9e par un petit-d\u00e9jeuner copieux o\u00f9 le chocolat est le roi incontest\u00e9. Du sucr\u00e9 au sal\u00e9, chaque proposition est un hommage au cacao et \u00e0 ses infinies nuances.<\/li>\n<\/ul>\n<p><strong>Traitements exclusifs (sur accord pr\u00e9alable et non inclus dans l&rsquo;offre de s\u00e9jour) :<\/strong><\/p>\n<ul>\n<li><strong>Bain au chocolat :<\/strong> offrez-vous un moment de pur luxe et de bien-\u00eatre dans notre salle de bain au chocolat. Plongez dans un bain de chocolat en couple, sur fond de musique douce, pour une exp\u00e9rience inoubliable.<\/li>\n<li><strong>CioccoMassage :<\/strong> Abandonnez-vous aux mains expertes de notre professionnel qualifi\u00e9 et laissez-vous envelopper par les bienfaits d&rsquo;une solution compos\u00e9e de p\u00e2te de cacao, de chocolat et d&rsquo;huile d&rsquo;amande. Un traitement qui nourrit le corps et l&rsquo;esprit.<\/li>\n<\/ul>\n<p>Pr\u00e9parez-vous \u00e0 vivre des moments de pur plaisir et de d\u00e9tente dans une atmosph\u00e8re o\u00f9 chaque d\u00e9tail est con\u00e7u pour vous faire tomber encore plus amoureux du chocolat.<\/p>\n<p>Ce forfait s\u00e9jour jusqu&rsquo;en juin 2023 co\u00fbte \u20ac 190.00 et est valable pour deux personnes.<\/p>\n<p>Cette exp\u00e9rience est valable pour deux personnes, elle peut \u00e9galement faire l&rsquo;objet d&rsquo;un cadeau SPECIAL Une fois que vous aurez effectu\u00e9 votre achat sur le site web, vous recevrez un e-mail contenant un formulaire \u00e0 remplir avec les donn\u00e9es relatives au(x) b\u00e9n\u00e9ficiaire(s) Une fois que vous aurez re\u00e7u le formulaire, vous recevrez un Voucher personnalis\u00e9 au format PDF imprimable que vous pourrez offrir en guise de cadeau. Le bon contiendra la date si vous l&rsquo;avez indiqu\u00e9e, le(s) nom(s) du (des) b\u00e9n\u00e9ficiaire(s) et les instructions relatives \u00e0 la r\u00e9servation. Il vous suffit de remplir le formulaire avec les donn\u00e9es dont vous avez connaissance, au cas o\u00f9, au moment de la r\u00e9servation, nous r\u00e9cup\u00e9rerions les donn\u00e9es si les b\u00e9n\u00e9ficiaires sont manquants.<\/p>\n<p>Afin de recevoir la confirmation et le num\u00e9ro du Voucher, vous devez effectuer le paiement de votre s\u00e9jour \u00e0 hauteur de \u20ac 190.00. Les \u00e9ventuels extras peuvent \u00eatre pay\u00e9s au moment du d\u00e9part (si vous \u00eates la personne principale). Sans r\u00e9servation par e-mail accompagn\u00e9e d&rsquo;une lettre de confirmation, les r\u00e9servations ne seront pas consid\u00e9r\u00e9es comme valides.<\/p>\n<p>Les enfants de moins de 10 ans paient 20 \u20ac pour leur s\u00e9jour, \u00e0 l&rsquo;exclusion des repas, qui seront factur\u00e9s en fonction de la consommation r\u00e9elle. Pour les personnes \u00e2g\u00e9es de plus de 10 ans, les repas sont factur\u00e9s s\u00e9par\u00e9ment pour un montant de 30 \u20ac.<\/p>\n<p>En cas de surr\u00e9servation, le s\u00e9jour peut s&rsquo;accompagner d&rsquo;une nuit\u00e9e dans l&rsquo;\u00e9tablissement ext\u00e9rieur.<\/p>\n<p>Pour plus d&rsquo;informations sur la mani\u00e8re d&rsquo;am\u00e9liorer le bon en y ajoutant d&rsquo;autres services, veuillez contacter <a href=\"mailto:info@silviobessone.it\">info@silviobessone.it<\/a>.<\/p>\n<p>Saisir le lien du s\u00e9jour <a href=\"https:\/\/shop.silviobessone.it\/it\/cioccolocanda-shop\/162-contaminazioni-di-cacao.html\">https:\/\/shop.silviobessone.it\/it\/cioccolocanda-shop\/162-contaminazioni-di-cacao.html<\/a><\/p>\n\t\t\t\t\t\t\t\t<\/div>\n\t\t\t\t<\/div>\n\t\t\t\t\t<\/div>\n\t\t<\/div>\n\t\t\t\t\t<\/div>\n\t\t<\/section>\n\t\t\t\t<section class=\"elementor-section elementor-top-section elementor-element elementor-element-6629c7b elementor-section-boxed elementor-section-height-default elementor-section-height-default\" data-id=\"6629c7b\" data-element_type=\"section\">\n\t\t\t\t\t\t<div class=\"elementor-container elementor-column-gap-default\">\n\t\t\t\t\t<div class=\"elementor-column elementor-col-100 elementor-top-column elementor-element elementor-element-f00edb8\" data-id=\"f00edb8\" data-element_type=\"column\">\n\t\t\t<div class=\"elementor-widget-wrap elementor-element-populated\">\n\t\t\t\t\t\t<div class=\"elementor-element elementor-element-7f23053 elementor-widget elementor-widget-spacer\" data-id=\"7f23053\" data-element_type=\"widget\" data-widget_type=\"spacer.default\">\n\t\t\t\t<div class=\"elementor-widget-container\">\n\t\t\t\t\t\t\t<div class=\"elementor-spacer\">\n\t\t\t<div class=\"elementor-spacer-inner\"><\/div>\n\t\t<\/div>\n\t\t\t\t\t\t<\/div>\n\t\t\t\t<\/div>\n\t\t\t\t\t<\/div>\n\t\t<\/div>\n\t\t\t\t\t<\/div>\n\t\t<\/section>\n\t\t\t\t<\/div>\n\t\t","protected":false},"excerpt":{"rendered":"<p>S\u00e9jour chocolat\u00e9 S\u00e9jour au chocolat \u00e0 la Cioccolocanda Vivez en couple une exp\u00e9rience inoubliable au c\u0153ur du chocolat. Jour 1 : 15 heures : Arriv\u00e9e et accueil \u00e0 la Cioccolocanda. 18 heures : Plongez dans l&rsquo;histoire et la fascination du chocolat gr\u00e2ce \u00e0 une visite guid\u00e9e de notre mus\u00e9e du chocolat. Vous d\u00e9couvrirez le parcours [&hellip;]<\/p>\n","protected":false},"author":1,"featured_media":0,"parent":0,"menu_order":0,"comment_status":"closed","ping_status":"closed","template":"","meta":{"footnotes":""},"_links":{"self":[{"href":"https:\/\/www.silviobessone.it\/fr\/wp-json\/wp\/v2\/pages\/2627"}],"collection":[{"href":"https:\/\/www.silviobessone.it\/fr\/wp-json\/wp\/v2\/pages"}],"about":[{"href":"https:\/\/www.silviobessone.it\/fr\/wp-json\/wp\/v2\/types\/page"}],"author":[{"embeddable":true,"href":"https:\/\/www.silviobessone.it\/fr\/wp-json\/wp\/v2\/users\/1"}],"replies":[{"embeddable":true,"href":"https:\/\/www.silviobessone.it\/fr\/wp-json\/wp\/v2\/comments?post=2627"}],"version-history":[{"count":4,"href":"https:\/\/www.silviobessone.it\/fr\/wp-json\/wp\/v2\/pages\/2627\/revisions"}],"predecessor-version":[{"id":2642,"href":"https:\/\/www.silviobessone.it\/fr\/wp-json\/wp\/v2\/pages\/2627\/revisions\/2642"}],"wp:attachment":[{"href":"https:\/\/www.silviobessone.it\/fr\/wp-json\/wp\/v2\/media?parent=2627"}],"curies":[{"name":"wp","href":"https:\/\/api.w.org\/{rel}","templated":true}]}}