{"id":2327,"date":"2023-09-05T11:41:14","date_gmt":"2023-09-05T11:41:14","guid":{"rendered":"https:\/\/www.silviobessone.it\/la-classification-du-cacao\/"},"modified":"2023-10-23T14:12:32","modified_gmt":"2023-10-23T14:12:32","slug":"la-classification-du-cacao","status":"publish","type":"page","link":"https:\/\/www.silviobessone.it\/fr\/la-classification-du-cacao\/","title":{"rendered":"LA CLASSIFICATION DU CACAO"},"content":{"rendered":"\t\t<div data-elementor-type=\"wp-page\" data-elementor-id=\"2327\" class=\"elementor elementor-2327 elementor-476\" data-elementor-post-type=\"page\">\n\t\t\t\t\t\t<section class=\"elementor-section elementor-top-section elementor-element elementor-element-eb02233 elementor-section-boxed elementor-section-height-default elementor-section-height-default\" data-id=\"eb02233\" data-element_type=\"section\">\n\t\t\t\t\t\t<div class=\"elementor-container elementor-column-gap-default\">\n\t\t\t\t\t<div class=\"elementor-column elementor-col-100 elementor-top-column elementor-element elementor-element-bae721c\" data-id=\"bae721c\" data-element_type=\"column\">\n\t\t\t<div class=\"elementor-widget-wrap elementor-element-populated\">\n\t\t\t\t\t\t<div class=\"elementor-element elementor-element-ac2e6b0 elementor-widget elementor-widget-spacer\" data-id=\"ac2e6b0\" data-element_type=\"widget\" data-widget_type=\"spacer.default\">\n\t\t\t\t<div class=\"elementor-widget-container\">\n\t\t\t\t\t\t\t<div class=\"elementor-spacer\">\n\t\t\t<div class=\"elementor-spacer-inner\"><\/div>\n\t\t<\/div>\n\t\t\t\t\t\t<\/div>\n\t\t\t\t<\/div>\n\t\t\t\t<div class=\"elementor-element elementor-element-6790910 elementor-widget elementor-widget-image\" data-id=\"6790910\" data-element_type=\"widget\" data-widget_type=\"image.default\">\n\t\t\t\t<div class=\"elementor-widget-container\">\n\t\t\t\t\t\t\t\t\t\t\t\t\t\t\t<img fetchpriority=\"high\" decoding=\"async\" width=\"1354\" height=\"249\" src=\"https:\/\/www.silviobessone.it\/wp-content\/uploads\/2023\/09\/fabbrica-1.png\" class=\"attachment-full size-full wp-image-1387\" alt=\"\" srcset=\"https:\/\/www.silviobessone.it\/wp-content\/uploads\/2023\/09\/fabbrica-1.png 1354w, https:\/\/www.silviobessone.it\/wp-content\/uploads\/2023\/09\/fabbrica-1-300x55.png 300w, https:\/\/www.silviobessone.it\/wp-content\/uploads\/2023\/09\/fabbrica-1-1024x188.png 1024w, https:\/\/www.silviobessone.it\/wp-content\/uploads\/2023\/09\/fabbrica-1-768x141.png 768w\" sizes=\"(max-width: 1354px) 100vw, 1354px\" \/>\t\t\t\t\t\t\t\t\t\t\t\t\t\t\t<\/div>\n\t\t\t\t<\/div>\n\t\t\t\t<div class=\"elementor-element elementor-element-0dca3fe elementor-widget elementor-widget-spacer\" data-id=\"0dca3fe\" data-element_type=\"widget\" data-widget_type=\"spacer.default\">\n\t\t\t\t<div class=\"elementor-widget-container\">\n\t\t\t\t\t\t\t<div class=\"elementor-spacer\">\n\t\t\t<div class=\"elementor-spacer-inner\"><\/div>\n\t\t<\/div>\n\t\t\t\t\t\t<\/div>\n\t\t\t\t<\/div>\n\t\t\t\t\t<\/div>\n\t\t<\/div>\n\t\t\t\t\t<\/div>\n\t\t<\/section>\n\t\t\t\t<section class=\"elementor-section elementor-top-section elementor-element elementor-element-13151a1 elementor-section-boxed elementor-section-height-default elementor-section-height-default\" data-id=\"13151a1\" data-element_type=\"section\">\n\t\t\t\t\t\t<div class=\"elementor-container elementor-column-gap-default\">\n\t\t\t\t\t<div class=\"elementor-column elementor-col-33 elementor-top-column elementor-element elementor-element-2836a6d\" data-id=\"2836a6d\" data-element_type=\"column\">\n\t\t\t<div class=\"elementor-widget-wrap elementor-element-populated\">\n\t\t\t\t\t\t<div class=\"elementor-element elementor-element-37891c0 elementor-nav-menu__align-start elementor-nav-menu--dropdown-tablet elementor-nav-menu__text-align-aside elementor-nav-menu--toggle elementor-nav-menu--burger elementor-widget elementor-widget-nav-menu\" data-id=\"37891c0\" data-element_type=\"widget\" data-settings=\"{&quot;layout&quot;:&quot;horizontal&quot;,&quot;submenu_icon&quot;:{&quot;value&quot;:&quot;&lt;i class=\\&quot;fas fa-caret-down\\&quot;&gt;&lt;\\\/i&gt;&quot;,&quot;library&quot;:&quot;fa-solid&quot;},&quot;toggle&quot;:&quot;burger&quot;}\" data-widget_type=\"nav-menu.default\">\n\t\t\t\t<div class=\"elementor-widget-container\">\n\t\t\t\t\t\t\t\t<nav aria-label=\"Menu\" class=\"elementor-nav-menu--main elementor-nav-menu__container elementor-nav-menu--layout-horizontal e--pointer-background e--animation-fade\">\n\t\t\t\t<ul id=\"menu-1-37891c0\" class=\"elementor-nav-menu\"><li class=\"menu-item menu-item-type-post_type menu-item-object-page menu-item-2411\"><a href=\"https:\/\/www.silviobessone.it\/fr\/jhodairis\/\" class=\"elementor-item\">JHODAIRIS<\/a><\/li>\n<li class=\"menu-item menu-item-type-post_type menu-item-object-page menu-item-1684\"><a href=\"https:\/\/www.silviobessone.it\/fr\/le-chocolat-de-latlantique-mata\/\" class=\"elementor-item\">LE CHOCOLAT DE L&rsquo;ATLANTIQUE MATA<\/a><\/li>\n<li class=\"menu-item menu-item-type-post_type menu-item-object-page menu-item-2412\"><a href=\"https:\/\/www.silviobessone.it\/fr\/le-dictionnaire-du-cacao\/\" class=\"elementor-item\">LE DICTIONNAIRE DU CACAO<\/a><\/li>\n<li class=\"menu-item menu-item-type-post_type menu-item-object-page menu-item-2413\"><a href=\"https:\/\/www.silviobessone.it\/fr\/le-printemps-du-cacao\/\" class=\"elementor-item\">LE PRINTEMPS DU CACAO<\/a><\/li>\n<li class=\"menu-item menu-item-type-post_type menu-item-object-page menu-item-2414\"><a href=\"https:\/\/www.silviobessone.it\/fr\/transformation-du-cacao\/\" class=\"elementor-item\">TRANSFORMATION DU CACAO<\/a><\/li>\n<li class=\"menu-item menu-item-type-post_type menu-item-object-page menu-item-2415\"><a href=\"https:\/\/www.silviobessone.it\/fr\/la-classification-du-cacao\/\" class=\"elementor-item\">LA CLASSIFICATION DU CACAO<\/a><\/li>\n<li class=\"menu-item menu-item-type-post_type menu-item-object-page menu-item-2416\"><a href=\"https:\/\/www.silviobessone.it\/fr\/chocolat\/\" class=\"elementor-item\">CHOCOLAT<\/a><\/li>\n<li class=\"menu-item menu-item-type-post_type menu-item-object-page menu-item-2431\"><a href=\"https:\/\/www.silviobessone.it\/fr\/lhistoire-du-cacao\/\" class=\"elementor-item\">L&rsquo;HISTOIRE DU CACAO<\/a><\/li>\n<li class=\"menu-item menu-item-type-post_type menu-item-object-page menu-item-2432\"><a href=\"https:\/\/www.silviobessone.it\/fr\/la-planete-des-noisettes\/\" class=\"elementor-item\">LA PLAN\u00c8TE DES NOISETTES<\/a><\/li>\n<\/ul>\t\t\t<\/nav>\n\t\t\t\t\t<div class=\"elementor-menu-toggle\" role=\"button\" tabindex=\"0\" aria-label=\"Permuter le menu\" aria-expanded=\"false\">\n\t\t\t<i aria-hidden=\"true\" role=\"presentation\" class=\"elementor-menu-toggle__icon--open eicon-menu-bar\"><\/i><i aria-hidden=\"true\" role=\"presentation\" class=\"elementor-menu-toggle__icon--close eicon-close\"><\/i>\t\t<\/div>\n\t\t\t\t\t<nav class=\"elementor-nav-menu--dropdown elementor-nav-menu__container\" aria-hidden=\"true\">\n\t\t\t\t<ul id=\"menu-2-37891c0\" class=\"elementor-nav-menu\"><li class=\"menu-item menu-item-type-post_type menu-item-object-page menu-item-2411\"><a href=\"https:\/\/www.silviobessone.it\/fr\/jhodairis\/\" class=\"elementor-item\" tabindex=\"-1\">JHODAIRIS<\/a><\/li>\n<li class=\"menu-item menu-item-type-post_type menu-item-object-page menu-item-1684\"><a href=\"https:\/\/www.silviobessone.it\/fr\/le-chocolat-de-latlantique-mata\/\" class=\"elementor-item\" tabindex=\"-1\">LE CHOCOLAT DE L&rsquo;ATLANTIQUE MATA<\/a><\/li>\n<li class=\"menu-item menu-item-type-post_type menu-item-object-page menu-item-2412\"><a href=\"https:\/\/www.silviobessone.it\/fr\/le-dictionnaire-du-cacao\/\" class=\"elementor-item\" tabindex=\"-1\">LE DICTIONNAIRE DU CACAO<\/a><\/li>\n<li class=\"menu-item menu-item-type-post_type menu-item-object-page menu-item-2413\"><a href=\"https:\/\/www.silviobessone.it\/fr\/le-printemps-du-cacao\/\" class=\"elementor-item\" tabindex=\"-1\">LE PRINTEMPS DU CACAO<\/a><\/li>\n<li class=\"menu-item menu-item-type-post_type menu-item-object-page menu-item-2414\"><a href=\"https:\/\/www.silviobessone.it\/fr\/transformation-du-cacao\/\" class=\"elementor-item\" tabindex=\"-1\">TRANSFORMATION DU CACAO<\/a><\/li>\n<li class=\"menu-item menu-item-type-post_type menu-item-object-page menu-item-2415\"><a href=\"https:\/\/www.silviobessone.it\/fr\/la-classification-du-cacao\/\" class=\"elementor-item\" tabindex=\"-1\">LA CLASSIFICATION DU CACAO<\/a><\/li>\n<li class=\"menu-item menu-item-type-post_type menu-item-object-page menu-item-2416\"><a href=\"https:\/\/www.silviobessone.it\/fr\/chocolat\/\" class=\"elementor-item\" tabindex=\"-1\">CHOCOLAT<\/a><\/li>\n<li class=\"menu-item menu-item-type-post_type menu-item-object-page menu-item-2431\"><a href=\"https:\/\/www.silviobessone.it\/fr\/lhistoire-du-cacao\/\" class=\"elementor-item\" tabindex=\"-1\">L&rsquo;HISTOIRE DU CACAO<\/a><\/li>\n<li class=\"menu-item menu-item-type-post_type menu-item-object-page menu-item-2432\"><a href=\"https:\/\/www.silviobessone.it\/fr\/la-planete-des-noisettes\/\" class=\"elementor-item\" tabindex=\"-1\">LA PLAN\u00c8TE DES NOISETTES<\/a><\/li>\n<\/ul>\t\t\t<\/nav>\n\t\t\t\t\t\t<\/div>\n\t\t\t\t<\/div>\n\t\t\t\t\t<\/div>\n\t\t<\/div>\n\t\t\t\t<div class=\"elementor-column elementor-col-66 elementor-top-column elementor-element elementor-element-47b2d84\" data-id=\"47b2d84\" data-element_type=\"column\">\n\t\t\t<div class=\"elementor-widget-wrap elementor-element-populated\">\n\t\t\t\t\t\t<div class=\"elementor-element elementor-element-582e028 elementor-widget elementor-widget-heading\" data-id=\"582e028\" data-element_type=\"widget\" data-widget_type=\"heading.default\">\n\t\t\t\t<div class=\"elementor-widget-container\">\n\t\t\t\t\t<h2 class=\"elementor-heading-title elementor-size-default\">LA CLASSIFICATION DU CACAO<\/h2>\t\t\t\t<\/div>\n\t\t\t\t<\/div>\n\t\t\t\t<div class=\"elementor-element elementor-element-b1ecb1f elementor-widget elementor-widget-text-editor\" data-id=\"b1ecb1f\" data-element_type=\"widget\" data-widget_type=\"text-editor.default\">\n\t\t\t\t<div class=\"elementor-widget-container\">\n\t\t\t\t\t\t\t\t\t<p>Les f\u00e8ves de cacao sont souvent class\u00e9es par pays, par exemple <strong>\u00ab\u00a0Ghana\u00a0\u00bb<\/strong> ou <strong>\u00ab\u00a0Java\u00a0\u00bb<\/strong>.<\/p>\n<p>Personnellement, je pense que vous ne pouvez le faire que si vous produisez dans l&rsquo;obscurit\u00e9, c&rsquo;est-\u00e0-dire avec le concept industriel, alors que dans ma production, j&rsquo;indique la <em>vari\u00e9t\u00e9<\/em>, la <em>plantation<\/em>, la <em>r\u00e9gion<\/em> et le <em>pays<\/em>, parfois la date de r\u00e9colte et la s\u00e9quence des plantes qui ont fourni ces haricots.<\/p>\n<p>Cela peut sembler excessif, mais lorsque l&rsquo;on conna\u00eet ces donn\u00e9es, on ne fait rien d&rsquo;autre que ce qui est exig\u00e9 d&rsquo;un vin de qualit\u00e9 qui a la meilleure clart\u00e9 possible, et nous, avec notre contr\u00f4le de la production, nous sommes capables de reproduire cela en d\u00e9tail.<\/p>\n<p>Il s&rsquo;agit d&rsquo;aspects qui peuvent passer inaper\u00e7us, mais qui sont importants pour nous.<\/p>\n\t\t\t\t\t\t\t\t<\/div>\n\t\t\t\t<\/div>\n\t\t\t\t\t<\/div>\n\t\t<\/div>\n\t\t\t\t\t<\/div>\n\t\t<\/section>\n\t\t\t\t<section class=\"elementor-section elementor-top-section elementor-element elementor-element-57ee7c6 elementor-section-boxed elementor-section-height-default elementor-section-height-default\" data-id=\"57ee7c6\" data-element_type=\"section\">\n\t\t\t\t\t\t<div class=\"elementor-container elementor-column-gap-default\">\n\t\t\t\t\t<div class=\"elementor-column elementor-col-100 elementor-top-column elementor-element elementor-element-2b2e936\" data-id=\"2b2e936\" data-element_type=\"column\">\n\t\t\t<div class=\"elementor-widget-wrap elementor-element-populated\">\n\t\t\t\t\t\t<div class=\"elementor-element elementor-element-fd314d5 elementor-widget elementor-widget-spacer\" data-id=\"fd314d5\" data-element_type=\"widget\" data-widget_type=\"spacer.default\">\n\t\t\t\t<div class=\"elementor-widget-container\">\n\t\t\t\t\t\t\t<div class=\"elementor-spacer\">\n\t\t\t<div class=\"elementor-spacer-inner\"><\/div>\n\t\t<\/div>\n\t\t\t\t\t\t<\/div>\n\t\t\t\t<\/div>\n\t\t\t\t\t<\/div>\n\t\t<\/div>\n\t\t\t\t\t<\/div>\n\t\t<\/section>\n\t\t\t\t<\/div>\n\t\t","protected":false},"excerpt":{"rendered":"<p>LA CLASSIFICATION DU CACAO Les f\u00e8ves de cacao sont souvent class\u00e9es par pays, par exemple \u00ab\u00a0Ghana\u00a0\u00bb ou \u00ab\u00a0Java\u00a0\u00bb. Personnellement, je pense que vous ne pouvez le faire que si vous produisez dans l&rsquo;obscurit\u00e9, c&rsquo;est-\u00e0-dire avec le concept industriel, alors que dans ma production, j&rsquo;indique la vari\u00e9t\u00e9, la plantation, la r\u00e9gion et le pays, parfois la [&hellip;]<\/p>\n","protected":false},"author":1,"featured_media":0,"parent":0,"menu_order":0,"comment_status":"closed","ping_status":"closed","template":"","meta":{"footnotes":""},"_links":{"self":[{"href":"https:\/\/www.silviobessone.it\/fr\/wp-json\/wp\/v2\/pages\/2327"}],"collection":[{"href":"https:\/\/www.silviobessone.it\/fr\/wp-json\/wp\/v2\/pages"}],"about":[{"href":"https:\/\/www.silviobessone.it\/fr\/wp-json\/wp\/v2\/types\/page"}],"author":[{"embeddable":true,"href":"https:\/\/www.silviobessone.it\/fr\/wp-json\/wp\/v2\/users\/1"}],"replies":[{"embeddable":true,"href":"https:\/\/www.silviobessone.it\/fr\/wp-json\/wp\/v2\/comments?post=2327"}],"version-history":[{"count":1,"href":"https:\/\/www.silviobessone.it\/fr\/wp-json\/wp\/v2\/pages\/2327\/revisions"}],"predecessor-version":[{"id":2332,"href":"https:\/\/www.silviobessone.it\/fr\/wp-json\/wp\/v2\/pages\/2327\/revisions\/2332"}],"wp:attachment":[{"href":"https:\/\/www.silviobessone.it\/fr\/wp-json\/wp\/v2\/media?parent=2327"}],"curies":[{"name":"wp","href":"https:\/\/api.w.org\/{rel}","templated":true}]}}