{"id":2240,"date":"2023-10-11T11:01:16","date_gmt":"2023-10-11T11:01:16","guid":{"rendered":"https:\/\/www.silviobessone.it\/reveillon-du-nouvel-an\/"},"modified":"2023-10-23T14:12:08","modified_gmt":"2023-10-23T14:12:08","slug":"reveillon-du-nouvel-an","status":"publish","type":"page","link":"https:\/\/www.silviobessone.it\/fr\/reveillon-du-nouvel-an\/","title":{"rendered":"R\u00c9VEILLON DU NOUVEL AN"},"content":{"rendered":"\t\t<div data-elementor-type=\"wp-page\" data-elementor-id=\"2240\" class=\"elementor elementor-2240 elementor-1068\" data-elementor-post-type=\"page\">\n\t\t\t\t\t\t<section class=\"elementor-section elementor-top-section elementor-element elementor-element-cb944fd elementor-section-boxed elementor-section-height-default elementor-section-height-default\" data-id=\"cb944fd\" data-element_type=\"section\">\n\t\t\t\t\t\t<div class=\"elementor-container elementor-column-gap-default\">\n\t\t\t\t\t<div class=\"elementor-column elementor-col-100 elementor-top-column elementor-element elementor-element-7ed5986\" data-id=\"7ed5986\" data-element_type=\"column\">\n\t\t\t<div class=\"elementor-widget-wrap elementor-element-populated\">\n\t\t\t\t\t\t<div class=\"elementor-element elementor-element-4680285 elementor-widget elementor-widget-text-editor\" data-id=\"4680285\" data-element_type=\"widget\" data-widget_type=\"text-editor.default\">\n\t\t\t\t<div class=\"elementor-widget-container\">\n\t\t\t\t\t\t\t\t\t<p>Nouvelle ann\u00e9e 2024<\/p>\n\t\t\t\t\t\t\t\t<\/div>\n\t\t\t\t<\/div>\n\t\t\t\t<div class=\"elementor-element elementor-element-13555d2 elementor-widget elementor-widget-text-editor\" data-id=\"13555d2\" data-element_type=\"widget\" data-widget_type=\"text-editor.default\">\n\t\t\t\t<div class=\"elementor-widget-container\">\n\t\t\t\t\t\t\t\t\t<p>Au Cioccolocanda Vicoforte CN<\/p>\n\t\t\t\t\t\t\t\t<\/div>\n\t\t\t\t<\/div>\n\t\t\t\t\t<\/div>\n\t\t<\/div>\n\t\t\t\t\t<\/div>\n\t\t<\/section>\n\t\t\t\t<section class=\"elementor-section elementor-top-section elementor-element elementor-element-76c60e7 elementor-section-boxed elementor-section-height-default elementor-section-height-default\" data-id=\"76c60e7\" data-element_type=\"section\">\n\t\t\t\t\t\t<div class=\"elementor-container elementor-column-gap-default\">\n\t\t\t\t\t<div class=\"elementor-column elementor-col-100 elementor-top-column elementor-element elementor-element-4a19f36\" data-id=\"4a19f36\" data-element_type=\"column\">\n\t\t\t<div class=\"elementor-widget-wrap elementor-element-populated\">\n\t\t\t\t\t\t<div class=\"elementor-element elementor-element-25c55e6 elementor-widget elementor-widget-text-editor\" data-id=\"25c55e6\" data-element_type=\"widget\" data-widget_type=\"text-editor.default\">\n\t\t\t\t<div class=\"elementor-widget-container\">\n\t\t\t\t\t\t\t\t\t<h1>C\u00c2LINS AU CHOCOLAT<\/h1>\n\t\t\t\t\t\t\t\t<\/div>\n\t\t\t\t<\/div>\n\t\t\t\t\t<\/div>\n\t\t<\/div>\n\t\t\t\t\t<\/div>\n\t\t<\/section>\n\t\t\t\t<section class=\"elementor-section elementor-top-section elementor-element elementor-element-4df5833 elementor-section-boxed elementor-section-height-default elementor-section-height-default\" data-id=\"4df5833\" data-element_type=\"section\">\n\t\t\t\t\t\t<div class=\"elementor-container elementor-column-gap-default\">\n\t\t\t\t\t<div class=\"elementor-column elementor-col-100 elementor-top-column elementor-element elementor-element-83927b6\" data-id=\"83927b6\" data-element_type=\"column\">\n\t\t\t<div class=\"elementor-widget-wrap elementor-element-populated\">\n\t\t\t\t\t\t<div class=\"elementor-element elementor-element-c62382a elementor-widget elementor-widget-text-editor\" data-id=\"c62382a\" data-element_type=\"widget\" data-widget_type=\"text-editor.default\">\n\t\t\t\t<div class=\"elementor-widget-container\">\n\t\t\t\t\t\t\t\t\t<p><strong><span style=\"text-decoration: underline;\"><em>31 d\u00e9cembre 2023<\/em><\/span><\/strong><\/p>\n\t\t\t\t\t\t\t\t<\/div>\n\t\t\t\t<\/div>\n\t\t\t\t<div class=\"elementor-element elementor-element-fbf9c7f elementor-widget elementor-widget-text-editor\" data-id=\"fbf9c7f\" data-element_type=\"widget\" data-widget_type=\"text-editor.default\">\n\t\t\t\t<div class=\"elementor-widget-container\">\n\t\t\t\t\t\t\t\t\t<p>L&rsquo;offre comprend<\/p>\n<p><strong><br \/>\n  <em>\u00c0 partir de 16 heures<\/em><br \/>\n<\/strong> <strong><br \/>\n  <em> ciok-in<\/em><br \/>\n<\/strong> Au <strong> Cioccolocanda <\/strong>In Via F. Gallo 19 et attribution des chambres \u00e0 l&rsquo;h\u00f4tel avec r\u00e9servation prioritaire.<\/p>\n<p><strong>H 18.00<\/strong> <strong>Visite du mus\u00e9e du chocolat <\/strong>avec visionnage du documentaire sur la production de chocolat, de la plantation au chocolat, avec <strong>d\u00e9gustation<\/strong> guid\u00e9e de la <strong>f\u00e8ve de cacao<\/strong> \u00e0 la <strong>praline <\/strong>.  <\/p>\n<p><strong> <\/strong><\/p>\n<p><strong>H 20.15<\/strong> <strong>CioccoAperitivo<\/strong> Pantagruelico Buffet avec des snacks savoureux et des bulles !<\/p>\n<p><strong> <\/strong><\/p>\n<p><strong>H 21.00<\/strong> <strong>D\u00eener<\/strong> avec menu sp\u00e9cial<strong> \u00ab\u00a0Contaminations par le cacao<\/strong><\/p>\n<p><em>Entr\u00e9e<\/em>        <em>Palais au parfum de cacao (c\u00f4te de veau et caill\u00e9 azt\u00e8que)<\/em><\/p>\n<p><em>  Pied de chapon Morozzo aux lentilles<\/em><\/p>\n<p><em>  Flan de topinambour avec fondue au fromage Raschera<\/em><\/p>\n<p><em>               <\/em><\/p>\n<p><em>Primo<\/em> Ombelico avec cacao sur cr\u00e8me de parmesan<\/p>\n<p>  Tagliolini \u00e0 la truffe blanche (si disponible)<\/p>\n<p><em> <\/em><\/p>\n<p><em>Selon le<\/em>          <em>Pav\u00e8 di Bue grasso di Carr\u00f9 Cuisson \u00e0 basse temp\u00e9rature. Sur un lit de pur\u00e9e  <\/em><\/p>\n<p><em> <\/em><\/p>\n<p><em>  safran du Carr\u00f9<\/em><\/p>\n<p><em> <\/em><\/p>\n<p><em>Douceur<\/em>                <em>Douceur du Nouvel An <\/em> <\/p>\n<p>D\u00e9gustation de trois chocolats, Caf\u00e9<\/p>\n<p>Boissons au verre : <em>J&rsquo;Amis Bianco,<\/em> <em>J&rsquo;Amis Rosso, Barolo DOCG, Moscato d&rsquo;Asti DOCG spumante degli auguri <\/em>.  <\/p>\n<p>Pour des raisons de march\u00e9, des changements importants peuvent \u00eatre apport\u00e9s au menu !<\/p>\n<p><strong>Nuit\u00e9e<\/strong> en chambre double avec un cadeau surprise pour tous ! Golosissima !!!!!<\/p>\n<p><strong> <\/strong><\/p>\n<p><strong>Petit-d\u00e9jeuner<\/strong><strong> brunch<\/strong>. \u00c0 partir de 11 heures, la Cioccolocanda proposera un buffet de r\u00e9veillon compos\u00e9 de mets sucr\u00e9s et sal\u00e9s, froids et chauds. Un triomphe de la gourmandise, pr\u00e9sage d&rsquo;un excellent 2024<\/p>\n\t\t\t\t\t\t\t\t<\/div>\n\t\t\t\t<\/div>\n\t\t\t\t<div class=\"elementor-element elementor-element-f840667 elementor-align-center elementor-widget elementor-widget-button\" data-id=\"f840667\" data-element_type=\"widget\" data-widget_type=\"button.default\">\n\t\t\t\t<div class=\"elementor-widget-container\">\n\t\t\t\t\t\t\t\t\t<div class=\"elementor-button-wrapper\">\n\t\t\t\t\t<a class=\"elementor-button elementor-button-link elementor-size-sm\" href=\"https:\/\/shop.silviobessone.it\/it\/prodotti\/166-capodanno-2022-al-sapore-di-cacao.html\">\n\t\t\t\t\t\t<span class=\"elementor-button-content-wrapper\">\n\t\t\t\t\t\t\t\t\t<span class=\"elementor-button-text\">R\u00c9SERVEZ MAINTENANT<\/span>\n\t\t\t\t\t<\/span>\n\t\t\t\t\t<\/a>\n\t\t\t\t<\/div>\n\t\t\t\t\t\t\t\t<\/div>\n\t\t\t\t<\/div>\n\t\t\t\t<div class=\"elementor-element elementor-element-34fb13f elementor-widget elementor-widget-text-editor\" data-id=\"34fb13f\" data-element_type=\"widget\" data-widget_type=\"text-editor.default\">\n\t\t\t\t<div class=\"elementor-widget-container\">\n\t\t\t\t\t\t\t\t\t<p>PRIX<\/p>\n\t\t\t\t\t\t\t\t<\/div>\n\t\t\t\t<\/div>\n\t\t\t\t<div class=\"elementor-element elementor-element-4def4b5 elementor-widget elementor-widget-text-editor\" data-id=\"4def4b5\" data-element_type=\"widget\" data-widget_type=\"text-editor.default\">\n\t\t\t\t<div class=\"elementor-widget-container\">\n\t\t\t\t\t\t\t\t\t<p>270,00 \u20ac par couple en chambre double<\/p>\n<p>90,00 \u20ac Suppl\u00e9ment enfants (-17 ans) *<\/p>\n<p>70,00 \u20ac Suppl\u00e9ment enfants (-12 ans) *<\/p>\n<p>60,00 \u20ac Suppl\u00e9ment pour les enfants (-10 ans) *<\/p>\n<p>*Avec r\u00e9servation pr\u00e9alable et dans la chambre des parents<\/p>\n\t\t\t\t\t\t\t\t<\/div>\n\t\t\t\t<\/div>\n\t\t\t\t<div class=\"elementor-element elementor-element-daa9295 elementor-widget elementor-widget-text-editor\" data-id=\"daa9295\" data-element_type=\"widget\" data-widget_type=\"text-editor.default\">\n\t\t\t\t<div class=\"elementor-widget-container\">\n\t\t\t\t\t\t\t\t\t<p>Services suppl\u00e9mentaires pour le chocolat<\/p>\n\t\t\t\t\t\t\t\t<\/div>\n\t\t\t\t<\/div>\n\t\t\t\t<div class=\"elementor-element elementor-element-a5b107b elementor-widget elementor-widget-text-editor\" data-id=\"a5b107b\" data-element_type=\"widget\" data-widget_type=\"text-editor.default\">\n\t\t\t\t<div class=\"elementor-widget-container\">\n\t\t\t\t\t\t\t\t\t<p><strong>Le massage au chocolat<\/strong> (effectu\u00e9 par un professionnel qualifi\u00e9 dans la cabine <strong>CioccoBenessere<\/strong>),<\/p>\n<p>Le massage par un professionnel qualifi\u00e9 consiste en un traitement de bien-\u00eatre de 50 minutes avec une solution de cacao et de l&rsquo;huile d&rsquo;amande naturelle, y compris un maillot de bain et un peignoir. Prix \u20ac 60.00<\/p>\n\t\t\t\t\t\t\t\t<\/div>\n\t\t\t\t<\/div>\n\t\t\t\t<div class=\"elementor-element elementor-element-2aadfb7 elementor-widget elementor-widget-text-editor\" data-id=\"2aadfb7\" data-element_type=\"widget\" data-widget_type=\"text-editor.default\">\n\t\t\t\t<div class=\"elementor-widget-container\">\n\t\t\t\t\t\t\t\t\t<p><strong>NOUVELLES ! !!! <\/strong><strong>Le bain de chocolat dans la ChocolateBathtRoom.<\/strong> Une <strong>exp\u00e9rience inoubliable<\/strong>, un bain en couple dans une baignoire en bois fin oriental remplie de 90 litres de chocolat chaud \u00e0 <sup>40\u00b0<\/sup>o\u00f9, en toute complicit\u00e9, vous pourrez vous dorloter dans le parfum magique de la nourriture des Dieux et vous sentir pour un moment comme de petits biscuits sucr\u00e9s. Des articles de toilette, des v\u00eatements jetables, des serviettes de bain ou des peignoirs et des pantoufles seront disponibles.  <\/p>\n<p><strong>Le traitement se d\u00e9roule en toute intimit\u00e9. Ce service vaut \u00e0 lui seul le d\u00e9placement ! 150 \u20ac par couple  <\/strong><\/p>\n\t\t\t\t\t\t\t\t<\/div>\n\t\t\t\t<\/div>\n\t\t\t\t<div class=\"elementor-element elementor-element-1838226 elementor-widget elementor-widget-text-editor\" data-id=\"1838226\" data-element_type=\"widget\" data-widget_type=\"text-editor.default\">\n\t\t\t\t<div class=\"elementor-widget-container\">\n\t\t\t\t\t\t\t\t\t<p>Pour confirmer votre r\u00e9servation, veuillez transf\u00e9rer le montant de l&rsquo;offre \u00e0 l&rsquo;adresse suivante<\/p>\n<p>Pour tout paiement \u00e0 l&rsquo;ordre de : BS Cioccolato srl<\/p>\n<p>Salaire : <a href=\"mailto:ledeliziesilviobessone@gmail.com\">ledeliziesilviobessone@gmail.com<\/a><\/p>\n<p>IBAN IT82F0760110200001061873400<\/p>\n<p>Comme sujet Nom de famille, date et type de service requis.<\/p>\n\t\t\t\t\t\t\t\t<\/div>\n\t\t\t\t<\/div>\n\t\t\t\t<div class=\"elementor-element elementor-element-94ee427 elementor-widget elementor-widget-text-editor\" data-id=\"94ee427\" data-element_type=\"widget\" data-widget_type=\"text-editor.default\">\n\t\t\t\t<div class=\"elementor-widget-container\">\n\t\t\t\t\t\t\t\t\t<p>Sans le paiement de 50 % s&rsquo;il s&rsquo;agit d&rsquo;un couple ou de 100 % s&rsquo;il s&rsquo;agit d&rsquo;une personne seule, la r\u00e9servation n&rsquo;est pas consid\u00e9r\u00e9e comme valide, mais reste une option jusqu&rsquo;\u00e0 ce que toutes les places disponibles soient utilis\u00e9es.<\/p>\n<p>Pour tous les services suppl\u00e9mentaires, le paiement sera effectu\u00e9 au moment de l&rsquo;enregistrement !<\/p>\n<p>San Marco SNC di Bessone Silvio &amp; C.<\/p>\n<p>Via F. Gallo 21 12080 Vicoforte<\/p>\n<p>TVA 02584950048<\/p>\n<p>T\u00e9l\u00e9phone 0174 56 31 81<\/p>\n<p>Courriel <a href=\"mailto:info@cioccolocanda.it\">info@cioccolocanda.it<\/a><\/p>\n\t\t\t\t\t\t\t\t<\/div>\n\t\t\t\t<\/div>\n\t\t\t\t\t<\/div>\n\t\t<\/div>\n\t\t\t\t\t<\/div>\n\t\t<\/section>\n\t\t\t\t<section class=\"elementor-section elementor-top-section elementor-element elementor-element-e123ad6 elementor-section-boxed elementor-section-height-default elementor-section-height-default\" data-id=\"e123ad6\" data-element_type=\"section\">\n\t\t\t\t\t\t<div class=\"elementor-container elementor-column-gap-default\">\n\t\t\t\t\t<div class=\"elementor-column elementor-col-100 elementor-top-column elementor-element elementor-element-c7d8089\" data-id=\"c7d8089\" data-element_type=\"column\">\n\t\t\t<div class=\"elementor-widget-wrap\">\n\t\t\t\t\t\t\t<\/div>\n\t\t<\/div>\n\t\t\t\t\t<\/div>\n\t\t<\/section>\n\t\t\t\t<\/div>\n\t\t","protected":false},"excerpt":{"rendered":"<p>Nouvelle ann\u00e9e 2024 Au Cioccolocanda Vicoforte CN C\u00c2LINS AU CHOCOLAT 31 d\u00e9cembre 2023 L&rsquo;offre comprend \u00c0 partir de 16 heures ciok-in Au Cioccolocanda In Via F. Gallo 19 et attribution des chambres \u00e0 l&rsquo;h\u00f4tel avec r\u00e9servation prioritaire. H 18.00 Visite du mus\u00e9e du chocolat avec visionnage du documentaire sur la production de chocolat, de la [&hellip;]<\/p>\n","protected":false},"author":1,"featured_media":0,"parent":0,"menu_order":0,"comment_status":"closed","ping_status":"closed","template":"","meta":{"footnotes":""},"_links":{"self":[{"href":"https:\/\/www.silviobessone.it\/fr\/wp-json\/wp\/v2\/pages\/2240"}],"collection":[{"href":"https:\/\/www.silviobessone.it\/fr\/wp-json\/wp\/v2\/pages"}],"about":[{"href":"https:\/\/www.silviobessone.it\/fr\/wp-json\/wp\/v2\/types\/page"}],"author":[{"embeddable":true,"href":"https:\/\/www.silviobessone.it\/fr\/wp-json\/wp\/v2\/users\/1"}],"replies":[{"embeddable":true,"href":"https:\/\/www.silviobessone.it\/fr\/wp-json\/wp\/v2\/comments?post=2240"}],"version-history":[{"count":4,"href":"https:\/\/www.silviobessone.it\/fr\/wp-json\/wp\/v2\/pages\/2240\/revisions"}],"predecessor-version":[{"id":2295,"href":"https:\/\/www.silviobessone.it\/fr\/wp-json\/wp\/v2\/pages\/2240\/revisions\/2295"}],"wp:attachment":[{"href":"https:\/\/www.silviobessone.it\/fr\/wp-json\/wp\/v2\/media?parent=2240"}],"curies":[{"name":"wp","href":"https:\/\/api.w.org\/{rel}","templated":true}]}}