{"id":2227,"date":"2023-10-11T08:43:50","date_gmt":"2023-10-11T08:43:50","guid":{"rendered":"https:\/\/www.silviobessone.it\/menus-emotionnels\/"},"modified":"2023-10-23T14:12:06","modified_gmt":"2023-10-23T14:12:06","slug":"menus-emotionnels","status":"publish","type":"page","link":"https:\/\/www.silviobessone.it\/fr\/menus-emotionnels\/","title":{"rendered":"Menus \u00e9motionnels"},"content":{"rendered":"\t\t<div data-elementor-type=\"wp-page\" data-elementor-id=\"2227\" class=\"elementor elementor-2227 elementor-1027\" data-elementor-post-type=\"page\">\n\t\t\t\t\t\t<section class=\"elementor-section elementor-top-section elementor-element elementor-element-c51629c elementor-section-boxed elementor-section-height-default elementor-section-height-default\" data-id=\"c51629c\" data-element_type=\"section\">\n\t\t\t\t\t\t<div class=\"elementor-container elementor-column-gap-default\">\n\t\t\t\t\t<div class=\"elementor-column elementor-col-100 elementor-top-column elementor-element elementor-element-9768cba\" data-id=\"9768cba\" data-element_type=\"column\">\n\t\t\t<div class=\"elementor-widget-wrap elementor-element-populated\">\n\t\t\t\t\t\t<div class=\"elementor-element elementor-element-610b4a8 elementor-widget elementor-widget-spacer\" data-id=\"610b4a8\" data-element_type=\"widget\" data-widget_type=\"spacer.default\">\n\t\t\t\t<div class=\"elementor-widget-container\">\n\t\t\t\t\t\t\t<div class=\"elementor-spacer\">\n\t\t\t<div class=\"elementor-spacer-inner\"><\/div>\n\t\t<\/div>\n\t\t\t\t\t\t<\/div>\n\t\t\t\t<\/div>\n\t\t\t\t<div class=\"elementor-element elementor-element-8805288 elementor-widget elementor-widget-heading\" data-id=\"8805288\" data-element_type=\"widget\" data-widget_type=\"heading.default\">\n\t\t\t\t<div class=\"elementor-widget-container\">\n\t\t\t\t\t<h2 class=\"elementor-heading-title elementor-size-default\">Le restaurant aux menus \"\u00e9motionnels<\/h2>\t\t\t\t<\/div>\n\t\t\t\t<\/div>\n\t\t\t\t<div class=\"elementor-element elementor-element-8bc1bd7 elementor-widget elementor-widget-spacer\" data-id=\"8bc1bd7\" data-element_type=\"widget\" data-widget_type=\"spacer.default\">\n\t\t\t\t<div class=\"elementor-widget-container\">\n\t\t\t\t\t\t\t<div class=\"elementor-spacer\">\n\t\t\t<div class=\"elementor-spacer-inner\"><\/div>\n\t\t<\/div>\n\t\t\t\t\t\t<\/div>\n\t\t\t\t<\/div>\n\t\t\t\t<div class=\"elementor-element elementor-element-8197bec elementor-widget elementor-widget-image\" data-id=\"8197bec\" data-element_type=\"widget\" data-widget_type=\"image.default\">\n\t\t\t\t<div class=\"elementor-widget-container\">\n\t\t\t\t\t\t\t\t\t\t\t\t\t\t\t<img fetchpriority=\"high\" decoding=\"async\" width=\"800\" height=\"534\" src=\"https:\/\/www.silviobessone.it\/wp-content\/uploads\/2023\/09\/2014010878.jpeg\" class=\"attachment-large size-large wp-image-1435\" alt=\"\" srcset=\"https:\/\/www.silviobessone.it\/wp-content\/uploads\/2023\/09\/2014010878.jpeg 1024w, https:\/\/www.silviobessone.it\/wp-content\/uploads\/2023\/09\/2014010878-300x200.jpeg 300w, https:\/\/www.silviobessone.it\/wp-content\/uploads\/2023\/09\/2014010878-768x512.jpeg 768w\" sizes=\"(max-width: 800px) 100vw, 800px\" \/>\t\t\t\t\t\t\t\t\t\t\t\t\t\t\t<\/div>\n\t\t\t\t<\/div>\n\t\t\t\t<div class=\"elementor-element elementor-element-4bd95aa elementor-widget elementor-widget-text-editor\" data-id=\"4bd95aa\" data-element_type=\"widget\" data-widget_type=\"text-editor.default\">\n\t\t\t\t<div class=\"elementor-widget-container\">\n\t\t\t\t\t\t\t\t\t<p>La cuisine de la Cioccolocanda fait partie int\u00e9grante de la structure, \u00e9tant situ\u00e9e au-dessus de la chocolaterie de Silvio Bessone.<\/p>\n<p>L&rsquo;<strong>odeur magique du cacao<\/strong> fra\u00eechement torr\u00e9fi\u00e9 ou des noisettes fra\u00eechement moulues se r\u00e9pand dans les locaux du mus\u00e9e du chocolat.<\/p>\n<p>La cuisine se base avant tout sur les <strong>magnifiques produits de la terre mon\u00e9gasque <\/strong>, allant des splendides <strong>viandes de la race Fassona<\/strong> <strong>Piemontese<\/strong> aux <strong>lapins de Cuneo<\/strong>, au <strong>chapon de Morozzo<\/strong> et \u00e0 l&rsquo;<strong>agneau de Sambucano ou de Frabosano<\/strong>.<\/p>\n<p>Des fromages issus de la tradition alpine locale, mais aussi des <strong>fromages fabriqu\u00e9s \u00e0 partir de lait frais et de f\u00e8ves de cacao<\/strong> directement dans nos cuisines.<\/p>\n<p><img decoding=\"async\" class=\"alignleft wp-image-639 size-full\" src=\"https:\/\/www.silviobessone.it\/wp-content\/uploads\/2023\/09\/cioccolocanda-interno1.jpg\" alt=\"\" width=\"300\" height=\"593\" srcset=\"https:\/\/www.silviobessone.it\/wp-content\/uploads\/2023\/09\/cioccolocanda-interno1.jpg 300w, https:\/\/www.silviobessone.it\/wp-content\/uploads\/2023\/09\/cioccolocanda-interno1-152x300.jpg 152w\" sizes=\"(max-width: 300px) 100vw, 300px\" \/><\/p>\n<p>La contamination du cacao est \u00e9vidente !<\/p>\n<p>Des \u00e9tudes r\u00e9centes et des collaborations avec d&rsquo;\u00e9minents nutritionnistes nous ont amen\u00e9s \u00e0 cr\u00e9er une <strong>cuisine saine <\/strong>avec une base scientifique en <strong>Nutraceutique<\/strong>, o\u00f9 l&rsquo;accent est mis sur les facteurs de risque, mais sans n\u00e9gliger les aspects gastronomiques importants.<\/p>\n<p>Le cacao fractionn\u00e9, sous ses diff\u00e9rentes formes, permet d&rsquo;utiliser les  <strong>beurre de cacao<\/strong> combin\u00e9 \u00e0 de l&rsquo;huile d&rsquo;olive extra vierge pour la  des <strong>beignets l\u00e9gers et parfum\u00e9s<\/strong>, la  le <strong>gru\u00e9 de<\/strong> cacao <strong>comme \u00e9pice ou chapelure croustillante pour les viandes<\/strong>, la <strong>p\u00e2te de cacao<\/strong> savamment dilu\u00e9e avec de l&rsquo;huile d&rsquo;olive d\u00e9licate comme <strong>sauce contrastante ou condiment pour de pr\u00e9cieuses salades<\/strong>, la poudre de cacao pour <strong>parfumer une p\u00e2te \u00e0<\/strong> nouilles maison ou de savoureux gnocchis de pommes de terre.<\/p>\n<p>Quant aux desserts, il ne nous reste plus qu&rsquo;\u00e0 vous inviter \u00e0 les d\u00e9guster, en premier lieu La Testa di Moro (meilleur dessert du monde lors des \u00e9ditions 1995 et 2001 du Concours du Mond de la Patisserie Lyon) dans les versions Pistache de Sicile et Petits Fruits de Cuneo,  <\/p>\n<p>Le <strong>g\u00e2teau fondant \u00e0<\/strong> l&rsquo;huile d&rsquo;olive extra vierge <strong>sans cholest\u00e9rol<\/strong>, les cr\u00e9ations fruit\u00e9es et les gla\u00e7ages magiques et brillants ainsi que les magnifiques glaces artisanales, \u00e9galement \u00e0 faible indice glyc\u00e9mique, et surtout la <strong>gamme<\/strong> infinie <strong>de chocolats et de pralines<\/strong>, de p\u00e2tes de fruits frais et de p\u00e2tisseries artisanales \u00e0 n&rsquo;en plus finir.<\/p>\n<p>Une mention tr\u00e8s sp\u00e9ciale doit \u00eatre faite de la <strong>\u00ab\u00a0Charte de l&rsquo;\u00e9ducation et de la <\/strong> formation\u00a0\u00bb.  <\/p>\n<p><strong>Chocolats du monde\u00a0\u00bb :<\/strong> 44 vari\u00e9t\u00e9s de chocolats produits en tablettes et propos\u00e9s dans une impressionnante verticale de chocolats o\u00f9 le client lui-m\u00eame, avec l&rsquo;aide des chocolatiers, choisira et accompagnera une magnifique s\u00e9lection de vins.  <\/p>\n<p>des liqueurs ou des desserts chinati et des spiritueux incroyables, du rhum au techile, au vieux marc de champagne, \u00e0 l&rsquo;armagnac, au calvados, aux grappas de diff\u00e9rents types et origines.<\/p>\n\t\t\t\t\t\t\t\t<\/div>\n\t\t\t\t<\/div>\n\t\t\t\t<div class=\"elementor-element elementor-element-b2c5679 elementor-widget elementor-widget-text-editor\" data-id=\"b2c5679\" data-element_type=\"widget\" data-widget_type=\"text-editor.default\">\n\t\t\t\t<div class=\"elementor-widget-container\">\n\t\t\t\t\t\t\t\t\t<h3><span class=\"accordion-group\"><span class=\"accordion\">Silvio Bessone est un chasseur de truffes et, en saison, vous pouvez d\u00e9guster ses plats \u00e0 base de truffes blanches et noires.<\/span><\/span><\/h3>\n<h3><span class=\"accordion-group\"><span class=\"accordion\">Certains amis, profitant de la passion du chef Bessone, demandent \u00e0 partir \u00e0 la recherche de la truffe blanche ou noire avec le chef.<\/span><\/span><\/h3>\n<h3><span class=\"accordion-group\"><span class=\"accordion\">Il est possible de le faire en r\u00e9servant \u00e0 l&rsquo;avance. \u00c9crire \u00e0  <\/span><span id=\"cloak7a8c2ce024ddf05a496d9c9732dee1b5\"><a class=\"accordion\" href=\"mailto:info@silviobessone.it\">info@silviobessone.it<\/a><\/span><\/span><span class=\"accordion\"> <span class=\"accordion-group\"> pour conna\u00eetre les co\u00fbts et la disponibilit\u00e9<\/span>.<\/span><\/h3>\n\t\t\t\t\t\t\t\t<\/div>\n\t\t\t\t<\/div>\n\t\t\t\t<div class=\"elementor-element elementor-element-5822b72 elementor-widget elementor-widget-heading\" data-id=\"5822b72\" data-element_type=\"widget\" data-widget_type=\"heading.default\">\n\t\t\t\t<div class=\"elementor-widget-container\">\n\t\t\t\t\t<h2 class=\"elementor-heading-title elementor-size-default\">Les menus \u00e9motionnels \"Contaminations au cacao\".<\/h2>\t\t\t\t<\/div>\n\t\t\t\t<\/div>\n\t\t\t\t<div class=\"elementor-element elementor-element-bdfdacc elementor-widget elementor-widget-text-editor\" data-id=\"bdfdacc\" data-element_type=\"widget\" data-widget_type=\"text-editor.default\">\n\t\t\t\t<div class=\"elementor-widget-container\">\n\t\t\t\t\t\t\t\t\t<p>Le chef Silvio Bessone et son \u00e9quipe proposent chaque jour deux parcours \u00e9motionnels : \u00ab\u00a0Lunch Cacao Contaminations\u00a0\u00bb et \u00ab\u00a0Dinner Cacao Contaminations\u00a0\u00bb.<\/p>\n<p>Il <strong>n&rsquo;y a pas de service \u00e0 la carte<\/strong>, mais \u00e0 chaque fois que le client revient, une alternative aux plats de la carte lui est propos\u00e9e.<\/p>\n<h3><a href=\"https:\/\/shop.silviobessone.it\/it\/cioccolocanda-shop\/161-contaminazioni-di-cacao.html\">Contaminazioni Cacao Lunch<\/a> Package \u20ac 40.00 par personne, boissons au verre, s\u00e9lection Mery Vinai Bessone<\/h3>\n<p>11 heures : visite du petit Cioccomuseo o\u00f9, dans la salle de l&rsquo;auditorium, Mery Vinai Bessone illustrera l&rsquo;histoire qui a conduit \u00e0 la cr\u00e9ation de cette magnifique histoire du chocolat et guidera les convives \u00e0 travers les secrets inavouables du chocolat. Pendant l&rsquo;explication et le visionnage d&rsquo;un documentaire vid\u00e9o, des d\u00e9gustations seront servies de la graine au bar et des chocolats sp\u00e9ciaux de Silvio Bessone.<\/p>\n<p>Menu du d\u00e9jeuner : bas\u00e9 sur des recettes originales du chef Silvio Bessone et pr\u00e9par\u00e9 par le chef lui-m\u00eame.<\/p>\n<h3>Notre planche \u00e0 pain se compose d&rsquo;au moins 6 vari\u00e9t\u00e9s diff\u00e9rentes, contamin\u00e9es au cacao, selon la recette originale de Silvio Bessone du chef p\u00e2tissier Orlando Guzman.<\/h3>\n<ul>\n<li>\n<ul>\n<li><strong>Plateau de fromage et de salami au cacao fait maison<\/strong><\/li>\n<li><strong>Carpaccio de fassone avec salade et flocons de cacao mexicains<\/strong><\/li>\n<li><strong>Caill\u00e9 azt\u00e8que<\/strong><\/li>\n<li><strong>Raviolo di Brasato al cacao sur lit de fondue (ou tagliolini alla Boscaiola)<br \/><\/strong><\/li>\n<li><strong>Capocollo en cro\u00fbte de cacao cuit \u00e0 basse temp\u00e9rature (exceptionnel)<br \/><\/strong><\/li>\n<li><strong>Assortiment de friandises du jour<\/strong><\/li>\n<li><strong>Vertical de pralines<\/strong><\/li>\n<li>\n<p><strong>Boissons servies au verre pour chaque plat \u00e0 partir d&rsquo;une s\u00e9lection de vins et de bi\u00e8res locaux : J&rsquo;Amis biano et rouge d\u00e9di\u00e9s aux amis de Silvio, Yule Craft Beer avec du cacao, Barbera Superiore, Nebbiolo d&rsquo;Alba, Dogliani DOCG, Barolo DOCG, Moscato DOCG ou similaires choisis par Mery Vinai Bessone.<\/strong><\/p>\n<\/li>\n<\/ul>\n<div>Le caf\u00e9 et l&rsquo;eau (Bolle et Stille de Lurisia) sont servis et inclus dans l&rsquo;offre selon le go\u00fbt du client.<\/div>\n<\/li>\n<\/ul>\n<p> <a href=\"https:\/\/shop.silviobessone.it\/it\/cioccolocanda-shop\/161-contaminazioni-di-cacao.html\">CLIQUEZ ICI POUR ACHETER UN D\u00c9JEUNER<\/a><\/p>\n<p>Du <strong>21 septembre au 31 janvier<\/strong>, il est possible (sous r\u00e9serve de disponibilit\u00e9 des truffes) d&rsquo;inclure une variante de Mondov\u00ec \u00e0 base <strong>de truffes blanches<\/strong>, moyennant un suppl\u00e9ment \u00e0 payer sur place de 25,00 \u20ac par personne. Le premier plat pr\u00e9vu sera remplac\u00e9 par des Tagliolini al Tartufo bianco avec un jaune d&rsquo;\u0153uf fondu \u00e0 l&rsquo;int\u00e9rieur.<\/p>\n<ul>\n<li>\n<h3>Parcours \u00e9motionnel \u00a0\u00bb <strong><a href=\"https:\/\/shop.silviobessone.it\/it\/cioccolocanda-shop\/98-contaminazioni-di-cacao.html\">D\u00eener Contaminations Cacao \u00ab\u00a0<\/a> E 50,00<\/strong> par personne boissons au verre selez. Mery Vinai Bessone<\/h3>\n<\/li>\n<li>\n<div><strong>6 p.m.  <\/strong>Dans l&rsquo;auditorium, Mery Vinai Bessone illustrera l&rsquo;histoire de la cr\u00e9ation de cette magnifique histoire du chocolat et guidera les convives \u00e0 travers les secrets inavouables du chocolat. Pendant l&rsquo;explication et le visionnage d&rsquo;un documentaire vid\u00e9o, des d\u00e9gustations seront servies de la graine au bar et des chocolats sp\u00e9ciaux de Silvio Bessone.  \u00c0 <strong>19<\/strong> heures, dans l&rsquo;atelier install\u00e9 dans le hall du Cioccomuseo, les clients qui le souhaitent se verront proposer un mini-cours de p\u00e2tisserie, anim\u00e9 par Siria Bessone ou Orlando Guzman, au cours duquel ils r\u00e9aliseront un g\u00e2teau au chocolat qui sera ensuite servi au d\u00eener. (Le protocole COVID19 limite la participation des clients \u00e0 la d\u00e9monstration uniquement)<\/div>\n<\/li>\n<\/ul>\n<p>Menu du soir<\/p>\n<h3>Notre planche \u00e0 pain se compose d&rsquo;au moins 6 vari\u00e9t\u00e9s diff\u00e9rentes, contamin\u00e9es au cacao, selon la recette originale de Silvio Bessone du chef p\u00e2tissier Orlando Guzman.<\/h3>\n<ul>\n<li>\n<ul>\n<li>\n<p><strong>Petits l\u00e9gumes mixtes frits au beurre de cacao et \u00e0 l&rsquo;huile EVO<\/strong><\/p>\n<\/li>\n<li>\n<p><strong>Palette parfum\u00e9e au cacao<\/strong><\/p>\n<\/li>\n<li>\n<p><strong>Tagliolini tricolori aux c\u00e8pes<\/strong><\/p>\n<\/li>\n<li>\n<p><strong>Battuta Tiepida alla Bessone en cro\u00fbte de cacao <\/strong>(ne l&rsquo;appelez pas Hamburger !)<\/p>\n<\/li>\n<li>\n<p><strong>G\u00e2teau au chocolat \u00e0 trois temp\u00e9ratures <\/strong>(r\u00e9alis\u00e9 par les convives lors du cours de p\u00e2tisserie)<strong><br \/><\/strong><\/p>\n<\/li>\n<li>\n<ul>\n<li>\n<p><strong>Vertical de pralines<\/strong><\/p>\n<\/li>\n<li>\n<p><strong>Boissons servies au verre pour chaque plat \u00e0 partir d&rsquo;une s\u00e9lection de vins du terroir italien : J&rsquo;Amis biano et rouge d\u00e9di\u00e9 aux amis de Silvio, Barbera Superiore, Nebbiolo d&rsquo;Alba, Dogliani DOCG, Barolo DOCG, Moscato DOCG ou similaires choisis par Mery Vinai Bessone.<\/strong><\/p>\n<\/li>\n<\/ul>\n<div>Le caf\u00e9 et l&rsquo;eau (Bolle et Stille de Lurisia) sont servis et inclus dans l&rsquo;offre selon le go\u00fbt du client.<\/div>\n<\/li>\n<li class=\"footer help-block\"> <\/li>\n<li>\n<ul>\n<li><strong>En Gras les plats inclus dans les menus d\u00e9gustation<\/strong><\/li>\n<li>Presque tous les plats peuvent \u00eatre pr\u00e9par\u00e9s de la m\u00eame mani\u00e8re et le go\u00fbt peut \u00eatre adapt\u00e9 aux intol\u00e9rances alimentaires, sous r\u00e9serve de r\u00e9servation et de pr\u00e9avis.<\/li>\n<li>Nous produisons du pain et des p\u00e2tes fra\u00eeches sans gluten, des plats sans lactose et d\u00e9riv\u00e9s, de la viande certifi\u00e9e Koscer ou Alhal, des pr\u00e9parations pour toute limitation, mais seulement sur demande pr\u00e9alable. Dans le cas d&rsquo;imitations non annonc\u00e9es, les plats et les ingr\u00e9dients disponibles \u00e0 ce moment-l\u00e0 seront pr\u00e9par\u00e9s avec le plus grand respect. Un <strong>suppl\u00e9ment peut \u00eatre factur\u00e9 pour les plats sp\u00e9ciaux<\/strong>.<\/li>\n<\/ul>\n<div> <\/div>\n<div><a class=\"jcepopup\" href=\"https:\/\/shop.silviobessone.it\/it\/cioccolocanda-shop\/98-contaminazioni-di-cacao.html\" data-mediabox=\"1\" data-mediabox-title=\"CLICCA QUI' PER ACQUISTARE IL PACCHETTO CENA\">CLIQUEZ ICI&rsquo; POUR ACHETER LE FORFAIT D\u00ceNER<\/a><\/div>\n<div> <\/div>\n<\/li>\n<li>\n<div>Du <strong>21 septembre au 31 janvier<\/strong>, il est possible (sous r\u00e9serve de disponibilit\u00e9 des truffes) d&rsquo;inclure une variante de Mondov\u00ec \u00e0 base <strong>de truffes blanches<\/strong>, moyennant un suppl\u00e9ment \u00e0 payer sur place de 25,00 \u20ac par personne. Le premier plat pr\u00e9vu sera remplac\u00e9 par des Tagliolini al Tartufo bianco avec un jaune d&rsquo;\u0153uf fondu \u00e0 l&rsquo;int\u00e9rieur.<\/div>\n<\/li>\n<li> <\/li>\n<li>\n<ul>\n<li>\n<h3>Quelques plats extraordinaires qui valent la peine de faire le voyage et de r\u00e9server \u00e0 l&rsquo;avance<\/h3>\n<\/li>\n<li>\n<h5>Les plats \u00e0 base de truffes blanches ou noires de Mondov\u00ec ne sont disponibles que pendant la p\u00e9riode o\u00f9 la cueillette des truffes est autoris\u00e9e. Elles sont recherch\u00e9es et ramass\u00e9es par Silvio avec la belle Cagnolina Diana. Pendant la saison des r\u00e9coltes, il est possible de faire l&rsquo;exp\u00e9rience de la truffe avec le chef, uniquement sur r\u00e9servation.<\/h5>\n<\/li>\n<\/ul>\n<\/li>\n<\/ul>\n<div> <\/div>\n<\/li>\n<li>\n<ul>\n<li>Fondue \u00e0 la truffe blanche de Mondovi (recueillie par Silvio)<\/li>\n<li>\u0152ufs po\u00eal\u00e9s \u00e0 la truffe blanche de Mondov\u00ec<\/li>\n<li>Muffetto blanc fondant avec truffe Mondov\u00ec blanche ou noire<\/li>\n<li>Cube de b\u0153uf de Fassona saisi sur un lit de truffe de Scorzone et de truffe blanche de Mondov\u00ec<\/li>\n<li>Tagliolini au c\u0153ur fondant et truffe blanche de Mondov\u00ec<img decoding=\"async\" class=\"alignright wp-image-641\" src=\"https:\/\/www.silviobessone.it\/wp-content\/uploads\/2023\/09\/Foto_Galleano2014_____010530_-_Copia.jpeg\" alt=\"\" width=\"700\" height=\"467\" srcset=\"https:\/\/www.silviobessone.it\/wp-content\/uploads\/2023\/09\/Foto_Galleano2014_____010530_-_Copia.jpeg 1024w, https:\/\/www.silviobessone.it\/wp-content\/uploads\/2023\/09\/Foto_Galleano2014_____010530_-_Copia-300x200.jpeg 300w, https:\/\/www.silviobessone.it\/wp-content\/uploads\/2023\/09\/Foto_Galleano2014_____010530_-_Copia-768x512.jpeg 768w\" sizes=\"(max-width: 700px) 100vw, 700px\" \/><\/li>\n<li>Filet de porc farci \u00e0 la truffe noire Melanosporum<\/li>\n<\/ul>\n<ul>\n<li>Mondov\u00ec Risotto \u00e0 la truffe blanche<\/li>\n<\/ul>\n<div>\n<ul>\n<li>  fondant<\/li>\n<li> <\/li>\n<\/ul>\n<\/div>\n<ul>\n<li>Raschera jalousie<\/li>\n<li>Bala d&rsquo;Asu<\/li>\n<li>Chapon de Morozzo farci<\/li>\n<li>Cupcake de<\/li>\n<li>  choux de Bruxelles \u00e0 la sauce Bessone<\/li>\n<li>Filet de lapin au vinaigre de<\/li>\n<li> <strong>framboises<\/strong><\/li>\n<li>Gnocchi au cacao et au fromage Castelmagno<\/li>\n<li>Raviolis \u00e0 la ricotta et aux \u00e9pinards<\/li>\n<li>Risotto en forme de fromage<\/li>\n<li>Joue de porc brais\u00e9e au cacao<\/li>\n<li>Saucisse avec<\/li>\n<li>  Barolo et f\u00e8ves de cacao<\/li>\n<li>Fromage frais avec sauces chocolat\u00e9es<\/li>\n<li>Chariot \u00e0 fromages assortis de Silvio Bessone<\/li>\n<li>&#8230; et un millier d&rsquo;autres merveilleux plats saisonniers et hebdomadaires<\/li>\n<\/ul>\n<\/li>\n<\/ul>\n<p>Le service est sobre et discret, les couverts essentiels mais soign\u00e9s, l&rsquo;ambiance simple mais vraiment impressionnante !<\/p>\n<p>En guise de cadeau \u00e0 nos clients, nous offrons une visite du mus\u00e9e avec d\u00e9gustation et un cours de p\u00e2tisserie en soir\u00e9e !<\/p>\n\t\t\t\t\t\t\t\t<\/div>\n\t\t\t\t<\/div>\n\t\t\t\t\t<\/div>\n\t\t<\/div>\n\t\t\t\t\t<\/div>\n\t\t<\/section>\n\t\t\t\t<\/div>\n\t\t","protected":false},"excerpt":{"rendered":"<p>Le restaurant aux menus \u00ab\u00a0\u00e9motionnels La cuisine de la Cioccolocanda fait partie int\u00e9grante de la structure, \u00e9tant situ\u00e9e au-dessus de la chocolaterie de Silvio Bessone. L&rsquo;odeur magique du cacao fra\u00eechement torr\u00e9fi\u00e9 ou des noisettes fra\u00eechement moulues se r\u00e9pand dans les locaux du mus\u00e9e du chocolat. La cuisine se base avant tout sur les magnifiques produits [&hellip;]<\/p>\n","protected":false},"author":1,"featured_media":0,"parent":0,"menu_order":0,"comment_status":"closed","ping_status":"closed","template":"","meta":{"footnotes":""},"_links":{"self":[{"href":"https:\/\/www.silviobessone.it\/fr\/wp-json\/wp\/v2\/pages\/2227"}],"collection":[{"href":"https:\/\/www.silviobessone.it\/fr\/wp-json\/wp\/v2\/pages"}],"about":[{"href":"https:\/\/www.silviobessone.it\/fr\/wp-json\/wp\/v2\/types\/page"}],"author":[{"embeddable":true,"href":"https:\/\/www.silviobessone.it\/fr\/wp-json\/wp\/v2\/users\/1"}],"replies":[{"embeddable":true,"href":"https:\/\/www.silviobessone.it\/fr\/wp-json\/wp\/v2\/comments?post=2227"}],"version-history":[{"count":4,"href":"https:\/\/www.silviobessone.it\/fr\/wp-json\/wp\/v2\/pages\/2227\/revisions"}],"predecessor-version":[{"id":2275,"href":"https:\/\/www.silviobessone.it\/fr\/wp-json\/wp\/v2\/pages\/2227\/revisions\/2275"}],"wp:attachment":[{"href":"https:\/\/www.silviobessone.it\/fr\/wp-json\/wp\/v2\/media?parent=2227"}],"curies":[{"name":"wp","href":"https:\/\/api.w.org\/{rel}","templated":true}]}}