{"id":2225,"date":"2023-10-11T11:06:28","date_gmt":"2023-10-11T11:06:28","guid":{"rendered":"https:\/\/www.silviobessone.it\/san-valentino\/"},"modified":"2023-10-23T14:12:08","modified_gmt":"2023-10-23T14:12:08","slug":"san-valentino","status":"publish","type":"page","link":"https:\/\/www.silviobessone.it\/fr\/san-valentino\/","title":{"rendered":"SAN VALENTINO"},"content":{"rendered":"\t\t<div data-elementor-type=\"wp-page\" data-elementor-id=\"2225\" class=\"elementor elementor-2225 elementor-1065\" data-elementor-post-type=\"page\">\n\t\t\t\t\t\t<section class=\"elementor-section elementor-top-section elementor-element elementor-element-e71d332 elementor-section-boxed elementor-section-height-default elementor-section-height-default\" data-id=\"e71d332\" data-element_type=\"section\">\n\t\t\t\t\t\t<div class=\"elementor-container elementor-column-gap-default\">\n\t\t\t\t\t<div class=\"elementor-column elementor-col-100 elementor-top-column elementor-element elementor-element-190c1e8\" data-id=\"190c1e8\" data-element_type=\"column\">\n\t\t\t<div class=\"elementor-widget-wrap elementor-element-populated\">\n\t\t\t\t\t\t<div class=\"elementor-element elementor-element-029ad49 elementor-widget elementor-widget-image\" data-id=\"029ad49\" data-element_type=\"widget\" data-widget_type=\"image.default\">\n\t\t\t\t<div class=\"elementor-widget-container\">\n\t\t\t\t\t\t\t\t\t\t\t\t\t\t\t<img fetchpriority=\"high\" decoding=\"async\" width=\"800\" height=\"248\" src=\"https:\/\/www.silviobessone.it\/wp-content\/uploads\/2023\/10\/Immagine1-1024x318.jpg\" class=\"attachment-large size-large wp-image-1567\" alt=\"\" srcset=\"https:\/\/www.silviobessone.it\/wp-content\/uploads\/2023\/10\/Immagine1-1024x318.jpg 1024w, https:\/\/www.silviobessone.it\/wp-content\/uploads\/2023\/10\/Immagine1-300x93.jpg 300w, https:\/\/www.silviobessone.it\/wp-content\/uploads\/2023\/10\/Immagine1-768x239.jpg 768w, https:\/\/www.silviobessone.it\/wp-content\/uploads\/2023\/10\/Immagine1-1536x478.jpg 1536w, https:\/\/www.silviobessone.it\/wp-content\/uploads\/2023\/10\/Immagine1.jpg 1582w\" sizes=\"(max-width: 800px) 100vw, 800px\" \/>\t\t\t\t\t\t\t\t\t\t\t\t\t\t\t<\/div>\n\t\t\t\t<\/div>\n\t\t\t\t\t<\/div>\n\t\t<\/div>\n\t\t\t\t\t<\/div>\n\t\t<\/section>\n\t\t\t\t<section class=\"elementor-section elementor-top-section elementor-element elementor-element-1532bff elementor-section-boxed elementor-section-height-default elementor-section-height-default\" data-id=\"1532bff\" data-element_type=\"section\">\n\t\t\t\t\t\t<div class=\"elementor-container elementor-column-gap-default\">\n\t\t\t\t\t<div class=\"elementor-column elementor-col-100 elementor-top-column elementor-element elementor-element-6089f19\" data-id=\"6089f19\" data-element_type=\"column\">\n\t\t\t<div class=\"elementor-widget-wrap elementor-element-populated\">\n\t\t\t\t\t\t<div class=\"elementor-element elementor-element-097cf4e elementor-widget elementor-widget-text-editor\" data-id=\"097cf4e\" data-element_type=\"widget\" data-widget_type=\"text-editor.default\">\n\t\t\t\t<div class=\"elementor-widget-container\">\n\t\t\t\t\t\t\t\t\t<p><strong>Sp\u00e9cial Saint-Valentin <\/strong><strong>2024 Chocolat\u00e9e<\/strong><\/p>\n<p><em>13-14-<\/em><em> f\u00e9vrier 2024<\/em><\/p>\n\t\t\t\t\t\t\t\t<\/div>\n\t\t\t\t<\/div>\n\t\t\t\t<div class=\"elementor-element elementor-element-7f5bb4a elementor-widget elementor-widget-text-editor\" data-id=\"7f5bb4a\" data-element_type=\"widget\" data-widget_type=\"text-editor.default\">\n\t\t\t\t<div class=\"elementor-widget-container\">\n\t\t\t\t\t\t\t\t\t<p>L&rsquo;offre comprend<\/p>\n\t\t\t\t\t\t\t\t<\/div>\n\t\t\t\t<\/div>\n\t\t\t\t<div class=\"elementor-element elementor-element-c667340 elementor-widget elementor-widget-text-editor\" data-id=\"c667340\" data-element_type=\"widget\" data-widget_type=\"text-editor.default\">\n\t\t\t\t<div class=\"elementor-widget-container\">\n\t\t\t\t\t\t\t\t\t<p><\/p>\n<p><strong><em>Visite du mus\u00e9e du chocolat avec d\u00e9gustation h 18<\/em><\/strong><\/p>\n<p><strong>\n  <em>Chocolater avec amour<\/em>\n<\/strong><em>: <\/em>Un cours de p\u00e2tisserie d\u00e9di\u00e9 \u00e0 la f\u00eate des amoureux avec la r\u00e9alisation d&rsquo;un cupcake avec un c\u0153ur en chocolat tendre h 19<\/p>\n<p><strong>\n  <em>D\u00eener romantique aux chandelles<\/em>\n<\/strong> avec un menu aphrodisiaque contamin\u00e9 au cacao et accompagn\u00e9 de verres de vin. Certains plats seront partag\u00e9s pour rendre la soir\u00e9e plus romantique.<\/p>\n<p><strong><em>Le menu :<\/em><\/strong><\/p>\n<p>Sac de friandises et verre de Bollicine DOCG<\/p>\n<p>Tartare de Fassona avec c\u0153ur azt\u00e8que<\/p>\n<p>C\u0153ur de riz aux fraises et au champagne<\/p>\n<p>Battage de cacao chaud \u00e0 Bellavista<\/p>\n<p>Amour sucr\u00e9 avec de la glace aux fruits de la passion<\/p>\n<p>Vertical de petits chocolats<\/p>\n<p><strong><em>&nbsp;<\/em><\/strong><\/p>\n<p><strong>\n  <em>Soir\u00e9e musicale<\/em>\n<\/strong> d\u00e9di\u00e9e aux amoureux !!!!<\/p>\n<p><strong>\n  <em>Cher cadeau en chocolat<\/em>\n<\/strong> \u00e0 tous les couples : CioccoLoveBox <strong>\n  <em>la bo\u00eete d&rsquo;amour en chocolat<\/em>\n<\/strong><\/p>\n<p><strong>\n  <em>Bain au chocolat pour les couples !<\/em>\n<\/strong> Pour tous ceux qui souhaitent&nbsp;\u00e0 un prix sp\u00e9cial&nbsp;!<\/p>\n<p><strong><em>Nuit chocolat\u00e9e !<\/em><\/strong><\/p>\n<p><em>&#8230; et <strong>buffet de petit-d\u00e9jeuner<\/strong><\/em><\/p>\n<p>PLACES LIMIT\u00c9ES !&nbsp; &nbsp; &nbsp; &nbsp; &nbsp; &nbsp; &nbsp; &nbsp; &nbsp; &nbsp; &nbsp; &nbsp; &nbsp; &nbsp;&nbsp;<\/p>\t\t\t\t\t\t\t\t<\/div>\n\t\t\t\t<\/div>\n\t\t\t\t<div class=\"elementor-element elementor-element-d1cfc89 elementor-align-center elementor-widget elementor-widget-button\" data-id=\"d1cfc89\" data-element_type=\"widget\" data-widget_type=\"button.default\">\n\t\t\t\t<div class=\"elementor-widget-container\">\n\t\t\t\t\t\t\t\t\t<div class=\"elementor-button-wrapper\">\n\t\t\t\t\t<a class=\"elementor-button elementor-button-link elementor-size-sm\" href=\"https:\/\/shop.silviobessone.it\/it\/cioccolocanda-shop\/105-san-valentino-cioccolatoso-2021.html\">\n\t\t\t\t\t\t<span class=\"elementor-button-content-wrapper\">\n\t\t\t\t\t\t\t\t\t<span class=\"elementor-button-text\">R\u00c9SERVEZ MAINTENANT<\/span>\n\t\t\t\t\t<\/span>\n\t\t\t\t\t<\/a>\n\t\t\t\t<\/div>\n\t\t\t\t\t\t\t\t<\/div>\n\t\t\t\t<\/div>\n\t\t\t\t<div class=\"elementor-element elementor-element-7cf0af8 elementor-widget elementor-widget-text-editor\" data-id=\"7cf0af8\" data-element_type=\"widget\" data-widget_type=\"text-editor.default\">\n\t\t\t\t<div class=\"elementor-widget-container\">\n\t\t\t\t\t\t\t\t\t<p>Prix \u20ac 240.00 par couple<\/p>\n\t\t\t\t\t\t\t\t<\/div>\n\t\t\t\t<\/div>\n\t\t\t\t<div class=\"elementor-element elementor-element-c5b7c9c elementor-widget elementor-widget-text-editor\" data-id=\"c5b7c9c\" data-element_type=\"widget\" data-widget_type=\"text-editor.default\">\n\t\t\t\t<div class=\"elementor-widget-container\">\n\t\t\t\t\t\t\t\t\t<p>Deux h\u00f4tels sont impliqu\u00e9s dans l&rsquo;\u00e9v\u00e9nement et ce n&rsquo;est qu&rsquo;\u00e0 la fin de la campagne, en fonction du nombre <strong>et des demandes suppl\u00e9mentaires des clients<\/strong>, que les chambres seront attribu\u00e9es.  <\/p>\n\t\t\t\t\t\t\t\t<\/div>\n\t\t\t\t<\/div>\n\t\t\t\t<div class=\"elementor-element elementor-element-108a67d elementor-widget elementor-widget-text-editor\" data-id=\"108a67d\" data-element_type=\"widget\" data-widget_type=\"text-editor.default\">\n\t\t\t\t<div class=\"elementor-widget-container\">\n\t\t\t\t\t\t\t\t\t<p>Services de chocolat suppl\u00e9mentaires  <\/p>\n\t\t\t\t\t\t\t\t<\/div>\n\t\t\t\t<\/div>\n\t\t\t\t<div class=\"elementor-element elementor-element-40ccebf elementor-widget elementor-widget-text-editor\" data-id=\"40ccebf\" data-element_type=\"widget\" data-widget_type=\"text-editor.default\">\n\t\t\t\t<div class=\"elementor-widget-container\">\n\t\t\t\t\t\t\t\t\t<p><strong>Baignade dans le chocolat pour couple.<\/strong>  Une exp\u00e9rience inoubliable, un bain en couple dans une baignoire en bois oriental finement travaill\u00e9e, remplie de 80 litres de chocolat chaud \u00e0 40<sup>o<\/sup>\u00b0 o\u00f9, en toute complicit\u00e9, vous pouvez vous dorloter pendant 50 minutes dans l&rsquo;ar\u00f4me magique de la nourriture des dieux et vous sentir pour un instant comme des petits biscuits sucr\u00e9s. Des articles de toilette, des v\u00eatements jetables, une serviette de bain ou un peignoir et des pantoufles seront disponibles. Horaires disponibles, arriv\u00e9e l&rsquo;apr\u00e8s-midi, le soir apr\u00e8s le d\u00eener ou le lendemain matin apr\u00e8s 9 heures. Sur confirmation pour les premiers \u00e0 r\u00e9server (nous ne pouvons g\u00e9n\u00e9ralement pas satisfaire tout le monde)<\/p>\n<p>150,00 \u20ac par couple<\/p>\n<p><strong>Le massage au chocolat<\/strong> (effectu\u00e9 par un professionnel qualifi\u00e9 dans la cabine <strong>CioccoBenessere<\/strong>),<\/p>\n<p>Le massage par un professionnel qualifi\u00e9 consiste en un traitement de bien-\u00eatre de 50 minutes avec une solution de cacao et de l&rsquo;huile d&rsquo;amande naturelle, y compris un maillot de bain et un peignoir. Prix : 60,00 \u20ac &#8211; r\u00e9duction pour les invit\u00e9s : 50,00 \u20ac par personne.<\/p>\n<p><strong>CioccoSauna <\/strong><strong>Nouvelles<\/strong><strong>! 40 minutes de vapeur pour se faire dorloter !<\/strong><\/p>\n<p>Le CioccoSauna est le dernier n\u00e9 des activit\u00e9s propos\u00e9es \u00e0 Cioccolocanda. Cette salle, situ\u00e9e \u00e0 l&rsquo;\u00e9tage du laboratoire, est utilis\u00e9e pour ce traitement de couple. Une cabine sp\u00e9ciale en bois canadien et en pierres de lave vous accueillera dans une ambiance confortable et r\u00e9serv\u00e9e, sur fond de musique d&rsquo;ambiance. Une tisane sera servie dans le salon CioccoSauna avec des biscuits au cacao ! Les serviettes de bain, le peignoir et les accessoires de douche sont fournis. Disponible du matin \u00e0 8 heures jusqu&rsquo;au soir \u00e0 22 h 30 sur r\u00e9servation pr\u00e9alable \u20ac 60,00 par couple<\/p>\n\t\t\t\t\t\t\t\t<\/div>\n\t\t\t\t<\/div>\n\t\t\t\t<div class=\"elementor-element elementor-element-3d6a7bc elementor-widget elementor-widget-text-editor\" data-id=\"3d6a7bc\" data-element_type=\"widget\" data-widget_type=\"text-editor.default\">\n\t\t\t\t<div class=\"elementor-widget-container\">\n\t\t\t\t\t\t\t\t\t<p>Pour confirmer votre r\u00e9servation, veuillez transf\u00e9rer le montant de l&rsquo;offre \u00e0 l&rsquo;IBAN suivant : IT82F0760110200001061873400 Bancoposta<\/p>\n<p>PayPal <a href=\"mailto:ledeliziesilviobessone@gmail.com\">ledeliziesilviobessone@gmail.com<\/a><\/p>\n<p>Pour confirmer, un acompte de 120,00 \u20ac par couple est demand\u00e9.<\/p>\n<p>Pour tous les services suppl\u00e9mentaires, le paiement sera effectu\u00e9 au moment du d\u00e9part !<\/p>\n<p>SB Cioccolato SRL Si\u00e8ge Via F. Gallo 19 12080 Vicoforte<\/p>\n<p>T\u00e9l\u00e9phone 0174 56 3312 Courriel <a href=\"mailto:info@cioccolocanda.it\">info@cioccolocanda.it<\/a><\/p>\n<p>Si\u00e8ge social Via Bagetti 11 10143 Turin<\/p>\n\t\t\t\t\t\t\t\t<\/div>\n\t\t\t\t<\/div>\n\t\t\t\t\t<\/div>\n\t\t<\/div>\n\t\t\t\t\t<\/div>\n\t\t<\/section>\n\t\t\t\t<\/div>\n\t\t","protected":false},"excerpt":{"rendered":"<p>Sp\u00e9cial Saint-Valentin 2024 Chocolat\u00e9e 13-14- f\u00e9vrier 2024 L&rsquo;offre comprend Visite du mus\u00e9e du chocolat avec d\u00e9gustation h 18 Chocolater avec amour : Un cours de p\u00e2tisserie d\u00e9di\u00e9 \u00e0 la f\u00eate des amoureux avec la r\u00e9alisation d&rsquo;un cupcake avec un c\u0153ur en chocolat tendre h 19 D\u00eener romantique aux chandelles avec un menu aphrodisiaque contamin\u00e9 au [&hellip;]<\/p>\n","protected":false},"author":1,"featured_media":0,"parent":0,"menu_order":0,"comment_status":"closed","ping_status":"closed","template":"","meta":{"footnotes":""},"_links":{"self":[{"href":"https:\/\/www.silviobessone.it\/fr\/wp-json\/wp\/v2\/pages\/2225"}],"collection":[{"href":"https:\/\/www.silviobessone.it\/fr\/wp-json\/wp\/v2\/pages"}],"about":[{"href":"https:\/\/www.silviobessone.it\/fr\/wp-json\/wp\/v2\/types\/page"}],"author":[{"embeddable":true,"href":"https:\/\/www.silviobessone.it\/fr\/wp-json\/wp\/v2\/users\/1"}],"replies":[{"embeddable":true,"href":"https:\/\/www.silviobessone.it\/fr\/wp-json\/wp\/v2\/comments?post=2225"}],"version-history":[{"count":4,"href":"https:\/\/www.silviobessone.it\/fr\/wp-json\/wp\/v2\/pages\/2225\/revisions"}],"predecessor-version":[{"id":2283,"href":"https:\/\/www.silviobessone.it\/fr\/wp-json\/wp\/v2\/pages\/2225\/revisions\/2283"}],"wp:attachment":[{"href":"https:\/\/www.silviobessone.it\/fr\/wp-json\/wp\/v2\/media?parent=2225"}],"curies":[{"name":"wp","href":"https:\/\/api.w.org\/{rel}","templated":true}]}}