{"id":2186,"date":"2023-10-12T10:19:09","date_gmt":"2023-10-12T10:19:09","guid":{"rendered":"https:\/\/www.silviobessone.it\/chocomassage-detente\/"},"modified":"2023-10-23T14:12:08","modified_gmt":"2023-10-23T14:12:08","slug":"chocomassage-detente","status":"publish","type":"page","link":"https:\/\/www.silviobessone.it\/fr\/chocomassage-detente\/","title":{"rendered":"Chocomassage d\u00e9tente"},"content":{"rendered":"\t\t<div data-elementor-type=\"wp-page\" data-elementor-id=\"2186\" class=\"elementor elementor-2186 elementor-1155\" data-elementor-post-type=\"page\">\n\t\t\t\t\t\t<section class=\"elementor-section elementor-top-section elementor-element elementor-element-f2e85e0 elementor-section-boxed elementor-section-height-default elementor-section-height-default\" data-id=\"f2e85e0\" data-element_type=\"section\">\n\t\t\t\t\t\t<div class=\"elementor-container elementor-column-gap-default\">\n\t\t\t\t\t<div class=\"elementor-column elementor-col-100 elementor-top-column elementor-element elementor-element-3da5097\" data-id=\"3da5097\" data-element_type=\"column\">\n\t\t\t<div class=\"elementor-widget-wrap elementor-element-populated\">\n\t\t\t\t\t\t<div class=\"elementor-element elementor-element-ca5b105 elementor-widget elementor-widget-heading\" data-id=\"ca5b105\" data-element_type=\"widget\" data-widget_type=\"heading.default\">\n\t\t\t\t<div class=\"elementor-widget-container\">\n\t\t\t\t\t<h2 class=\"elementor-heading-title elementor-size-default\">Massage relaxant au chocolat<\/h2>\t\t\t\t<\/div>\n\t\t\t\t<\/div>\n\t\t\t\t<div class=\"elementor-element elementor-element-a4e0337 elementor-widget elementor-widget-text-editor\" data-id=\"a4e0337\" data-element_type=\"widget\" data-widget_type=\"text-editor.default\">\n\t\t\t\t<div class=\"elementor-widget-container\">\n\t\t\t\t\t\t\t\t\t<h4>Massage relaxant avec aromath\u00e9rapie et musicoth\u00e9rapie, effectu\u00e9 par du personnel qualifi\u00e9 avec de la p\u00e2te de cacao, du beurre de cacao chaud et de l&rsquo;huile d&rsquo;amande.<\/h4>\n<h5>Une action vraiment relaxante pour votre bien-\u00eatre. S\u00e9ances de 50 minutes. Pour l&rsquo;offre, demandez la liste des prix, qui varie en fonction du mode. Ce service est r\u00e9serv\u00e9 aux h\u00f4tes s\u00e9journant \u00e0 Cioccolocanda. Toutefois, seul ce service est possible sur rendez-vous.<\/h5>\n\t\t\t\t\t\t\t\t<\/div>\n\t\t\t\t<\/div>\n\t\t\t\t<div class=\"elementor-element elementor-element-71c9014 elementor-widget elementor-widget-image\" data-id=\"71c9014\" data-element_type=\"widget\" data-widget_type=\"image.default\">\n\t\t\t\t<div class=\"elementor-widget-container\">\n\t\t\t\t\t\t\t\t\t\t\t\t\t\t\t<img fetchpriority=\"high\" decoding=\"async\" width=\"768\" height=\"432\" src=\"https:\/\/www.silviobessone.it\/wp-content\/uploads\/2023\/09\/Cioccomasaggio_-_Copia-768x432.jpg\" class=\"attachment-medium_large size-medium_large wp-image-1447\" alt=\"\" srcset=\"https:\/\/www.silviobessone.it\/wp-content\/uploads\/2023\/09\/Cioccomasaggio_-_Copia-768x432.jpg 768w, https:\/\/www.silviobessone.it\/wp-content\/uploads\/2023\/09\/Cioccomasaggio_-_Copia-300x169.jpg 300w, https:\/\/www.silviobessone.it\/wp-content\/uploads\/2023\/09\/Cioccomasaggio_-_Copia-1024x576.jpg 1024w, https:\/\/www.silviobessone.it\/wp-content\/uploads\/2023\/09\/Cioccomasaggio_-_Copia.jpg 1366w\" sizes=\"(max-width: 768px) 100vw, 768px\" \/>\t\t\t\t\t\t\t\t\t\t\t\t\t\t\t<\/div>\n\t\t\t\t<\/div>\n\t\t\t\t<div class=\"elementor-element elementor-element-0b65979 elementor-widget elementor-widget-heading\" data-id=\"0b65979\" data-element_type=\"widget\" data-widget_type=\"heading.default\">\n\t\t\t\t<div class=\"elementor-widget-container\">\n\t\t\t\t\t<h2 class=\"elementor-heading-title elementor-size-default\">Exp\u00e9riences de bien-\u00eatre au chocolat : Massage au chocolat<\/h2>\t\t\t\t<\/div>\n\t\t\t\t<\/div>\n\t\t\t\t<div class=\"elementor-element elementor-element-69e1bba elementor-widget elementor-widget-text-editor\" data-id=\"69e1bba\" data-element_type=\"widget\" data-widget_type=\"text-editor.default\">\n\t\t\t\t<div class=\"elementor-widget-container\">\n\t\t\t\t\t\t\t\t\t<p>Entrez dans le monde de CioccoBenessere et d\u00e9couvrez le plaisir unique de notre <strong>massage au chocolat<\/strong>. Dans une oasis de tranquillit\u00e9, notre cabine CioccoBenessere devient un temple d\u00e9di\u00e9 aux sens et \u00e0 la peau.<\/p>\n<p>Sous les mains expertes d&rsquo;un professionnel qualifi\u00e9, chaque mouvement devient une invitation \u00e0 la d\u00e9tente et au soin de soi. Pendant ces 50 minutes de pur bien-\u00eatre, vous serez envelopp\u00e9 d&rsquo;une solution sp\u00e9ciale de cacao et d&rsquo;huile d&rsquo;amande naturelle, qui nourrit et hydrate la peau, vous offrant une exp\u00e9rience sensuelle sans pr\u00e9c\u00e9dent.<\/p>\n<p>Les h\u00f4tes de la Cioccolocanda disposent d&rsquo;un maillot de bain, d&rsquo;une serviette de bain ou d&rsquo;un peignoir.<\/p>\n<p><strong>Prix :<\/strong> \u20ac 60.00 par personne.<\/p>\n<p><strong>Tarifs exclusifs CioccoBenessere :<\/strong><\/p>\n<ul>\n<li><strong>CioccoBagno di Coppia :<\/strong> \u20ac 150,00 par couple  <\/li>\n<li><strong>D\u00eener sur les contaminations du cacao :<\/strong> \u20ac 50.00 par personne<\/li>\n<li><strong>Contaminations du cacao D\u00e9jeuner :<\/strong> \u20ac 40.00 par personne<\/li>\n<li><strong>Menu court (2 plats et dessert) :<\/strong> \u20ac 30.00 par personne<\/li>\n<li><strong>Massage au chocolat (50 minutes) :<\/strong> \u20ac 60.00 par personne<\/li>\n<\/ul>\n<p><strong>D\u00e9tails et conditions :<\/strong><\/p>\n<ul>\n<li>Pour garantir la disponibilit\u00e9 des services, il est essentiel de r\u00e9server \u00e0 l&rsquo;avance.<\/li>\n<li>Tout bon de r\u00e9duction doit \u00eatre communiqu\u00e9 au moment de la r\u00e9servation et n&rsquo;est pas cumulable avec d&rsquo;autres promotions.<\/li>\n<li>Les tarifs sont susceptibles d&rsquo;\u00eatre modifi\u00e9s ; un paiement anticip\u00e9 et un bon d&rsquo;\u00e9change personnalis\u00e9 sont n\u00e9cessaires pour la confirmation.<\/li>\n<li>En cas d&rsquo;\u00e9v\u00e9nements impr\u00e9vus ou de force majeure, les dates de r\u00e9servation peuvent \u00eatre modifi\u00e9es.<\/li>\n<\/ul>\n<p>Cette exp\u00e9rience est valable pour une personne, elle peut \u00e9galement \u00eatre un cadeau SPECIAL Une fois que vous avez effectu\u00e9 votre achat sur le site, vous recevrez un e-mail avec un formulaire \u00e0 remplir avec les donn\u00e9es du b\u00e9n\u00e9ficiaire. Une fois que vous aurez re\u00e7u le formulaire, vous recevrez un Voucher personnalis\u00e9 au format PDF imprimable que vous pourrez offrir en cadeau. Le bon contiendra la date si vous l&rsquo;avez indiqu\u00e9e, le(s) nom(s) du (des) b\u00e9n\u00e9ficiaire(s) et les instructions relatives \u00e0 la r\u00e9servation. Il vous suffit de remplir le formulaire avec les donn\u00e9es dont vous avez connaissance, au cas o\u00f9, au moment de la r\u00e9servation, nous r\u00e9cup\u00e9rerions les donn\u00e9es si les b\u00e9n\u00e9ficiaires sont manquants.<\/p>\n<p>Pour recevoir la confirmation et le num\u00e9ro du Voucher, vous devez effectuer le paiement du service, les \u00e9ventuels suppl\u00e9ments pouvant \u00eatre pay\u00e9s au d\u00e9part (si vous \u00eates le protagoniste du service). Sans r\u00e9servation par e-mail accompagn\u00e9e d&rsquo;une lettre de confirmation, les r\u00e9servations ne seront pas consid\u00e9r\u00e9es comme valides.<strong>  A noter :<\/strong><\/p>\n<ul>\n<li>Il est recommand\u00e9 de r\u00e9server \u00e0 l&rsquo;avance pour s&rsquo;assurer de la disponibilit\u00e9 du service souhait\u00e9.<\/li>\n<li>Un paiement anticip\u00e9 est requis pour confirmer. En cas de force majeure, les dates peuvent \u00eatre modifi\u00e9es. Toute modification fera l&rsquo;objet d&rsquo;un accord et d&rsquo;une confirmation \u00e9crite de la part de la direction.<\/li>\n<\/ul>\n<p>Pour plus d&rsquo;informations sur la mani\u00e8re d&rsquo;am\u00e9liorer le bon en y ajoutant d&rsquo;autres services, veuillez contacter <a href=\"mailto:info@silviobessone.it\">info@silviobessone.it<\/a>.<\/p>\n<p><strong>Un voyage sensoriel vous attend. R\u00e9servez d\u00e8s maintenant votre exp\u00e9rience Cioccolocanda !<\/strong><\/p>\n<\/p>\n<p>Pour acheter, cliquez ici. <a href=\"https:\/\/shop.silviobessone.it\/it\/prodotti\/117-cioccomassaggio.html?search_query=Massaggio&amp;results=2\">https:\/\/shop.silviobessone.it\/it\/prodotti\/117-cioccomassaggio.html?search_query=Massaggio&amp;results=2<\/a><\/p>\n<p><strong>Offrez-vous le luxe d&rsquo;un moment pour vous. R\u00e9servez votre exp\u00e9rience CioccoBenessere d\u00e8s maintenant !<\/strong><\/p><\/p>\n\t\t\t\t\t\t\t\t<\/div>\n\t\t\t\t<\/div>\n\t\t\t\t\t<\/div>\n\t\t<\/div>\n\t\t\t\t\t<\/div>\n\t\t<\/section>\n\t\t\t\t<\/div>\n\t\t","protected":false},"excerpt":{"rendered":"<p>Massage relaxant au chocolat Massage relaxant avec aromath\u00e9rapie et musicoth\u00e9rapie, effectu\u00e9 par du personnel qualifi\u00e9 avec de la p\u00e2te de cacao, du beurre de cacao chaud et de l&rsquo;huile d&rsquo;amande. Une action vraiment relaxante pour votre bien-\u00eatre. S\u00e9ances de 50 minutes. Pour l&rsquo;offre, demandez la liste des prix, qui varie en fonction du mode. Ce [&hellip;]<\/p>\n","protected":false},"author":1,"featured_media":0,"parent":0,"menu_order":0,"comment_status":"closed","ping_status":"closed","template":"","meta":{"footnotes":""},"_links":{"self":[{"href":"https:\/\/www.silviobessone.it\/fr\/wp-json\/wp\/v2\/pages\/2186"}],"collection":[{"href":"https:\/\/www.silviobessone.it\/fr\/wp-json\/wp\/v2\/pages"}],"about":[{"href":"https:\/\/www.silviobessone.it\/fr\/wp-json\/wp\/v2\/types\/page"}],"author":[{"embeddable":true,"href":"https:\/\/www.silviobessone.it\/fr\/wp-json\/wp\/v2\/users\/1"}],"replies":[{"embeddable":true,"href":"https:\/\/www.silviobessone.it\/fr\/wp-json\/wp\/v2\/comments?post=2186"}],"version-history":[{"count":4,"href":"https:\/\/www.silviobessone.it\/fr\/wp-json\/wp\/v2\/pages\/2186\/revisions"}],"predecessor-version":[{"id":2308,"href":"https:\/\/www.silviobessone.it\/fr\/wp-json\/wp\/v2\/pages\/2186\/revisions\/2308"}],"wp:attachment":[{"href":"https:\/\/www.silviobessone.it\/fr\/wp-json\/wp\/v2\/media?parent=2186"}],"curies":[{"name":"wp","href":"https:\/\/api.w.org\/{rel}","templated":true}]}}