{"id":2113,"date":"2023-09-06T09:49:15","date_gmt":"2023-09-06T09:49:15","guid":{"rendered":"https:\/\/www.silviobessone.it\/fetes-du-chocolat\/"},"modified":"2024-02-28T15:20:01","modified_gmt":"2024-02-28T15:20:01","slug":"fetes-du-chocolat","status":"publish","type":"page","link":"https:\/\/www.silviobessone.it\/fr\/fetes-du-chocolat\/","title":{"rendered":"F\u00caTES DU CHOCOLAT"},"content":{"rendered":"\t\t<div data-elementor-type=\"wp-page\" data-elementor-id=\"2113\" class=\"elementor elementor-2113 elementor-697\" data-elementor-post-type=\"page\">\n\t\t\t\t\t\t<section class=\"elementor-section elementor-top-section elementor-element elementor-element-d3d7fa8 elementor-section-boxed elementor-section-height-default elementor-section-height-default\" data-id=\"d3d7fa8\" data-element_type=\"section\">\n\t\t\t\t\t\t<div class=\"elementor-container elementor-column-gap-default\">\n\t\t\t\t\t<div class=\"elementor-column elementor-col-100 elementor-top-column elementor-element elementor-element-7c6460d\" data-id=\"7c6460d\" data-element_type=\"column\">\n\t\t\t<div class=\"elementor-widget-wrap elementor-element-populated\">\n\t\t\t\t\t\t<div class=\"elementor-element elementor-element-e0ec652 elementor-widget elementor-widget-heading\" data-id=\"e0ec652\" data-element_type=\"widget\" data-widget_type=\"heading.default\">\n\t\t\t\t<div class=\"elementor-widget-container\">\n\t\t\t\t\t<h2 class=\"elementor-heading-title elementor-size-default\">S\u00e9jours chocolat\u00e9s<\/h2>\t\t\t\t<\/div>\n\t\t\t\t<\/div>\n\t\t\t\t<div class=\"elementor-element elementor-element-e7822df elementor-widget elementor-widget-text-editor\" data-id=\"e7822df\" data-element_type=\"widget\" data-widget_type=\"text-editor.default\">\n\t\t\t\t<div class=\"elementor-widget-container\">\n\t\t\t\t\t\t\t\t\t<h3>Les contaminations du cacao se poursuivent<\/h3>\n\t\t\t\t\t\t\t\t<\/div>\n\t\t\t\t<\/div>\n\t\t\t\t<div class=\"elementor-element elementor-element-406ef7a elementor-widget elementor-widget-text-editor\" data-id=\"406ef7a\" data-element_type=\"widget\" data-widget_type=\"text-editor.default\">\n\t\t\t\t<div class=\"elementor-widget-container\">\n\t\t\t\t\t\t\t\t\t<h4><em>La Cioccolocanda est une structure SIMPLE d\u00e9di\u00e9e au chocolat, d\u00e9conseill\u00e9e aux snobs radicaux et aux personnes indiff\u00e9rentes au chocolat.<\/em><\/h4>\n\t\t\t\t\t\t\t\t<\/div>\n\t\t\t\t<\/div>\n\t\t\t\t<div class=\"elementor-element elementor-element-369b4df elementor-widget elementor-widget-text-editor\" data-id=\"369b4df\" data-element_type=\"widget\" data-widget_type=\"text-editor.default\">\n\t\t\t\t<div class=\"elementor-widget-container\">\n\t\t\t\t\t\t\t\t\t<h5>Bienvenue dans le monde o\u00f9 le chocolat n&rsquo;est pas seulement un go\u00fbt, mais une exp\u00e9rience de vie. \u00c0 la Cioccolocanda, nous vous proposons plus qu&rsquo;un simple s\u00e9jour : nous vous invitons \u00e0 vous immerger dans une aventure sensorielle o\u00f9 chaque instant est impr\u00e9gn\u00e9 de la magie du chocolat. Du r\u00e9veil avec la saveur intense d&rsquo;un petit-d\u00e9jeuner chocolat\u00e9 aux soir\u00e9es envelopp\u00e9es par la chaleur des histoires et des l\u00e9gendes associ\u00e9es \u00e0 cet aliment pr\u00e9cieux, chaque moment sera un doux souvenir \u00e0 ch\u00e9rir. Pr\u00e9parez-vous \u00e0 vivre des journ\u00e9es plong\u00e9es dans la culture, l&rsquo;histoire et, bien s\u00fbr, les saveurs du chocolat. Laissez-vous tenter et venez d\u00e9couvrir nos s\u00e9jours au chocolat, o\u00f9 chaque d\u00e9tail est con\u00e7u pour ravir votre gourmandise.<\/h5>\n<h5>Avant de faire un cadeau \u00e0 la Cioccolocanda, assurez-vous que le destinataire peut appr\u00e9cier une structure simple. Vous \u00e9viterez ainsi de gaspiller votre argent et de nous faire vivre une exp\u00e9rience d\u00e9sagr\u00e9able.<\/h5>\n\t\t\t\t\t\t\t\t<\/div>\n\t\t\t\t<\/div>\n\t\t\t\t\t<\/div>\n\t\t<\/div>\n\t\t\t\t\t<\/div>\n\t\t<\/section>\n\t\t\t\t<section class=\"elementor-section elementor-top-section elementor-element elementor-element-209b2ad elementor-section-boxed elementor-section-height-default elementor-section-height-default\" data-id=\"209b2ad\" data-element_type=\"section\">\n\t\t\t\t\t\t<div class=\"elementor-container elementor-column-gap-default\">\n\t\t\t\t\t<div class=\"elementor-column elementor-col-100 elementor-top-column elementor-element elementor-element-adc251c\" data-id=\"adc251c\" data-element_type=\"column\">\n\t\t\t<div class=\"elementor-widget-wrap elementor-element-populated\">\n\t\t\t\t\t\t<div class=\"elementor-element elementor-element-2a1df6d elementor-widget elementor-widget-spacer\" data-id=\"2a1df6d\" data-element_type=\"widget\" data-widget_type=\"spacer.default\">\n\t\t\t\t<div class=\"elementor-widget-container\">\n\t\t\t\t\t\t\t<div class=\"elementor-spacer\">\n\t\t\t<div class=\"elementor-spacer-inner\"><\/div>\n\t\t<\/div>\n\t\t\t\t\t\t<\/div>\n\t\t\t\t<\/div>\n\t\t\t\t\t<\/div>\n\t\t<\/div>\n\t\t\t\t\t<\/div>\n\t\t<\/section>\n\t\t\t\t<section class=\"elementor-section elementor-top-section elementor-element elementor-element-f0f76c4 elementor-section-boxed elementor-section-height-default elementor-section-height-default\" data-id=\"f0f76c4\" data-element_type=\"section\">\n\t\t\t\t\t\t<div class=\"elementor-container elementor-column-gap-default\">\n\t\t\t\t\t<div class=\"elementor-column elementor-col-100 elementor-top-column elementor-element elementor-element-a43ee4e\" data-id=\"a43ee4e\" data-element_type=\"column\">\n\t\t\t<div class=\"elementor-widget-wrap elementor-element-populated\">\n\t\t\t\t\t\t<div class=\"elementor-element elementor-element-650d9a4 elementor-widget elementor-widget-heading\" data-id=\"650d9a4\" data-element_type=\"widget\" data-widget_type=\"heading.default\">\n\t\t\t\t<div class=\"elementor-widget-container\">\n\t\t\t\t\t<h2 class=\"elementor-heading-title elementor-size-default\">Baignade dans le chocolat pour couple<\/h2>\t\t\t\t<\/div>\n\t\t\t\t<\/div>\n\t\t\t\t<div class=\"elementor-element elementor-element-de5cf2f elementor-widget elementor-widget-text-editor\" data-id=\"de5cf2f\" data-element_type=\"widget\" data-widget_type=\"text-editor.default\">\n\t\t\t\t<div class=\"elementor-widget-container\">\n\t\t\t\t\t\t\t\t\t<h5>Une exp\u00e9rience inoubliable, un bain en couple dans une baignoire en <strong>bois oriental pr\u00e9cieux<\/strong>, remplie de <strong>80 litres de chocolat chaud<\/strong> \u00e0 40\u00b0 o\u00f9, en toute complicit\u00e9, vous pourrez vous dorloter dans le <strong>parfum magique de la nourriture des dieux<\/strong> et vous sentir pour un moment comme des petits biscuits sucr\u00e9s. Des articles de toilette, des v\u00eatements jetables, une serviette de bain ou un peignoir et des pantoufles seront disponibles. Ce service est r\u00e9serv\u00e9 aux h\u00f4tes s\u00e9journant \u00e0 Cioccolocanda. Toutefois, seul ce service est possible sur rendez-vous.<\/h5>\n<p>Bain de couple &#8211; Dur\u00e9e 50 minutes. Daniela Ferolla l&rsquo;a essay\u00e9 et l&rsquo;a qualifi\u00e9 d&rsquo;exp\u00e9rience unique ! Et dire qu&rsquo;elle l&rsquo;a fait elle-m\u00eame&#8230;..<\/p>\n\t\t\t\t\t\t\t\t<\/div>\n\t\t\t\t<\/div>\n\t\t\t\t\t<\/div>\n\t\t<\/div>\n\t\t\t\t\t<\/div>\n\t\t<\/section>\n\t\t\t\t<section class=\"elementor-section elementor-top-section elementor-element elementor-element-8c287d3 elementor-section-boxed elementor-section-height-default elementor-section-height-default\" data-id=\"8c287d3\" data-element_type=\"section\">\n\t\t\t\t\t\t<div class=\"elementor-container elementor-column-gap-default\">\n\t\t\t\t\t<div class=\"elementor-column elementor-col-100 elementor-top-column elementor-element elementor-element-6c05f87\" data-id=\"6c05f87\" data-element_type=\"column\">\n\t\t\t<div class=\"elementor-widget-wrap elementor-element-populated\">\n\t\t\t\t\t\t<div class=\"elementor-element elementor-element-3bb0669 elementor-widget elementor-widget-heading\" data-id=\"3bb0669\" data-element_type=\"widget\" data-widget_type=\"heading.default\">\n\t\t\t\t<div class=\"elementor-widget-container\">\n\t\t\t\t\t<h2 class=\"elementor-heading-title elementor-size-default\">Massage relaxant au chocolat<\/h2>\t\t\t\t<\/div>\n\t\t\t\t<\/div>\n\t\t\t\t<div class=\"elementor-element elementor-element-724b7d1 elementor-widget elementor-widget-text-editor\" data-id=\"724b7d1\" data-element_type=\"widget\" data-widget_type=\"text-editor.default\">\n\t\t\t\t<div class=\"elementor-widget-container\">\n\t\t\t\t\t\t\t\t\t<h4><strong>Massage relaxant<\/strong> avec aromath\u00e9rapie et musicoth\u00e9rapie, effectu\u00e9 par du personnel qualifi\u00e9 avec de la <strong>p\u00e2te de cacao<\/strong>, du <strong>beurre de cacao chaud<\/strong> et de l&rsquo;<strong>huile d&rsquo;amande<\/strong>.<\/h4>\n<p>Une action vraiment relaxante pour votre bien-\u00eatre. S\u00e9ances de 50 minutes. Pour l&rsquo;offre, demandez la liste des prix, qui varie en fonction du mode. Ce service est r\u00e9serv\u00e9 aux h\u00f4tes s\u00e9journant \u00e0 Cioccolocanda. Toutefois, seul ce service est possible sur rendez-vous.<\/p>\n\t\t\t\t\t\t\t\t<\/div>\n\t\t\t\t<\/div>\n\t\t\t\t<div class=\"elementor-element elementor-element-50c9b92 elementor-widget elementor-widget-text-editor\" data-id=\"50c9b92\" data-element_type=\"widget\" data-widget_type=\"text-editor.default\">\n\t\t\t\t<div class=\"elementor-widget-container\">\n\t\t\t\t\t\t\t\t\t<p><strong>Offrez un bon d&rsquo;achat<\/strong> personnalis\u00e9 pour faire une<\/p>\n<p><strong>Ciocco Bagno<\/strong>:<\/p>\n<p><a href=\"http:\/\/shop.silviobessone.it\/occasioni-speciali\/92-cioccobagno.html\">http:\/\/shop.silviobessone.it\/occasioni-speciali\/92-cioccobagno.html<\/a><\/p>\n<p>ChocolatMassage :<\/p>\n<p><a href=\"https:\/\/shop.silviobessone.it\/it\/prodotti\/117-cioccomassaggio.html?search_query=cioccoma&amp;results=2\">https:\/\/shop.silviobessone.it\/it\/prodotti\/117-cioccomassaggio.html?search_query=cioccoma&amp;results=2<\/a><\/p>\n\t\t\t\t\t\t\t\t<\/div>\n\t\t\t\t<\/div>\n\t\t\t\t\t<\/div>\n\t\t<\/div>\n\t\t\t\t\t<\/div>\n\t\t<\/section>\n\t\t\t\t<section class=\"elementor-section elementor-top-section elementor-element elementor-element-8708362 elementor-section-boxed elementor-section-height-default elementor-section-height-default\" data-id=\"8708362\" data-element_type=\"section\">\n\t\t\t\t\t\t<div class=\"elementor-container elementor-column-gap-default\">\n\t\t\t\t\t<div class=\"elementor-column elementor-col-50 elementor-top-column elementor-element elementor-element-649df92\" data-id=\"649df92\" data-element_type=\"column\">\n\t\t\t<div class=\"elementor-widget-wrap elementor-element-populated\">\n\t\t\t\t\t\t<div class=\"elementor-element elementor-element-8665625 pulsante-personalizzato elementor-align-left elementor-widget elementor-widget-button\" data-id=\"8665625\" data-element_type=\"widget\" data-widget_type=\"button.default\">\n\t\t\t\t<div class=\"elementor-widget-container\">\n\t\t\t\t\t\t\t\t\t<div class=\"elementor-button-wrapper\">\n\t\t\t\t\t<a class=\"elementor-button elementor-button-link elementor-size-xs\" href=\"https:\/\/www.silviobessone.it\/fr\/sejour-chocolate\/\">\n\t\t\t\t\t\t<span class=\"elementor-button-content-wrapper\">\n\t\t\t\t\t\t\t\t\t<span class=\"elementor-button-text\">S\u00e9jour chocolat\u00e9<\/span>\n\t\t\t\t\t<\/span>\n\t\t\t\t\t<\/a>\n\t\t\t\t<\/div>\n\t\t\t\t\t\t\t\t<\/div>\n\t\t\t\t<\/div>\n\t\t\t\t<div class=\"elementor-element elementor-element-26f28df pulsante-personalizzato elementor-widget elementor-widget-button\" data-id=\"26f28df\" data-element_type=\"widget\" data-widget_type=\"button.default\">\n\t\t\t\t<div class=\"elementor-widget-container\">\n\t\t\t\t\t\t\t\t\t<div class=\"elementor-button-wrapper\">\n\t\t\t\t\t<a class=\"elementor-button elementor-button-link elementor-size-xs\" href=\"https:\/\/www.silviobessone.it\/fr\/salon-en-chocolat-style-life-120\/\">\n\t\t\t\t\t\t<span class=\"elementor-button-content-wrapper\">\n\t\t\t\t\t\t\t\t\t<span class=\"elementor-button-text\">Salon chocolat\u00e9 Style Life 120<\/span>\n\t\t\t\t\t<\/span>\n\t\t\t\t\t<\/a>\n\t\t\t\t<\/div>\n\t\t\t\t\t\t\t\t<\/div>\n\t\t\t\t<\/div>\n\t\t\t\t\t<\/div>\n\t\t<\/div>\n\t\t\t\t<div class=\"elementor-column elementor-col-50 elementor-top-column elementor-element elementor-element-483ead5\" data-id=\"483ead5\" data-element_type=\"column\">\n\t\t\t<div class=\"elementor-widget-wrap elementor-element-populated\">\n\t\t\t\t\t\t<div class=\"elementor-element elementor-element-73575e2 pulsante-personalizzato elementor-align-right elementor-widget elementor-widget-button\" data-id=\"73575e2\" data-element_type=\"widget\" data-widget_type=\"button.default\">\n\t\t\t\t<div class=\"elementor-widget-container\">\n\t\t\t\t\t\t\t\t\t<div class=\"elementor-button-wrapper\">\n\t\t\t\t\t<a class=\"elementor-button elementor-button-link elementor-size-xs\" href=\"https:\/\/www.silviobessone.it\/fr\/chocomassage-detente\/\">\n\t\t\t\t\t\t<span class=\"elementor-button-content-wrapper\">\n\t\t\t\t\t\t\t\t\t<span class=\"elementor-button-text\">Massage relaxant au chocolat<\/span>\n\t\t\t\t\t<\/span>\n\t\t\t\t\t<\/a>\n\t\t\t\t<\/div>\n\t\t\t\t\t\t\t\t<\/div>\n\t\t\t\t<\/div>\n\t\t\t\t<div class=\"elementor-element elementor-element-81c7d3e pulsante-personalizzato elementor-align-right elementor-widget elementor-widget-button\" data-id=\"81c7d3e\" data-element_type=\"widget\" data-widget_type=\"button.default\">\n\t\t\t\t<div class=\"elementor-widget-container\">\n\t\t\t\t\t\t\t\t\t<div class=\"elementor-button-wrapper\">\n\t\t\t\t\t<a class=\"elementor-button elementor-button-link elementor-size-sm\" href=\"https:\/\/www.silviobessone.it\/fr\/baignade-dans-le-chocolat\/\">\n\t\t\t\t\t\t<span class=\"elementor-button-content-wrapper\">\n\t\t\t\t\t\t\t\t\t<span class=\"elementor-button-text\">Baignade dans le chocolat<\/span>\n\t\t\t\t\t<\/span>\n\t\t\t\t\t<\/a>\n\t\t\t\t<\/div>\n\t\t\t\t\t\t\t\t<\/div>\n\t\t\t\t<\/div>\n\t\t\t\t\t<\/div>\n\t\t<\/div>\n\t\t\t\t\t<\/div>\n\t\t<\/section>\n\t\t\t\t<section class=\"elementor-section elementor-top-section elementor-element elementor-element-719fbd7 elementor-section-boxed elementor-section-height-default elementor-section-height-default\" data-id=\"719fbd7\" data-element_type=\"section\">\n\t\t\t\t\t\t<div class=\"elementor-container elementor-column-gap-default\">\n\t\t\t\t\t<div class=\"elementor-column elementor-col-100 elementor-top-column elementor-element elementor-element-fe4cce8\" data-id=\"fe4cce8\" data-element_type=\"column\">\n\t\t\t<div class=\"elementor-widget-wrap\">\n\t\t\t\t\t\t\t<\/div>\n\t\t<\/div>\n\t\t\t\t\t<\/div>\n\t\t<\/section>\n\t\t\t\t<section class=\"elementor-section elementor-top-section elementor-element elementor-element-4f00972 elementor-section-boxed elementor-section-height-default elementor-section-height-default\" data-id=\"4f00972\" data-element_type=\"section\">\n\t\t\t\t\t\t<div class=\"elementor-container elementor-column-gap-default\">\n\t\t\t\t\t<div class=\"elementor-column elementor-col-100 elementor-top-column elementor-element elementor-element-3b72e1d\" data-id=\"3b72e1d\" data-element_type=\"column\">\n\t\t\t<div class=\"elementor-widget-wrap elementor-element-populated\">\n\t\t\t\t\t\t<div class=\"elementor-element elementor-element-d9ff7bd elementor-widget elementor-widget-spacer\" data-id=\"d9ff7bd\" data-element_type=\"widget\" data-widget_type=\"spacer.default\">\n\t\t\t\t<div class=\"elementor-widget-container\">\n\t\t\t\t\t\t\t<div class=\"elementor-spacer\">\n\t\t\t<div class=\"elementor-spacer-inner\"><\/div>\n\t\t<\/div>\n\t\t\t\t\t\t<\/div>\n\t\t\t\t<\/div>\n\t\t\t\t\t<\/div>\n\t\t<\/div>\n\t\t\t\t\t<\/div>\n\t\t<\/section>\n\t\t\t\t<section class=\"elementor-section elementor-top-section elementor-element elementor-element-7a2056f elementor-section-boxed elementor-section-height-default elementor-section-height-default\" data-id=\"7a2056f\" data-element_type=\"section\">\n\t\t\t\t\t\t<div class=\"elementor-container elementor-column-gap-default\">\n\t\t\t\t\t<div class=\"elementor-column elementor-col-50 elementor-top-column elementor-element elementor-element-07ff330\" data-id=\"07ff330\" data-element_type=\"column\">\n\t\t\t<div class=\"elementor-widget-wrap elementor-element-populated\">\n\t\t\t\t\t\t<div class=\"elementor-element elementor-element-3640843 elementor-widget elementor-widget-image\" data-id=\"3640843\" data-element_type=\"widget\" data-widget_type=\"image.default\">\n\t\t\t\t<div class=\"elementor-widget-container\">\n\t\t\t\t\t\t\t\t\t\t\t\t\t\t\t<img fetchpriority=\"high\" decoding=\"async\" width=\"800\" height=\"522\" src=\"https:\/\/www.silviobessone.it\/wp-content\/uploads\/2023\/09\/Daniela_Ferolla_fa_il_Cioccobagno-1024x668.jpg\" class=\"attachment-large size-large wp-image-1443\" alt=\"\" srcset=\"https:\/\/www.silviobessone.it\/wp-content\/uploads\/2023\/09\/Daniela_Ferolla_fa_il_Cioccobagno-1024x668.jpg 1024w, https:\/\/www.silviobessone.it\/wp-content\/uploads\/2023\/09\/Daniela_Ferolla_fa_il_Cioccobagno-300x196.jpg 300w, https:\/\/www.silviobessone.it\/wp-content\/uploads\/2023\/09\/Daniela_Ferolla_fa_il_Cioccobagno-768x501.jpg 768w, https:\/\/www.silviobessone.it\/wp-content\/uploads\/2023\/09\/Daniela_Ferolla_fa_il_Cioccobagno.jpg 1070w\" sizes=\"(max-width: 800px) 100vw, 800px\" \/>\t\t\t\t\t\t\t\t\t\t\t\t\t\t\t<\/div>\n\t\t\t\t<\/div>\n\t\t\t\t\t<\/div>\n\t\t<\/div>\n\t\t\t\t<div class=\"elementor-column elementor-col-50 elementor-top-column elementor-element elementor-element-36a1be2\" data-id=\"36a1be2\" data-element_type=\"column\">\n\t\t\t<div class=\"elementor-widget-wrap elementor-element-populated\">\n\t\t\t\t\t\t<div class=\"elementor-element elementor-element-a7669ab elementor-widget elementor-widget-video\" data-id=\"a7669ab\" data-element_type=\"widget\" data-settings=\"{&quot;video_type&quot;:&quot;hosted&quot;,&quot;autoplay&quot;:&quot;yes&quot;,&quot;play_on_mobile&quot;:&quot;yes&quot;,&quot;loop&quot;:&quot;yes&quot;,&quot;controls&quot;:&quot;yes&quot;}\" data-widget_type=\"video.default\">\n\t\t\t\t<div class=\"elementor-widget-container\">\n\t\t\t\t\t\t\t<div class=\"e-hosted-video elementor-wrapper elementor-open-inline\">\n\t\t\t\t\t<video class=\"elementor-video\" src=\"https:\/\/www.silviobessone.it\/wp-content\/uploads\/2023\/10\/VideoMassaggio.mp4\" autoplay=\"\" loop=\"\" controls=\"\" playsinline=\"\" controlsList=\"nodownload\"><\/video>\n\t\t\t\t<\/div>\n\t\t\t\t\t\t<\/div>\n\t\t\t\t<\/div>\n\t\t\t\t\t<\/div>\n\t\t<\/div>\n\t\t\t\t\t<\/div>\n\t\t<\/section>\n\t\t\t\t<\/div>\n\t\t","protected":false},"excerpt":{"rendered":"<p>S\u00e9jours chocolat\u00e9s Les contaminations du cacao se poursuivent La Cioccolocanda est une structure SIMPLE d\u00e9di\u00e9e au chocolat, d\u00e9conseill\u00e9e aux snobs radicaux et aux personnes indiff\u00e9rentes au chocolat. Bienvenue dans le monde o\u00f9 le chocolat n&rsquo;est pas seulement un go\u00fbt, mais une exp\u00e9rience de vie. \u00c0 la Cioccolocanda, nous vous proposons plus qu&rsquo;un simple s\u00e9jour : [&hellip;]<\/p>\n","protected":false},"author":1,"featured_media":0,"parent":0,"menu_order":0,"comment_status":"closed","ping_status":"closed","template":"","meta":{"footnotes":""},"_links":{"self":[{"href":"https:\/\/www.silviobessone.it\/fr\/wp-json\/wp\/v2\/pages\/2113"}],"collection":[{"href":"https:\/\/www.silviobessone.it\/fr\/wp-json\/wp\/v2\/pages"}],"about":[{"href":"https:\/\/www.silviobessone.it\/fr\/wp-json\/wp\/v2\/types\/page"}],"author":[{"embeddable":true,"href":"https:\/\/www.silviobessone.it\/fr\/wp-json\/wp\/v2\/users\/1"}],"replies":[{"embeddable":true,"href":"https:\/\/www.silviobessone.it\/fr\/wp-json\/wp\/v2\/comments?post=2113"}],"version-history":[{"count":10,"href":"https:\/\/www.silviobessone.it\/fr\/wp-json\/wp\/v2\/pages\/2113\/revisions"}],"predecessor-version":[{"id":2659,"href":"https:\/\/www.silviobessone.it\/fr\/wp-json\/wp\/v2\/pages\/2113\/revisions\/2659"}],"wp:attachment":[{"href":"https:\/\/www.silviobessone.it\/fr\/wp-json\/wp\/v2\/media?parent=2113"}],"curies":[{"name":"wp","href":"https:\/\/api.w.org\/{rel}","templated":true}]}}