{"id":2075,"date":"2023-09-06T12:08:27","date_gmt":"2023-09-06T12:08:27","guid":{"rendered":"https:\/\/www.silviobessone.it\/salon-chocolate-style-life-120-pag2\/"},"modified":"2023-10-23T14:11:54","modified_gmt":"2023-10-23T14:11:54","slug":"salon-chocolate-style-life-120-pag2","status":"publish","type":"page","link":"https:\/\/www.silviobessone.it\/fr\/salon-chocolate-style-life-120-pag2\/","title":{"rendered":"salon chocolat\u00e9 style life 120 pag2"},"content":{"rendered":"\t\t<div data-elementor-type=\"wp-page\" data-elementor-id=\"2075\" class=\"elementor elementor-2075 elementor-756\" data-elementor-post-type=\"page\">\n\t\t\t\t\t\t<section class=\"elementor-section elementor-top-section elementor-element elementor-element-ead1233 elementor-section-boxed elementor-section-height-default elementor-section-height-default\" data-id=\"ead1233\" data-element_type=\"section\">\n\t\t\t\t\t\t<div class=\"elementor-container elementor-column-gap-default\">\n\t\t\t\t\t<div class=\"elementor-column elementor-col-100 elementor-top-column elementor-element elementor-element-a81e66e\" data-id=\"a81e66e\" data-element_type=\"column\">\n\t\t\t<div class=\"elementor-widget-wrap elementor-element-populated\">\n\t\t\t\t\t\t<div class=\"elementor-element elementor-element-f87c15a elementor-widget elementor-widget-spacer\" data-id=\"f87c15a\" data-element_type=\"widget\" data-widget_type=\"spacer.default\">\n\t\t\t\t<div class=\"elementor-widget-container\">\n\t\t\t\t\t\t\t<div class=\"elementor-spacer\">\n\t\t\t<div class=\"elementor-spacer-inner\"><\/div>\n\t\t<\/div>\n\t\t\t\t\t\t<\/div>\n\t\t\t\t<\/div>\n\t\t\t\t<div class=\"elementor-element elementor-element-3ae180f elementor-widget elementor-widget-heading\" data-id=\"3ae180f\" data-element_type=\"widget\" data-widget_type=\"heading.default\">\n\t\t\t\t<div class=\"elementor-widget-container\">\n\t\t\t\t\t<h2 class=\"elementor-heading-title elementor-size-default\"><a href=\"https:\/\/shop.silviobessone.it\/it\/cioccolocanda-shop\/129-contaminazioni-di-cacao.html\">ACHETER LIVING ROOM LIFE 120 !!!<\/a><\/h2>\t\t\t\t<\/div>\n\t\t\t\t<\/div>\n\t\t\t\t<div class=\"elementor-element elementor-element-324c6db elementor-widget elementor-widget-image\" data-id=\"324c6db\" data-element_type=\"widget\" data-widget_type=\"image.default\">\n\t\t\t\t<div class=\"elementor-widget-container\">\n\t\t\t\t\t\t\t\t\t\t\t\t\t\t\t<img fetchpriority=\"high\" decoding=\"async\" width=\"1366\" height=\"756\" src=\"https:\/\/www.silviobessone.it\/wp-content\/uploads\/2023\/09\/Panzironi_al_Buffet2.jpg\" class=\"attachment-full size-full wp-image-1463\" alt=\"\" srcset=\"https:\/\/www.silviobessone.it\/wp-content\/uploads\/2023\/09\/Panzironi_al_Buffet2.jpg 1366w, https:\/\/www.silviobessone.it\/wp-content\/uploads\/2023\/09\/Panzironi_al_Buffet2-300x166.jpg 300w, https:\/\/www.silviobessone.it\/wp-content\/uploads\/2023\/09\/Panzironi_al_Buffet2-1024x567.jpg 1024w, https:\/\/www.silviobessone.it\/wp-content\/uploads\/2023\/09\/Panzironi_al_Buffet2-768x425.jpg 768w\" sizes=\"(max-width: 1366px) 100vw, 1366px\" \/>\t\t\t\t\t\t\t\t\t\t\t\t\t\t\t<\/div>\n\t\t\t\t<\/div>\n\t\t\t\t<div class=\"elementor-element elementor-element-cad1bc8 elementor-widget elementor-widget-text-editor\" data-id=\"cad1bc8\" data-element_type=\"widget\" data-widget_type=\"text-editor.default\">\n\t\t\t\t<div class=\"elementor-widget-container\">\n\t\t\t\t\t\t\t\t\t<p>Stay Life 120 Contaminations du cacao<\/p>\n\t\t\t\t\t\t\t\t<\/div>\n\t\t\t\t<\/div>\n\t\t\t\t<div class=\"elementor-element elementor-element-2aae81a elementor-widget elementor-widget-image\" data-id=\"2aae81a\" data-element_type=\"widget\" data-widget_type=\"image.default\">\n\t\t\t\t<div class=\"elementor-widget-container\">\n\t\t\t\t\t\t\t\t\t\t\t\t\t\t\t<img decoding=\"async\" width=\"130\" height=\"130\" src=\"https:\/\/www.silviobessone.it\/wp-content\/uploads\/2023\/09\/Life_120_Logo.jpg\" class=\"attachment-large size-large wp-image-1467\" alt=\"\" \/>\t\t\t\t\t\t\t\t\t\t\t\t\t\t\t<\/div>\n\t\t\t\t<\/div>\n\t\t\t\t<div class=\"elementor-element elementor-element-362dacd elementor-widget elementor-widget-text-editor\" data-id=\"362dacd\" data-element_type=\"widget\" data-widget_type=\"text-editor.default\">\n\t\t\t\t<div class=\"elementor-widget-container\">\n\t\t\t\t\t\t\t\t\t<p>pour 2 personnes en chambre double ou twin<\/p>\n<p>Il s&rsquo;agit d&rsquo;une exp\u00e9rience \u00e9motionnelle d\u00e9di\u00e9e \u00e0 tous ceux qui suivent la philosophie de vie LIFE 120.<\/p>\n\t\t\t\t\t\t\t\t<\/div>\n\t\t\t\t<\/div>\n\t\t\t\t<div class=\"elementor-element elementor-element-c4ce5d0 elementor-widget elementor-widget-image\" data-id=\"c4ce5d0\" data-element_type=\"widget\" data-widget_type=\"image.default\">\n\t\t\t\t<div class=\"elementor-widget-container\">\n\t\t\t\t\t\t\t\t\t\t\t\t\t\t\t<img decoding=\"async\" width=\"1872\" height=\"910\" src=\"https:\/\/www.silviobessone.it\/wp-content\/uploads\/2023\/09\/20191030_175536.jpg\" class=\"attachment-full size-full wp-image-1471\" alt=\"\" srcset=\"https:\/\/www.silviobessone.it\/wp-content\/uploads\/2023\/09\/20191030_175536.jpg 1872w, https:\/\/www.silviobessone.it\/wp-content\/uploads\/2023\/09\/20191030_175536-300x146.jpg 300w, https:\/\/www.silviobessone.it\/wp-content\/uploads\/2023\/09\/20191030_175536-1024x498.jpg 1024w, https:\/\/www.silviobessone.it\/wp-content\/uploads\/2023\/09\/20191030_175536-768x373.jpg 768w, https:\/\/www.silviobessone.it\/wp-content\/uploads\/2023\/09\/20191030_175536-1536x747.jpg 1536w\" sizes=\"(max-width: 1872px) 100vw, 1872px\" \/>\t\t\t\t\t\t\t\t\t\t\t\t\t\t\t<\/div>\n\t\t\t\t<\/div>\n\t\t\t\t<div class=\"elementor-element elementor-element-110fbc7 elementor-widget elementor-widget-text-editor\" data-id=\"110fbc7\" data-element_type=\"widget\" data-widget_type=\"text-editor.default\">\n\t\t\t\t<div class=\"elementor-widget-container\">\n\t\t\t\t\t\t\t\t\t<p>et se compose de<\/p>\n<p>Acc\u00e8s aux salles LOCANDA \u00e0 partir de 15h30.<\/p>\n<ul>\n<li><strong>Cours de p\u00e2tisserie *- h 18 ; <\/strong>Un cupcake au chocolat noir sera confectionn\u00e9 et d\u00e9gust\u00e9 au d\u00eener. Remise du dipl\u00f4me et de la recette<\/li>\n<li><strong>Visite du mus\u00e9e du chocolat avec d\u00e9gustation du jour &#8211; 19 heures<\/strong><\/li>\n<li><strong>D\u00eener \u00ab\u00a0Contaminations par le cacao\u00a0\u00bb servi \u00e0 l&rsquo;int\u00e9rieur du mus\u00e9e**.<\/strong><\/li>\n<\/ul>\n<p>Ap\u00e9ritif avec petits l\u00e9gumes frits m\u00e9lang\u00e9s \u00e0 la Pi\u00e9montaise<\/p>\n<p><em>Hors d&rsquo;\u0153uvre<\/em> Palette aromatis\u00e9e au cacao avec<\/p>\n<p><em>Carpaccio de veau, salade et truffe (blanche si disponible) Ricotta de lactos\u00e9rum au cacao<\/em><\/p>\n<p><em>Primo<\/em> Tagliolini Tricolori aux c\u00e8pes<\/p>\n<p><em>P\u00e2tes au m\u00e9lange de farines Flower Life 120 avec des c\u00e8pes<\/em><\/p>\n<p><em>Deuxi\u00e8me<\/em> Battuta alla Bessone \u00e0 Bellavista<\/p>\n<p><em>Galette de b\u0153uf de choix de la gamme Life 120 pan\u00e9e dans des grains de cacao et servie sur un lit de l\u00e9gumes saisis avec du beurre de cacao naturel.<\/em><\/p>\n<p><em>Dolce<\/em> Tortino Fondente Life 120<\/p>\n<p>D\u00e9gustation de trois chocolats, blanc, lait et noir Life 120<\/p>\n<p>Caf\u00e9<\/p>\n<p><em>Boissons au verre incluses :<\/em> Roero Arneis DOC, Dolcetto d&rsquo;Alba DOC, Barolo DOCG, Moscato d&rsquo;Asti DOCG ou similaires.<\/p>\n<ul>\n<li><strong>Nuit en chocolat dans une chambre double<\/strong><\/li>\n<\/ul>\n\t\t\t\t\t\t\t\t<\/div>\n\t\t\t\t<\/div>\n\t\t\t\t<div class=\"elementor-element elementor-element-7e74752 elementor-widget elementor-widget-button\" data-id=\"7e74752\" data-element_type=\"widget\" data-widget_type=\"button.default\">\n\t\t\t\t<div class=\"elementor-widget-container\">\n\t\t\t\t\t\t\t\t\t<div class=\"elementor-button-wrapper\">\n\t\t\t\t\t<a class=\"elementor-button elementor-button-link elementor-size-sm\" href=\"https:\/\/shop.silviobessone.it\/it\/cioccolocanda-shop\/129-contaminazioni-di-cacao.html\" target=\"_blank\">\n\t\t\t\t\t\t<span class=\"elementor-button-content-wrapper\">\n\t\t\t\t\t\t\t\t\t<span class=\"elementor-button-text\">R\u00c9SERVEZ VOTRE PLACE<\/span>\n\t\t\t\t\t<\/span>\n\t\t\t\t\t<\/a>\n\t\t\t\t<\/div>\n\t\t\t\t\t\t\t\t<\/div>\n\t\t\t\t<\/div>\n\t\t\t\t<div class=\"elementor-element elementor-element-172fbcf elementor-widget elementor-widget-text-editor\" data-id=\"172fbcf\" data-element_type=\"widget\" data-widget_type=\"text-editor.default\">\n\t\t\t\t<div class=\"elementor-widget-container\">\n\t\t\t\t\t\t\t\t\t<p>Une savoureuse fondue de votre chocolat pr\u00e9f\u00e9r\u00e9 (lait ou fondant vie) accompagn\u00e9e de fruits frais ou secs vous sera servie dans votre chambre.<\/p>\n<ul>\n<li><strong>Buffet de petit-d\u00e9jeuner<\/strong> avec des produits artisanaux Life 120 de 8h30 \u00e0 9h30.<\/li>\n<\/ul>\n<p>** Les intol\u00e9rances alimentaires particuli\u00e8res peuvent \u00eatre prises en compte si elles sont communiqu\u00e9es \u00e0 temps !<\/p>\n<p>En particulier : Gluten, lait, champignons, poivre, ail, etc.<\/p>\n<table>\n<tbody>\n<tr>\n<td>\n<table>\n<tbody>\n<tr>\n<td>\n<p><strong>Calendrier<\/strong><\/p>\n<p>Ciok-in disponible \u00e0 partir de 15h30, Ciok-out \u00e0 12h, visite du mus\u00e9e \u00e0 19h, cours de p\u00e2tisserie \u00e0 18h.<\/p>\n<p>En cas de surr\u00e9servation, un h\u00e9bergement de nuit peut \u00eatre propos\u00e9 dans l&rsquo;\u00e9tablissement ext\u00e9rieur de cat\u00e9gorie sup\u00e9rieure situ\u00e9 \u00e0 100 m\u00e8tres, dans les m\u00eames conditions.<\/p>\n<p><strong>Autres informations et politiques pour la lib\u00e9ration ou le remboursement<\/strong><\/p>\n<p>Le bon est valable un an \u00e0 compter de la date de paiement ; il est possible d&rsquo;avancer la date du s\u00e9jour de 48 heures au maximum. Dans les 48 heures, si la chambre reste vide, une p\u00e9nalit\u00e9 de 50 \u20ac sera factur\u00e9e sur la nouvelle r\u00e9servation et il peut y avoir des restrictions de dates.<strong>  Dans les 8 jours suivant l&rsquo;achat, sur demande \u00e9crite <span id=\"cloak86f273a6e12549a9bae873f9c12fb268\"><br \/>\n  <a href=\"mailto:info@silviobessone.it\">info@silviobessone.it<\/a><br \/>\n<\/span> ou RR sera rembours\u00e9 du prix pay\u00e9 avec une d\u00e9duction de 40,00 \u20ac pour les frais de secr\u00e9tariat. Au-del\u00e0 du huiti\u00e8me jour, aucun remboursement n&rsquo;est effectu\u00e9 pour quelque motif que ce soit.<\/strong><\/p>\n<p>La r\u00e9servation est confirm\u00e9e \u00e0 la r\u00e9ception de la lettre de confirmation de la r\u00e9servation.<\/p>\n<p><strong>Troisi\u00e8me lit dans la chambre : <\/strong><strong>\u20ac<\/strong><strong> 15 pour les enfants de moins de 10 ans <\/strong><strong>\u20ac<\/strong><strong>  25,00 par sup\u00e9rieur, petit d\u00e9jeuner buffet inclus. Pour les repas suppl\u00e9mentaires pour enfants, nous<\/strong><strong>  peuvent se mettre d&rsquo;accord sur un menu ou s&rsquo;en remettre \u00e0 une tarification \u00e0 la carte<\/strong><\/p>\n<p><strong> <\/strong><\/p>\n<\/td>\n<\/tr>\n<\/tbody>\n<\/table>\n<\/td>\n<\/tr>\n<\/tbody>\n<\/table>\n<p>Les plats peuvent varier sans pr\u00e9avis, en fonction de la disponibilit\u00e9 et de la saisonnalit\u00e9.<\/p>\n\t\t\t\t\t\t\t\t<\/div>\n\t\t\t\t<\/div>\n\t\t\t\t<div class=\"elementor-element elementor-element-5907a55 elementor-widget elementor-widget-heading\" data-id=\"5907a55\" data-element_type=\"widget\" data-widget_type=\"heading.default\">\n\t\t\t\t<div class=\"elementor-widget-container\">\n\t\t\t\t\t<h2 class=\"elementor-heading-title elementor-size-default\"><a href=\"https:\/\/www.silviobessone.it\/fr\/?page_id=2098\">&lt;Retour<\/a><\/h2>\t\t\t\t<\/div>\n\t\t\t\t<\/div>\n\t\t\t\t\t<\/div>\n\t\t<\/div>\n\t\t\t\t\t<\/div>\n\t\t<\/section>\n\t\t\t\t<\/div>\n\t\t","protected":false},"excerpt":{"rendered":"<p>ACHETER LIVING ROOM LIFE 120 !!! Stay Life 120 Contaminations du cacao pour 2 personnes en chambre double ou twin Il s&rsquo;agit d&rsquo;une exp\u00e9rience \u00e9motionnelle d\u00e9di\u00e9e \u00e0 tous ceux qui suivent la philosophie de vie LIFE 120. et se compose de Acc\u00e8s aux salles LOCANDA \u00e0 partir de 15h30. Cours de p\u00e2tisserie *- h 18 [&hellip;]<\/p>\n","protected":false},"author":1,"featured_media":0,"parent":0,"menu_order":0,"comment_status":"closed","ping_status":"closed","template":"","meta":{"footnotes":""},"_links":{"self":[{"href":"https:\/\/www.silviobessone.it\/fr\/wp-json\/wp\/v2\/pages\/2075"}],"collection":[{"href":"https:\/\/www.silviobessone.it\/fr\/wp-json\/wp\/v2\/pages"}],"about":[{"href":"https:\/\/www.silviobessone.it\/fr\/wp-json\/wp\/v2\/types\/page"}],"author":[{"embeddable":true,"href":"https:\/\/www.silviobessone.it\/fr\/wp-json\/wp\/v2\/users\/1"}],"replies":[{"embeddable":true,"href":"https:\/\/www.silviobessone.it\/fr\/wp-json\/wp\/v2\/comments?post=2075"}],"version-history":[{"count":6,"href":"https:\/\/www.silviobessone.it\/fr\/wp-json\/wp\/v2\/pages\/2075\/revisions"}],"predecessor-version":[{"id":2185,"href":"https:\/\/www.silviobessone.it\/fr\/wp-json\/wp\/v2\/pages\/2075\/revisions\/2185"}],"wp:attachment":[{"href":"https:\/\/www.silviobessone.it\/fr\/wp-json\/wp\/v2\/media?parent=2075"}],"curies":[{"name":"wp","href":"https:\/\/api.w.org\/{rel}","templated":true}]}}