{"id":2073,"date":"2023-09-05T09:13:05","date_gmt":"2023-09-05T09:13:05","guid":{"rendered":"https:\/\/www.silviobessone.it\/chocolat-ami\/"},"modified":"2023-10-23T14:12:20","modified_gmt":"2023-10-23T14:12:20","slug":"chocolat-ami","status":"publish","type":"page","link":"https:\/\/www.silviobessone.it\/fr\/chocolat-ami\/","title":{"rendered":"CHOCOLAT &amp; AMI"},"content":{"rendered":"\t\t<div data-elementor-type=\"wp-page\" data-elementor-id=\"2073\" class=\"elementor elementor-2073 elementor-365\" data-elementor-post-type=\"page\">\n\t\t\t\t\t\t<section class=\"elementor-section elementor-top-section elementor-element elementor-element-15d5c7d elementor-section-boxed elementor-section-height-default elementor-section-height-default\" data-id=\"15d5c7d\" data-element_type=\"section\">\n\t\t\t\t\t\t<div class=\"elementor-container elementor-column-gap-default\">\n\t\t\t\t\t<div class=\"elementor-column elementor-col-100 elementor-top-column elementor-element elementor-element-c20c500\" data-id=\"c20c500\" data-element_type=\"column\">\n\t\t\t<div class=\"elementor-widget-wrap elementor-element-populated\">\n\t\t\t\t\t\t<div class=\"elementor-element elementor-element-ca561f3 elementor-widget elementor-widget-spacer\" data-id=\"ca561f3\" data-element_type=\"widget\" data-widget_type=\"spacer.default\">\n\t\t\t\t<div class=\"elementor-widget-container\">\n\t\t\t\t\t\t\t<div class=\"elementor-spacer\">\n\t\t\t<div class=\"elementor-spacer-inner\"><\/div>\n\t\t<\/div>\n\t\t\t\t\t\t<\/div>\n\t\t\t\t<\/div>\n\t\t\t\t<div class=\"elementor-element elementor-element-900e2d9 elementor-widget elementor-widget-image\" data-id=\"900e2d9\" data-element_type=\"widget\" data-widget_type=\"image.default\">\n\t\t\t\t<div class=\"elementor-widget-container\">\n\t\t\t\t\t\t\t\t\t\t\t\t\t\t\t<img fetchpriority=\"high\" decoding=\"async\" width=\"1354\" height=\"249\" src=\"https:\/\/www.silviobessone.it\/wp-content\/uploads\/2023\/09\/silvio-bessone.png\" class=\"attachment-full size-full wp-image-1331\" alt=\"\" srcset=\"https:\/\/www.silviobessone.it\/wp-content\/uploads\/2023\/09\/silvio-bessone.png 1354w, https:\/\/www.silviobessone.it\/wp-content\/uploads\/2023\/09\/silvio-bessone-300x55.png 300w, https:\/\/www.silviobessone.it\/wp-content\/uploads\/2023\/09\/silvio-bessone-1024x188.png 1024w, https:\/\/www.silviobessone.it\/wp-content\/uploads\/2023\/09\/silvio-bessone-768x141.png 768w\" sizes=\"(max-width: 1354px) 100vw, 1354px\" \/>\t\t\t\t\t\t\t\t\t\t\t\t\t\t\t<\/div>\n\t\t\t\t<\/div>\n\t\t\t\t<div class=\"elementor-element elementor-element-e18b4e2 elementor-widget elementor-widget-spacer\" data-id=\"e18b4e2\" data-element_type=\"widget\" data-widget_type=\"spacer.default\">\n\t\t\t\t<div class=\"elementor-widget-container\">\n\t\t\t\t\t\t\t<div class=\"elementor-spacer\">\n\t\t\t<div class=\"elementor-spacer-inner\"><\/div>\n\t\t<\/div>\n\t\t\t\t\t\t<\/div>\n\t\t\t\t<\/div>\n\t\t\t\t\t<\/div>\n\t\t<\/div>\n\t\t\t\t\t<\/div>\n\t\t<\/section>\n\t\t\t\t<section class=\"elementor-section elementor-top-section elementor-element elementor-element-337eb81 elementor-section-boxed elementor-section-height-default elementor-section-height-default\" data-id=\"337eb81\" data-element_type=\"section\">\n\t\t\t\t\t\t<div class=\"elementor-container elementor-column-gap-default\">\n\t\t\t\t\t<div class=\"elementor-column elementor-col-33 elementor-top-column elementor-element elementor-element-cd8d938\" data-id=\"cd8d938\" data-element_type=\"column\">\n\t\t\t<div class=\"elementor-widget-wrap elementor-element-populated\">\n\t\t\t\t\t\t<div class=\"elementor-element elementor-element-9618f0d elementor-align-center pulsante-personalizzato elementor-widget elementor-widget-button\" data-id=\"9618f0d\" data-element_type=\"widget\" data-widget_type=\"button.default\">\n\t\t\t\t<div class=\"elementor-widget-container\">\n\t\t\t\t\t\t\t\t\t<div class=\"elementor-button-wrapper\">\n\t\t\t\t\t<a class=\"elementor-button elementor-button-link elementor-size-sm elementor-animation-shrink\" href=\"https:\/\/www.silviobessone.it\/fr\/profil\/\">\n\t\t\t\t\t\t<span class=\"elementor-button-content-wrapper\">\n\t\t\t\t\t\t\t\t\t<span class=\"elementor-button-text\">SILVIO BESSONE<\/span>\n\t\t\t\t\t<\/span>\n\t\t\t\t\t<\/a>\n\t\t\t\t<\/div>\n\t\t\t\t\t\t\t\t<\/div>\n\t\t\t\t<\/div>\n\t\t\t\t<div class=\"elementor-element elementor-element-41e1458 elementor-align-center pulsante-personalizzato elementor-widget elementor-widget-button\" data-id=\"41e1458\" data-element_type=\"widget\" data-widget_type=\"button.default\">\n\t\t\t\t<div class=\"elementor-widget-container\">\n\t\t\t\t\t\t\t\t\t<div class=\"elementor-button-wrapper\">\n\t\t\t\t\t<a class=\"elementor-button elementor-button-link elementor-size-sm elementor-animation-shrink\" href=\"https:\/\/www.silviobessone.it\/fr\/?page_id=1885\">\n\t\t\t\t\t\t<span class=\"elementor-button-content-wrapper\">\n\t\t\t\t\t\t\t\t\t<span class=\"elementor-button-text\">L'ENTREPRISE<\/span>\n\t\t\t\t\t<\/span>\n\t\t\t\t\t<\/a>\n\t\t\t\t<\/div>\n\t\t\t\t\t\t\t\t<\/div>\n\t\t\t\t<\/div>\n\t\t\t\t<div class=\"elementor-element elementor-element-3c66c81 elementor-align-center pulsante-personalizzato elementor-widget elementor-widget-button\" data-id=\"3c66c81\" data-element_type=\"widget\" data-widget_type=\"button.default\">\n\t\t\t\t<div class=\"elementor-widget-container\">\n\t\t\t\t\t\t\t\t\t<div class=\"elementor-button-wrapper\">\n\t\t\t\t\t<a class=\"elementor-button elementor-button-link elementor-size-sm elementor-animation-shrink\" href=\"https:\/\/www.silviobessone.it\/fr\/?page_id=1957\">\n\t\t\t\t\t\t<span class=\"elementor-button-content-wrapper\">\n\t\t\t\t\t\t\t\t\t<span class=\"elementor-button-text\">CONCOURS ET \u00c9V\u00c9NEMENTS<\/span>\n\t\t\t\t\t<\/span>\n\t\t\t\t\t<\/a>\n\t\t\t\t<\/div>\n\t\t\t\t\t\t\t\t<\/div>\n\t\t\t\t<\/div>\n\t\t\t\t<div class=\"elementor-element elementor-element-36bccb9 elementor-align-center pulsante-personalizzato elementor-widget elementor-widget-button\" data-id=\"36bccb9\" data-element_type=\"widget\" data-widget_type=\"button.default\">\n\t\t\t\t<div class=\"elementor-widget-container\">\n\t\t\t\t\t\t\t\t\t<div class=\"elementor-button-wrapper\">\n\t\t\t\t\t<a class=\"elementor-button elementor-button-link elementor-size-sm elementor-animation-shrink\" href=\"\">\n\t\t\t\t\t\t<span class=\"elementor-button-content-wrapper\">\n\t\t\t\t\t\t\t\t\t<span class=\"elementor-button-text\">SILVIO BESSONE ET LA TV<\/span>\n\t\t\t\t\t<\/span>\n\t\t\t\t\t<\/a>\n\t\t\t\t<\/div>\n\t\t\t\t\t\t\t\t<\/div>\n\t\t\t\t<\/div>\n\t\t\t\t<div class=\"elementor-element elementor-element-a38c9f4 elementor-align-center pulsante-personalizzato elementor-widget elementor-widget-button\" data-id=\"a38c9f4\" data-element_type=\"widget\" data-widget_type=\"button.default\">\n\t\t\t\t<div class=\"elementor-widget-container\">\n\t\t\t\t\t\t\t\t\t<div class=\"elementor-button-wrapper\">\n\t\t\t\t\t<a class=\"elementor-button elementor-button-link elementor-size-sm elementor-animation-shrink\" href=\"https:\/\/www.silviobessone.it\/fr\/?page_id=1879\">\n\t\t\t\t\t\t<span class=\"elementor-button-content-wrapper\">\n\t\t\t\t\t\t\t\t\t<span class=\"elementor-button-text\">CINQ<\/span>\n\t\t\t\t\t<\/span>\n\t\t\t\t\t<\/a>\n\t\t\t\t<\/div>\n\t\t\t\t\t\t\t\t<\/div>\n\t\t\t\t<\/div>\n\t\t\t\t<div class=\"elementor-element elementor-element-48cf831 elementor-align-center pulsante-personalizzato elementor-widget elementor-widget-button\" data-id=\"48cf831\" data-element_type=\"widget\" data-widget_type=\"button.default\">\n\t\t\t\t<div class=\"elementor-widget-container\">\n\t\t\t\t\t\t\t\t\t<div class=\"elementor-button-wrapper\">\n\t\t\t\t\t<a class=\"elementor-button elementor-button-link elementor-size-sm elementor-animation-shrink\" href=\"https:\/\/www.silviobessone.it\/fr\/?page_id=2073\">\n\t\t\t\t\t\t<span class=\"elementor-button-content-wrapper\">\n\t\t\t\t\t\t\t\t\t<span class=\"elementor-button-text\">CHOCOLAT &amp; AMI<\/span>\n\t\t\t\t\t<\/span>\n\t\t\t\t\t<\/a>\n\t\t\t\t<\/div>\n\t\t\t\t\t\t\t\t<\/div>\n\t\t\t\t<\/div>\n\t\t\t\t\t<\/div>\n\t\t<\/div>\n\t\t\t\t<div class=\"elementor-column elementor-col-66 elementor-top-column elementor-element elementor-element-c84f149\" data-id=\"c84f149\" data-element_type=\"column\">\n\t\t\t<div class=\"elementor-widget-wrap elementor-element-populated\">\n\t\t\t\t\t\t<div class=\"elementor-element elementor-element-8acafea elementor-widget elementor-widget-heading\" data-id=\"8acafea\" data-element_type=\"widget\" data-widget_type=\"heading.default\">\n\t\t\t\t<div class=\"elementor-widget-container\">\n\t\t\t\t\t<h3 class=\"elementor-heading-title elementor-size-default\">CHOCOLAT ET AMI - MISSION VENEZUELA 2009<\/h3>\t\t\t\t<\/div>\n\t\t\t\t<\/div>\n\t\t\t\t<div class=\"elementor-element elementor-element-836c4a7 elementor-widget-divider--view-line elementor-widget elementor-widget-divider\" data-id=\"836c4a7\" data-element_type=\"widget\" data-widget_type=\"divider.default\">\n\t\t\t\t<div class=\"elementor-widget-container\">\n\t\t\t\t\t\t\t<div class=\"elementor-divider\">\n\t\t\t<span class=\"elementor-divider-separator\">\n\t\t\t\t\t\t<\/span>\n\t\t<\/div>\n\t\t\t\t\t\t<\/div>\n\t\t\t\t<\/div>\n\t\t\t\t<div class=\"elementor-element elementor-element-2a713a0 elementor-widget elementor-widget-text-editor\" data-id=\"2a713a0\" data-element_type=\"widget\" data-widget_type=\"text-editor.default\">\n\t\t\t\t<div class=\"elementor-widget-container\">\n\t\t\t\t\t\t\t\t\t<p><em>\u00ab\u00a0Dans mon expos\u00e9, je parlerai d&rsquo;un nouveau chemin \u00e0 parcourir ensemble entre les producteurs de cacao et les chocolatiers, dans le but d&rsquo;apporter une connaissance mutuelle \u00e0 l&rsquo;am\u00e9lioration du produit sur le march\u00e9, qui verra les producteurs co-acteurs de la qualit\u00e9 et les chocolatiers en mesure de s&rsquo;approvisionner directement, raccourcissant la cha\u00eene d&rsquo;approvisionnement et permettant aux producteurs de cacao de partager les b\u00e9n\u00e9fices en assumant une responsabilit\u00e9 importante, en distribuant le b\u00e9n\u00e9fice avec les travailleurs et en garantissant au chocolatier une mati\u00e8re premi\u00e8re unique et produite consciencieusement ! avec une durabilit\u00e9 pour l&rsquo;environnement et une magie pour le palais !\u00a0\u00bb<\/em><\/p>\n<\/p>\n<p>Je suis un <em><br \/>\n  <strong>artisan chocolatier italien<\/strong><br \/>\n<\/em> et dans mon entreprise je torr\u00e9fie du cacao que j&rsquo;ai recherch\u00e9 dans le monde entier.<\/p>\n<p>Effectuer au moins quatre \u00e0 cinq voyages par an sur les trois continents cacaoyers.<\/p>\n<p>J&rsquo;essaie de tirer le maximum de saveur de chaque vari\u00e9t\u00e9 et, si possible, d&rsquo;en am\u00e9liorer les qualit\u00e9s !<\/p>\n<p><em>Je ne suis pas \u00e0 la recherche d&rsquo;un cacao de la mode !<\/em><\/p>\n\t\t\t\t\t\t\t\t<\/div>\n\t\t\t\t<\/div>\n\t\t\t\t<div class=\"elementor-element elementor-element-1884eec elementor-widget elementor-widget-text-editor\" data-id=\"1884eec\" data-element_type=\"widget\" data-widget_type=\"text-editor.default\">\n\t\t\t\t<div class=\"elementor-widget-container\">\n\t\t\t\t\t\t\t\t\t<p><img decoding=\"async\" class=\"alignleft wp-image-413 size-large\" src=\"https:\/\/www.silviobessone.it\/wp-content\/uploads\/2023\/09\/cioccolato-friend3-2-117x1024.jpg\" alt=\"\" width=\"117\" height=\"1024\" srcset=\"https:\/\/www.silviobessone.it\/wp-content\/uploads\/2023\/09\/cioccolato-friend3-2-117x1024.jpg 117w, https:\/\/www.silviobessone.it\/wp-content\/uploads\/2023\/09\/cioccolato-friend3-2.jpg 150w\" sizes=\"(max-width: 117px) 100vw, 117px\" \/><\/p>\n<p>Je n&#8217;emprunte pas les routes les plus c\u00e9l\u00e8bres, mais je pars \u00e0 la recherche de ces particularit\u00e9s qui m\u00e9ritent d&rsquo;\u00eatre recherch\u00e9es et pr\u00e9sent\u00e9es dans leur forme la plus pure, du cacao alluvionnaire de la vall\u00e9e de la mer \u00e0 la mer de l&rsquo;Est.  <em>fleuve Amazone<\/em> jusqu&rsquo;\u00e0 la  <em>Catongo<\/em> de la  <em>For\u00eat atlantique<\/em>, de  <em>Sri Lankan Criollo<\/em>, \u00e0  La <em>Por\u00e7elana p\u00e9ruvienne<\/em>, le <em>Guasave amand\u00e9<\/em>, la <em>Calceta \u00e9quatorienne indig\u00e8ne<\/em> ou le tr\u00e8s sp\u00e9cial <em>Narancal Passando<\/em> pour <em>Trinitad&rsquo;s Fine Estate<\/em> qui m&rsquo;\u00e9meut \u00e0 chaque fois que je le torr\u00e9fie, me rappelant le parfum des confitures de prunes que ma grand-m\u00e8re Angela avait l&rsquo;habitude de faire pendant les vacances que je passais avec elle lorsque j&rsquo;\u00e9tais enfant.<\/p>\n<p>Le meilleur chocolat du monde n&rsquo;existe pas !<\/p>\n<p>Il y a du cacao <em>bien transform\u00e9<\/em> et du cacao <em>mal<\/em> transform\u00e9, des vari\u00e9t\u00e9s bien transform\u00e9es ou mal transform\u00e9es.<\/p>\n<p>Si un cacao est appr\u00e9ci\u00e9 dans le monde, ce n&rsquo;est pas seulement gr\u00e2ce aux f\u00e8ves mais surtout gr\u00e2ce \u00e0 la capacit\u00e9 des planteurs \u00e0 les prot\u00e9ger !<\/p>\n<p>Tout le monde se remplit la bouche avec le mot Criollo !<\/p>\n<p>Mais oui, d&rsquo;accord !<\/p>\n<p>Mais il n&rsquo;y a pas que des blondes dans le monde !<\/p>\n<p>Il y a aussi d&rsquo;autres talents fascinants dans l&rsquo;univers f\u00e9minin et le cacao leur est exactement parall\u00e8le.<\/p>\n<p>Des caract\u00e9ristiques magnifiques qui peuvent <em>\u00ab\u00a0faire vibrer\u00a0\u00bb<\/em> mais qui doivent \u00eatre d\u00e9couvertes, d\u00e9velopp\u00e9es et ensuite promues professionnellement.<\/p>\n<p>Souvent, il n&rsquo;y a pas de contact entre ceux qui produisent le cacao et ceux qui le transforment en chocolat, il y a des chocolatiers qui n&rsquo;ont jamais vu une f\u00e8ve de cacao et des producteurs de cacao qui n&rsquo;ont jamais go\u00fbt\u00e9 le chocolat. D&rsquo;autre part, il existe de nombreux personnages qui inventent des histoires et tentent de faire croire \u00e0 leur public des choses dont ils ne sont pas capables, confondant souvent les consommateurs et causant ainsi un grand pr\u00e9judice au monde du chocolat !<\/p>\n<p>Mon exp\u00e9rience professionnelle d&rsquo;une trentaine d&rsquo;ann\u00e9es et mes \u00e9tudes scientifiques m&rsquo;ont amen\u00e9 \u00e0 d\u00e9velopper une connaissance qui peut apporter une aide concr\u00e8te \u00e0 l&rsquo;am\u00e9lioration des processus de production et de post-r\u00e9colte, je suis actuellement le d\u00e9veloppement de la qualit\u00e9 dans certains pays producteurs de cacao tr\u00e8s importants.<\/p>\n<p>Mais je veux vous parler d&rsquo;un projet important ; de nombreux producteurs de cacao veulent produire leur propre chocolat afin d&rsquo;augmenter la valeur ajout\u00e9e au cacao, sans savoir que les march\u00e9s o\u00f9 ils pourraient faire des ventes les verraient en concurrence avec des entreprises qui travaillent avec la haute technologie et connaissent les outils commerciaux n\u00e9cessaires, et qu&rsquo;il deviendrait donc difficile de p\u00e9n\u00e9trer ces march\u00e9s de mani\u00e8re efficace.<\/p>\n<p>J&rsquo;ai lu ce besoin des producteurs de cacao et le besoin des petits chocolatiers d&rsquo;avoir toujours de nouveaux produits \u00e0 mettre sur le march\u00e9 avec l&rsquo;intention souvent s\u00e9rieuse d&rsquo;apporter quelque chose d&rsquo;int\u00e9ressant aux amateurs de chocolat.<\/p>\n<p>D&rsquo;autre part, la <em>n\u00e9cessit\u00e9 pour les<\/em> consommateurs d&rsquo;\u00eatre de plus en plus conscients de ce qu&rsquo;ils mangent et de l&rsquo;origine des produits m\u00e9tallurgiques m&rsquo;a fait penser \u00e0 un outil qui pourrait faire de chacun un protagoniste d&rsquo;un m\u00eame projet.<\/p>\n<p>La  <em>La <strong>bio\u00e9thique<\/strong> dans le cacao Parler de <strong>bio\u00e9thique<\/strong><\/em>  Il peut sembler futuriste et lent \u00e0 venir, mais ce que je veux vous pr\u00e9senter n&rsquo;est pas \u00e0 long terme, mais a d\u00e9j\u00e0 commenc\u00e9.  <em><strong>\u00ab\u00a0Silvio Bessone Chocholate et ami<\/strong><\/em>  c&rsquo;est-\u00e0-dire qu&rsquo;il n&rsquo;y a pas de m\u00e9diation de la part de quiconque ; le contact direct entre le producteur agricole et l&rsquo;agriculteur doit \u00eatre assur\u00e9.  <em>Moi<\/em>la transformation directe par mes soins pour mon propre march\u00e9 et pour le march\u00e9 des producteurs de cacao, qui peut voir ma structure se transformer en une structure de production de cacao.  <em>L&rsquo;Europe<\/em>  son cacao correctement et conform\u00e9ment aux normes continentales, ce qui peut garantir une transformation efficace et, en collaboration, d\u00e9velopper la meilleure transformation du cacao pour que le consommateur ach\u00e8te le meilleur chocolat du monde !<\/p>\n<p>Parce qu&rsquo;entre le d\u00e9but et la fin de la cha\u00eene, chacun des acteurs est un protagoniste et chaque producteur de cacao peut se sentir protagoniste de la tablette de chocolat qui portera son nom et fera partie du patrimoine mondial de l&rsquo;humanit\u00e9. <strong><br \/>\n  <em>\u00ab\u00a0Premi\u00e8re Charte Internationale du Cacao <\/em><br \/>\n<\/strong> <\/p>\n<p><strong><br \/>\n  <em>Le \u00ab\u00a0chocolat\u00a0\u00bb.<\/em><br \/>\n<\/strong> et dans les meilleurs restaurants du monde, dans les salles des congr\u00e8s de l&rsquo;Union europ\u00e9enne.<\/p>\n<p>Dans les ateliers des confiseurs et chocolatiers les plus ambitieux, ils pourront trouver leur chocolat et leur nom !<\/p>\n<p>Combin\u00e9 \u00e0 ma propre transformation des meilleures f\u00e8ves qu&rsquo;ils produisent et \u00e0 la sensibilit\u00e9 du chocolatier qui l&rsquo;apporte \u00e0 son client en partageant avec nous une nouvelle philosophie.<\/p>\n<p><em><br \/>\n  <strong>Ami<\/strong><br \/>\n<\/em> non fournisseurs, <em><br \/>\n  <strong>Partenaires<\/strong><br \/>\n<\/em>  pas des sp\u00e9culateurs, o\u00f9 le prix n&rsquo;est pas fix\u00e9 par la bourse mais par la qualit\u00e9 et le caract\u00e8re distinctif que ce cacao exprime, et o\u00f9 le prix ne sera pas n\u00e9goci\u00e9 par des marchands sans scrupules mais d\u00e9cid\u00e9 entre deux amis, qui partagent un d\u00e9sir commun de d\u00e9velopper et d&rsquo;am\u00e9liorer le projet en garantissant au consommateur la propret\u00e9, le s\u00e9rieux, la constance et la durabilit\u00e9 environnementale ainsi que le respect \u00e9thique de chaque travailleur sur le terrain !<\/p>\n<p>Tous avec la m\u00eame dignit\u00e9, pas d&rsquo;aum\u00f4nes du commerce lointain, pas de timbres ou de certificats, juste une poign\u00e9e de main et un mot comme entre deux vieux amis avec un int\u00e9r\u00eat commun, augmenter le profit en am\u00e9liorant le m\u00e9tal produit en premier et en lui donnant plus de valeur !<\/p>\n<p><em>En toute transparence !<\/em><\/p>\n<p>Un projet qui ne se limite pas au produit cacao, associ\u00e9 au cacao on trouve d&rsquo;autres ingr\u00e9dients qui rejoignent les trottoirs comme la cassonade, la vanille, les noisettes ou le lait frais !<\/p>\n<p>Oui, du lait frais, nous produisons une recette sp\u00e9ciale \u00e0 base de lait frais provenant d&rsquo;une exploitation laiti\u00e8re de <strong>Cuneo<\/strong> et les vaches, de race pi\u00e9montaise, font partie du projet, d\u00e9clarant leurs marques auriculaires et toute la tra\u00e7abilit\u00e9.<\/p>\n<p>Pour les Gianduia ou noisettes, nous ne nous contentons pas d&rsquo;indiquer qu&rsquo;elles sont pi\u00e9montaises, mais nous indiquons m\u00eame la noiseraie et les num\u00e9ros de carte afin que le consommateur puisse savoir s&rsquo;il s&rsquo;agit de noisettes de colline plut\u00f4t que des cultures intensives de plaine, plus rentables mais peu go\u00fbteuses.<\/p>\n<p>Comme je pense que vous avez pu le comprendre, le projet est complexe et n\u00e9cessite beaucoup de passion et de pers\u00e9v\u00e9rance, les obstacles sont nombreux et pas seulement financiers !<\/p>\n<p>Le travail difficile consiste surtout \u00e0 faire conna\u00eetre ces choses, \u00e0 impliquer des personnes s\u00e9rieuses qui essaient de faire le bien et le bon, heureusement j&rsquo;en ai rencontr\u00e9 beaucoup et cela me pousse \u00e0 aller de l&rsquo;avant la t\u00eate baiss\u00e9e.<\/p>\n<p>Je tiens \u00e0 remercier tous ceux qui ont fait confiance \u00e0 cette maison d&rsquo;\u00e9dition, qui a toujours pr\u00eat\u00e9 ses pages pour pr\u00e9senter mes voyages et des initiatives de solidarit\u00e9 comme le <em>Sri Lanka<\/em>, qui sera certainement pr\u00e9sent dans ce projet.<\/p>\n<p>Quelqu&rsquo;un qui pr\u00e9sentait mon projet en <em>Europe<\/em> m&rsquo;a dit <em>: \u00ab\u00a0mais qui t&rsquo;obligerait \u00e0 le faire ? Il suffit de leur en parler et ensuite de faire comme les autres, d&rsquo;acheter du chocolat de l&rsquo;industrie ou du cacao au meilleur prix !<\/em><\/p>\n<p>Ce serait plus pratique !<\/p>\n<p>Mais tant que j&rsquo;aurai la volont\u00e9 et la force de me lever chaque matin avec un objectif et une mission, je poursuivrai mes r\u00eaves, et tant qu&rsquo;un client prendra plaisir \u00e0 savoir que je fais ces choses, cela en vaudra toujours la peine, et m\u00eame si un jour il n&rsquo;y a m\u00eame pas cela, cela en vaudra toujours la peine pour moi, je le dois \u00e0 Dieu !<\/p>\n<p>Lorsque j&rsquo;ai commenc\u00e9 mon m\u00e9tier de chocolatier, beaucoup de choses avaient d\u00e9j\u00e0 \u00e9t\u00e9 faites et je remercie sinc\u00e8rement tous ceux qui ont permis au chocolat d&rsquo;\u00eatre ce qu&rsquo;il est, mais laissez-moi l&rsquo;illusion que je peux laisser \u00e0 ceux qui me suivront un peu plus de temps et d&rsquo;\u00e9nergie.  <strong><br \/>\n  <em>Bien<\/em><br \/>\n<\/strong>, <em><br \/>\n  <strong>Plus \u00e9quitable<\/strong><br \/>\n<\/em>, <em><br \/>\n  <strong>Plus sain<\/strong><br \/>\n<\/em>, <em><br \/>\n  <strong>Plus juste<\/strong><br \/>\n<\/em> e <em><br \/>\n  <strong>Plus durable<\/strong><br \/>\n<\/em>!<\/p>\n<p><em><strong>C&rsquo;est le projet de bio\u00e9thique que j&rsquo;envisage !<\/strong><\/em><\/p>\n\t\t\t\t\t\t\t\t<\/div>\n\t\t\t\t<\/div>\n\t\t\t\t<div class=\"elementor-element elementor-element-f5ab81c elementor-widget elementor-widget-spacer\" data-id=\"f5ab81c\" data-element_type=\"widget\" data-widget_type=\"spacer.default\">\n\t\t\t\t<div class=\"elementor-widget-container\">\n\t\t\t\t\t\t\t<div class=\"elementor-spacer\">\n\t\t\t<div class=\"elementor-spacer-inner\"><\/div>\n\t\t<\/div>\n\t\t\t\t\t\t<\/div>\n\t\t\t\t<\/div>\n\t\t\t\t\t<\/div>\n\t\t<\/div>\n\t\t\t\t\t<\/div>\n\t\t<\/section>\n\t\t\t\t<\/div>\n\t\t","protected":false},"excerpt":{"rendered":"<p>SILVIO BESSONE L&rsquo;ENTREPRISE CONCOURS ET \u00c9V\u00c9NEMENTS SILVIO BESSONE ET LA TV CINQ CHOCOLAT &amp; AMI CHOCOLAT ET AMI &#8211; MISSION VENEZUELA 2009 \u00ab\u00a0Dans mon expos\u00e9, je parlerai d&rsquo;un nouveau chemin \u00e0 parcourir ensemble entre les producteurs de cacao et les chocolatiers, dans le but d&rsquo;apporter une connaissance mutuelle \u00e0 l&rsquo;am\u00e9lioration du produit sur le march\u00e9, [&hellip;]<\/p>\n","protected":false},"author":1,"featured_media":0,"parent":0,"menu_order":0,"comment_status":"closed","ping_status":"closed","template":"","meta":{"footnotes":""},"_links":{"self":[{"href":"https:\/\/www.silviobessone.it\/fr\/wp-json\/wp\/v2\/pages\/2073"}],"collection":[{"href":"https:\/\/www.silviobessone.it\/fr\/wp-json\/wp\/v2\/pages"}],"about":[{"href":"https:\/\/www.silviobessone.it\/fr\/wp-json\/wp\/v2\/types\/page"}],"author":[{"embeddable":true,"href":"https:\/\/www.silviobessone.it\/fr\/wp-json\/wp\/v2\/users\/1"}],"replies":[{"embeddable":true,"href":"https:\/\/www.silviobessone.it\/fr\/wp-json\/wp\/v2\/comments?post=2073"}],"version-history":[{"count":7,"href":"https:\/\/www.silviobessone.it\/fr\/wp-json\/wp\/v2\/pages\/2073\/revisions"}],"predecessor-version":[{"id":2294,"href":"https:\/\/www.silviobessone.it\/fr\/wp-json\/wp\/v2\/pages\/2073\/revisions\/2294"}],"wp:attachment":[{"href":"https:\/\/www.silviobessone.it\/fr\/wp-json\/wp\/v2\/media?parent=2073"}],"curies":[{"name":"wp","href":"https:\/\/api.w.org\/{rel}","templated":true}]}}