{"id":2042,"date":"2023-09-05T11:41:39","date_gmt":"2023-09-05T11:41:39","guid":{"rendered":"https:\/\/www.silviobessone.it\/lhistoire-du-cacao\/"},"modified":"2023-10-23T14:10:44","modified_gmt":"2023-10-23T14:10:44","slug":"lhistoire-du-cacao","status":"publish","type":"page","link":"https:\/\/www.silviobessone.it\/fr\/lhistoire-du-cacao\/","title":{"rendered":"L&rsquo;HISTOIRE DU CACAO"},"content":{"rendered":"\t\t<div data-elementor-type=\"wp-page\" data-elementor-id=\"2042\" class=\"elementor elementor-2042 elementor-482\" data-elementor-post-type=\"page\">\n\t\t\t\t\t\t<section class=\"elementor-section elementor-top-section elementor-element elementor-element-34882df elementor-section-boxed elementor-section-height-default elementor-section-height-default\" data-id=\"34882df\" data-element_type=\"section\">\n\t\t\t\t\t\t<div class=\"elementor-container elementor-column-gap-default\">\n\t\t\t\t\t<div class=\"elementor-column elementor-col-100 elementor-top-column elementor-element elementor-element-20021cc\" data-id=\"20021cc\" data-element_type=\"column\">\n\t\t\t<div class=\"elementor-widget-wrap elementor-element-populated\">\n\t\t\t\t\t\t<div class=\"elementor-element elementor-element-bb384b7 elementor-widget elementor-widget-spacer\" data-id=\"bb384b7\" data-element_type=\"widget\" data-widget_type=\"spacer.default\">\n\t\t\t\t<div class=\"elementor-widget-container\">\n\t\t\t\t\t\t\t<div class=\"elementor-spacer\">\n\t\t\t<div class=\"elementor-spacer-inner\"><\/div>\n\t\t<\/div>\n\t\t\t\t\t\t<\/div>\n\t\t\t\t<\/div>\n\t\t\t\t\t<\/div>\n\t\t<\/div>\n\t\t\t\t\t<\/div>\n\t\t<\/section>\n\t\t\t\t<section class=\"elementor-section elementor-top-section elementor-element elementor-element-85bf12b elementor-section-boxed elementor-section-height-default elementor-section-height-default\" data-id=\"85bf12b\" data-element_type=\"section\">\n\t\t\t\t\t\t<div class=\"elementor-container elementor-column-gap-default\">\n\t\t\t\t\t<div class=\"elementor-column elementor-col-33 elementor-top-column elementor-element elementor-element-51c0371\" data-id=\"51c0371\" data-element_type=\"column\">\n\t\t\t<div class=\"elementor-widget-wrap elementor-element-populated\">\n\t\t\t\t\t\t<div class=\"elementor-element elementor-element-fb22bcd elementor-nav-menu__align-start elementor-nav-menu--dropdown-tablet elementor-nav-menu__text-align-aside elementor-nav-menu--toggle elementor-nav-menu--burger elementor-widget elementor-widget-nav-menu\" data-id=\"fb22bcd\" data-element_type=\"widget\" data-settings=\"{&quot;layout&quot;:&quot;horizontal&quot;,&quot;submenu_icon&quot;:{&quot;value&quot;:&quot;&lt;i class=\\&quot;fas fa-caret-down\\&quot;&gt;&lt;\\\/i&gt;&quot;,&quot;library&quot;:&quot;fa-solid&quot;},&quot;toggle&quot;:&quot;burger&quot;}\" data-widget_type=\"nav-menu.default\">\n\t\t\t\t<div class=\"elementor-widget-container\">\n\t\t\t\t\t\t\t\t<nav aria-label=\"Menu\" class=\"elementor-nav-menu--main elementor-nav-menu__container elementor-nav-menu--layout-horizontal e--pointer-background e--animation-fade\">\n\t\t\t\t<ul id=\"menu-1-fb22bcd\" class=\"elementor-nav-menu\"><li class=\"menu-item menu-item-type-post_type menu-item-object-page menu-item-2411\"><a href=\"https:\/\/www.silviobessone.it\/fr\/jhodairis\/\" class=\"elementor-item\">JHODAIRIS<\/a><\/li>\n<li class=\"menu-item menu-item-type-post_type menu-item-object-page menu-item-1684\"><a href=\"https:\/\/www.silviobessone.it\/fr\/le-chocolat-de-latlantique-mata\/\" class=\"elementor-item\">LE CHOCOLAT DE L&rsquo;ATLANTIQUE MATA<\/a><\/li>\n<li class=\"menu-item menu-item-type-post_type menu-item-object-page menu-item-2412\"><a href=\"https:\/\/www.silviobessone.it\/fr\/le-dictionnaire-du-cacao\/\" class=\"elementor-item\">LE DICTIONNAIRE DU CACAO<\/a><\/li>\n<li class=\"menu-item menu-item-type-post_type menu-item-object-page menu-item-2413\"><a href=\"https:\/\/www.silviobessone.it\/fr\/le-printemps-du-cacao\/\" class=\"elementor-item\">LE PRINTEMPS DU CACAO<\/a><\/li>\n<li class=\"menu-item menu-item-type-post_type menu-item-object-page menu-item-2414\"><a href=\"https:\/\/www.silviobessone.it\/fr\/transformation-du-cacao\/\" class=\"elementor-item\">TRANSFORMATION DU CACAO<\/a><\/li>\n<li class=\"menu-item menu-item-type-post_type menu-item-object-page menu-item-2415\"><a href=\"https:\/\/www.silviobessone.it\/fr\/la-classification-du-cacao\/\" class=\"elementor-item\">LA CLASSIFICATION DU CACAO<\/a><\/li>\n<li class=\"menu-item menu-item-type-post_type menu-item-object-page menu-item-2416\"><a href=\"https:\/\/www.silviobessone.it\/fr\/chocolat\/\" class=\"elementor-item\">CHOCOLAT<\/a><\/li>\n<li class=\"menu-item menu-item-type-post_type menu-item-object-page menu-item-2431\"><a href=\"https:\/\/www.silviobessone.it\/fr\/lhistoire-du-cacao\/\" class=\"elementor-item\">L&rsquo;HISTOIRE DU CACAO<\/a><\/li>\n<li class=\"menu-item menu-item-type-post_type menu-item-object-page menu-item-2432\"><a href=\"https:\/\/www.silviobessone.it\/fr\/la-planete-des-noisettes\/\" class=\"elementor-item\">LA PLAN\u00c8TE DES NOISETTES<\/a><\/li>\n<\/ul>\t\t\t<\/nav>\n\t\t\t\t\t<div class=\"elementor-menu-toggle\" role=\"button\" tabindex=\"0\" aria-label=\"Permuter le menu\" aria-expanded=\"false\">\n\t\t\t<i aria-hidden=\"true\" role=\"presentation\" class=\"elementor-menu-toggle__icon--open eicon-menu-bar\"><\/i><i aria-hidden=\"true\" role=\"presentation\" class=\"elementor-menu-toggle__icon--close eicon-close\"><\/i>\t\t<\/div>\n\t\t\t\t\t<nav class=\"elementor-nav-menu--dropdown elementor-nav-menu__container\" aria-hidden=\"true\">\n\t\t\t\t<ul id=\"menu-2-fb22bcd\" class=\"elementor-nav-menu\"><li class=\"menu-item menu-item-type-post_type menu-item-object-page menu-item-2411\"><a href=\"https:\/\/www.silviobessone.it\/fr\/jhodairis\/\" class=\"elementor-item\" tabindex=\"-1\">JHODAIRIS<\/a><\/li>\n<li class=\"menu-item menu-item-type-post_type menu-item-object-page menu-item-1684\"><a href=\"https:\/\/www.silviobessone.it\/fr\/le-chocolat-de-latlantique-mata\/\" class=\"elementor-item\" tabindex=\"-1\">LE CHOCOLAT DE L&rsquo;ATLANTIQUE MATA<\/a><\/li>\n<li class=\"menu-item menu-item-type-post_type menu-item-object-page menu-item-2412\"><a href=\"https:\/\/www.silviobessone.it\/fr\/le-dictionnaire-du-cacao\/\" class=\"elementor-item\" tabindex=\"-1\">LE DICTIONNAIRE DU CACAO<\/a><\/li>\n<li class=\"menu-item menu-item-type-post_type menu-item-object-page menu-item-2413\"><a href=\"https:\/\/www.silviobessone.it\/fr\/le-printemps-du-cacao\/\" class=\"elementor-item\" tabindex=\"-1\">LE PRINTEMPS DU CACAO<\/a><\/li>\n<li class=\"menu-item menu-item-type-post_type menu-item-object-page menu-item-2414\"><a href=\"https:\/\/www.silviobessone.it\/fr\/transformation-du-cacao\/\" class=\"elementor-item\" tabindex=\"-1\">TRANSFORMATION DU CACAO<\/a><\/li>\n<li class=\"menu-item menu-item-type-post_type menu-item-object-page menu-item-2415\"><a href=\"https:\/\/www.silviobessone.it\/fr\/la-classification-du-cacao\/\" class=\"elementor-item\" tabindex=\"-1\">LA CLASSIFICATION DU CACAO<\/a><\/li>\n<li class=\"menu-item menu-item-type-post_type menu-item-object-page menu-item-2416\"><a href=\"https:\/\/www.silviobessone.it\/fr\/chocolat\/\" class=\"elementor-item\" tabindex=\"-1\">CHOCOLAT<\/a><\/li>\n<li class=\"menu-item menu-item-type-post_type menu-item-object-page menu-item-2431\"><a href=\"https:\/\/www.silviobessone.it\/fr\/lhistoire-du-cacao\/\" class=\"elementor-item\" tabindex=\"-1\">L&rsquo;HISTOIRE DU CACAO<\/a><\/li>\n<li class=\"menu-item menu-item-type-post_type menu-item-object-page menu-item-2432\"><a href=\"https:\/\/www.silviobessone.it\/fr\/la-planete-des-noisettes\/\" class=\"elementor-item\" tabindex=\"-1\">LA PLAN\u00c8TE DES NOISETTES<\/a><\/li>\n<\/ul>\t\t\t<\/nav>\n\t\t\t\t\t\t<\/div>\n\t\t\t\t<\/div>\n\t\t\t\t\t<\/div>\n\t\t<\/div>\n\t\t\t\t<div class=\"elementor-column elementor-col-66 elementor-top-column elementor-element elementor-element-1e9c473\" data-id=\"1e9c473\" data-element_type=\"column\">\n\t\t\t<div class=\"elementor-widget-wrap elementor-element-populated\">\n\t\t\t\t\t\t<div class=\"elementor-element elementor-element-b2eb70a elementor-widget elementor-widget-heading\" data-id=\"b2eb70a\" data-element_type=\"widget\" data-widget_type=\"heading.default\">\n\t\t\t\t<div class=\"elementor-widget-container\">\n\t\t\t\t\t<h2 class=\"elementor-heading-title elementor-size-default\">L'HISTOIRE DU CACAO<\/h2>\t\t\t\t<\/div>\n\t\t\t\t<\/div>\n\t\t\t\t<div class=\"elementor-element elementor-element-5e37965 elementor-widget elementor-widget-text-editor\" data-id=\"5e37965\" data-element_type=\"widget\" data-widget_type=\"text-editor.default\">\n\t\t\t\t<div class=\"elementor-widget-container\">\n\t\t\t\t\t\t\t\t\t<p>\u00ab\u00a0Une belle <em>princesse azt\u00e8que<\/em> est charg\u00e9e de garder le tr\u00e9sor de son mari, parti \u00e0 la guerre.<\/p>\n<p>Un jour, elle est attaqu\u00e9e par des ennemis qui veulent la forcer \u00e0 r\u00e9v\u00e9ler o\u00f9 se trouve le tr\u00e9sor.<\/p>\n<p>La princesse a pr\u00e9f\u00e9r\u00e9 mourir plut\u00f4t que de r\u00e9v\u00e9ler le secret.<\/p>\n<p>La l\u00e9gende veut que de son sang ait germ\u00e9 une plante aux graines aussi am\u00e8res que sa souffrance, aussi fortes que sa vertu et aussi rouges que son sang.<\/p>\n<p>C<em>&lsquo;\u00e9tait la plante de cacao<\/em>\u00ab\u00a0.<\/p>\n<\/p>\n<p>Ce sont les Mayas qui ont \u00e9t\u00e9 les premiers \u00e0 utiliser le cacao.<\/p>\n<p>Ils pr\u00e9paraient une boisson appel\u00e9e <strong>\u00ab\u00a0Xocolatl\u00a0\u00bb<\/strong> en m\u00e9langeant de l&rsquo;eau et des \u00e9pices \u00e0 la poudre obtenue en \u00e9crasant des f\u00e8ves de cacao torr\u00e9fi\u00e9es.<\/p>\n\t\t\t\t\t\t\t\t<\/div>\n\t\t\t\t<\/div>\n\t\t\t\t<div class=\"elementor-element elementor-element-4c9fe12 elementor-widget elementor-widget-text-editor\" data-id=\"4c9fe12\" data-element_type=\"widget\" data-widget_type=\"text-editor.default\">\n\t\t\t\t<div class=\"elementor-widget-container\">\n\t\t\t\t\t\t\t\t\t<p><img fetchpriority=\"high\" decoding=\"async\" class=\"alignleft wp-image-584 size-full\" src=\"https:\/\/www.silviobessone.it\/wp-content\/uploads\/2023\/09\/storia1.jpg\" alt=\"\" width=\"300\" height=\"445\" srcset=\"https:\/\/www.silviobessone.it\/wp-content\/uploads\/2023\/09\/storia1.jpg 300w, https:\/\/www.silviobessone.it\/wp-content\/uploads\/2023\/09\/storia1-202x300.jpg 202w\" sizes=\"(max-width: 300px) 100vw, 300px\" \/><\/p>\n<p>Il a \u00e9t\u00e9 d\u00e9couvert entre <strong>1540<\/strong> et <strong>1550<\/strong>.<\/p>\n<p><em>Girolamo Benzoni<\/em> a \u00e9t\u00e9 le premier \u00e0 le go\u00fbter et l&rsquo;a jug\u00e9 <em>\u00ab\u00a0plus nourrissant pour les cochons que pour les hommes\u00a0\u00bb<\/em>. Plus tard, au d\u00e9but du <strong>XVIIe si\u00e8cle<\/strong>, le Florentin <em>Francesco Carletti<\/em> a bris\u00e9 le monopole espagnol et a commenc\u00e9 \u00e0 importer du cacao en Italie.<\/p>\n<p>L&rsquo;histoire raconte que le premier sac de cacao est arriv\u00e9 en Espagne en <strong>1585<\/strong>.<\/p>\n<p>Le cacao est soumis \u00e0 une longue cha\u00eene de production qui s&rsquo;\u00e9tend du petit propri\u00e9taire terrien, souvent dans des r\u00e9gions tropicales \u00e9loign\u00e9es et technologiquement arri\u00e9r\u00e9es, aux usines et aux consommateurs des pays fortement industrialis\u00e9s.<\/p>\n<p>Comme toute culture, elle est sensible au changement climatique et aux maladies, ainsi qu&rsquo;aux facteurs sociaux et \u00e9conomiques.<\/p>\n<p>L&rsquo;offre de cacao a continu\u00e9 \u00e0 cro\u00eetre entre les ann\u00e9es 1980 et 1990 malgr\u00e9 la faiblesse des prix sur le march\u00e9 mondial.<\/p>\n<p>Dans le m\u00eame temps, la demande de cacao s&rsquo;est stabilis\u00e9e au niveau de l&rsquo;offre et a augment\u00e9 r\u00e9guli\u00e8rement.<\/p>\n<p>Le prix du cacao est d\u00e9termin\u00e9 sur les march\u00e9s ouverts de New York et de Londres en fonction de l&rsquo;offre et de la demande.<\/p>\n\t\t\t\t\t\t\t\t<\/div>\n\t\t\t\t<\/div>\n\t\t\t\t\t<\/div>\n\t\t<\/div>\n\t\t\t\t\t<\/div>\n\t\t<\/section>\n\t\t\t\t<section class=\"elementor-section elementor-top-section elementor-element elementor-element-cfd3901 elementor-section-boxed elementor-section-height-default elementor-section-height-default\" data-id=\"cfd3901\" data-element_type=\"section\">\n\t\t\t\t\t\t<div class=\"elementor-container elementor-column-gap-default\">\n\t\t\t\t\t<div class=\"elementor-column elementor-col-100 elementor-top-column elementor-element elementor-element-8dceca7\" data-id=\"8dceca7\" data-element_type=\"column\">\n\t\t\t<div class=\"elementor-widget-wrap elementor-element-populated\">\n\t\t\t\t\t\t<div class=\"elementor-element elementor-element-d6ad0d6 elementor-widget elementor-widget-spacer\" data-id=\"d6ad0d6\" data-element_type=\"widget\" data-widget_type=\"spacer.default\">\n\t\t\t\t<div class=\"elementor-widget-container\">\n\t\t\t\t\t\t\t<div class=\"elementor-spacer\">\n\t\t\t<div class=\"elementor-spacer-inner\"><\/div>\n\t\t<\/div>\n\t\t\t\t\t\t<\/div>\n\t\t\t\t<\/div>\n\t\t\t\t\t<\/div>\n\t\t<\/div>\n\t\t\t\t\t<\/div>\n\t\t<\/section>\n\t\t\t\t<\/div>\n\t\t","protected":false},"excerpt":{"rendered":"<p>L&rsquo;HISTOIRE DU CACAO \u00ab\u00a0Une belle princesse azt\u00e8que est charg\u00e9e de garder le tr\u00e9sor de son mari, parti \u00e0 la guerre. Un jour, elle est attaqu\u00e9e par des ennemis qui veulent la forcer \u00e0 r\u00e9v\u00e9ler o\u00f9 se trouve le tr\u00e9sor. La princesse a pr\u00e9f\u00e9r\u00e9 mourir plut\u00f4t que de r\u00e9v\u00e9ler le secret. La l\u00e9gende veut que de [&hellip;]<\/p>\n","protected":false},"author":1,"featured_media":0,"parent":0,"menu_order":0,"comment_status":"closed","ping_status":"closed","template":"","meta":{"footnotes":""},"_links":{"self":[{"href":"https:\/\/www.silviobessone.it\/fr\/wp-json\/wp\/v2\/pages\/2042"}],"collection":[{"href":"https:\/\/www.silviobessone.it\/fr\/wp-json\/wp\/v2\/pages"}],"about":[{"href":"https:\/\/www.silviobessone.it\/fr\/wp-json\/wp\/v2\/types\/page"}],"author":[{"embeddable":true,"href":"https:\/\/www.silviobessone.it\/fr\/wp-json\/wp\/v2\/users\/1"}],"replies":[{"embeddable":true,"href":"https:\/\/www.silviobessone.it\/fr\/wp-json\/wp\/v2\/comments?post=2042"}],"version-history":[{"count":2,"href":"https:\/\/www.silviobessone.it\/fr\/wp-json\/wp\/v2\/pages\/2042\/revisions"}],"predecessor-version":[{"id":2058,"href":"https:\/\/www.silviobessone.it\/fr\/wp-json\/wp\/v2\/pages\/2042\/revisions\/2058"}],"wp:attachment":[{"href":"https:\/\/www.silviobessone.it\/fr\/wp-json\/wp\/v2\/media?parent=2042"}],"curies":[{"name":"wp","href":"https:\/\/api.w.org\/{rel}","templated":true}]}}