{"id":1979,"date":"2023-09-06T09:19:52","date_gmt":"2023-09-06T09:19:52","guid":{"rendered":"https:\/\/www.silviobessone.it\/dejeuner-de-cacao-contamine\/"},"modified":"2023-10-23T14:10:43","modified_gmt":"2023-10-23T14:10:43","slug":"dejeuner-de-cacao-contamine","status":"publish","type":"page","link":"https:\/\/www.silviobessone.it\/fr\/dejeuner-de-cacao-contamine\/","title":{"rendered":"D\u00c9JEUNER DE CACAO CONTAMIN\u00c9"},"content":{"rendered":"\t\t<div data-elementor-type=\"wp-page\" data-elementor-id=\"1979\" class=\"elementor elementor-1979 elementor-645\" data-elementor-post-type=\"page\">\n\t\t\t\t\t\t<section class=\"elementor-section elementor-top-section elementor-element elementor-element-1e4345b elementor-section-boxed elementor-section-height-default elementor-section-height-default\" data-id=\"1e4345b\" data-element_type=\"section\">\n\t\t\t\t\t\t<div class=\"elementor-container elementor-column-gap-default\">\n\t\t\t\t\t<div class=\"elementor-column elementor-col-100 elementor-top-column elementor-element elementor-element-c345867\" data-id=\"c345867\" data-element_type=\"column\">\n\t\t\t<div class=\"elementor-widget-wrap elementor-element-populated\">\n\t\t\t\t\t\t<div class=\"elementor-element elementor-element-b92dc80 elementor-widget elementor-widget-spacer\" data-id=\"b92dc80\" data-element_type=\"widget\" data-widget_type=\"spacer.default\">\n\t\t\t\t<div class=\"elementor-widget-container\">\n\t\t\t\t\t\t\t<div class=\"elementor-spacer\">\n\t\t\t<div class=\"elementor-spacer-inner\"><\/div>\n\t\t<\/div>\n\t\t\t\t\t\t<\/div>\n\t\t\t\t<\/div>\n\t\t\t\t\t<\/div>\n\t\t<\/div>\n\t\t\t\t\t<\/div>\n\t\t<\/section>\n\t\t\t\t<section class=\"elementor-section elementor-top-section elementor-element elementor-element-5c8ce71 elementor-section-boxed elementor-section-height-default elementor-section-height-default\" data-id=\"5c8ce71\" data-element_type=\"section\">\n\t\t\t\t\t\t<div class=\"elementor-container elementor-column-gap-default\">\n\t\t\t\t\t<div class=\"elementor-column elementor-col-100 elementor-top-column elementor-element elementor-element-c149e0a\" data-id=\"c149e0a\" data-element_type=\"column\" data-settings=\"{&quot;background_background&quot;:&quot;gradient&quot;}\">\n\t\t\t<div class=\"elementor-widget-wrap elementor-element-populated\">\n\t\t\t\t\t\t<div class=\"elementor-element elementor-element-8fff6fb elementor-widget elementor-widget-spacer\" data-id=\"8fff6fb\" data-element_type=\"widget\" data-widget_type=\"spacer.default\">\n\t\t\t\t<div class=\"elementor-widget-container\">\n\t\t\t\t\t\t\t<div class=\"elementor-spacer\">\n\t\t\t<div class=\"elementor-spacer-inner\"><\/div>\n\t\t<\/div>\n\t\t\t\t\t\t<\/div>\n\t\t\t\t<\/div>\n\t\t\t\t<div class=\"elementor-element elementor-element-e090f0c elementor-widget elementor-widget-heading\" data-id=\"e090f0c\" data-element_type=\"widget\" data-widget_type=\"heading.default\">\n\t\t\t\t<div class=\"elementor-widget-container\">\n\t\t\t\t\t<h1 class=\"elementor-heading-title elementor-size-default\">Cuisine \"Contaminations du cacao<\/h1>\t\t\t\t<\/div>\n\t\t\t\t<\/div>\n\t\t\t\t<div class=\"elementor-element elementor-element-80be9c0 elementor-widget elementor-widget-heading\" data-id=\"80be9c0\" data-element_type=\"widget\" data-widget_type=\"heading.default\">\n\t\t\t\t<div class=\"elementor-widget-container\">\n\t\t\t\t\t<h2 class=\"elementor-heading-title elementor-size-default\">Menu d\u00e9jeuner et d\u00eener<\/h2>\t\t\t\t<\/div>\n\t\t\t\t<\/div>\n\t\t\t\t<div class=\"elementor-element elementor-element-15ec53c elementor-widget__width-initial elementor-widget elementor-widget-text-editor\" data-id=\"15ec53c\" data-element_type=\"widget\" data-widget_type=\"text-editor.default\">\n\t\t\t\t<div class=\"elementor-widget-container\">\n\t\t\t\t\t\t\t\t\t<p>Notre cuisine ne sert pas de simples plats, mais offre un voyage \u00e9motionnel unique, \u00e0 vivre avec le temps n\u00e9cessaire. La visite du petit mus\u00e9e et la d\u00e9gustation sont le d\u00e9but du voyage \u00e0 travers les sens, sans lequel l&rsquo;exp\u00e9rience enti\u00e8re pourrait sembler d\u00e9nu\u00e9e de sens.<\/p>\n<p><strong>Nous ne sommes pas des mangeurs, mais des pourvoyeurs d&rsquo;\u00e9motions ! Nous ne proposons pas de service \u00e0 la carte !<br><\/strong><\/p>\n<p><strong>Menu \u00a0\u00bb Contaminations au cacao \u00a0\u00bb d\u00eener<\/strong><\/p>\n<ul>\n<li>Ap\u00e9ritif avec petits l\u00e9gumes frits mixtes \u00e0 la pi\u00e9montaise&nbsp;saut\u00e9s au beurre de cacao&nbsp;<\/li>\n<li>Ap\u00e9ritif Tavolozza au cacao<\/li>\n<li>Primo Tagliolini Tricolori aux c\u00e8pes, p\u00e9tris au cacao<\/li>\n<li>Deuxi\u00e8me Battuta alla Bessone \u00e0 Bellavista<\/li>\n<li>G\u00e2teau fondant sucr\u00e9<\/li>\n<li>D\u00e9gustation de trois chocolats<\/li>\n<li>Caf\u00e9<\/li>\n<li>Boissons au verre incluses : Roero Arneis DOC, Dolcetto d&rsquo;Alba DOC, Barolo DOCG, Moscato d&rsquo;Asti DOCG ou similaires.<\/li>\n<\/ul>\n<p>Silvio Bessone ajoute de nouveaux plats compl\u00e9mentaires \u00e0 sa discr\u00e9tion, en fonction de la saison ou de l&rsquo;inspiration du moment, \u00e9motions garanties !<\/p>\n<p>Les activit\u00e9s suivantes sont propos\u00e9es dans le forfait :<\/p>\n<ul>\n<li><strong>Cours de p\u00e2tisserie<\/strong>&nbsp;&#8211; h 18 ; Un cupcake au chocolat noir sera confectionn\u00e9 et d\u00e9gust\u00e9 au d\u00eener. Remise du dipl\u00f4me et de la recette<\/li>\n<li><strong>Visite du mus\u00e9e du chocolat avec d\u00e9gustation<\/strong> sur&nbsp;&#8211; 19 heures pour le d\u00eener, 11 heures pour le d\u00e9jeuner<\/li>\n<\/ul>\n<h5><b><i>&nbsp;Un menu conforme au style&nbsp;Life 120&nbsp;avec une limitation substantielle des glucides contenant de l&rsquo;insuline et des menus sp\u00e9ciaux pour les personnes intol\u00e9rantes sont disponibles sur demande.<\/i><\/b><\/h5>\n<p><\/p>\t\t\t\t\t\t\t\t<\/div>\n\t\t\t\t<\/div>\n\t\t\t\t<div class=\"elementor-element elementor-element-aafd267 elementor-widget elementor-widget-text-editor\" data-id=\"aafd267\" data-element_type=\"widget\" data-widget_type=\"text-editor.default\">\n\t\t\t\t<div class=\"elementor-widget-container\">\n\t\t\t\t\t\t\t\t\t<p><strong>Pour acheter nos CioccoEmozioni, cliquez sur les liens ci-dessous :<\/strong><\/p>\n\t\t\t\t\t\t\t\t<\/div>\n\t\t\t\t<\/div>\n\t\t\t\t<div class=\"elementor-element elementor-element-4100bef elementor-widget elementor-widget-heading\" data-id=\"4100bef\" data-element_type=\"widget\" data-widget_type=\"heading.default\">\n\t\t\t\t<div class=\"elementor-widget-container\">\n\t\t\t\t\t<h4 class=\"elementor-heading-title elementor-size-default\">D\u00eener :<\/h4>\t\t\t\t<\/div>\n\t\t\t\t<\/div>\n\t\t\t\t<div class=\"elementor-element elementor-element-f693121 elementor-widget elementor-widget-text-editor\" data-id=\"f693121\" data-element_type=\"widget\" data-widget_type=\"text-editor.default\">\n\t\t\t\t<div class=\"elementor-widget-container\">\n\t\t\t\t\t\t\t\t\t<p><a href=\"http:\/\/shop.silviobessone.it\/occasioni-speciali\/98-contaminazioni-di-cacao.html\">http:\/\/shop.silviobessone.it\/occasioni-speciali\/98-contaminazioni-di-cacao.html<\/a><\/p>\n\t\t\t\t\t\t\t\t<\/div>\n\t\t\t\t<\/div>\n\t\t\t\t<div class=\"elementor-element elementor-element-1bcd4c2 elementor-widget elementor-widget-heading\" data-id=\"1bcd4c2\" data-element_type=\"widget\" data-widget_type=\"heading.default\">\n\t\t\t\t<div class=\"elementor-widget-container\">\n\t\t\t\t\t<h4 class=\"elementor-heading-title elementor-size-default\">D\u00e9jeuner :<\/h4>\t\t\t\t<\/div>\n\t\t\t\t<\/div>\n\t\t\t\t<div class=\"elementor-element elementor-element-1b58569 elementor-widget elementor-widget-text-editor\" data-id=\"1b58569\" data-element_type=\"widget\" data-widget_type=\"text-editor.default\">\n\t\t\t\t<div class=\"elementor-widget-container\">\n\t\t\t\t\t\t\t\t\t<p><a href=\"http:\/\/shop.silviobessone.it\/occasioni-speciali\/91-contaminazioni-di-cacao.html\">http:\/\/shop.silviobessone.it\/occasioni-speciali\/91-contaminazioni-di-cacao.html<\/a><\/p>\n\t\t\t\t\t\t\t\t<\/div>\n\t\t\t\t<\/div>\n\t\t\t\t<div class=\"elementor-element elementor-element-b895ecf elementor-widget elementor-widget-image\" data-id=\"b895ecf\" data-element_type=\"widget\" data-widget_type=\"image.default\">\n\t\t\t\t<div class=\"elementor-widget-container\">\n\t\t\t\t\t\t\t\t\t\t\t\t\t\t\t<img fetchpriority=\"high\" decoding=\"async\" width=\"534\" height=\"800\" src=\"https:\/\/www.silviobessone.it\/wp-content\/uploads\/2023\/09\/Foto_Galleano2014_____010515.jpeg\" class=\"attachment-large size-large wp-image-1431\" alt=\"\" srcset=\"https:\/\/www.silviobessone.it\/wp-content\/uploads\/2023\/09\/Foto_Galleano2014_____010515.jpeg 534w, https:\/\/www.silviobessone.it\/wp-content\/uploads\/2023\/09\/Foto_Galleano2014_____010515-200x300.jpeg 200w\" sizes=\"(max-width: 534px) 100vw, 534px\" \/>\t\t\t\t\t\t\t\t\t\t\t\t\t\t\t<\/div>\n\t\t\t\t<\/div>\n\t\t\t\t<div class=\"elementor-element elementor-element-60ef24c elementor-widget elementor-widget-spacer\" data-id=\"60ef24c\" data-element_type=\"widget\" data-widget_type=\"spacer.default\">\n\t\t\t\t<div class=\"elementor-widget-container\">\n\t\t\t\t\t\t\t<div class=\"elementor-spacer\">\n\t\t\t<div class=\"elementor-spacer-inner\"><\/div>\n\t\t<\/div>\n\t\t\t\t\t\t<\/div>\n\t\t\t\t<\/div>\n\t\t\t\t\t<\/div>\n\t\t<\/div>\n\t\t\t\t\t<\/div>\n\t\t<\/section>\n\t\t\t\t<section class=\"elementor-section elementor-top-section elementor-element elementor-element-8cd0545 elementor-section-boxed elementor-section-height-default elementor-section-height-default\" data-id=\"8cd0545\" data-element_type=\"section\">\n\t\t\t\t\t\t<div class=\"elementor-container elementor-column-gap-default\">\n\t\t\t\t\t<div class=\"elementor-column elementor-col-100 elementor-top-column elementor-element elementor-element-d450eb3\" data-id=\"d450eb3\" data-element_type=\"column\">\n\t\t\t<div class=\"elementor-widget-wrap elementor-element-populated\">\n\t\t\t\t\t\t<div class=\"elementor-element elementor-element-3cf24c0 elementor-widget elementor-widget-spacer\" data-id=\"3cf24c0\" data-element_type=\"widget\" data-widget_type=\"spacer.default\">\n\t\t\t\t<div class=\"elementor-widget-container\">\n\t\t\t\t\t\t\t<div class=\"elementor-spacer\">\n\t\t\t<div class=\"elementor-spacer-inner\"><\/div>\n\t\t<\/div>\n\t\t\t\t\t\t<\/div>\n\t\t\t\t<\/div>\n\t\t\t\t\t<\/div>\n\t\t<\/div>\n\t\t\t\t\t<\/div>\n\t\t<\/section>\n\t\t\t\t<\/div>\n\t\t","protected":false},"excerpt":{"rendered":"<p>Cuisine \u00ab\u00a0Contaminations du cacao Menu d\u00e9jeuner et d\u00eener Notre cuisine ne sert pas de simples plats, mais offre un voyage \u00e9motionnel unique, \u00e0 vivre avec le temps n\u00e9cessaire. La visite du petit mus\u00e9e et la d\u00e9gustation sont le d\u00e9but du voyage \u00e0 travers les sens, sans lequel l&rsquo;exp\u00e9rience enti\u00e8re pourrait sembler d\u00e9nu\u00e9e de sens. Nous [&hellip;]<\/p>\n","protected":false},"author":1,"featured_media":0,"parent":0,"menu_order":0,"comment_status":"closed","ping_status":"closed","template":"","meta":{"footnotes":""},"_links":{"self":[{"href":"https:\/\/www.silviobessone.it\/fr\/wp-json\/wp\/v2\/pages\/1979"}],"collection":[{"href":"https:\/\/www.silviobessone.it\/fr\/wp-json\/wp\/v2\/pages"}],"about":[{"href":"https:\/\/www.silviobessone.it\/fr\/wp-json\/wp\/v2\/types\/page"}],"author":[{"embeddable":true,"href":"https:\/\/www.silviobessone.it\/fr\/wp-json\/wp\/v2\/users\/1"}],"replies":[{"embeddable":true,"href":"https:\/\/www.silviobessone.it\/fr\/wp-json\/wp\/v2\/comments?post=1979"}],"version-history":[{"count":3,"href":"https:\/\/www.silviobessone.it\/fr\/wp-json\/wp\/v2\/pages\/1979\/revisions"}],"predecessor-version":[{"id":2034,"href":"https:\/\/www.silviobessone.it\/fr\/wp-json\/wp\/v2\/pages\/1979\/revisions\/2034"}],"wp:attachment":[{"href":"https:\/\/www.silviobessone.it\/fr\/wp-json\/wp\/v2\/media?parent=1979"}],"curies":[{"name":"wp","href":"https:\/\/api.w.org\/{rel}","templated":true}]}}