{"id":1957,"date":"2023-09-05T09:12:29","date_gmt":"2023-09-05T09:12:29","guid":{"rendered":"https:\/\/www.silviobessone.it\/concours-et-evenements\/"},"modified":"2023-10-23T14:09:28","modified_gmt":"2023-10-23T14:09:28","slug":"concours-et-evenements","status":"publish","type":"page","link":"https:\/\/www.silviobessone.it\/fr\/concours-et-evenements\/","title":{"rendered":"CONCOURS ET \u00c9V\u00c9NEMENTS"},"content":{"rendered":"\t\t<div data-elementor-type=\"wp-page\" data-elementor-id=\"1957\" class=\"elementor elementor-1957 elementor-356\" data-elementor-post-type=\"page\">\n\t\t\t\t\t\t<section class=\"elementor-section elementor-top-section elementor-element elementor-element-1b20ce2 elementor-section-boxed elementor-section-height-default elementor-section-height-default\" data-id=\"1b20ce2\" data-element_type=\"section\">\n\t\t\t\t\t\t<div class=\"elementor-container elementor-column-gap-default\">\n\t\t\t\t\t<div class=\"elementor-column elementor-col-100 elementor-top-column elementor-element elementor-element-0d7bb76\" data-id=\"0d7bb76\" data-element_type=\"column\">\n\t\t\t<div class=\"elementor-widget-wrap elementor-element-populated\">\n\t\t\t\t\t\t<div class=\"elementor-element elementor-element-cd89980 elementor-widget elementor-widget-spacer\" data-id=\"cd89980\" data-element_type=\"widget\" data-widget_type=\"spacer.default\">\n\t\t\t\t<div class=\"elementor-widget-container\">\n\t\t\t\t\t\t\t<div class=\"elementor-spacer\">\n\t\t\t<div class=\"elementor-spacer-inner\"><\/div>\n\t\t<\/div>\n\t\t\t\t\t\t<\/div>\n\t\t\t\t<\/div>\n\t\t\t\t<div class=\"elementor-element elementor-element-1b93d4f elementor-widget elementor-widget-image\" data-id=\"1b93d4f\" data-element_type=\"widget\" data-widget_type=\"image.default\">\n\t\t\t\t<div class=\"elementor-widget-container\">\n\t\t\t\t\t\t\t\t\t\t\t\t\t\t\t<img fetchpriority=\"high\" decoding=\"async\" width=\"1354\" height=\"249\" src=\"https:\/\/www.silviobessone.it\/wp-content\/uploads\/2023\/09\/silvio-bessone.png\" class=\"attachment-full size-full wp-image-1331\" alt=\"\" srcset=\"https:\/\/www.silviobessone.it\/wp-content\/uploads\/2023\/09\/silvio-bessone.png 1354w, https:\/\/www.silviobessone.it\/wp-content\/uploads\/2023\/09\/silvio-bessone-300x55.png 300w, https:\/\/www.silviobessone.it\/wp-content\/uploads\/2023\/09\/silvio-bessone-1024x188.png 1024w, https:\/\/www.silviobessone.it\/wp-content\/uploads\/2023\/09\/silvio-bessone-768x141.png 768w\" sizes=\"(max-width: 1354px) 100vw, 1354px\" \/>\t\t\t\t\t\t\t\t\t\t\t\t\t\t\t<\/div>\n\t\t\t\t<\/div>\n\t\t\t\t<div class=\"elementor-element elementor-element-660792a elementor-widget elementor-widget-spacer\" data-id=\"660792a\" data-element_type=\"widget\" data-widget_type=\"spacer.default\">\n\t\t\t\t<div class=\"elementor-widget-container\">\n\t\t\t\t\t\t\t<div class=\"elementor-spacer\">\n\t\t\t<div class=\"elementor-spacer-inner\"><\/div>\n\t\t<\/div>\n\t\t\t\t\t\t<\/div>\n\t\t\t\t<\/div>\n\t\t\t\t\t<\/div>\n\t\t<\/div>\n\t\t\t\t\t<\/div>\n\t\t<\/section>\n\t\t\t\t<section class=\"elementor-section elementor-top-section elementor-element elementor-element-073f44a elementor-section-boxed elementor-section-height-default elementor-section-height-default\" data-id=\"073f44a\" data-element_type=\"section\">\n\t\t\t\t\t\t<div class=\"elementor-container elementor-column-gap-default\">\n\t\t\t\t\t<div class=\"elementor-column elementor-col-33 elementor-top-column elementor-element elementor-element-4a9ba36\" data-id=\"4a9ba36\" data-element_type=\"column\">\n\t\t\t<div class=\"elementor-widget-wrap elementor-element-populated\">\n\t\t\t\t\t\t<div class=\"elementor-element elementor-element-79cba54 elementor-align-center pulsante-personalizzato elementor-widget elementor-widget-button\" data-id=\"79cba54\" data-element_type=\"widget\" data-widget_type=\"button.default\">\n\t\t\t\t<div class=\"elementor-widget-container\">\n\t\t\t\t\t\t\t\t\t<div class=\"elementor-button-wrapper\">\n\t\t\t\t\t<a class=\"elementor-button elementor-button-link elementor-size-sm elementor-animation-shrink\" href=\"#\">\n\t\t\t\t\t\t<span class=\"elementor-button-content-wrapper\">\n\t\t\t\t\t\t\t\t\t<span class=\"elementor-button-text\">SILVIO BESSONE<\/span>\n\t\t\t\t\t<\/span>\n\t\t\t\t\t<\/a>\n\t\t\t\t<\/div>\n\t\t\t\t\t\t\t\t<\/div>\n\t\t\t\t<\/div>\n\t\t\t\t<div class=\"elementor-element elementor-element-718250a elementor-align-center pulsante-personalizzato elementor-widget elementor-widget-button\" data-id=\"718250a\" data-element_type=\"widget\" data-widget_type=\"button.default\">\n\t\t\t\t<div class=\"elementor-widget-container\">\n\t\t\t\t\t\t\t\t\t<div class=\"elementor-button-wrapper\">\n\t\t\t\t\t<a class=\"elementor-button elementor-button-link elementor-size-sm elementor-animation-shrink\" href=\"#\">\n\t\t\t\t\t\t<span class=\"elementor-button-content-wrapper\">\n\t\t\t\t\t\t\t\t\t<span class=\"elementor-button-text\">L'ENTREPRISE<\/span>\n\t\t\t\t\t<\/span>\n\t\t\t\t\t<\/a>\n\t\t\t\t<\/div>\n\t\t\t\t\t\t\t\t<\/div>\n\t\t\t\t<\/div>\n\t\t\t\t<div class=\"elementor-element elementor-element-ff023fa elementor-align-center pulsante-personalizzato elementor-widget elementor-widget-button\" data-id=\"ff023fa\" data-element_type=\"widget\" data-widget_type=\"button.default\">\n\t\t\t\t<div class=\"elementor-widget-container\">\n\t\t\t\t\t\t\t\t\t<div class=\"elementor-button-wrapper\">\n\t\t\t\t\t<a class=\"elementor-button elementor-button-link elementor-size-sm elementor-animation-shrink\" href=\"#\">\n\t\t\t\t\t\t<span class=\"elementor-button-content-wrapper\">\n\t\t\t\t\t\t\t\t\t<span class=\"elementor-button-text\">CONCOURS ET \u00c9V\u00c9NEMENTS<\/span>\n\t\t\t\t\t<\/span>\n\t\t\t\t\t<\/a>\n\t\t\t\t<\/div>\n\t\t\t\t\t\t\t\t<\/div>\n\t\t\t\t<\/div>\n\t\t\t\t<div class=\"elementor-element elementor-element-d6283c6 elementor-align-center pulsante-personalizzato elementor-widget elementor-widget-button\" data-id=\"d6283c6\" data-element_type=\"widget\" data-widget_type=\"button.default\">\n\t\t\t\t<div class=\"elementor-widget-container\">\n\t\t\t\t\t\t\t\t\t<div class=\"elementor-button-wrapper\">\n\t\t\t\t\t<a class=\"elementor-button elementor-button-link elementor-size-sm elementor-animation-shrink\" href=\"https:\/\/www.silviobessone.it\/fr\/?page_id=1907\">\n\t\t\t\t\t\t<span class=\"elementor-button-content-wrapper\">\n\t\t\t\t\t\t\t\t\t<span class=\"elementor-button-text\">SILVIO BESSONE ET LA TV<\/span>\n\t\t\t\t\t<\/span>\n\t\t\t\t\t<\/a>\n\t\t\t\t<\/div>\n\t\t\t\t\t\t\t\t<\/div>\n\t\t\t\t<\/div>\n\t\t\t\t<div class=\"elementor-element elementor-element-42a7e24 elementor-align-center pulsante-personalizzato elementor-widget elementor-widget-button\" data-id=\"42a7e24\" data-element_type=\"widget\" data-widget_type=\"button.default\">\n\t\t\t\t<div class=\"elementor-widget-container\">\n\t\t\t\t\t\t\t\t\t<div class=\"elementor-button-wrapper\">\n\t\t\t\t\t<a class=\"elementor-button elementor-button-link elementor-size-sm elementor-animation-shrink\" href=\"https:\/\/www.silviobessone.it\/fr\/?page_id=1879\">\n\t\t\t\t\t\t<span class=\"elementor-button-content-wrapper\">\n\t\t\t\t\t\t\t\t\t<span class=\"elementor-button-text\">CINQ<\/span>\n\t\t\t\t\t<\/span>\n\t\t\t\t\t<\/a>\n\t\t\t\t<\/div>\n\t\t\t\t\t\t\t\t<\/div>\n\t\t\t\t<\/div>\n\t\t\t\t<div class=\"elementor-element elementor-element-bf6aab9 elementor-align-center pulsante-personalizzato elementor-widget elementor-widget-button\" data-id=\"bf6aab9\" data-element_type=\"widget\" data-widget_type=\"button.default\">\n\t\t\t\t<div class=\"elementor-widget-container\">\n\t\t\t\t\t\t\t\t\t<div class=\"elementor-button-wrapper\">\n\t\t\t\t\t<a class=\"elementor-button elementor-button-link elementor-size-sm elementor-animation-shrink\" href=\"https:\/\/www.silviobessone.it\/cioccolato-friend\/\">\n\t\t\t\t\t\t<span class=\"elementor-button-content-wrapper\">\n\t\t\t\t\t\t\t\t\t<span class=\"elementor-button-text\">CHOCOLAT &amp; AMI<\/span>\n\t\t\t\t\t<\/span>\n\t\t\t\t\t<\/a>\n\t\t\t\t<\/div>\n\t\t\t\t\t\t\t\t<\/div>\n\t\t\t\t<\/div>\n\t\t\t\t\t<\/div>\n\t\t<\/div>\n\t\t\t\t<div class=\"elementor-column elementor-col-66 elementor-top-column elementor-element elementor-element-07819f4\" data-id=\"07819f4\" data-element_type=\"column\">\n\t\t\t<div class=\"elementor-widget-wrap elementor-element-populated\">\n\t\t\t\t\t\t<div class=\"elementor-element elementor-element-a2121ba elementor-widget elementor-widget-heading\" data-id=\"a2121ba\" data-element_type=\"widget\" data-widget_type=\"heading.default\">\n\t\t\t\t<div class=\"elementor-widget-container\">\n\t\t\t\t\t<h2 class=\"elementor-heading-title elementor-size-default\">CONCOURS ET \u00c9V\u00c9NEMENTS<\/h2>\t\t\t\t<\/div>\n\t\t\t\t<\/div>\n\t\t\t\t<div class=\"elementor-element elementor-element-eb0930f elementor-widget-divider--view-line elementor-widget elementor-widget-divider\" data-id=\"eb0930f\" data-element_type=\"widget\" data-widget_type=\"divider.default\">\n\t\t\t\t<div class=\"elementor-widget-container\">\n\t\t\t\t\t\t\t<div class=\"elementor-divider\">\n\t\t\t<span class=\"elementor-divider-separator\">\n\t\t\t\t\t\t<\/span>\n\t\t<\/div>\n\t\t\t\t\t\t<\/div>\n\t\t\t\t<\/div>\n\t\t\t\t<div class=\"elementor-element elementor-element-11cd0cf elementor-widget elementor-widget-text-editor\" data-id=\"11cd0cf\" data-element_type=\"widget\" data-widget_type=\"text-editor.default\">\n\t\t\t\t<div class=\"elementor-widget-container\">\n\t\t\t\t\t\t\t\t\t<p>Il a particip\u00e9 \u00e0 son premier concours \u00e0 l&rsquo;\u00e2ge de 13 ans seulement, avec beaucoup de succ\u00e8s.<\/p>\n<p>Il s&rsquo;agissait du <strong>Berretto D&rsquo;Oro<\/strong>, un concours <em>pi\u00e9montais pour les chefs cuisiniers<\/em>.<\/p>\n<p>Au fil des ans, sa participation constante au <strong>S.I.G.E.P.<\/strong> de <em>Rimini<\/em> (un important concours national pour les p\u00e2tissiers) l&rsquo;a amen\u00e9 \u00e0 s&rsquo;am\u00e9liorer d&rsquo;ann\u00e9e en ann\u00e9e jusqu&rsquo;\u00e0 ce qu&rsquo;il remporte le <strong>Super Sigep D&rsquo;Oro<\/strong> en <strong>1997<\/strong>.<\/p>\n<p>En <strong>1995<\/strong>, il se lance dans l&rsquo;aventure de la <strong>Coupe du monde de p\u00e2tisserie<\/strong> \u00e0 <em>Lyon<\/em>, \u00e0 l&rsquo;issue de laquelle il se classe 5e au niveau mondial.<\/p>\n<p>En <strong>2000<\/strong>, il a remport\u00e9 la s\u00e9lection nationale pour l&rsquo;\u00e9dition <strong>2001<\/strong> et a \u00e9t\u00e9 \u00e9lu capitaine de l&rsquo;\u00e9quipe nationale <em>italienne<\/em> de <em>p\u00e2tisserie<\/em>.<\/p>\n<p>Avec <em>Leonardo Di Carlo<\/em> et <em>Amelio Mazzella<\/em>, il a remport\u00e9 la m\u00e9daille de <strong>bronze<\/strong> et le titre de meilleur <em>dessert au chocolat<\/em>, ainsi que le prix du <strong>meilleur chocolatier d&rsquo;Europe en 2001<\/strong>.<\/p>\n<p>En <strong>2002<\/strong>, il remporte \u00e0 nouveau la s\u00e9lection nationale et, \u00e0 nouveau \u00e9lu capitaine, participe \u00e0 la finale de <em>Lyon<\/em> <strong>2003<\/strong> avec <em>Gennaro Volpe<\/em> et <em>Francesco Marchioro<\/em>.<\/p>\n<p>Entre-temps, il a remport\u00e9 de nombreux concours internationaux.<\/p>\n<p>Novembre <strong>2005<\/strong>: <strong>m\u00e9daille d&rsquo;or de l&rsquo;Acad\u00e9mie des ma\u00eetres<\/strong> confiseurs pour le meilleur g\u00e2teau aux marrons.<\/p>\n<p>Juillet <strong>2006<\/strong>: <strong>Capitaine de l&rsquo;<\/strong> \u00e9quipe <strong>nationale italienne<\/strong> lors de la finale du <strong>championnat du monde des \u00e9quipes de p\u00e2tissiers <\/strong><a title=\"P\u00e2tisserie internationale\" href=\"http:\/\/www.pasticceriainternazionale.it\/\" target=\"_blank\" rel=\"noopener\">(www.pasticceriainternazionale.it)<\/a> avec <em>Roberto Rinaldini<\/em> et <em>Lucio Forino<\/em>.<\/p>\n<p>Octobre <strong>2006<\/strong>: le<strong>prix Eurochocolate \u00ab\u00a0Best Artisan Chocolatier 2006\u00a0\u00bb<\/strong> a \u00e9t\u00e9 d\u00e9cern\u00e9 \u00e0 <strong>Perugina<\/strong><a title=\"Chocolat Euro\" href=\"http:\/\/www.eurochocolate.it\/\" target=\"_blank\" rel=\"noopener\">(www.eurochocolate.it<\/a>).<\/p>\n<p>D\u00e9cembre <strong>2006<\/strong>: il a soutenu son m\u00e9moire de <em>fin d&rsquo;\u00e9tudes \u00e0 l&rsquo;Universit\u00e9 Jean Monnet de Bruxelles<\/em> sur la <em>\u00ab\u00a0Biographie du chocolat artisanal\u00a0\u00bb<\/em>, obtenant une note de <em>110 cum laude<\/em> avec mention.<\/p>\n<p><strong>Silvio Bessone<\/strong> figure parmi les professionnels <em>les plus performants du monde<\/em> et t\u00e9moigne d&rsquo;un savoir-faire de grande qualit\u00e9.<\/p>\n\t\t\t\t\t\t\t\t<\/div>\n\t\t\t\t<\/div>\n\t\t\t\t<div class=\"elementor-element elementor-element-8f34498 elementor-widget elementor-widget-image\" data-id=\"8f34498\" data-element_type=\"widget\" data-widget_type=\"image.default\">\n\t\t\t\t<div class=\"elementor-widget-container\">\n\t\t\t\t\t\t\t\t\t\t\t\t\t\t\t<img decoding=\"async\" width=\"800\" height=\"538\" src=\"https:\/\/www.silviobessone.it\/wp-content\/uploads\/2023\/09\/concorsi.jpg\" class=\"attachment-large size-large wp-image-1335\" alt=\"\" srcset=\"https:\/\/www.silviobessone.it\/wp-content\/uploads\/2023\/09\/concorsi.jpg 848w, https:\/\/www.silviobessone.it\/wp-content\/uploads\/2023\/09\/concorsi-300x202.jpg 300w, https:\/\/www.silviobessone.it\/wp-content\/uploads\/2023\/09\/concorsi-768x516.jpg 768w\" sizes=\"(max-width: 800px) 100vw, 800px\" \/>\t\t\t\t\t\t\t\t\t\t\t\t\t\t\t<\/div>\n\t\t\t\t<\/div>\n\t\t\t\t<div class=\"elementor-element elementor-element-019ea8d elementor-widget elementor-widget-spacer\" data-id=\"019ea8d\" data-element_type=\"widget\" data-widget_type=\"spacer.default\">\n\t\t\t\t<div class=\"elementor-widget-container\">\n\t\t\t\t\t\t\t<div class=\"elementor-spacer\">\n\t\t\t<div class=\"elementor-spacer-inner\"><\/div>\n\t\t<\/div>\n\t\t\t\t\t\t<\/div>\n\t\t\t\t<\/div>\n\t\t\t\t\t<\/div>\n\t\t<\/div>\n\t\t\t\t\t<\/div>\n\t\t<\/section>\n\t\t\t\t<\/div>\n\t\t","protected":false},"excerpt":{"rendered":"<p>SILVIO BESSONE L&rsquo;ENTREPRISE CONCOURS ET \u00c9V\u00c9NEMENTS SILVIO BESSONE ET LA TV CINQ CHOCOLAT &amp; AMI CONCOURS ET \u00c9V\u00c9NEMENTS Il a particip\u00e9 \u00e0 son premier concours \u00e0 l&rsquo;\u00e2ge de 13 ans seulement, avec beaucoup de succ\u00e8s. Il s&rsquo;agissait du Berretto D&rsquo;Oro, un concours pi\u00e9montais pour les chefs cuisiniers. Au fil des ans, sa participation constante au [&hellip;]<\/p>\n","protected":false},"author":1,"featured_media":0,"parent":0,"menu_order":0,"comment_status":"closed","ping_status":"closed","template":"","meta":{"footnotes":""},"_links":{"self":[{"href":"https:\/\/www.silviobessone.it\/fr\/wp-json\/wp\/v2\/pages\/1957"}],"collection":[{"href":"https:\/\/www.silviobessone.it\/fr\/wp-json\/wp\/v2\/pages"}],"about":[{"href":"https:\/\/www.silviobessone.it\/fr\/wp-json\/wp\/v2\/types\/page"}],"author":[{"embeddable":true,"href":"https:\/\/www.silviobessone.it\/fr\/wp-json\/wp\/v2\/users\/1"}],"replies":[{"embeddable":true,"href":"https:\/\/www.silviobessone.it\/fr\/wp-json\/wp\/v2\/comments?post=1957"}],"version-history":[{"count":2,"href":"https:\/\/www.silviobessone.it\/fr\/wp-json\/wp\/v2\/pages\/1957\/revisions"}],"predecessor-version":[{"id":1969,"href":"https:\/\/www.silviobessone.it\/fr\/wp-json\/wp\/v2\/pages\/1957\/revisions\/1969"}],"wp:attachment":[{"href":"https:\/\/www.silviobessone.it\/fr\/wp-json\/wp\/v2\/media?parent=1957"}],"curies":[{"name":"wp","href":"https:\/\/api.w.org\/{rel}","templated":true}]}}