{"id":1909,"date":"2023-09-04T12:13:38","date_gmt":"2023-09-04T12:13:38","guid":{"rendered":"https:\/\/www.silviobessone.it\/restaurant\/"},"modified":"2023-10-23T14:09:27","modified_gmt":"2023-10-23T14:09:27","slug":"restaurant","status":"publish","type":"page","link":"https:\/\/www.silviobessone.it\/fr\/restaurant\/","title":{"rendered":"RESTAURANT"},"content":{"rendered":"\t\t<div data-elementor-type=\"wp-page\" data-elementor-id=\"1909\" class=\"elementor elementor-1909 elementor-105\" data-elementor-post-type=\"page\">\n\t\t\t\t\t\t<section class=\"elementor-section elementor-top-section elementor-element elementor-element-c913b34 elementor-section-boxed elementor-section-height-default elementor-section-height-default\" data-id=\"c913b34\" data-element_type=\"section\">\n\t\t\t\t\t\t<div class=\"elementor-container elementor-column-gap-default\">\n\t\t\t\t\t<div class=\"elementor-column elementor-col-50 elementor-top-column elementor-element elementor-element-f41794f\" data-id=\"f41794f\" data-element_type=\"column\">\n\t\t\t<div class=\"elementor-widget-wrap elementor-element-populated\">\n\t\t\t\t\t\t<div class=\"elementor-element elementor-element-d6696aa pulsante-personalizzato elementor-widget elementor-widget-button\" data-id=\"d6696aa\" data-element_type=\"widget\" data-widget_type=\"button.default\">\n\t\t\t\t<div class=\"elementor-widget-container\">\n\t\t\t\t\t\t\t\t\t<div class=\"elementor-button-wrapper\">\n\t\t\t\t\t<a class=\"elementor-button elementor-button-link elementor-size-sm\" href=\"https:\/\/www.silviobessone.it\/pranzo-contaminata-al-cacao\/\">\n\t\t\t\t\t\t<span class=\"elementor-button-content-wrapper\">\n\t\t\t\t\t\t\t\t\t<span class=\"elementor-button-text\">D\u00c9JEUNER \"CONTAMINATION DU CACAO<\/span>\n\t\t\t\t\t<\/span>\n\t\t\t\t\t<\/a>\n\t\t\t\t<\/div>\n\t\t\t\t\t\t\t\t<\/div>\n\t\t\t\t<\/div>\n\t\t\t\t<div class=\"elementor-element elementor-element-d469b02 pulsante-personalizzato elementor-widget elementor-widget-button\" data-id=\"d469b02\" data-element_type=\"widget\" data-widget_type=\"button.default\">\n\t\t\t\t<div class=\"elementor-widget-container\">\n\t\t\t\t\t\t\t\t\t<div class=\"elementor-button-wrapper\">\n\t\t\t\t\t<a class=\"elementor-button elementor-button-link elementor-size-sm\" href=\"https:\/\/www.silviobessone.it\/cena-contaminata-al-cacao\/\">\n\t\t\t\t\t\t<span class=\"elementor-button-content-wrapper\">\n\t\t\t\t\t\t\t\t\t<span class=\"elementor-button-text\">D\u00ceNER \"CONTAMINATION PAR LE CACAO<\/span>\n\t\t\t\t\t<\/span>\n\t\t\t\t\t<\/a>\n\t\t\t\t<\/div>\n\t\t\t\t\t\t\t\t<\/div>\n\t\t\t\t<\/div>\n\t\t\t\t\t<\/div>\n\t\t<\/div>\n\t\t\t\t<div class=\"elementor-column elementor-col-50 elementor-top-column elementor-element elementor-element-0f97536\" data-id=\"0f97536\" data-element_type=\"column\">\n\t\t\t<div class=\"elementor-widget-wrap elementor-element-populated\">\n\t\t\t\t\t\t<div class=\"elementor-element elementor-element-f8ab382 pulsante-personalizzato elementor-align-right elementor-widget elementor-widget-button\" data-id=\"f8ab382\" data-element_type=\"widget\" data-widget_type=\"button.default\">\n\t\t\t\t<div class=\"elementor-widget-container\">\n\t\t\t\t\t\t\t\t\t<div class=\"elementor-button-wrapper\">\n\t\t\t\t\t<a class=\"elementor-button elementor-button-link elementor-size-sm\" href=\"https:\/\/www.silviobessone.it\/offerta-gruppi\/\">\n\t\t\t\t\t\t<span class=\"elementor-button-content-wrapper\">\n\t\t\t\t\t\t\t\t\t<span class=\"elementor-button-text\">  OFFRE DE GROUPE<\/span>\n\t\t\t\t\t<\/span>\n\t\t\t\t\t<\/a>\n\t\t\t\t<\/div>\n\t\t\t\t\t\t\t\t<\/div>\n\t\t\t\t<\/div>\n\t\t\t\t<div class=\"elementor-element elementor-element-45d171c pulsante-personalizzato elementor-align-right elementor-widget elementor-widget-button\" data-id=\"45d171c\" data-element_type=\"widget\" data-widget_type=\"button.default\">\n\t\t\t\t<div class=\"elementor-widget-container\">\n\t\t\t\t\t\t\t\t\t<div class=\"elementor-button-wrapper\">\n\t\t\t\t\t<a class=\"elementor-button elementor-button-link elementor-size-sm\" href=\"https:\/\/www.silviobessone.it\/eventi-speciali\/\">\n\t\t\t\t\t\t<span class=\"elementor-button-content-wrapper\">\n\t\t\t\t\t\t\t\t\t<span class=\"elementor-button-text\">\u00c9V\u00c9NEMENTS SP\u00c9CIAUX<\/span>\n\t\t\t\t\t<\/span>\n\t\t\t\t\t<\/a>\n\t\t\t\t<\/div>\n\t\t\t\t\t\t\t\t<\/div>\n\t\t\t\t<\/div>\n\t\t\t\t\t<\/div>\n\t\t<\/div>\n\t\t\t\t\t<\/div>\n\t\t<\/section>\n\t\t\t\t<section class=\"elementor-section elementor-top-section elementor-element elementor-element-6363910 elementor-section-boxed elementor-section-height-default elementor-section-height-default\" data-id=\"6363910\" data-element_type=\"section\">\n\t\t\t\t\t\t<div class=\"elementor-container elementor-column-gap-default\">\n\t\t\t\t\t<div class=\"elementor-column elementor-col-100 elementor-top-column elementor-element elementor-element-9ae4d81\" data-id=\"9ae4d81\" data-element_type=\"column\">\n\t\t\t<div class=\"elementor-widget-wrap elementor-element-populated\">\n\t\t\t\t\t\t<div class=\"elementor-element elementor-element-0995689 elementor-widget elementor-widget-spacer\" data-id=\"0995689\" data-element_type=\"widget\" data-widget_type=\"spacer.default\">\n\t\t\t\t<div class=\"elementor-widget-container\">\n\t\t\t\t\t\t\t<div class=\"elementor-spacer\">\n\t\t\t<div class=\"elementor-spacer-inner\"><\/div>\n\t\t<\/div>\n\t\t\t\t\t\t<\/div>\n\t\t\t\t<\/div>\n\t\t\t\t\t<\/div>\n\t\t<\/div>\n\t\t\t\t\t<\/div>\n\t\t<\/section>\n\t\t\t\t<section class=\"elementor-section elementor-top-section elementor-element elementor-element-1631535 elementor-section-boxed elementor-section-height-default elementor-section-height-default\" data-id=\"1631535\" data-element_type=\"section\">\n\t\t\t\t\t\t<div class=\"elementor-container elementor-column-gap-default\">\n\t\t\t\t\t<div class=\"elementor-column elementor-col-100 elementor-top-column elementor-element elementor-element-a886cef\" data-id=\"a886cef\" data-element_type=\"column\">\n\t\t\t<div class=\"elementor-widget-wrap elementor-element-populated\">\n\t\t\t\t\t\t<div class=\"elementor-element elementor-element-c539a07 elementor-widget elementor-widget-heading\" data-id=\"c539a07\" data-element_type=\"widget\" data-widget_type=\"heading.default\">\n\t\t\t\t<div class=\"elementor-widget-container\">\n\t\t\t\t\t<h2 class=\"elementor-heading-title elementor-size-default\"><a href=\"https:\/\/shop.silviobessone.it\/it\/cioccolocanda-shop\/91-contaminazioni-di-cacao.html\">Pour acheter un d\u00e9jeuner<\/a><\/h2>\t\t\t\t<\/div>\n\t\t\t\t<\/div>\n\t\t\t\t<div class=\"elementor-element elementor-element-91a38eb elementor-widget elementor-widget-spacer\" data-id=\"91a38eb\" data-element_type=\"widget\" data-widget_type=\"spacer.default\">\n\t\t\t\t<div class=\"elementor-widget-container\">\n\t\t\t\t\t\t\t<div class=\"elementor-spacer\">\n\t\t\t<div class=\"elementor-spacer-inner\"><\/div>\n\t\t<\/div>\n\t\t\t\t\t\t<\/div>\n\t\t\t\t<\/div>\n\t\t\t\t<div class=\"elementor-element elementor-element-cf74f77 elementor-widget elementor-widget-heading\" data-id=\"cf74f77\" data-element_type=\"widget\" data-widget_type=\"heading.default\">\n\t\t\t\t<div class=\"elementor-widget-container\">\n\t\t\t\t\t<h3 class=\"elementor-heading-title elementor-size-default\">La Cucina della Cioccolocanda : un voyage sensoriel au c\u0153ur du chocolat<\/h3>\t\t\t\t<\/div>\n\t\t\t\t<\/div>\n\t\t\t\t<div class=\"elementor-element elementor-element-ae3e3ac elementor-widget elementor-widget-text-editor\" data-id=\"ae3e3ac\" data-element_type=\"widget\" data-widget_type=\"text-editor.default\">\n\t\t\t\t<div class=\"elementor-widget-container\">\n\t\t\t\t\t\t\t\t\t<p>Notre restaurant, int\u00e9gr\u00e9 \u00e0 la structure de Cioccolocanda, est une c\u00e9l\u00e9bration de la passion et de l&rsquo;art culinaire. Nous sommes situ\u00e9s juste au-dessus de la c\u00e9l\u00e8bre chocolaterie de Silvio Bessone, et l&rsquo;ar\u00f4me capiteux du cacao torr\u00e9fi\u00e9 et des noisettes fra\u00eeches impr\u00e8gne chaque recoin, vous plongeant dans l&rsquo;atmosph\u00e8re d&rsquo;un mus\u00e9e du chocolat.<\/p>\n<p>Nous nous inspirons des richesses de la terre mon\u00e9gasque : de la viande tendre de la race pi\u00e9montaise Fassona aux succulents lapins de Cuneo, du royal chapon de Morozzo \u00e0 l&rsquo;agneau de Sambucano ou de Frabosano. Notre menu propose \u00e9galement d&rsquo;authentiques fromages alpins ainsi que des friandises faites maison avec du lait frais et des flocons de cacao.<\/p>\n<p>Notre amour du cacao est palpable ! Gr\u00e2ce \u00e0 des \u00e9tudes r\u00e9centes et \u00e0 des collaborations avec des experts en nutrition, nous avons mis au point des plats qui allient bienfaits nutraceutiques et plaisir gastronomique. Exp\u00e9rimentez nos utilisations innovantes du cacao : du beurre de cacao et de l&rsquo;huile d&rsquo;olive extra vierge pour les fritures l\u00e9g\u00e8res, aux \u00e9clats de cacao comme garniture croquante, en passant par la p\u00e2te de cacao comme sauce raffin\u00e9e.<\/p>\n<p>Qu&rsquo;en est-il des desserts ? Il s&rsquo;agit de la c\u00e9l\u00e8bre Testa di Moro, deux fois reconnue comme le meilleur dessert du monde, et d&rsquo;autres d\u00e9lices tels que le g\u00e2teau fondant \u00e0 l&rsquo;huile d&rsquo;olive extra vierge, nos glaces maison et la vaste gamme de chocolats et de pralines.<\/p>\n<p>Une exp\u00e9rience \u00e0 ne pas manquer est notre \u00ab\u00a0carte mondiale du chocolat\u00a0\u00bb. D\u00e9couvrez 44 vari\u00e9t\u00e9s de chocolats, accompagn\u00e9es d&rsquo;une s\u00e9lection de vins de dessert et de spiritueux rares. Et avec l&rsquo;expert chocolatier \u00e0 vos c\u00f4t\u00e9s, la d\u00e9gustation devient une aventure inoubliable.<\/p>\n<p>Enfin, pour les amateurs de truffes, notre chef Silvio Bessone, chasseur de truffes passionn\u00e9, propose des plats exclusifs \u00e0 base de truffes blanches et noires. Pour les plus aventureux, il est possible d&rsquo;accompagner le chef \u00e0 la recherche de la truffe sur rendez-vous. Contactez-nous \u00e0 l&rsquo;adresse <a href=\"mailto:info@silviobessone.it\">info@silviobessone.it<\/a> pour plus de d\u00e9tails et pour conna\u00eetre les disponibilit\u00e9s.<\/p>\n\t\t\t\t\t\t\t\t<\/div>\n\t\t\t\t<\/div>\n\t\t\t\t<div class=\"elementor-element elementor-element-bf1813c pulsante-personalizzato elementor-align-center elementor-widget elementor-widget-button\" data-id=\"bf1813c\" data-element_type=\"widget\" data-widget_type=\"button.default\">\n\t\t\t\t<div class=\"elementor-widget-container\">\n\t\t\t\t\t\t\t\t\t<div class=\"elementor-button-wrapper\">\n\t\t\t\t\t<a class=\"elementor-button elementor-button-link elementor-size-sm\" href=\"https:\/\/www.silviobessone.it\/menu-emozionali\/\">\n\t\t\t\t\t\t<span class=\"elementor-button-content-wrapper\">\n\t\t\t\t\t\t\t\t\t<span class=\"elementor-button-text\">Menus \u00e9motionnels  <\/span>\n\t\t\t\t\t<\/span>\n\t\t\t\t\t<\/a>\n\t\t\t\t<\/div>\n\t\t\t\t\t\t\t\t<\/div>\n\t\t\t\t<\/div>\n\t\t\t\t\t<\/div>\n\t\t<\/div>\n\t\t\t\t\t<\/div>\n\t\t<\/section>\n\t\t\t\t<section class=\"elementor-section elementor-top-section elementor-element elementor-element-84be643 elementor-section-boxed elementor-section-height-default elementor-section-height-default\" data-id=\"84be643\" data-element_type=\"section\">\n\t\t\t\t\t\t<div class=\"elementor-container elementor-column-gap-default\">\n\t\t\t\t\t<div class=\"elementor-column elementor-col-100 elementor-top-column elementor-element elementor-element-58ce335\" data-id=\"58ce335\" data-element_type=\"column\">\n\t\t\t<div class=\"elementor-widget-wrap\">\n\t\t\t\t\t\t\t<\/div>\n\t\t<\/div>\n\t\t\t\t\t<\/div>\n\t\t<\/section>\n\t\t\t\t<section class=\"elementor-section elementor-top-section elementor-element elementor-element-c391b14 elementor-section-boxed elementor-section-height-default elementor-section-height-default\" data-id=\"c391b14\" data-element_type=\"section\">\n\t\t\t\t\t\t<div class=\"elementor-container elementor-column-gap-default\">\n\t\t\t\t\t<div class=\"elementor-column elementor-col-100 elementor-top-column elementor-element elementor-element-632b5d1\" data-id=\"632b5d1\" data-element_type=\"column\">\n\t\t\t<div class=\"elementor-widget-wrap elementor-element-populated\">\n\t\t\t\t\t\t<div class=\"elementor-element elementor-element-285bb54 elementor-widget elementor-widget-spacer\" data-id=\"285bb54\" data-element_type=\"widget\" data-widget_type=\"spacer.default\">\n\t\t\t\t<div class=\"elementor-widget-container\">\n\t\t\t\t\t\t\t<div class=\"elementor-spacer\">\n\t\t\t<div class=\"elementor-spacer-inner\"><\/div>\n\t\t<\/div>\n\t\t\t\t\t\t<\/div>\n\t\t\t\t<\/div>\n\t\t\t\t\t<\/div>\n\t\t<\/div>\n\t\t\t\t\t<\/div>\n\t\t<\/section>\n\t\t\t\t<section class=\"elementor-section elementor-top-section elementor-element elementor-element-70bed7a elementor-section-boxed elementor-section-height-default elementor-section-height-default\" data-id=\"70bed7a\" data-element_type=\"section\">\n\t\t\t\t\t\t<div class=\"elementor-container elementor-column-gap-default\">\n\t\t\t\t\t<div class=\"elementor-column elementor-col-100 elementor-top-column elementor-element elementor-element-3162162\" data-id=\"3162162\" data-element_type=\"column\">\n\t\t\t<div class=\"elementor-widget-wrap elementor-element-populated\">\n\t\t\t\t\t\t<section class=\"elementor-section elementor-inner-section elementor-element elementor-element-7c7edb1 elementor-section-boxed elementor-section-height-default elementor-section-height-default\" data-id=\"7c7edb1\" data-element_type=\"section\">\n\t\t\t\t\t\t<div class=\"elementor-container elementor-column-gap-default\">\n\t\t\t\t\t<div class=\"elementor-column elementor-col-100 elementor-inner-column elementor-element elementor-element-31de84b\" data-id=\"31de84b\" data-element_type=\"column\">\n\t\t\t<div class=\"elementor-widget-wrap elementor-element-populated\">\n\t\t\t\t\t\t<div class=\"elementor-element elementor-element-2f4c879 elementor-widget elementor-widget-heading\" data-id=\"2f4c879\" data-element_type=\"widget\" data-widget_type=\"heading.default\">\n\t\t\t\t<div class=\"elementor-widget-container\">\n\t\t\t\t\t<h2 class=\"elementor-heading-title elementor-size-default\">D\u00e9jeuner et d\u00eener avec contamination au cacao<\/h2>\t\t\t\t<\/div>\n\t\t\t\t<\/div>\n\t\t\t\t<div class=\"elementor-element elementor-element-3fea16e elementor-widget elementor-widget-text-editor\" data-id=\"3fea16e\" data-element_type=\"widget\" data-widget_type=\"text-editor.default\">\n\t\t\t\t<div class=\"elementor-widget-container\">\n\t\t\t\t\t\t\t\t\t<p>  Il est possible de vivre les \u00e9motions culinaires de l&rsquo;auberge du chocolat sans y passer la nuit, voici donc notre proposition chocolat\u00e9e :<\/p>\n<h4>D\u00e9jeuner<\/h4>\n<div class=\"rte\">\n<p>Un voyage \u00e9motionnel, un voyage \u00e0 travers les saveurs du cacao et la contamination de la r\u00e9gion du Pi\u00e9mont.<\/p>\n<ul>\n<li>Chocolats avec un verre de J&rsquo;Amis<\/li>\n<li>Ap\u00e9ritif Tavolozza au cacao<\/li>\n<li>Raviolis de b\u0153uf brais\u00e9 au cacao<\/li>\n<li>Deuxi\u00e8me Capocollo in Crosta alla Bessone<\/li>\n<li>G\u00e2teau fondant sucr\u00e9 ou assortiment du jour au chariot<\/li>\n<li>D\u00e9gustation de trois chocolats<\/li>\n<li>Caf\u00e9<\/li>\n<li>Boissons au verre incluses : J&rsquo;Amis (par Silvio Bessone) Binaco et Rosso, Dolcetto d&rsquo;Alba DOC, Barolo DOCG, Moscato d&rsquo;Asti DOCG ou similaire.<\/li>\n<\/ul>\n<p>Les activit\u00e9s suivantes sont propos\u00e9es dans le forfait :<\/p>\n<ul>\n<li><strong>Visite du mus\u00e9e du chocolat avec d\u00e9gustation du jour<\/strong> &#8211; h 11<\/li>\n<\/ul>\n<\/div>\n<p> <strong><em>Un menu de style Life 120 avec une limitation substantielle des glucides contenant de l&rsquo;insuline et des menus sp\u00e9ciaux pour les personnes intol\u00e9rantes est disponible sur demande.<\/em><\/strong><\/p>\n<h4>D\u00eener<\/h4>\n<ul>\n<li>Ap\u00e9ritif avec petits l\u00e9gumes mixtes frits \u00e0 la pi\u00e9montaise et saut\u00e9s au beurre de cacao  <\/li>\n<li>Ap\u00e9ritif Tavolozza au cacao<\/li>\n<li>Primo Tagliolini Tricolori aux c\u00e8pes, p\u00e9tris au cacao<\/li>\n<li>Deuxi\u00e8me Battuta alla Bessone \u00e0 Bellavista<\/li>\n<li>G\u00e2teau fondant sucr\u00e9<\/li>\n<li>D\u00e9gustation de trois chocolats<\/li>\n<li>Caf\u00e9<\/li>\n<li>Boissons au verre incluses : Roero Arneis DOC, Dolcetto d&rsquo;Alba DOC, Barolo DOCG, Moscato d&rsquo;Asti DOCG ou similaires.<\/li>\n<\/ul>\n<p>Les activit\u00e9s suivantes sont propos\u00e9es dans le forfait :<\/p>\n<ul>\n<li>Cours de p\u00e2tisserie &#8211; h 18 ; Un cupcake au chocolat noir sera confectionn\u00e9 et d\u00e9gust\u00e9 au d\u00eener. Remise du dipl\u00f4me et de la recette<\/li>\n<li>Visite du mus\u00e9e du chocolat avec d\u00e9gustation du jour &#8211; 19 heures pour le d\u00eener, 11 heures pour le d\u00e9jeuner<\/li>\n<li>\n<p><strong><em>Un menu de style Life 120 avec une limitation substantielle des glucides contenant de l&rsquo;insuline et des menus sp\u00e9ciaux pour les personnes intol\u00e9rantes est disponible sur demande.<\/em><\/strong><\/p>\n<\/li>\n<\/ul>\n\t\t\t\t\t\t\t\t<\/div>\n\t\t\t\t<\/div>\n\t\t\t\t\t<\/div>\n\t\t<\/div>\n\t\t\t\t\t<\/div>\n\t\t<\/section>\n\t\t\t\t\t<\/div>\n\t\t<\/div>\n\t\t\t\t\t<\/div>\n\t\t<\/section>\n\t\t\t\t<\/div>\n\t\t","protected":false},"excerpt":{"rendered":"<p>D\u00c9JEUNER \u00ab\u00a0CONTAMINATION DU CACAO D\u00ceNER \u00ab\u00a0CONTAMINATION PAR LE CACAO OFFRE DE GROUPE \u00c9V\u00c9NEMENTS SP\u00c9CIAUX Pour acheter un d\u00e9jeuner La Cucina della Cioccolocanda : un voyage sensoriel au c\u0153ur du chocolat Notre restaurant, int\u00e9gr\u00e9 \u00e0 la structure de Cioccolocanda, est une c\u00e9l\u00e9bration de la passion et de l&rsquo;art culinaire. Nous sommes situ\u00e9s juste au-dessus de la [&hellip;]<\/p>\n","protected":false},"author":1,"featured_media":0,"parent":0,"menu_order":0,"comment_status":"closed","ping_status":"closed","template":"","meta":{"footnotes":""},"_links":{"self":[{"href":"https:\/\/www.silviobessone.it\/fr\/wp-json\/wp\/v2\/pages\/1909"}],"collection":[{"href":"https:\/\/www.silviobessone.it\/fr\/wp-json\/wp\/v2\/pages"}],"about":[{"href":"https:\/\/www.silviobessone.it\/fr\/wp-json\/wp\/v2\/types\/page"}],"author":[{"embeddable":true,"href":"https:\/\/www.silviobessone.it\/fr\/wp-json\/wp\/v2\/users\/1"}],"replies":[{"embeddable":true,"href":"https:\/\/www.silviobessone.it\/fr\/wp-json\/wp\/v2\/comments?post=1909"}],"version-history":[{"count":2,"href":"https:\/\/www.silviobessone.it\/fr\/wp-json\/wp\/v2\/pages\/1909\/revisions"}],"predecessor-version":[{"id":1924,"href":"https:\/\/www.silviobessone.it\/fr\/wp-json\/wp\/v2\/pages\/1909\/revisions\/1924"}],"wp:attachment":[{"href":"https:\/\/www.silviobessone.it\/fr\/wp-json\/wp\/v2\/media?parent=1909"}],"curies":[{"name":"wp","href":"https:\/\/api.w.org\/{rel}","templated":true}]}}