{"id":1907,"date":"2023-09-05T09:12:41","date_gmt":"2023-09-05T09:12:41","guid":{"rendered":"https:\/\/www.silviobessone.it\/silvio-bessone-et-la-tv\/"},"modified":"2023-10-23T14:09:27","modified_gmt":"2023-10-23T14:09:27","slug":"silvio-bessone-et-la-tv","status":"publish","type":"page","link":"https:\/\/www.silviobessone.it\/fr\/silvio-bessone-et-la-tv\/","title":{"rendered":"SILVIO BESSONE ET LA TV"},"content":{"rendered":"\t\t<div data-elementor-type=\"wp-page\" data-elementor-id=\"1907\" class=\"elementor elementor-1907 elementor-359\" data-elementor-post-type=\"page\">\n\t\t\t\t\t\t<section class=\"elementor-section elementor-top-section elementor-element elementor-element-ca3a27d elementor-section-boxed elementor-section-height-default elementor-section-height-default\" data-id=\"ca3a27d\" data-element_type=\"section\">\n\t\t\t\t\t\t<div class=\"elementor-container elementor-column-gap-default\">\n\t\t\t\t\t<div class=\"elementor-column elementor-col-100 elementor-top-column elementor-element elementor-element-d536f8e\" data-id=\"d536f8e\" data-element_type=\"column\">\n\t\t\t<div class=\"elementor-widget-wrap elementor-element-populated\">\n\t\t\t\t\t\t<div class=\"elementor-element elementor-element-a009322 elementor-widget elementor-widget-spacer\" data-id=\"a009322\" data-element_type=\"widget\" data-widget_type=\"spacer.default\">\n\t\t\t\t<div class=\"elementor-widget-container\">\n\t\t\t\t\t\t\t<div class=\"elementor-spacer\">\n\t\t\t<div class=\"elementor-spacer-inner\"><\/div>\n\t\t<\/div>\n\t\t\t\t\t\t<\/div>\n\t\t\t\t<\/div>\n\t\t\t\t<div class=\"elementor-element elementor-element-4089c49 elementor-widget elementor-widget-image\" data-id=\"4089c49\" data-element_type=\"widget\" data-widget_type=\"image.default\">\n\t\t\t\t<div class=\"elementor-widget-container\">\n\t\t\t\t\t\t\t\t\t\t\t\t\t\t\t<img fetchpriority=\"high\" decoding=\"async\" width=\"1354\" height=\"249\" src=\"https:\/\/www.silviobessone.it\/wp-content\/uploads\/2023\/09\/silvio-bessone.png\" class=\"attachment-full size-full wp-image-1331\" alt=\"\" srcset=\"https:\/\/www.silviobessone.it\/wp-content\/uploads\/2023\/09\/silvio-bessone.png 1354w, https:\/\/www.silviobessone.it\/wp-content\/uploads\/2023\/09\/silvio-bessone-300x55.png 300w, https:\/\/www.silviobessone.it\/wp-content\/uploads\/2023\/09\/silvio-bessone-1024x188.png 1024w, https:\/\/www.silviobessone.it\/wp-content\/uploads\/2023\/09\/silvio-bessone-768x141.png 768w\" sizes=\"(max-width: 1354px) 100vw, 1354px\" \/>\t\t\t\t\t\t\t\t\t\t\t\t\t\t\t<\/div>\n\t\t\t\t<\/div>\n\t\t\t\t<div class=\"elementor-element elementor-element-41f742f elementor-widget elementor-widget-spacer\" data-id=\"41f742f\" data-element_type=\"widget\" data-widget_type=\"spacer.default\">\n\t\t\t\t<div class=\"elementor-widget-container\">\n\t\t\t\t\t\t\t<div class=\"elementor-spacer\">\n\t\t\t<div class=\"elementor-spacer-inner\"><\/div>\n\t\t<\/div>\n\t\t\t\t\t\t<\/div>\n\t\t\t\t<\/div>\n\t\t\t\t\t<\/div>\n\t\t<\/div>\n\t\t\t\t\t<\/div>\n\t\t<\/section>\n\t\t\t\t<section class=\"elementor-section elementor-top-section elementor-element elementor-element-f44bea8 elementor-section-boxed elementor-section-height-default elementor-section-height-default\" data-id=\"f44bea8\" data-element_type=\"section\">\n\t\t\t\t\t\t<div class=\"elementor-container elementor-column-gap-default\">\n\t\t\t\t\t<div class=\"elementor-column elementor-col-33 elementor-top-column elementor-element elementor-element-62eb8cc\" data-id=\"62eb8cc\" data-element_type=\"column\">\n\t\t\t<div class=\"elementor-widget-wrap elementor-element-populated\">\n\t\t\t\t\t\t<div class=\"elementor-element elementor-element-a5b7b06 elementor-align-center pulsante-personalizzato elementor-widget elementor-widget-button\" data-id=\"a5b7b06\" data-element_type=\"widget\" data-widget_type=\"button.default\">\n\t\t\t\t<div class=\"elementor-widget-container\">\n\t\t\t\t\t\t\t\t\t<div class=\"elementor-button-wrapper\">\n\t\t\t\t\t<a class=\"elementor-button elementor-button-link elementor-size-sm elementor-animation-shrink\" href=\"https:\/\/www.silviobessone.it\/fr\/profil\/\">\n\t\t\t\t\t\t<span class=\"elementor-button-content-wrapper\">\n\t\t\t\t\t\t\t\t\t<span class=\"elementor-button-text\">SILVIO BESSONE<\/span>\n\t\t\t\t\t<\/span>\n\t\t\t\t\t<\/a>\n\t\t\t\t<\/div>\n\t\t\t\t\t\t\t\t<\/div>\n\t\t\t\t<\/div>\n\t\t\t\t<div class=\"elementor-element elementor-element-296378b elementor-align-center pulsante-personalizzato elementor-widget elementor-widget-button\" data-id=\"296378b\" data-element_type=\"widget\" data-widget_type=\"button.default\">\n\t\t\t\t<div class=\"elementor-widget-container\">\n\t\t\t\t\t\t\t\t\t<div class=\"elementor-button-wrapper\">\n\t\t\t\t\t<a class=\"elementor-button elementor-button-link elementor-size-sm elementor-animation-shrink\" href=\"https:\/\/www.silviobessone.it\/fr\/?page_id=1885\">\n\t\t\t\t\t\t<span class=\"elementor-button-content-wrapper\">\n\t\t\t\t\t\t\t\t\t<span class=\"elementor-button-text\">L'ENTREPRISE<\/span>\n\t\t\t\t\t<\/span>\n\t\t\t\t\t<\/a>\n\t\t\t\t<\/div>\n\t\t\t\t\t\t\t\t<\/div>\n\t\t\t\t<\/div>\n\t\t\t\t<div class=\"elementor-element elementor-element-d698286 elementor-align-center pulsante-personalizzato elementor-widget elementor-widget-button\" data-id=\"d698286\" data-element_type=\"widget\" data-widget_type=\"button.default\">\n\t\t\t\t<div class=\"elementor-widget-container\">\n\t\t\t\t\t\t\t\t\t<div class=\"elementor-button-wrapper\">\n\t\t\t\t\t<a class=\"elementor-button elementor-button-link elementor-size-sm elementor-animation-shrink\" href=\"https:\/\/www.silviobessone.it\/concorsi-e-manifestazioni\/\">\n\t\t\t\t\t\t<span class=\"elementor-button-content-wrapper\">\n\t\t\t\t\t\t\t\t\t<span class=\"elementor-button-text\">CONCOURS ET \u00c9V\u00c9NEMENTS<\/span>\n\t\t\t\t\t<\/span>\n\t\t\t\t\t<\/a>\n\t\t\t\t<\/div>\n\t\t\t\t\t\t\t\t<\/div>\n\t\t\t\t<\/div>\n\t\t\t\t<div class=\"elementor-element elementor-element-64b89de elementor-align-center pulsante-personalizzato elementor-widget elementor-widget-button\" data-id=\"64b89de\" data-element_type=\"widget\" data-widget_type=\"button.default\">\n\t\t\t\t<div class=\"elementor-widget-container\">\n\t\t\t\t\t\t\t\t\t<div class=\"elementor-button-wrapper\">\n\t\t\t\t\t<a class=\"elementor-button elementor-button-link elementor-size-sm elementor-animation-shrink\" href=\"https:\/\/www.silviobessone.it\/fr\/?page_id=1907\">\n\t\t\t\t\t\t<span class=\"elementor-button-content-wrapper\">\n\t\t\t\t\t\t\t\t\t<span class=\"elementor-button-text\">SILVIO BESSONE ET LA TV<\/span>\n\t\t\t\t\t<\/span>\n\t\t\t\t\t<\/a>\n\t\t\t\t<\/div>\n\t\t\t\t\t\t\t\t<\/div>\n\t\t\t\t<\/div>\n\t\t\t\t<div class=\"elementor-element elementor-element-1a60744 elementor-align-center pulsante-personalizzato elementor-widget elementor-widget-button\" data-id=\"1a60744\" data-element_type=\"widget\" data-widget_type=\"button.default\">\n\t\t\t\t<div class=\"elementor-widget-container\">\n\t\t\t\t\t\t\t\t\t<div class=\"elementor-button-wrapper\">\n\t\t\t\t\t<a class=\"elementor-button elementor-button-link elementor-size-sm elementor-animation-shrink\" href=\"https:\/\/www.silviobessone.it\/fr\/?page_id=1879\">\n\t\t\t\t\t\t<span class=\"elementor-button-content-wrapper\">\n\t\t\t\t\t\t\t\t\t<span class=\"elementor-button-text\">CINQ<\/span>\n\t\t\t\t\t<\/span>\n\t\t\t\t\t<\/a>\n\t\t\t\t<\/div>\n\t\t\t\t\t\t\t\t<\/div>\n\t\t\t\t<\/div>\n\t\t\t\t<div class=\"elementor-element elementor-element-b249419 elementor-align-center pulsante-personalizzato elementor-widget elementor-widget-button\" data-id=\"b249419\" data-element_type=\"widget\" data-widget_type=\"button.default\">\n\t\t\t\t<div class=\"elementor-widget-container\">\n\t\t\t\t\t\t\t\t\t<div class=\"elementor-button-wrapper\">\n\t\t\t\t\t<a class=\"elementor-button elementor-button-link elementor-size-sm elementor-animation-shrink\" href=\"https:\/\/www.silviobessone.it\/cioccolato-friend\/\">\n\t\t\t\t\t\t<span class=\"elementor-button-content-wrapper\">\n\t\t\t\t\t\t\t\t\t<span class=\"elementor-button-text\">CHOCOLAT &amp; AMI<\/span>\n\t\t\t\t\t<\/span>\n\t\t\t\t\t<\/a>\n\t\t\t\t<\/div>\n\t\t\t\t\t\t\t\t<\/div>\n\t\t\t\t<\/div>\n\t\t\t\t\t<\/div>\n\t\t<\/div>\n\t\t\t\t<div class=\"elementor-column elementor-col-66 elementor-top-column elementor-element elementor-element-6e87fce\" data-id=\"6e87fce\" data-element_type=\"column\">\n\t\t\t<div class=\"elementor-widget-wrap elementor-element-populated\">\n\t\t\t\t\t\t<div class=\"elementor-element elementor-element-1fa7f98 elementor-widget elementor-widget-heading\" data-id=\"1fa7f98\" data-element_type=\"widget\" data-widget_type=\"heading.default\">\n\t\t\t\t<div class=\"elementor-widget-container\">\n\t\t\t\t\t<h2 class=\"elementor-heading-title elementor-size-default\">SILVIO BESSONE ET LA T\u00c9L\u00c9VISION<\/h2>\t\t\t\t<\/div>\n\t\t\t\t<\/div>\n\t\t\t\t<div class=\"elementor-element elementor-element-0426fd5 elementor-widget-divider--view-line elementor-widget elementor-widget-divider\" data-id=\"0426fd5\" data-element_type=\"widget\" data-widget_type=\"divider.default\">\n\t\t\t\t<div class=\"elementor-widget-container\">\n\t\t\t\t\t\t\t<div class=\"elementor-divider\">\n\t\t\t<span class=\"elementor-divider-separator\">\n\t\t\t\t\t\t<\/span>\n\t\t<\/div>\n\t\t\t\t\t\t<\/div>\n\t\t\t\t<\/div>\n\t\t\t\t<div class=\"elementor-element elementor-element-c65b0aa elementor-widget elementor-widget-text-editor\" data-id=\"c65b0aa\" data-element_type=\"widget\" data-widget_type=\"text-editor.default\">\n\t\t\t\t<div class=\"elementor-widget-container\">\n\t\t\t\t\t\t\t\t\t<p>Depuis quelques ann\u00e9es, je suis souvent sollicit\u00e9 pour participer \u00e0 de nombreuses \u00e9missions t\u00e9l\u00e9vis\u00e9es, et ma participation est exclusivement consacr\u00e9e \u00e0 la bonne diffusion des connaissances sur les sp\u00e9cialit\u00e9s du chocolat et de la confiserie.<\/p>\n<p><em>Rai, Mediaset<\/em> et de nombreuses autres cha\u00eenes de <em>t\u00e9l\u00e9vision locales<\/em> ont r\u00e9alis\u00e9 des reportages sur mon travail, notamment sur la fabrication de chocolats et d&rsquo;\u0153ufs de P\u00e2ques.<\/p>\n<\/p>\n<p><img decoding=\"async\" class=\"aligncenter wp-image-422 size-full\" src=\"https:\/\/www.silviobessone.it\/wp-content\/uploads\/2023\/09\/televisione.jpg\" alt=\"\" width=\"700\" height=\"80\" srcset=\"https:\/\/www.silviobessone.it\/wp-content\/uploads\/2023\/09\/televisione.jpg 700w, https:\/\/www.silviobessone.it\/wp-content\/uploads\/2023\/09\/televisione-300x34.jpg 300w\" sizes=\"(max-width: 700px) 100vw, 700px\" \/><\/p>\n<\/p>\n<h4>Principaux programmes suivis :<\/h4>\n<ul>\n<li>Num\u00e9ro 1 avec Pippo Baudo 1995<\/li>\n<li>I Cervelloni avec Bonolis et Magalli 1996-1997<\/li>\n<li>Buona Domenica avec Maurizio Costanzo 2001-2002<\/li>\n<li>Uno Mattina avec Saluzzi, Giurato, Ruta, Goria, Clerici, Azzariti 1995-2006<\/li>\n<li>La vita in diretta avec Michele Cocuzza 1997- 2007<\/li>\n<li>Pomme verte Edoardo Raspelli 2001<\/li>\n<li>Watching out, avec Alessandro Dipietro 2006<\/li>\n<li>Geo &amp; Geo avec Sveva Sagramola 2002- 2005<\/li>\n<li>Une Bocca aperta avec Gianfranco Funari 1995<\/li>\n<li>Ligne verte 2005<\/li>\n<li>Le Gambero Rosso 2007<\/li>\n<li>Costume et soci\u00e9t\u00e9 2004-2007<\/li>\n<li>Tr\u00e8s vrai 2001-2006<\/li>\n<li>Cent cloches 2007<\/li>\n<li>Rai : Tg1 &#8211; Tg2 &#8211; Tg3<\/li>\n<li>Mediaset Tg5 &#8211; Tg4 &#8211; Studio Aperto<\/li>\n<li>T\u00e9l\u00e9cups<\/li>\n<\/ul>\n\t\t\t\t\t\t\t\t<\/div>\n\t\t\t\t<\/div>\n\t\t\t\t<div class=\"elementor-element elementor-element-29db770 elementor-widget elementor-widget-spacer\" data-id=\"29db770\" data-element_type=\"widget\" data-widget_type=\"spacer.default\">\n\t\t\t\t<div class=\"elementor-widget-container\">\n\t\t\t\t\t\t\t<div class=\"elementor-spacer\">\n\t\t\t<div class=\"elementor-spacer-inner\"><\/div>\n\t\t<\/div>\n\t\t\t\t\t\t<\/div>\n\t\t\t\t<\/div>\n\t\t\t\t\t<\/div>\n\t\t<\/div>\n\t\t\t\t\t<\/div>\n\t\t<\/section>\n\t\t\t\t<\/div>\n\t\t","protected":false},"excerpt":{"rendered":"<p>SILVIO BESSONE L&rsquo;ENTREPRISE CONCOURS ET \u00c9V\u00c9NEMENTS SILVIO BESSONE ET LA TV CINQ CHOCOLAT &amp; AMI SILVIO BESSONE ET LA T\u00c9L\u00c9VISION Depuis quelques ann\u00e9es, je suis souvent sollicit\u00e9 pour participer \u00e0 de nombreuses \u00e9missions t\u00e9l\u00e9vis\u00e9es, et ma participation est exclusivement consacr\u00e9e \u00e0 la bonne diffusion des connaissances sur les sp\u00e9cialit\u00e9s du chocolat et de la confiserie. [&hellip;]<\/p>\n","protected":false},"author":1,"featured_media":0,"parent":0,"menu_order":0,"comment_status":"closed","ping_status":"closed","template":"","meta":{"footnotes":""},"_links":{"self":[{"href":"https:\/\/www.silviobessone.it\/fr\/wp-json\/wp\/v2\/pages\/1907"}],"collection":[{"href":"https:\/\/www.silviobessone.it\/fr\/wp-json\/wp\/v2\/pages"}],"about":[{"href":"https:\/\/www.silviobessone.it\/fr\/wp-json\/wp\/v2\/types\/page"}],"author":[{"embeddable":true,"href":"https:\/\/www.silviobessone.it\/fr\/wp-json\/wp\/v2\/users\/1"}],"replies":[{"embeddable":true,"href":"https:\/\/www.silviobessone.it\/fr\/wp-json\/wp\/v2\/comments?post=1907"}],"version-history":[{"count":3,"href":"https:\/\/www.silviobessone.it\/fr\/wp-json\/wp\/v2\/pages\/1907\/revisions"}],"predecessor-version":[{"id":1944,"href":"https:\/\/www.silviobessone.it\/fr\/wp-json\/wp\/v2\/pages\/1907\/revisions\/1944"}],"wp:attachment":[{"href":"https:\/\/www.silviobessone.it\/fr\/wp-json\/wp\/v2\/media?parent=1907"}],"curies":[{"name":"wp","href":"https:\/\/api.w.org\/{rel}","templated":true}]}}