{"id":1885,"date":"2023-09-05T09:12:14","date_gmt":"2023-09-05T09:12:14","guid":{"rendered":"https:\/\/www.silviobessone.it\/lentreprise\/"},"modified":"2023-10-23T14:09:27","modified_gmt":"2023-10-23T14:09:27","slug":"lentreprise","status":"publish","type":"page","link":"https:\/\/www.silviobessone.it\/fr\/lentreprise\/","title":{"rendered":"L&rsquo;ENTREPRISE"},"content":{"rendered":"\t\t<div data-elementor-type=\"wp-page\" data-elementor-id=\"1885\" class=\"elementor elementor-1885 elementor-353\" data-elementor-post-type=\"page\">\n\t\t\t\t\t\t<section class=\"elementor-section elementor-top-section elementor-element elementor-element-fccf9b8 elementor-section-boxed elementor-section-height-default elementor-section-height-default\" data-id=\"fccf9b8\" data-element_type=\"section\">\n\t\t\t\t\t\t<div class=\"elementor-container elementor-column-gap-default\">\n\t\t\t\t\t<div class=\"elementor-column elementor-col-100 elementor-top-column elementor-element elementor-element-8b300d9\" data-id=\"8b300d9\" data-element_type=\"column\">\n\t\t\t<div class=\"elementor-widget-wrap elementor-element-populated\">\n\t\t\t\t\t\t<div class=\"elementor-element elementor-element-0330ca0 elementor-widget elementor-widget-spacer\" data-id=\"0330ca0\" data-element_type=\"widget\" data-widget_type=\"spacer.default\">\n\t\t\t\t<div class=\"elementor-widget-container\">\n\t\t\t\t\t\t\t<div class=\"elementor-spacer\">\n\t\t\t<div class=\"elementor-spacer-inner\"><\/div>\n\t\t<\/div>\n\t\t\t\t\t\t<\/div>\n\t\t\t\t<\/div>\n\t\t\t\t<div class=\"elementor-element elementor-element-ae93600 elementor-widget elementor-widget-image\" data-id=\"ae93600\" data-element_type=\"widget\" data-widget_type=\"image.default\">\n\t\t\t\t<div class=\"elementor-widget-container\">\n\t\t\t\t\t\t\t\t\t\t\t\t\t\t\t<img fetchpriority=\"high\" decoding=\"async\" width=\"1354\" height=\"249\" src=\"https:\/\/www.silviobessone.it\/wp-content\/uploads\/2023\/09\/silvio-bessone.png\" class=\"attachment-full size-full wp-image-1331\" alt=\"\" srcset=\"https:\/\/www.silviobessone.it\/wp-content\/uploads\/2023\/09\/silvio-bessone.png 1354w, https:\/\/www.silviobessone.it\/wp-content\/uploads\/2023\/09\/silvio-bessone-300x55.png 300w, https:\/\/www.silviobessone.it\/wp-content\/uploads\/2023\/09\/silvio-bessone-1024x188.png 1024w, https:\/\/www.silviobessone.it\/wp-content\/uploads\/2023\/09\/silvio-bessone-768x141.png 768w\" sizes=\"(max-width: 1354px) 100vw, 1354px\" \/>\t\t\t\t\t\t\t\t\t\t\t\t\t\t\t<\/div>\n\t\t\t\t<\/div>\n\t\t\t\t<div class=\"elementor-element elementor-element-9a215ef elementor-widget elementor-widget-spacer\" data-id=\"9a215ef\" data-element_type=\"widget\" data-widget_type=\"spacer.default\">\n\t\t\t\t<div class=\"elementor-widget-container\">\n\t\t\t\t\t\t\t<div class=\"elementor-spacer\">\n\t\t\t<div class=\"elementor-spacer-inner\"><\/div>\n\t\t<\/div>\n\t\t\t\t\t\t<\/div>\n\t\t\t\t<\/div>\n\t\t\t\t\t<\/div>\n\t\t<\/div>\n\t\t\t\t\t<\/div>\n\t\t<\/section>\n\t\t\t\t<section class=\"elementor-section elementor-top-section elementor-element elementor-element-b0b5326 elementor-section-boxed elementor-section-height-default elementor-section-height-default\" data-id=\"b0b5326\" data-element_type=\"section\">\n\t\t\t\t\t\t<div class=\"elementor-container elementor-column-gap-default\">\n\t\t\t\t\t<div class=\"elementor-column elementor-col-33 elementor-top-column elementor-element elementor-element-a74d4fb\" data-id=\"a74d4fb\" data-element_type=\"column\">\n\t\t\t<div class=\"elementor-widget-wrap elementor-element-populated\">\n\t\t\t\t\t\t<div class=\"elementor-element elementor-element-d151e23 elementor-align-center pulsante-personalizzato elementor-widget elementor-widget-button\" data-id=\"d151e23\" data-element_type=\"widget\" data-widget_type=\"button.default\">\n\t\t\t\t<div class=\"elementor-widget-container\">\n\t\t\t\t\t\t\t\t\t<div class=\"elementor-button-wrapper\">\n\t\t\t\t\t<a class=\"elementor-button elementor-button-link elementor-size-sm elementor-animation-shrink\" href=\"https:\/\/www.silviobessone.it\/fr\/profil\/\">\n\t\t\t\t\t\t<span class=\"elementor-button-content-wrapper\">\n\t\t\t\t\t\t\t\t\t<span class=\"elementor-button-text\">SILVIO BESSONE<\/span>\n\t\t\t\t\t<\/span>\n\t\t\t\t\t<\/a>\n\t\t\t\t<\/div>\n\t\t\t\t\t\t\t\t<\/div>\n\t\t\t\t<\/div>\n\t\t\t\t<div class=\"elementor-element elementor-element-3dc35fa elementor-align-center pulsante-personalizzato elementor-widget elementor-widget-button\" data-id=\"3dc35fa\" data-element_type=\"widget\" data-widget_type=\"button.default\">\n\t\t\t\t<div class=\"elementor-widget-container\">\n\t\t\t\t\t\t\t\t\t<div class=\"elementor-button-wrapper\">\n\t\t\t\t\t<a class=\"elementor-button elementor-button-link elementor-size-sm elementor-animation-shrink\" href=\"https:\/\/www.silviobessone.it\/fr\/?page_id=1885\">\n\t\t\t\t\t\t<span class=\"elementor-button-content-wrapper\">\n\t\t\t\t\t\t\t\t\t<span class=\"elementor-button-text\">L'ENTREPRISE<\/span>\n\t\t\t\t\t<\/span>\n\t\t\t\t\t<\/a>\n\t\t\t\t<\/div>\n\t\t\t\t\t\t\t\t<\/div>\n\t\t\t\t<\/div>\n\t\t\t\t<div class=\"elementor-element elementor-element-e36492c elementor-align-center pulsante-personalizzato elementor-widget elementor-widget-button\" data-id=\"e36492c\" data-element_type=\"widget\" data-widget_type=\"button.default\">\n\t\t\t\t<div class=\"elementor-widget-container\">\n\t\t\t\t\t\t\t\t\t<div class=\"elementor-button-wrapper\">\n\t\t\t\t\t<a class=\"elementor-button elementor-button-link elementor-size-sm elementor-animation-shrink\" href=\"https:\/\/www.silviobessone.it\/concorsi-e-manifestazioni\/\">\n\t\t\t\t\t\t<span class=\"elementor-button-content-wrapper\">\n\t\t\t\t\t\t\t\t\t<span class=\"elementor-button-text\">CONCOURS ET \u00c9V\u00c9NEMENTS<\/span>\n\t\t\t\t\t<\/span>\n\t\t\t\t\t<\/a>\n\t\t\t\t<\/div>\n\t\t\t\t\t\t\t\t<\/div>\n\t\t\t\t<\/div>\n\t\t\t\t<div class=\"elementor-element elementor-element-ff6da15 elementor-align-center pulsante-personalizzato elementor-widget elementor-widget-button\" data-id=\"ff6da15\" data-element_type=\"widget\" data-widget_type=\"button.default\">\n\t\t\t\t<div class=\"elementor-widget-container\">\n\t\t\t\t\t\t\t\t\t<div class=\"elementor-button-wrapper\">\n\t\t\t\t\t<a class=\"elementor-button elementor-button-link elementor-size-sm elementor-animation-shrink\" href=\"https:\/\/www.silviobessone.it\/fr\/?page_id=1907\">\n\t\t\t\t\t\t<span class=\"elementor-button-content-wrapper\">\n\t\t\t\t\t\t\t\t\t<span class=\"elementor-button-text\">SILVIO BESSONE ET LA TV<\/span>\n\t\t\t\t\t<\/span>\n\t\t\t\t\t<\/a>\n\t\t\t\t<\/div>\n\t\t\t\t\t\t\t\t<\/div>\n\t\t\t\t<\/div>\n\t\t\t\t<div class=\"elementor-element elementor-element-82878bd elementor-align-center pulsante-personalizzato elementor-widget elementor-widget-button\" data-id=\"82878bd\" data-element_type=\"widget\" data-widget_type=\"button.default\">\n\t\t\t\t<div class=\"elementor-widget-container\">\n\t\t\t\t\t\t\t\t\t<div class=\"elementor-button-wrapper\">\n\t\t\t\t\t<a class=\"elementor-button elementor-button-link elementor-size-sm elementor-animation-shrink\" href=\"https:\/\/www.silviobessone.it\/fr\/?page_id=1879\">\n\t\t\t\t\t\t<span class=\"elementor-button-content-wrapper\">\n\t\t\t\t\t\t\t\t\t<span class=\"elementor-button-text\">CINQ<\/span>\n\t\t\t\t\t<\/span>\n\t\t\t\t\t<\/a>\n\t\t\t\t<\/div>\n\t\t\t\t\t\t\t\t<\/div>\n\t\t\t\t<\/div>\n\t\t\t\t<div class=\"elementor-element elementor-element-11febd6 elementor-align-center pulsante-personalizzato elementor-widget elementor-widget-button\" data-id=\"11febd6\" data-element_type=\"widget\" data-widget_type=\"button.default\">\n\t\t\t\t<div class=\"elementor-widget-container\">\n\t\t\t\t\t\t\t\t\t<div class=\"elementor-button-wrapper\">\n\t\t\t\t\t<a class=\"elementor-button elementor-button-link elementor-size-sm elementor-animation-shrink\" href=\"https:\/\/www.silviobessone.it\/cioccolato-friend\/\">\n\t\t\t\t\t\t<span class=\"elementor-button-content-wrapper\">\n\t\t\t\t\t\t\t\t\t<span class=\"elementor-button-text\">CHOCOLAT &amp; AMI<\/span>\n\t\t\t\t\t<\/span>\n\t\t\t\t\t<\/a>\n\t\t\t\t<\/div>\n\t\t\t\t\t\t\t\t<\/div>\n\t\t\t\t<\/div>\n\t\t\t\t\t<\/div>\n\t\t<\/div>\n\t\t\t\t<div class=\"elementor-column elementor-col-66 elementor-top-column elementor-element elementor-element-a327f09\" data-id=\"a327f09\" data-element_type=\"column\">\n\t\t\t<div class=\"elementor-widget-wrap elementor-element-populated\">\n\t\t\t\t\t\t<div class=\"elementor-element elementor-element-090e9b9 elementor-widget elementor-widget-heading\" data-id=\"090e9b9\" data-element_type=\"widget\" data-widget_type=\"heading.default\">\n\t\t\t\t<div class=\"elementor-widget-container\">\n\t\t\t\t\t<h2 class=\"elementor-heading-title elementor-size-default\">L'ENTREPRISE<\/h2>\t\t\t\t<\/div>\n\t\t\t\t<\/div>\n\t\t\t\t<div class=\"elementor-element elementor-element-dd9f250 elementor-widget-divider--view-line elementor-widget elementor-widget-divider\" data-id=\"dd9f250\" data-element_type=\"widget\" data-widget_type=\"divider.default\">\n\t\t\t\t<div class=\"elementor-widget-container\">\n\t\t\t\t\t\t\t<div class=\"elementor-divider\">\n\t\t\t<span class=\"elementor-divider-separator\">\n\t\t\t\t\t\t<\/span>\n\t\t<\/div>\n\t\t\t\t\t\t<\/div>\n\t\t\t\t<\/div>\n\t\t\t\t<div class=\"elementor-element elementor-element-ff6a08d elementor-widget elementor-widget-text-editor\" data-id=\"ff6a08d\" data-element_type=\"widget\" data-widget_type=\"text-editor.default\">\n\t\t\t\t<div class=\"elementor-widget-container\">\n\t\t\t\t\t\t\t\t\t<p>\u00c0 partir du 1er avril 2022, SB Chocolate Ltd. est n\u00e9e.<\/p>\n<p>  Le si\u00e8ge social est situ\u00e9 via Bagetti 11 10143 \u00e0 Turin.<\/p>\n<p>Le si\u00e8ge est situ\u00e9 Via F. Gallo 19 12080 \u00e0 Vicoforte CN<\/p>\n<p>Le <em>Delizie di Silvio Bessone &amp; Mariangela Vinai s.n.c.<\/em> a \u00e9t\u00e9 cr\u00e9\u00e9 \u00e0 Loano en <strong>1986<\/strong>.<\/p>\n<p>Elle se trouve aujourd&rsquo;hui \u00e0 <strong>Vicoforte<\/strong>, dans la province de Cuneo, o\u00f9 la passion peut \u00e9galement \u00eatre cultiv\u00e9e gr\u00e2ce \u00e0 un <em>fantastique \u00e9cosyst\u00e8me commercial<\/em>, au pied des Alpes maritimes, au d\u00e9but des Langhe Monregalesi.<\/p>\n<p>Il s&rsquo;agit d&rsquo;une usine d&rsquo;artisanat o\u00f9 travaillent une dizaine de personnes de fa\u00e7on permanente et saisonni\u00e8re.<\/p>\n<p>Les t\u00e2ches de d\u00e9veloppement et de recherche ainsi que la partie commerciale et le contr\u00f4le de la qualit\u00e9 sont confi\u00e9s \u00e0 <em>Silvio &amp; Mery<\/em>, tandis que des employ\u00e9s fiables surveillent et participent \u00e0 la production.<\/p>\n<\/p>\n<p>Un groupe d&#8217;employ\u00e9s tr\u00e8s soud\u00e9s s&rsquo;engage \u00e0 faire en sorte que le cacao entre dans l&rsquo;entreprise \u00e0 l&rsquo;\u00e9tat brut et qu&rsquo;apr\u00e8s avoir \u00e9t\u00e9 torr\u00e9fi\u00e9, il puisse \u00eatre transform\u00e9 en un magnifique chocolat.<\/p>\n<p>La contribution des diff\u00e9rents stagiaires qui arrivent du monde entier et qui transmettent \u00e0 leur retour la v\u00e9ritable <em>passion<\/em> absorb\u00e9e par <em>Bessone<\/em> est toujours inestimable.<\/p>\n\t\t\t\t\t\t\t\t<\/div>\n\t\t\t\t<\/div>\n\t\t\t\t<div class=\"elementor-element elementor-element-8706fd9 elementor-widget elementor-widget-image\" data-id=\"8706fd9\" data-element_type=\"widget\" data-widget_type=\"image.default\">\n\t\t\t\t<div class=\"elementor-widget-container\">\n\t\t\t\t\t\t\t\t\t\t\t\t\t\t\t<img decoding=\"async\" width=\"800\" height=\"408\" src=\"https:\/\/www.silviobessone.it\/wp-content\/uploads\/2023\/09\/world-map.png\" class=\"attachment-large size-large wp-image-1351\" alt=\"\" srcset=\"https:\/\/www.silviobessone.it\/wp-content\/uploads\/2023\/09\/world-map.png 848w, https:\/\/www.silviobessone.it\/wp-content\/uploads\/2023\/09\/world-map-300x153.png 300w, https:\/\/www.silviobessone.it\/wp-content\/uploads\/2023\/09\/world-map-768x391.png 768w\" sizes=\"(max-width: 800px) 100vw, 800px\" \/>\t\t\t\t\t\t\t\t\t\t\t\t\t\t\t<\/div>\n\t\t\t\t<\/div>\n\t\t\t\t<div class=\"elementor-element elementor-element-751a2cb elementor-widget elementor-widget-heading\" data-id=\"751a2cb\" data-element_type=\"widget\" data-widget_type=\"heading.default\">\n\t\t\t\t<div class=\"elementor-widget-container\">\n\t\t\t\t\t<h3 class=\"elementor-heading-title elementor-size-default\">O\u00d9 NOUS VENDONS<\/h3>\t\t\t\t<\/div>\n\t\t\t\t<\/div>\n\t\t\t\t<div class=\"elementor-element elementor-element-fcfe90d elementor-widget elementor-widget-text-editor\" data-id=\"fcfe90d\" data-element_type=\"widget\" data-widget_type=\"text-editor.default\">\n\t\t\t\t<div class=\"elementor-widget-container\">\n\t\t\t\t\t\t\t\t\t<p>Notre r\u00e9seau de vente ne couvre actuellement que quelques r\u00e9gions, certaines provinces italiennes et quelques points au <em>Japon<\/em>, en <em>France<\/em>, en <em>Suisse<\/em>, aux <em>\u00c9tats-Unis<\/em>, au <em>Canada<\/em>, en <em>Australie<\/em>, en <em>Angleterre<\/em>, en <em>Belgique<\/em>, en <em>Espagne<\/em> et en <em>Autriche<\/em>.<\/p>\n<p>Nous recherchons des employ\u00e9s pour les r\u00e9gions non couvertes par nos services et nous avons maintenant plus de <em>300 clients commerciaux directs<\/em>.<\/p>\n\t\t\t\t\t\t\t\t<\/div>\n\t\t\t\t<\/div>\n\t\t\t\t<div class=\"elementor-element elementor-element-8358427 elementor-widget elementor-widget-heading\" data-id=\"8358427\" data-element_type=\"widget\" data-widget_type=\"heading.default\">\n\t\t\t\t<div class=\"elementor-widget-container\">\n\t\t\t\t\t<h3 class=\"elementor-heading-title elementor-size-default\">.LIGNE COMMERCIALE<\/h3>\t\t\t\t<\/div>\n\t\t\t\t<\/div>\n\t\t\t\t<div class=\"elementor-element elementor-element-babc74b elementor-widget elementor-widget-text-editor\" data-id=\"babc74b\" data-element_type=\"widget\" data-widget_type=\"text-editor.default\">\n\t\t\t\t<div class=\"elementor-widget-container\">\n\t\t\t\t\t\t\t\t\t<p>Sur ces pages, vous pouvez trouver une petite repr\u00e9sentation de nos plus de <em>150 produits<\/em> et vous pouvez les acheter directement sur le site en demandant notre e-mail.<\/p>\n\t\t\t\t\t\t\t\t<\/div>\n\t\t\t\t<\/div>\n\t\t\t\t<div class=\"elementor-element elementor-element-c002d76 elementor-widget elementor-widget-heading\" data-id=\"c002d76\" data-element_type=\"widget\" data-widget_type=\"heading.default\">\n\t\t\t\t<div class=\"elementor-widget-container\">\n\t\t\t\t\t<h3 class=\"elementor-heading-title elementor-size-default\">LIGNE .LABORATORY<\/h3>\t\t\t\t<\/div>\n\t\t\t\t<\/div>\n\t\t\t\t<div class=\"elementor-element elementor-element-2ab8c96 elementor-widget elementor-widget-text-editor\" data-id=\"2ab8c96\" data-element_type=\"widget\" data-widget_type=\"text-editor.default\">\n\t\t\t\t<div class=\"elementor-widget-container\">\n\t\t\t\t\t\t\t\t\t<p>Depuis quelques ann\u00e9es, nous produisons nous-m\u00eames tout notre chocolat, en transformant \u00e0 la fois les f\u00e8ves de cacao et les produits d\u00e9riv\u00e9s tels que les <strong>noisettes du Pi\u00e9mont<\/strong>, les <strong>amandes de Sicile<\/strong>, les <strong>pistaches de Bronte<\/strong> et d&rsquo;autres ingr\u00e9dients raffin\u00e9s.<\/p>\n<p>Nous sommes en mesure de servir ceux qui sont \u00e0 la recherche des meilleures mati\u00e8res premi\u00e8res pour la p\u00e2tisserie et la cuisine.<\/p>\n\t\t\t\t\t\t\t\t<\/div>\n\t\t\t\t<\/div>\n\t\t\t\t<div class=\"elementor-element elementor-element-3159297 elementor-widget elementor-widget-heading\" data-id=\"3159297\" data-element_type=\"widget\" data-widget_type=\"heading.default\">\n\t\t\t\t<div class=\"elementor-widget-container\">\n\t\t\t\t\t<h3 class=\"elementor-heading-title elementor-size-default\">LIGNE FAIBLE EN CARBONE (\u00e0 teneur r\u00e9duite en sucre)<\/h3>\t\t\t\t<\/div>\n\t\t\t\t<\/div>\n\t\t\t\t<div class=\"elementor-element elementor-element-ffe0f54 elementor-widget elementor-widget-text-editor\" data-id=\"ffe0f54\" data-element_type=\"widget\" data-widget_type=\"text-editor.default\">\n\t\t\t\t<div class=\"elementor-widget-container\">\n\t\t\t\t\t\t\t\t\t<p>Depuis quelques ann\u00e9es, nous nous sommes sp\u00e9cialis\u00e9s dans la production de chocolat artisanal \u00e0 faible teneur en sucre. mais extraordinairement bonne. Distribu\u00e9 directement et par Life 120.<\/p>\n\t\t\t\t\t\t\t\t<\/div>\n\t\t\t\t<\/div>\n\t\t\t\t<div class=\"elementor-element elementor-element-a35845c elementor-widget elementor-widget-spacer\" data-id=\"a35845c\" data-element_type=\"widget\" data-widget_type=\"spacer.default\">\n\t\t\t\t<div class=\"elementor-widget-container\">\n\t\t\t\t\t\t\t<div class=\"elementor-spacer\">\n\t\t\t<div class=\"elementor-spacer-inner\"><\/div>\n\t\t<\/div>\n\t\t\t\t\t\t<\/div>\n\t\t\t\t<\/div>\n\t\t\t\t\t<\/div>\n\t\t<\/div>\n\t\t\t\t\t<\/div>\n\t\t<\/section>\n\t\t\t\t<\/div>\n\t\t","protected":false},"excerpt":{"rendered":"<p>SILVIO BESSONE L&rsquo;ENTREPRISE CONCOURS ET \u00c9V\u00c9NEMENTS SILVIO BESSONE ET LA TV CINQ CHOCOLAT &amp; AMI L&rsquo;ENTREPRISE \u00c0 partir du 1er avril 2022, SB Chocolate Ltd. est n\u00e9e. Le si\u00e8ge social est situ\u00e9 via Bagetti 11 10143 \u00e0 Turin. Le si\u00e8ge est situ\u00e9 Via F. Gallo 19 12080 \u00e0 Vicoforte CN Le Delizie di Silvio Bessone [&hellip;]<\/p>\n","protected":false},"author":1,"featured_media":0,"parent":0,"menu_order":0,"comment_status":"closed","ping_status":"closed","template":"","meta":{"footnotes":""},"_links":{"self":[{"href":"https:\/\/www.silviobessone.it\/fr\/wp-json\/wp\/v2\/pages\/1885"}],"collection":[{"href":"https:\/\/www.silviobessone.it\/fr\/wp-json\/wp\/v2\/pages"}],"about":[{"href":"https:\/\/www.silviobessone.it\/fr\/wp-json\/wp\/v2\/types\/page"}],"author":[{"embeddable":true,"href":"https:\/\/www.silviobessone.it\/fr\/wp-json\/wp\/v2\/users\/1"}],"replies":[{"embeddable":true,"href":"https:\/\/www.silviobessone.it\/fr\/wp-json\/wp\/v2\/comments?post=1885"}],"version-history":[{"count":4,"href":"https:\/\/www.silviobessone.it\/fr\/wp-json\/wp\/v2\/pages\/1885\/revisions"}],"predecessor-version":[{"id":1950,"href":"https:\/\/www.silviobessone.it\/fr\/wp-json\/wp\/v2\/pages\/1885\/revisions\/1950"}],"wp:attachment":[{"href":"https:\/\/www.silviobessone.it\/fr\/wp-json\/wp\/v2\/media?parent=1885"}],"curies":[{"name":"wp","href":"https:\/\/api.w.org\/{rel}","templated":true}]}}