{"id":1879,"date":"2023-09-05T09:12:50","date_gmt":"2023-09-05T09:12:50","guid":{"rendered":"https:\/\/www.silviobessone.it\/cinq\/"},"modified":"2023-10-23T14:09:27","modified_gmt":"2023-10-23T14:09:27","slug":"cinq","status":"publish","type":"page","link":"https:\/\/www.silviobessone.it\/fr\/cinq\/","title":{"rendered":"CINQ"},"content":{"rendered":"\t\t<div data-elementor-type=\"wp-page\" data-elementor-id=\"1879\" class=\"elementor elementor-1879 elementor-362\" data-elementor-post-type=\"page\">\n\t\t\t\t\t\t<section class=\"elementor-section elementor-top-section elementor-element elementor-element-9c2baff elementor-section-boxed elementor-section-height-default elementor-section-height-default\" data-id=\"9c2baff\" data-element_type=\"section\">\n\t\t\t\t\t\t<div class=\"elementor-container elementor-column-gap-default\">\n\t\t\t\t\t<div class=\"elementor-column elementor-col-100 elementor-top-column elementor-element elementor-element-0a34ea9\" data-id=\"0a34ea9\" data-element_type=\"column\">\n\t\t\t<div class=\"elementor-widget-wrap elementor-element-populated\">\n\t\t\t\t\t\t<div class=\"elementor-element elementor-element-97e9c04 elementor-widget elementor-widget-spacer\" data-id=\"97e9c04\" data-element_type=\"widget\" data-widget_type=\"spacer.default\">\n\t\t\t\t<div class=\"elementor-widget-container\">\n\t\t\t\t\t\t\t<div class=\"elementor-spacer\">\n\t\t\t<div class=\"elementor-spacer-inner\"><\/div>\n\t\t<\/div>\n\t\t\t\t\t\t<\/div>\n\t\t\t\t<\/div>\n\t\t\t\t<div class=\"elementor-element elementor-element-029650b elementor-widget elementor-widget-image\" data-id=\"029650b\" data-element_type=\"widget\" data-widget_type=\"image.default\">\n\t\t\t\t<div class=\"elementor-widget-container\">\n\t\t\t\t\t\t\t\t\t\t\t\t\t\t\t<img fetchpriority=\"high\" decoding=\"async\" width=\"1354\" height=\"249\" src=\"https:\/\/www.silviobessone.it\/wp-content\/uploads\/2023\/09\/silvio-bessone.png\" class=\"attachment-full size-full wp-image-1331\" alt=\"\" srcset=\"https:\/\/www.silviobessone.it\/wp-content\/uploads\/2023\/09\/silvio-bessone.png 1354w, https:\/\/www.silviobessone.it\/wp-content\/uploads\/2023\/09\/silvio-bessone-300x55.png 300w, https:\/\/www.silviobessone.it\/wp-content\/uploads\/2023\/09\/silvio-bessone-1024x188.png 1024w, https:\/\/www.silviobessone.it\/wp-content\/uploads\/2023\/09\/silvio-bessone-768x141.png 768w\" sizes=\"(max-width: 1354px) 100vw, 1354px\" \/>\t\t\t\t\t\t\t\t\t\t\t\t\t\t\t<\/div>\n\t\t\t\t<\/div>\n\t\t\t\t<div class=\"elementor-element elementor-element-1cbf48a elementor-widget elementor-widget-spacer\" data-id=\"1cbf48a\" data-element_type=\"widget\" data-widget_type=\"spacer.default\">\n\t\t\t\t<div class=\"elementor-widget-container\">\n\t\t\t\t\t\t\t<div class=\"elementor-spacer\">\n\t\t\t<div class=\"elementor-spacer-inner\"><\/div>\n\t\t<\/div>\n\t\t\t\t\t\t<\/div>\n\t\t\t\t<\/div>\n\t\t\t\t\t<\/div>\n\t\t<\/div>\n\t\t\t\t\t<\/div>\n\t\t<\/section>\n\t\t\t\t<section class=\"elementor-section elementor-top-section elementor-element elementor-element-767fae6 elementor-section-boxed elementor-section-height-default elementor-section-height-default\" data-id=\"767fae6\" data-element_type=\"section\">\n\t\t\t\t\t\t<div class=\"elementor-container elementor-column-gap-default\">\n\t\t\t\t\t<div class=\"elementor-column elementor-col-33 elementor-top-column elementor-element elementor-element-1f18b86\" data-id=\"1f18b86\" data-element_type=\"column\">\n\t\t\t<div class=\"elementor-widget-wrap elementor-element-populated\">\n\t\t\t\t\t\t<div class=\"elementor-element elementor-element-b9e4c3e elementor-align-center pulsante-personalizzato elementor-widget elementor-widget-button\" data-id=\"b9e4c3e\" data-element_type=\"widget\" data-widget_type=\"button.default\">\n\t\t\t\t<div class=\"elementor-widget-container\">\n\t\t\t\t\t\t\t\t\t<div class=\"elementor-button-wrapper\">\n\t\t\t\t\t<a class=\"elementor-button elementor-button-link elementor-size-sm elementor-animation-shrink\" href=\"https:\/\/www.silviobessone.it\/fr\/profil\/\">\n\t\t\t\t\t\t<span class=\"elementor-button-content-wrapper\">\n\t\t\t\t\t\t\t\t\t<span class=\"elementor-button-text\">SILVIO BESSONE<\/span>\n\t\t\t\t\t<\/span>\n\t\t\t\t\t<\/a>\n\t\t\t\t<\/div>\n\t\t\t\t\t\t\t\t<\/div>\n\t\t\t\t<\/div>\n\t\t\t\t<div class=\"elementor-element elementor-element-ebcf6b2 elementor-align-center pulsante-personalizzato elementor-widget elementor-widget-button\" data-id=\"ebcf6b2\" data-element_type=\"widget\" data-widget_type=\"button.default\">\n\t\t\t\t<div class=\"elementor-widget-container\">\n\t\t\t\t\t\t\t\t\t<div class=\"elementor-button-wrapper\">\n\t\t\t\t\t<a class=\"elementor-button elementor-button-link elementor-size-sm elementor-animation-shrink\" href=\"https:\/\/www.silviobessone.it\/fr\/?page_id=1885\">\n\t\t\t\t\t\t<span class=\"elementor-button-content-wrapper\">\n\t\t\t\t\t\t\t\t\t<span class=\"elementor-button-text\">L'ENTREPRISE<\/span>\n\t\t\t\t\t<\/span>\n\t\t\t\t\t<\/a>\n\t\t\t\t<\/div>\n\t\t\t\t\t\t\t\t<\/div>\n\t\t\t\t<\/div>\n\t\t\t\t<div class=\"elementor-element elementor-element-84e088b elementor-align-center pulsante-personalizzato elementor-widget elementor-widget-button\" data-id=\"84e088b\" data-element_type=\"widget\" data-widget_type=\"button.default\">\n\t\t\t\t<div class=\"elementor-widget-container\">\n\t\t\t\t\t\t\t\t\t<div class=\"elementor-button-wrapper\">\n\t\t\t\t\t<a class=\"elementor-button elementor-button-link elementor-size-sm elementor-animation-shrink\" href=\"https:\/\/www.silviobessone.it\/concorsi-e-manifestazioni\/\">\n\t\t\t\t\t\t<span class=\"elementor-button-content-wrapper\">\n\t\t\t\t\t\t\t\t\t<span class=\"elementor-button-text\">CONCOURS ET \u00c9V\u00c9NEMENTS<\/span>\n\t\t\t\t\t<\/span>\n\t\t\t\t\t<\/a>\n\t\t\t\t<\/div>\n\t\t\t\t\t\t\t\t<\/div>\n\t\t\t\t<\/div>\n\t\t\t\t<div class=\"elementor-element elementor-element-26e5017 elementor-align-center pulsante-personalizzato elementor-widget elementor-widget-button\" data-id=\"26e5017\" data-element_type=\"widget\" data-widget_type=\"button.default\">\n\t\t\t\t<div class=\"elementor-widget-container\">\n\t\t\t\t\t\t\t\t\t<div class=\"elementor-button-wrapper\">\n\t\t\t\t\t<a class=\"elementor-button elementor-button-link elementor-size-sm elementor-animation-shrink\" href=\"https:\/\/www.silviobessone.it\/fr\/?page_id=1907\">\n\t\t\t\t\t\t<span class=\"elementor-button-content-wrapper\">\n\t\t\t\t\t\t\t\t\t<span class=\"elementor-button-text\">SILVIO BESSONE ET LA TV<\/span>\n\t\t\t\t\t<\/span>\n\t\t\t\t\t<\/a>\n\t\t\t\t<\/div>\n\t\t\t\t\t\t\t\t<\/div>\n\t\t\t\t<\/div>\n\t\t\t\t<div class=\"elementor-element elementor-element-9bd4e70 elementor-align-center pulsante-personalizzato elementor-widget elementor-widget-button\" data-id=\"9bd4e70\" data-element_type=\"widget\" data-widget_type=\"button.default\">\n\t\t\t\t<div class=\"elementor-widget-container\">\n\t\t\t\t\t\t\t\t\t<div class=\"elementor-button-wrapper\">\n\t\t\t\t\t<a class=\"elementor-button elementor-button-link elementor-size-sm elementor-animation-shrink\" href=\"https:\/\/www.silviobessone.it\/fr\/?page_id=1879\">\n\t\t\t\t\t\t<span class=\"elementor-button-content-wrapper\">\n\t\t\t\t\t\t\t\t\t<span class=\"elementor-button-text\">CINQ<\/span>\n\t\t\t\t\t<\/span>\n\t\t\t\t\t<\/a>\n\t\t\t\t<\/div>\n\t\t\t\t\t\t\t\t<\/div>\n\t\t\t\t<\/div>\n\t\t\t\t<div class=\"elementor-element elementor-element-13f28c4 elementor-align-center pulsante-personalizzato elementor-widget elementor-widget-button\" data-id=\"13f28c4\" data-element_type=\"widget\" data-widget_type=\"button.default\">\n\t\t\t\t<div class=\"elementor-widget-container\">\n\t\t\t\t\t\t\t\t\t<div class=\"elementor-button-wrapper\">\n\t\t\t\t\t<a class=\"elementor-button elementor-button-link elementor-size-sm elementor-animation-shrink\" href=\"https:\/\/www.silviobessone.it\/cioccolato-friend\/\">\n\t\t\t\t\t\t<span class=\"elementor-button-content-wrapper\">\n\t\t\t\t\t\t\t\t\t<span class=\"elementor-button-text\">CHOCOLAT &amp; AMI<\/span>\n\t\t\t\t\t<\/span>\n\t\t\t\t\t<\/a>\n\t\t\t\t<\/div>\n\t\t\t\t\t\t\t\t<\/div>\n\t\t\t\t<\/div>\n\t\t\t\t\t<\/div>\n\t\t<\/div>\n\t\t\t\t<div class=\"elementor-column elementor-col-66 elementor-top-column elementor-element elementor-element-4c2b84a\" data-id=\"4c2b84a\" data-element_type=\"column\">\n\t\t\t<div class=\"elementor-widget-wrap elementor-element-populated\">\n\t\t\t\t\t\t<div class=\"elementor-element elementor-element-6d90efc elementor-widget elementor-widget-image\" data-id=\"6d90efc\" data-element_type=\"widget\" data-widget_type=\"image.default\">\n\t\t\t\t<div class=\"elementor-widget-container\">\n\t\t\t\t\t\t\t\t\t\t\t\t\t\t\t<img decoding=\"async\" width=\"500\" height=\"218\" src=\"https:\/\/www.silviobessone.it\/wp-content\/uploads\/2023\/09\/logo-five-titolo.png\" class=\"attachment-medium_large size-medium_large wp-image-1343\" alt=\"\" srcset=\"https:\/\/www.silviobessone.it\/wp-content\/uploads\/2023\/09\/logo-five-titolo.png 500w, https:\/\/www.silviobessone.it\/wp-content\/uploads\/2023\/09\/logo-five-titolo-300x131.png 300w\" sizes=\"(max-width: 500px) 100vw, 500px\" \/>\t\t\t\t\t\t\t\t\t\t\t\t\t\t\t<\/div>\n\t\t\t\t<\/div>\n\t\t\t\t<div class=\"elementor-element elementor-element-ec56413 elementor-widget elementor-widget-text-editor\" data-id=\"ec56413\" data-element_type=\"widget\" data-widget_type=\"text-editor.default\">\n\t\t\t\t<div class=\"elementor-widget-container\">\n\t\t\t\t\t\t\t\t\t<p>Cher client et cher ami !<\/p>\n<p>Un jour, lorsque j&rsquo;\u00e9tais enfant, j&rsquo;ai r\u00eav\u00e9 de devenir <strong><br \/>\n  <em>chocolatier<\/em><br \/>\n<\/strong>puis malgr\u00e9 tout et tout le monde je le suis devenu.<\/p>\n<p>Le chemin que j&rsquo;ai emprunt\u00e9, tant sur le plan professionnel que scientifique, m&rsquo;a amen\u00e9 \u00e0 rencontrer de nombreuses personnes, mais trop souvent, je me suis retrouv\u00e9 \u00e0 jouer le r\u00f4le d&rsquo;un \u00e9lastique et \u00e0 voir ou \u00e0 entendre des faits qui, si la main droite avait parl\u00e9 \u00e0 la main gauche, m&rsquo;auraient rapidement lav\u00e9 le visage !<\/p>\n<p>Une <em>m\u00e9taphore amusante<\/em> mais toujours d&rsquo;actualit\u00e9 et aujourd&rsquo;hui plus que jamais, ceux qui me connaissent savent que je suis une personne de poids, mes <strong>kilos<\/strong> d\u00e9noncent tr\u00e8s bien ma tendance \u00e0 profiter de toutes les bonnes choses que Dieu a mis \u00e0 notre disposition, mais le vrai secret est de manger bien mais des choses saines !<\/p>\n<p>En voyageant dans le monde entier, je me suis rendu compte que trop souvent, pour des raisons strictement \u00e9conomiques, les gens sont nourris avec de la malbouffe, mais le consommateur, souvent inconscient, se fie \u00e0 de simples proclamations valables et n&rsquo;approfondit presque jamais ce qu&rsquo;il met dans sa bouche.<\/p>\n<\/p>\n<p>C&rsquo;est pourquoi j&rsquo;ai cr\u00e9\u00e9 une organisation <em>simple<\/em> mais <strong>efficace<\/strong> car le march\u00e9 de demain repose sur 5 principes fondamentaux :<\/p>\n<ul>\n<li>Les produits en vente doivent \u00eatre <strong>BONS<\/strong>, condition sans laquelle aucune autre reconnaissance n&rsquo;est int\u00e9ressante.\n<\/li>\n<li><strong>SANT\u00c9<\/strong>, tout ce que nous mangeons, portons ou utilisons doit \u00eatre bon pour nous et pour les personnes qui partagent notre plaisir.\n<\/li>\n<li>Aucune cha\u00eene d&rsquo;approvisionnement ne peut \u00eatre contr\u00f4l\u00e9e si elle n&rsquo;est pas fond\u00e9e sur un pacte de solidarit\u00e9, mais pour <strong>s<\/strong> &lsquo;en assurer, elle doit faire l&rsquo;objet d&rsquo;une surveillance constante.\n<\/li>\n<li><strong>DROIT<\/strong>, aucun acteur de la cha\u00eene d&rsquo;approvisionnement ne doit \u00eatre exploit\u00e9, ni l&rsquo;agriculteur qui a cultiv\u00e9 le produit, ni l&rsquo;agriculteur qui l&rsquo;a transform\u00e9, ni celui qui le consomme en fin de compte.\n<\/li>\n<li><strong>DURABLE<\/strong>, aucun de ces facteurs ne peut ignorer le fait que l&rsquo;environnement est notre contenant et qu&rsquo;il doit \u00eatre respect\u00e9 en tant que tel.<\/li>\n<\/ul>\n<p>\u00c0 partir de ces cinq \u00e9l\u00e9ments simples, nous pouvons jeter <strong>sur le march\u00e9<\/strong> les r\u00e8gles d&rsquo;un nouvel ordre <strong>mondial<\/strong>.<\/p>\n<p>Le projet peut sembler un peu ambitieux, certes ! mais comment am\u00e9liorer le monde si ce n&rsquo;est par des projets ambitieux ?<\/p>\n<p>Je ne connais pas de meilleur moyen d&rsquo;aller loin que de voir loin, et la distance ne devrait pas seulement \u00eatre mesur\u00e9e en m\u00e8tres, mais aussi en temps, comme c&rsquo;est le cas pour les distances cosmiques.<\/p>\n<p>Au fil des ans, lorsque j&rsquo;ai promu ma passion, j&rsquo;ai rencontr\u00e9 de nombreuses personnes qui m&rsquo;ont \u00e9mu et encourag\u00e9 \u00e0 continuer, \u00e0 d\u00e9fier ce monde sph\u00e9rique et \u00e0 essayer de faire quelque chose.<\/p>\n<p>Certains m&rsquo;ont m\u00eame promis une aide culturelle, d&rsquo;autres une aide financi\u00e8re, mais beaucoup de soutien moral, et c&rsquo;est ainsi qu&rsquo;apr\u00e8s avoir pos\u00e9 les bases de ma moralit\u00e9, j&rsquo;ai d\u00e9cid\u00e9 de lancer un tel projet.<\/p>\n<p>Par quel secteur pourrais-je commencer ?<\/p>\n<p>De Obvious Chocolate !<\/p>\n<\/p>\n<p>Si vous croyez que tous ensemble nous pouvons faire quelque chose, j&rsquo;y crois !<\/p>\n<p>J&rsquo;ai commenc\u00e9 \u00e0 produire du cacao <em><br \/>\n  <strong>Biodynamique<\/strong><br \/>\n<\/em> Dans le centre que j&rsquo;ai con\u00e7u \u00e0 <em>Babahoyo<\/em>, en <em>\u00c9quateur<\/em>, un groupe d&rsquo;amis agriculteurs se pr\u00e9pare \u00e0 d\u00e9marrer la prochaine saison de culture <em>biodynamique<\/em>, c&rsquo;est-\u00e0-dire la transformation du cacao selon la <strong>m\u00e9thode B<\/strong>. <strong>M.P.<\/strong> <strong>Bessone Patent<\/strong>.<\/p>\n<p>Nous commen\u00e7ons par le traitement des meilleures f\u00e8ves de cacao afin de les traiter correctement et dans le respect de l&rsquo;environnement.  <em>La biodynamie<\/em>  et de les transformer \u00e0 leur tour en  <em>Biochocolat<\/em>respectueux de l&rsquo;extraordinaire qualit\u00e9 organoleptique mais aussi riche en \u00e9l\u00e9ments naturels de grande valeur pour notre sant\u00e9, tant du point de vue cardiovasculaire que du point de vue de la sant\u00e9 publique.  <strong><em>Psychoactif<\/em><\/strong>  mais surtout en raison de la teneur \u00e9lev\u00e9e en ph\u00e9nols  <em><strong>Anti-\u00e2ge<\/strong><\/em>!<\/p>\n<p>Le cacao est collect\u00e9 cette semaine m\u00eame en <strong>\u00c9quateur<\/strong> et au <strong>Sri Lanka<\/strong>, o\u00f9 j&rsquo;ai mes deux centres de traitement, et \u00e0 la fin du mois de juillet, il sera pr\u00eat \u00e0 \u00eatre exp\u00e9di\u00e9 par voie maritime vers l&rsquo;Italie.<\/p>\n<p>Fin ao\u00fbt, le cacao est arriv\u00e9 dans mon laboratoire et nous allons commencer \u00e0 traiter le lot de cacao produit en contr\u00f4lant totalement la cha\u00eene d&rsquo;approvisionnement. <em><br \/>\n  <strong>La biodynamie dans le monde<\/strong><br \/>\n<\/em>.<\/p>\n<p>Apr\u00e8s un mois de maturation, le <em>\u00ab\u00a0chocolat biodynamique\u00a0\u00bb<\/em> sera transform\u00e9 en tablettes et en pralines, dans certains cas avec les meilleures <em>noisettes<\/em> des contreforts des vall\u00e9es du <em>Monregalese<\/em> de la vari\u00e9t\u00e9 <em>Trilobata<\/em>.<\/p>\n<p>Fin novembre, nous serons en mesure de livrer ce r\u00eave devenu r\u00e9alit\u00e9 directement \u00e0 votre domicile !<\/p>\n<p>A ce stade, je dois vous parler d&rsquo;un de mes projets pour vous faire investir (peu) mais dans un bien-\u00eatre gastronomiquement et \u00e9conomiquement int\u00e9ressant !<\/p>\n<p>INSCRIS-TOI AUX CINQ ET TU DEVIENDRAS TOI AUSSI UN PROTAGONISTE ! NE CO\u00dbTE QUE 20 \u20acURO<\/p>\n<p>Si vous effectuez votre paiement avant le mercredi 21 septembre, vous b\u00e9n\u00e9ficierez \u00e9galement d&rsquo;une r\u00e9duction de 100 %.<\/p>\n<p>avec l&rsquo;achat des 2 obligations de solidarit\u00e9 qui seront \u00e9mises \u00e0 partir du 1er octobre et retirables \u00e0 partir du 1er d\u00e9cembre !<\/p>\n<p>Le paiement doit \u00eatre effectu\u00e9 en cliquant ici (insert plug-in for pay pall)<\/p>\n<p>Si vous estimez que mon travail est s\u00e9rieux et que ses objectifs sont nobles, vous pouvez investir et soutenir cette initiative avec moi en souscrivant \u00e0 une action sociale :  <strong><br \/>\n  <em>Achat d&rsquo;un titre en chocolat<\/em><br \/>\n<\/strong> valeur  <strong>\u20ac 60,00<\/strong>  avant le mois d&rsquo;octobre et je vous enverrai un titre de papier vous donnant droit \u00e0 recevoir entre  <em><strong>No\u00ebl et P\u00e2ques a strenna  <\/strong><\/em>d&rsquo;excellents produits chocolat\u00e9s  <em><strong>Biodynamique<\/strong><\/em>  et \u00eatre inclus parmi les membres de la  <strong>CINQ<\/strong>  ainsi que de recevoir gratuitement nos \u00e9chantillons d&rsquo;essai s&rsquo;il le souhaite, devenant ainsi notre partenaire pour la mise en \u0153uvre de la politique de d\u00e9veloppement durable.  <em>d\u00e9gustateur officiel<\/em>.<\/p>\n<p>Cette offre peut \u00eatre offerte \u00e0 un parent ou \u00e0 un ami afin de soutenir directement une nouvelle fa\u00e7on de faire des affaires !<\/p>\n<p>Raccourcissons la cha\u00eene d&rsquo;approvisionnement et am\u00e9liorons ce que nous mangeons, il suffit d&rsquo;un petit investissement.<\/p>\n<p>Il vous suffit de r\u00e9pondre \u00e0 cet e-mail et d&rsquo;indiquer le nombre d&rsquo;actions que vous avez l&rsquo;intention de souscrire pour recevoir un contrat d&rsquo;achat r\u00e9gulier, puis d&rsquo;effectuer le paiement et je vous enverrai le titre de propri\u00e9t\u00e9 \u00e0 retirer directement chez nous, \u00e0 l&rsquo;adresse suivante<strong>  Via Francesco Gallo 19  <\/strong>a<strong>  Vicoforte<\/strong>  ou en l&rsquo;envoyant \u00e0 votre domicile, \u00e0 partir de d\u00e9cembre.<\/p>\n<\/p>\n<p><em>Pour plus d&rsquo;informations, \u00e9crivez \u00e0 <a href=\"mailto:info@silviobessone.it\">info@silviobessone.it<\/a><\/em><\/p>\n<p><em>Ou appelez le 0174 563312<\/em><\/p>\n\t\t\t\t\t\t\t\t<\/div>\n\t\t\t\t<\/div>\n\t\t\t\t<div class=\"elementor-element elementor-element-84284d1 elementor-widget elementor-widget-spacer\" data-id=\"84284d1\" data-element_type=\"widget\" data-widget_type=\"spacer.default\">\n\t\t\t\t<div class=\"elementor-widget-container\">\n\t\t\t\t\t\t\t<div class=\"elementor-spacer\">\n\t\t\t<div class=\"elementor-spacer-inner\"><\/div>\n\t\t<\/div>\n\t\t\t\t\t\t<\/div>\n\t\t\t\t<\/div>\n\t\t\t\t\t<\/div>\n\t\t<\/div>\n\t\t\t\t\t<\/div>\n\t\t<\/section>\n\t\t\t\t<\/div>\n\t\t","protected":false},"excerpt":{"rendered":"<p>SILVIO BESSONE L&rsquo;ENTREPRISE CONCOURS ET \u00c9V\u00c9NEMENTS SILVIO BESSONE ET LA TV CINQ CHOCOLAT &amp; AMI Cher client et cher ami ! Un jour, lorsque j&rsquo;\u00e9tais enfant, j&rsquo;ai r\u00eav\u00e9 de devenir chocolatier puis malgr\u00e9 tout et tout le monde je le suis devenu. Le chemin que j&rsquo;ai emprunt\u00e9, tant sur le plan professionnel que scientifique, m&rsquo;a [&hellip;]<\/p>\n","protected":false},"author":1,"featured_media":0,"parent":0,"menu_order":0,"comment_status":"closed","ping_status":"closed","template":"","meta":{"footnotes":""},"_links":{"self":[{"href":"https:\/\/www.silviobessone.it\/fr\/wp-json\/wp\/v2\/pages\/1879"}],"collection":[{"href":"https:\/\/www.silviobessone.it\/fr\/wp-json\/wp\/v2\/pages"}],"about":[{"href":"https:\/\/www.silviobessone.it\/fr\/wp-json\/wp\/v2\/types\/page"}],"author":[{"embeddable":true,"href":"https:\/\/www.silviobessone.it\/fr\/wp-json\/wp\/v2\/users\/1"}],"replies":[{"embeddable":true,"href":"https:\/\/www.silviobessone.it\/fr\/wp-json\/wp\/v2\/comments?post=1879"}],"version-history":[{"count":4,"href":"https:\/\/www.silviobessone.it\/fr\/wp-json\/wp\/v2\/pages\/1879\/revisions"}],"predecessor-version":[{"id":1945,"href":"https:\/\/www.silviobessone.it\/fr\/wp-json\/wp\/v2\/pages\/1879\/revisions\/1945"}],"wp:attachment":[{"href":"https:\/\/www.silviobessone.it\/fr\/wp-json\/wp\/v2\/media?parent=1879"}],"curies":[{"name":"wp","href":"https:\/\/api.w.org\/{rel}","templated":true}]}}