{"id":1853,"date":"2023-09-04T09:57:14","date_gmt":"2023-09-04T09:57:14","guid":{"rendered":"https:\/\/www.silviobessone.it\/consultation\/"},"modified":"2024-02-28T16:01:16","modified_gmt":"2024-02-28T16:01:16","slug":"consultation","status":"publish","type":"page","link":"https:\/\/www.silviobessone.it\/fr\/consultation\/","title":{"rendered":"CONSULTATION"},"content":{"rendered":"\t\t<div data-elementor-type=\"wp-page\" data-elementor-id=\"1853\" class=\"elementor elementor-1853 elementor-20\" data-elementor-post-type=\"page\">\n\t\t\t\t\t\t<section class=\"elementor-section elementor-top-section elementor-element elementor-element-608135d elementor-section-boxed elementor-section-height-default elementor-section-height-default\" data-id=\"608135d\" data-element_type=\"section\">\n\t\t\t\t\t\t<div class=\"elementor-container elementor-column-gap-default\">\n\t\t\t\t\t<div class=\"elementor-column elementor-col-100 elementor-top-column elementor-element elementor-element-e96c33c\" data-id=\"e96c33c\" data-element_type=\"column\">\n\t\t\t<div class=\"elementor-widget-wrap elementor-element-populated\">\n\t\t\t\t\t\t<div class=\"elementor-element elementor-element-7ea5afd elementor-widget elementor-widget-heading\" data-id=\"7ea5afd\" data-element_type=\"widget\" data-widget_type=\"heading.default\">\n\t\t\t\t<div class=\"elementor-widget-container\">\n\t\t\t\t\t<h1 class=\"elementor-heading-title elementor-size-default\">Consultation 360<\/h1>\t\t\t\t<\/div>\n\t\t\t\t<\/div>\n\t\t\t\t<div class=\"elementor-element elementor-element-56b3cf0 elementor-widget elementor-widget-text-editor\" data-id=\"56b3cf0\" data-element_type=\"widget\" data-widget_type=\"text-editor.default\">\n\t\t\t\t<div class=\"elementor-widget-container\">\n\t\t\t\t\t\t\t\t\t<h4>Depuis des ann\u00e9es, je suis consultante en mati\u00e8re de cacao et de chocolat dans le monde entier !<\/h4>\n\t\t\t\t\t\t\t\t<\/div>\n\t\t\t\t<\/div>\n\t\t\t\t\t<\/div>\n\t\t<\/div>\n\t\t\t\t\t<\/div>\n\t\t<\/section>\n\t\t\t\t<section class=\"elementor-section elementor-top-section elementor-element elementor-element-3da187c elementor-section-boxed elementor-section-height-default elementor-section-height-default\" data-id=\"3da187c\" data-element_type=\"section\">\n\t\t\t\t\t\t<div class=\"elementor-container elementor-column-gap-custom\">\n\t\t\t\t\t<div class=\"elementor-column elementor-col-100 elementor-top-column elementor-element elementor-element-6ea1935\" data-id=\"6ea1935\" data-element_type=\"column\">\n\t\t\t<div class=\"elementor-widget-wrap elementor-element-populated\">\n\t\t\t\t\t\t<div class=\"elementor-element elementor-element-e30624c elementor-widget elementor-widget-text-editor\" data-id=\"e30624c\" data-element_type=\"widget\" data-widget_type=\"text-editor.default\">\n\t\t\t\t<div class=\"elementor-widget-container\">\n\t\t\t\t\t\t\t\t\t<p>Plus de 20 ans de recherche scientifique, d&rsquo;analyse de projets de production de chocolat, visant une haute qualit\u00e9, m&rsquo;ont permis d&rsquo;acqu\u00e9rir une exp\u00e9rience vraiment importante dans la r\u00e9duction des \u00e9tudes de criticit\u00e9 sur le processus de production existant en un temps tr\u00e8s court et de d\u00e9velopper de grandes comp\u00e9tences dans la conception de nouveaux processus de production, de la grande \u00e0 la petite production de f\u00e8ves jusqu&rsquo;\u00e0 la production de barres.<\/p>\n<p>Depuis 1997, la production de chocolat en interne, c&rsquo;est-\u00e0-dire la transformation de la graine \u00e0 la tablette, a demand\u00e9 beaucoup d&rsquo;efforts de recherche, surtout \u00e0 une \u00e9poque o\u00f9 produire du chocolat en interne relevait plus de l&rsquo;idiotie que de la mode !<\/p>\n<p>Aujourd&rsquo;hui, 20 ans plus tard, on a d\u00e9couvert que produire du chocolat en contr\u00f4lant la cha\u00eene d&rsquo;approvisionnement est une bonne chose, mais il a fallu des ann\u00e9es d&rsquo;efforts pour que la cat\u00e9gorie se rende compte qu&rsquo;il s&rsquo;agissait d&rsquo;un moyen possible de faire la distinction entre les personnes ambitieuses et les personnes opportunistes.<\/p>\n<p>Les connaissances requises pour produire du chocolat sont tr\u00e8s \u00e9lev\u00e9es, on ne peut pas produire du bon chocolat sans les comp\u00e9tences n\u00e9cessaires et ces comp\u00e9tences sont tr\u00e8s difficiles \u00e0 trouver sur le march\u00e9, car un \u00e9cart historique de plus de 40 ans a fait perdre le contact entre deux g\u00e9n\u00e9rations, ce qui a entra\u00een\u00e9 une incroyable perte de connaissances.<\/p>\n<p>L&rsquo;effort extraordinaire consenti \u00e0 cet \u00e9gard et la pers\u00e9v\u00e9rance d\u00e9termin\u00e9e pour la connaissance scientifique m&rsquo;ont permis de reconstituer presque enti\u00e8rement ce qui a \u00e9t\u00e9 perdu culturellement pendant cette p\u00e9riode. Gr\u00e2ce aux textes historiques, aux connaissances acquises lors de conversations avec des chocolatiers \u00e2g\u00e9s et des ing\u00e9nieurs de l&rsquo;\u00e9poque.<\/p>\n<p>La reconstruction des connaissances a permis de revenir \u00e0 l&rsquo;essentiel de la production de chocolat et de d\u00e9couvrir les erreurs incroyables que l&rsquo;\u00e9volution industrielle a commises dans le seul but de produire en moins de temps et dans le seul but de r\u00e9duire les co\u00fbts de la transformation industrielle, mais aussi de d\u00e9couvrir les aberrations industrielles invent\u00e9es principalement pour pallier les erreurs extraordinaires commises dans le domaine de l&rsquo;agriculture.<\/p>\n<p>La <strong>chocolaterie moderne doit partir d&rsquo;une connaissance scientifique du cacao en tant que mati\u00e8re premi\u00e8re noble et en tant que telle \u00e0 transformer<\/strong>.<\/p>\n<p>La transformation du cacao est un sujet complexe, mais il existe des solutions en fonction des besoins. L&rsquo;important est de savoir clairement quelle est la mission r\u00e9elle du projet, qu&rsquo;il s&rsquo;agisse de produire du chocolat de haute qualit\u00e9, de produire du chocolat avec des facteurs d&rsquo;innovation ou de produire du chocolat \u00e0 des fins de communication et de m\u00e9dias uniquement.<\/p>\n<p>Chacune de ces raisons peut \u00eatre abord\u00e9e intelligemment, en appliquant des solutions appropri\u00e9es afin d&rsquo;\u00e9viter le gaspillage d&rsquo;argent ou des efforts \u00e9conomiques injustifi\u00e9s et parfois inutiles.<\/p>\n<p>La capacit\u00e9 d&rsquo;analyser le processus me permet d&rsquo;aider l&rsquo;entreprise \u00e0 concevoir des usines OK pour chaque exigence et de l&rsquo;aider \u00e0 choisir le meilleur \u00e9quipement en fonction de ses besoins, ainsi que de former le personnel aux \u00e9tapes de traitement.<\/p>\n<p>Une formation \u00e0 la connaissance des mati\u00e8res premi\u00e8res est \u00e9galement pr\u00e9vue, ainsi qu&rsquo;une plate-forme d&rsquo;approvisionnement en mati\u00e8res premi\u00e8res en quantit\u00e9 et en qualit\u00e9 adapt\u00e9es au projet choisi.<\/p>\n<p><strong>Mon projet \u00ab\u00a0chocolat<\/strong><\/p>\n<p>En outre, nous pouvons offrir un soutien original et unique tel que \u00ab\u00a0Mon chocolat\u00a0\u00bb, un moyen tr\u00e8s sp\u00e9cial et rentable pour les entreprises qui aimeraient pouvoir fabriquer leur propre chocolat mais qui n&rsquo;ont pas l&rsquo;exp\u00e9rience, l&rsquo;\u00e9quipement ou les ressources financi\u00e8res n\u00e9cessaires pour se lancer dans une aventure aussi obscure que la fabrication du chocolat.<\/p>\n<p>Avec notre projet, nous pouvons : produire le chocolat avec l&rsquo;entreprise dans notre atelier, avec la formulation de la recette ensemble et selon la sensibilit\u00e9 du chocolatier, En trois jours, nous faisons : une session de formation pour d\u00e9couvrir les secrets du cacao le plus fin du monde, formuler la meilleure recette ensemble. La torr\u00e9faction du cacao et la fabrication du chocolat, de mani\u00e8re totalement artisanale et ensemble, pour que le chocolatier puisse se prendre en photo pendant le processus, avoir le t\u00e9moignage et la certitude que c&rsquo;est bien vous qui avez fait ce chocolat, avec la collaboration d&rsquo;un des meilleurs chocolatiers du monde \u00e0 votre service, pour que chaque \u00e9tape soit la meilleure possible et soign\u00e9e dans les moindres d\u00e9tails, afin de ne pas perdre une once de saveur ou d&rsquo;ar\u00f4me. Apr\u00e8s trois jours de traitement, vous pourrez repartir avec \u00ab\u00a0Votre chocolat\u00a0\u00bb dans la forme que vous souhaitez et \u00e0 un prix absolument proportionnel \u00e0 la qualit\u00e9 et \u00e0 l&rsquo;originalit\u00e9 que vous souhaitez.<\/p>\n<p><strong>Le meilleur cacao du monde n&rsquo;existe pas !<\/strong><\/p>\n<p>Toute ma vie, j&rsquo;ai dit que le meilleur chocolat du monde n&rsquo;existait pas, mais parfois on me prend un peu au s\u00e9rieux, c&rsquo;est la seule v\u00e9rit\u00e9 certaine dans ce monde.<\/p>\n<p>Le cacao pousse dans plusieurs pays du monde et chaque vari\u00e9t\u00e9 botanique pr\u00e9sente des particularit\u00e9s diff\u00e9rentes. Dans certains cas, les types botaniques changent et dans d&rsquo;autres, seuls le microenvironnement, le microclimat et d&rsquo;autres facteurs externes changent.<\/p>\n<p>La seule chose qui fait vraiment la diff\u00e9rence entre un bon (voire excellent) cacao et un mauvais (parfois m\u00eame m\u00e9diocre) cacao est toujours le traitement post-r\u00e9colte. Il existe des vari\u00e9t\u00e9s de cacao qui, par tradition historique, voire par connaissance scientifique, sont d&rsquo;excellente qualit\u00e9, b\u00e9n\u00e9ficient d&rsquo;un prix de march\u00e9 satisfaisant et la cha\u00eene d&rsquo;approvisionnement de ce cacao se d\u00e9veloppe, s&rsquo;am\u00e9liore et a le potentiel \u00e9conomique de s&rsquo;am\u00e9liorer.<\/p>\n<p>Dans d&rsquo;autres cas, le cacao est de mauvaise qualit\u00e9 (la botanique n&rsquo;a rien \u00e0 voir), mais l&rsquo;histoire de ce processus, lorsqu&rsquo;on y regarde de plus pr\u00e8s, s&rsquo;av\u00e8re vraiment catastrophique. Ces producteurs ne re\u00e7oivent pas de paiements suffisants, la cha\u00eene d&rsquo;approvisionnement en p\u00e2tit et personne ne dispose des ressources n\u00e9cessaires pour inverser la tendance.<\/p>\n<p>Diverses associations, ONG, organisations nationales et internationales, europ\u00e9ennes et am\u00e9ricaines investissent des montagnes d&rsquo;argent pour promouvoir des projets de solidarit\u00e9, mais souvent ils n&rsquo;apportent pas de r\u00e9sultats satisfaisants.<\/p>\n<p>Cette situation est due \u00e0 la m\u00e9connaissance par les institutions des facteurs de crise dans les lieux d\u00e9sign\u00e9s pour l&rsquo;aide, au manque de comp\u00e9tence des pr\u00e9tendus experts, et parfois \u00e0 l&rsquo;incomp\u00e9tence totale de personnages qui, vivant en marge du chocolat, se font passer pour des experts du processus cacaoyer, cr\u00e9ant parfois de v\u00e9ritables d\u00e9sastres et des \u00e9checs douloureux de projets qui, \u00e0 l&rsquo;origine, auraient eu r\u00e9ellement besoin d&rsquo;\u00eatre soutenus. Enfin, je dois inclure la cupidit\u00e9 de personnes qui, \u00e0 divers titres, ont un certain pouvoir ou des introductions institutionnelles et qui, pour diverses raisons, se pr\u00e9sentent comme garants, mais qui, une fois qu&rsquo;elles ont encaiss\u00e9, se d\u00e9tournent sans apporter le soutien n\u00e9cessaire au projet financ\u00e9.<\/p>\n<p>Au cours des 15 derni\u00e8res ann\u00e9es, j&rsquo;ai suivi plusieurs projets internationaux, gr\u00e2ce \u00e0 l&rsquo;Associazione Italo Latino Americana (IILA) qui, au fil des ans, a investi et promu un certain nombre de projets pour lesquels j&rsquo;ai \u00e9t\u00e9 chef de projet ou conseiller technique scientifique, notamment en <strong>R\u00e9publique dominicaine, en \u00c9quateur et en Colombie<\/strong>.<\/p>\n<p>Au <strong>Sri Lanka<\/strong>En 2005, \u00e0 la suite du tsunami de 2004, j&rsquo;ai imagin\u00e9 et con\u00e7u une initiative humanitaire visant \u00e0 aider les personnes touch\u00e9es par la trag\u00e9die. Le Sri Lanka est un producteur de cacao, mais d&rsquo;un type de cacao particulier, un cacao qui apparaissait d\u00e9j\u00e0 dans les textes historiques du XIXe si\u00e8cle comme le cacao id\u00e9al pour la fabrication du Gianduia. Pour ce projet, j&rsquo;ai impliqu\u00e9 la r\u00e9gion du Pi\u00e9mont, la protection civile, Banca Etica, Confartigianato Piemonte, Pasticceria Internazionale ICEI ONG Milanese, qui a coordonn\u00e9 et g\u00e9r\u00e9 le travail, et quelques amis qui ont activement contribu\u00e9 \u00e0 la r\u00e9ussite de ce projet, tels que Giancarlo, Guido, Jagath, Daniela et Massimo. Aujourd&rsquo;hui, ce centre a 10 ans et est devenu la plaque tournante du cacao de l&rsquo;\u00eele, exportant du cacao dans le monde entier \u00e0 une valeur \u00e9conomique (300 % plus cher) qui permet \u00e0 plus de 200 familles de vivre et de progresser gr\u00e2ce au cacao et aux herbes biologiques.<\/p>\n<p>En <strong>\u00c9quateur, dans la r\u00e9gion d&rsquo;Esmeraldas <\/strong>,  Depuis d\u00e9cembre 2016, je suis le projet Cacao Justo, pour l&rsquo;ONG milanaise ACCRA avec des projets internationaux, l&rsquo;objectif est de caract\u00e9riser le cacao de la r\u00e9gion dans le but d&rsquo;en tirer une carte des saveurs afin de pouvoir obtenir un cacao d&rsquo;origine certifi\u00e9, une sorte d&rsquo;AOP cacao. Pour ce projet, je suis parti en mission et j&rsquo;ai fait des suggestions importantes \u00e0 leurs responsables de production qui, de mani\u00e8re un peu empirique, commettaient des erreurs qui rendaient inappr\u00e9ciable leur cacao, qui est pourtant capable d&rsquo;exprimer un ar\u00f4me extraordinaire. Pour ce projet, j&rsquo;ai con\u00e7u une strat\u00e9gie avec la nouvelle m\u00e9thode \u00ab\u00a0BMP\u00a0\u00bb Bessone Method Patent, qui donnerait une certitude aux producteurs de cacao et permettrait \u00e0 leur cacao d&rsquo;avoir une valeur commerciale plus \u00e9lev\u00e9e, permettant aux familles et aux organisations elles-m\u00eames de b\u00e9n\u00e9ficier d&rsquo;une durabilit\u00e9 satisfaisante.<\/p>\n<p><strong>Tanzanie Mbingu <\/strong>En 2016, j&rsquo;ai commenc\u00e9 \u00e0 suivre un nouveau projet dans le sud de la Tanzanie, o\u00f9 un groupe d&rsquo;amis (Marco, Enzo, Judith) a d\u00e9cid\u00e9 d&rsquo;investir dans un centre de production de cacao g\u00e9r\u00e9 par des s\u0153urs franciscaines. Le couvent s&rsquo;efforce de soutenir la population locale et offre une \u00e9ducation culturelle et un soutien aux familles. Malheureusement, m\u00eame pour eux, le vrai probl\u00e8me est la rentabilit\u00e9 des champs en quantit\u00e9 et la valeur donn\u00e9e par la qualit\u00e9 m\u00e9diocre. Dans ce projet, nous planifions l&rsquo;application d\u00e9taill\u00e9e de la m\u00e9thode BMP, mais en mettant l&rsquo;accent sur le cacao pour l&rsquo;industrie biom\u00e9dicale et m\u00e9dicale. Dans ce centre, nous produisons du cacao avec des d\u00e9veloppements sp\u00e9ciaux de substances nutraceutiques gr\u00e2ce \u00e0 l&rsquo;attention particuli\u00e8re et \u00e0 la flexibilit\u00e9 de la m\u00e9thode scientifique.<\/p>\n<p><strong>Br\u00e9sil Bahia Ilh\u00e9us.  <\/strong>C&rsquo;est \u00e0 Ilh\u00e9us que j&rsquo;ai fait mes premiers pas dans l&rsquo;agronomie, au CEPLAC, o\u00f9 j&rsquo;ai pu \u00e9tudier les plants de cacao et les diff\u00e9rentes m\u00e9thodes de multiplication de l&rsquo;esp\u00e8ce cacao. La pr\u00e9sence de diff\u00e9rents techniciens agraires et de techniciens comp\u00e9tents de la FCA m&rsquo;a permis d&rsquo;en apprendre davantage sur les bonnes pratiques en mati\u00e8re de fermentation et de s\u00e9chage. De nombreux voyages et travaux effectu\u00e9s dans ce cadre m&rsquo;ont permis de mettre en pratique les fondamentaux de la m\u00e9thode BMP avec beaucoup de succ\u00e8s.<\/p>\n<p><strong>Br\u00e9sil Para  <\/strong>En 2009, \u00e0 l&rsquo;instigation de la r\u00e9gion de Toscane, j&rsquo;ai effectu\u00e9 une mission d&rsquo;information au Br\u00e9sil, dans l&rsquo;\u00c9tat du Par\u00e0. Au cours de ce voyage, j&rsquo;ai pu \u00e9valuer d&rsquo;autres modes de culture du cacao, \u00e0 savoir le cacao de Varzea, qui est cultiv\u00e9 dans le lit des rivi\u00e8res, o\u00f9 la culture du cacao est totalement diff\u00e9rente de la normale, puisque les plantes vivent dans un bain d&rsquo;eau permanent et que la r\u00e9colte s&rsquo;effectue \u00e0 l&rsquo;aide de lances. Cacao de bonne qualit\u00e9 et de qualit\u00e9 sp\u00e9ciale, avec le probl\u00e8me de l&rsquo;humidit\u00e9 \u00e0 g\u00e9rer, l&rsquo;ensemble du processus se d\u00e9roulant sur pilotis. L&rsquo;objectif de cette mission \u00e9tait de photographier la situation du cacao dans l&rsquo;\u00c9tat du Para&rsquo; afin d&rsquo;\u00e9valuer la durabilit\u00e9 d&rsquo;un projet industriel dans le cadre d&rsquo;une collaboration italo-br\u00e9silienne.<\/p>\n<p>Venezuela<strong>, <\/strong>en cinq ans, il y a eu au moins sept missions au Venezuela. Le pays du cacao par excellence, o\u00f9 la culture historique de la transformation permet aux pr\u00e9cieuses vari\u00e9t\u00e9s botaniques de s&rsquo;exprimer pleinement. Au Venezuela, j&rsquo;ai \u00e9tudi\u00e9 les facteurs post-r\u00e9colte et, pour le gouvernement, j&rsquo;ai \u00e9valu\u00e9 la faisabilit\u00e9 de la certification de l&rsquo;origine. Dans le cadre d&rsquo;une collaboration strat\u00e9gique avec la Chambre de commerce italo-v\u00e9n\u00e9zu\u00e9lienne, j&rsquo;ai organis\u00e9 des cours de d\u00e9gustation et fourni une formation aux petits producteurs de cacao et de chocolat afin de les aider \u00e0 se d\u00e9velopper ; ce travail a port\u00e9 ses fruits si bien qu&rsquo;aujourd&rsquo;hui, certains de mes \u00e9tudiants figurent dans les chroniques mondiales pour leur succ\u00e8s extraordinaire en mati\u00e8re de qualification.<\/p>\n<p>Collaboration technico-scientifique avec la c\u00e9l\u00e8bre entreprise KKao Real, qui t\u00e9moigne du projet Reto Cacao et organise des cours de formation pour les chefs et chocolatiers v\u00e9n\u00e9zu\u00e9liens les plus prestigieux. La collaboration technico-scientifique se poursuit de mani\u00e8re fructueuse pour la conception de la nouvelle ligne de production de chocolats fourr\u00e9s et de barres de haute qualit\u00e9.<\/p>\n<p><strong>Sao Tom <\/strong>\u00e8 Le travail que j&rsquo;ai commenc\u00e9 \u00e0 Sao Tom\u00e8 remonte \u00e0 2001, lorsque j&rsquo;ai effectu\u00e9 ma premi\u00e8re mission op\u00e9rationnelle sur le terrain, en travaillant avec le centre de recherche local sur l&rsquo;efficacit\u00e9 de la m\u00e9thode de production du chocolat. Je travaille avec le Consulat honoraire de Sao Tom\u00e9 en France depuis des ann\u00e9es.  <\/p>\n\t\t\t\t\t\t\t\t<\/div>\n\t\t\t\t<\/div>\n\t\t\t\t\t<\/div>\n\t\t<\/div>\n\t\t\t\t\t<\/div>\n\t\t<\/section>\n\t\t\t\t<section class=\"elementor-section elementor-top-section elementor-element elementor-element-817add0 elementor-section-boxed elementor-section-height-default elementor-section-height-default\" data-id=\"817add0\" data-element_type=\"section\">\n\t\t\t\t\t\t<div class=\"elementor-container elementor-column-gap-default\">\n\t\t\t\t\t<div class=\"elementor-column elementor-col-50 elementor-top-column elementor-element elementor-element-d0e7eb3\" data-id=\"d0e7eb3\" data-element_type=\"column\">\n\t\t\t<div class=\"elementor-widget-wrap elementor-element-populated\">\n\t\t\t\t\t\t<div class=\"elementor-element elementor-element-fbe63ad elementor-widget elementor-widget-image\" data-id=\"fbe63ad\" data-element_type=\"widget\" data-widget_type=\"image.default\">\n\t\t\t\t<div class=\"elementor-widget-container\">\n\t\t\t\t\t\t\t\t\t\t\t\t\t\t\t<img fetchpriority=\"high\" decoding=\"async\" width=\"800\" height=\"600\" src=\"https:\/\/www.silviobessone.it\/wp-content\/uploads\/2024\/02\/Sri-lanka-piantagioni-23-febb-2007-061-Copia-1024x768.jpg\" class=\"attachment-large size-large wp-image-2689\" alt=\"Silvio Bessone che seleziona una variet\u00e0 di cacao\" srcset=\"https:\/\/www.silviobessone.it\/wp-content\/uploads\/2024\/02\/Sri-lanka-piantagioni-23-febb-2007-061-Copia-1024x768.jpg 1024w, https:\/\/www.silviobessone.it\/wp-content\/uploads\/2024\/02\/Sri-lanka-piantagioni-23-febb-2007-061-Copia-300x225.jpg 300w, https:\/\/www.silviobessone.it\/wp-content\/uploads\/2024\/02\/Sri-lanka-piantagioni-23-febb-2007-061-Copia-768x576.jpg 768w, https:\/\/www.silviobessone.it\/wp-content\/uploads\/2024\/02\/Sri-lanka-piantagioni-23-febb-2007-061-Copia.jpg 1440w\" sizes=\"(max-width: 800px) 100vw, 800px\" \/>\t\t\t\t\t\t\t\t\t\t\t\t\t\t\t<\/div>\n\t\t\t\t<\/div>\n\t\t\t\t\t<\/div>\n\t\t<\/div>\n\t\t\t\t<div class=\"elementor-column elementor-col-50 elementor-top-column elementor-element elementor-element-947d09c\" data-id=\"947d09c\" data-element_type=\"column\">\n\t\t\t<div class=\"elementor-widget-wrap elementor-element-populated\">\n\t\t\t\t\t\t<div class=\"elementor-element elementor-element-d9877d4 elementor-widget elementor-widget-image\" data-id=\"d9877d4\" data-element_type=\"widget\" data-widget_type=\"image.default\">\n\t\t\t\t<div class=\"elementor-widget-container\">\n\t\t\t\t\t\t\t\t\t\t\t\t\t\t\t<img decoding=\"async\" width=\"800\" height=\"600\" src=\"https:\/\/www.silviobessone.it\/wp-content\/uploads\/2024\/02\/SDC13368-1024x768.jpg\" class=\"attachment-large size-large wp-image-2694\" alt=\"Casse di fermentazione\" srcset=\"https:\/\/www.silviobessone.it\/wp-content\/uploads\/2024\/02\/SDC13368-1024x768.jpg 1024w, https:\/\/www.silviobessone.it\/wp-content\/uploads\/2024\/02\/SDC13368-300x225.jpg 300w, https:\/\/www.silviobessone.it\/wp-content\/uploads\/2024\/02\/SDC13368-768x576.jpg 768w, https:\/\/www.silviobessone.it\/wp-content\/uploads\/2024\/02\/SDC13368-1536x1152.jpg 1536w, https:\/\/www.silviobessone.it\/wp-content\/uploads\/2024\/02\/SDC13368-2048x1536.jpg 2048w\" sizes=\"(max-width: 800px) 100vw, 800px\" \/>\t\t\t\t\t\t\t\t\t\t\t\t\t\t\t<\/div>\n\t\t\t\t<\/div>\n\t\t\t\t\t<\/div>\n\t\t<\/div>\n\t\t\t\t\t<\/div>\n\t\t<\/section>\n\t\t\t\t<\/div>\n\t\t","protected":false},"excerpt":{"rendered":"<p>Consultation 360 Depuis des ann\u00e9es, je suis consultante en mati\u00e8re de cacao et de chocolat dans le monde entier ! Plus de 20 ans de recherche scientifique, d&rsquo;analyse de projets de production de chocolat, visant une haute qualit\u00e9, m&rsquo;ont permis d&rsquo;acqu\u00e9rir une exp\u00e9rience vraiment importante dans la r\u00e9duction des \u00e9tudes de criticit\u00e9 sur le processus [&hellip;]<\/p>\n","protected":false},"author":1,"featured_media":0,"parent":0,"menu_order":0,"comment_status":"closed","ping_status":"closed","template":"","meta":{"footnotes":""},"_links":{"self":[{"href":"https:\/\/www.silviobessone.it\/fr\/wp-json\/wp\/v2\/pages\/1853"}],"collection":[{"href":"https:\/\/www.silviobessone.it\/fr\/wp-json\/wp\/v2\/pages"}],"about":[{"href":"https:\/\/www.silviobessone.it\/fr\/wp-json\/wp\/v2\/types\/page"}],"author":[{"embeddable":true,"href":"https:\/\/www.silviobessone.it\/fr\/wp-json\/wp\/v2\/users\/1"}],"replies":[{"embeddable":true,"href":"https:\/\/www.silviobessone.it\/fr\/wp-json\/wp\/v2\/comments?post=1853"}],"version-history":[{"count":4,"href":"https:\/\/www.silviobessone.it\/fr\/wp-json\/wp\/v2\/pages\/1853\/revisions"}],"predecessor-version":[{"id":2702,"href":"https:\/\/www.silviobessone.it\/fr\/wp-json\/wp\/v2\/pages\/1853\/revisions\/2702"}],"wp:attachment":[{"href":"https:\/\/www.silviobessone.it\/fr\/wp-json\/wp\/v2\/media?parent=1853"}],"curies":[{"name":"wp","href":"https:\/\/api.w.org\/{rel}","templated":true}]}}