{"id":1833,"date":"2023-09-04T09:57:46","date_gmt":"2023-09-04T09:57:46","guid":{"rendered":"https:\/\/www.silviobessone.it\/contacts\/"},"modified":"2023-10-23T14:08:26","modified_gmt":"2023-10-23T14:08:26","slug":"contacts","status":"publish","type":"page","link":"https:\/\/www.silviobessone.it\/fr\/contacts\/","title":{"rendered":"CONTACTS"},"content":{"rendered":"\t\t<div data-elementor-type=\"wp-page\" data-elementor-id=\"1833\" class=\"elementor elementor-1833 elementor-29\" data-elementor-post-type=\"page\">\n\t\t\t\t\t\t<section class=\"elementor-section elementor-top-section elementor-element elementor-element-93846e2 elementor-section-boxed elementor-section-height-default elementor-section-height-default\" data-id=\"93846e2\" data-element_type=\"section\">\n\t\t\t\t\t\t<div class=\"elementor-container elementor-column-gap-default\">\n\t\t\t\t\t<div class=\"elementor-column elementor-col-100 elementor-top-column elementor-element elementor-element-d7af1fb\" data-id=\"d7af1fb\" data-element_type=\"column\">\n\t\t\t<div class=\"elementor-widget-wrap elementor-element-populated\">\n\t\t\t\t\t\t<div class=\"elementor-element elementor-element-3263c62 elementor-widget elementor-widget-spacer\" data-id=\"3263c62\" data-element_type=\"widget\" data-widget_type=\"spacer.default\">\n\t\t\t\t<div class=\"elementor-widget-container\">\n\t\t\t\t\t\t\t<div class=\"elementor-spacer\">\n\t\t\t<div class=\"elementor-spacer-inner\"><\/div>\n\t\t<\/div>\n\t\t\t\t\t\t<\/div>\n\t\t\t\t<\/div>\n\t\t\t\t<div class=\"elementor-element elementor-element-195bf25 elementor-widget elementor-widget-image\" data-id=\"195bf25\" data-element_type=\"widget\" data-widget_type=\"image.default\">\n\t\t\t\t<div class=\"elementor-widget-container\">\n\t\t\t\t\t\t\t\t\t\t\t\t\t\t\t<img fetchpriority=\"high\" decoding=\"async\" width=\"800\" height=\"105\" src=\"https:\/\/www.silviobessone.it\/wp-content\/uploads\/2023\/09\/contatti-1024x135.png\" class=\"attachment-large size-large wp-image-1307\" alt=\"\" srcset=\"https:\/\/www.silviobessone.it\/wp-content\/uploads\/2023\/09\/contatti-1024x135.png 1024w, https:\/\/www.silviobessone.it\/wp-content\/uploads\/2023\/09\/contatti-300x39.png 300w, https:\/\/www.silviobessone.it\/wp-content\/uploads\/2023\/09\/contatti-768x101.png 768w, https:\/\/www.silviobessone.it\/wp-content\/uploads\/2023\/09\/contatti.png 1354w\" sizes=\"(max-width: 800px) 100vw, 800px\" \/>\t\t\t\t\t\t\t\t\t\t\t\t\t\t\t<\/div>\n\t\t\t\t<\/div>\n\t\t\t\t<div class=\"elementor-element elementor-element-2cbc5b3 elementor-widget elementor-widget-spacer\" data-id=\"2cbc5b3\" data-element_type=\"widget\" data-widget_type=\"spacer.default\">\n\t\t\t\t<div class=\"elementor-widget-container\">\n\t\t\t\t\t\t\t<div class=\"elementor-spacer\">\n\t\t\t<div class=\"elementor-spacer-inner\"><\/div>\n\t\t<\/div>\n\t\t\t\t\t\t<\/div>\n\t\t\t\t<\/div>\n\t\t\t\t<div class=\"elementor-element elementor-element-5eac09a elementor-widget elementor-widget-heading\" data-id=\"5eac09a\" data-element_type=\"widget\" data-widget_type=\"heading.default\">\n\t\t\t\t<div class=\"elementor-widget-container\">\n\t\t\t\t\t<h1 class=\"elementor-heading-title elementor-size-default\">CONTACTS<\/h1>\t\t\t\t<\/div>\n\t\t\t\t<\/div>\n\t\t\t\t\t<\/div>\n\t\t<\/div>\n\t\t\t\t\t<\/div>\n\t\t<\/section>\n\t\t\t\t<section class=\"elementor-section elementor-top-section elementor-element elementor-element-e8a2b79 elementor-section-boxed elementor-section-height-default elementor-section-height-default\" data-id=\"e8a2b79\" data-element_type=\"section\">\n\t\t\t\t\t\t<div class=\"elementor-container elementor-column-gap-default\">\n\t\t\t\t\t<div class=\"elementor-column elementor-col-50 elementor-top-column elementor-element elementor-element-65b57d2\" data-id=\"65b57d2\" data-element_type=\"column\">\n\t\t\t<div class=\"elementor-widget-wrap elementor-element-populated\">\n\t\t\t\t\t\t<div class=\"elementor-element elementor-element-8e3b722 elementor-widget elementor-widget-text-editor\" data-id=\"8e3b722\" data-element_type=\"widget\" data-widget_type=\"text-editor.default\">\n\t\t\t\t<div class=\"elementor-widget-container\">\n\t\t\t\t\t\t\t\t\t<p>Nous r\u00e9pondons au t\u00e9l\u00e9phone de 9 heures \u00e0 18 heures, sauf le mercredi, jour de fermeture.<\/p>\n<p>Si le t\u00e9l\u00e9phone est libre mais que nous ne r\u00e9pondons pas, cela signifie que tous les op\u00e9rateurs sont occup\u00e9s avec d&rsquo;autres communications, veuillez r\u00e9essayer avec un peu de patience. Nous recevons plus de 150 appels par jour ! \ud83d\ude09 Pour les r\u00e9servations, veuillez envoyer un e-mail \u00e0 <a href=\"mailto:prenotazioni@silviobessone.it\">info@silviobessone.it<\/a><\/p>\n<div class=\"row-fluid\">\n<div class=\"col-md-4\">\n<p>SB Chocolate SRL<\/p>\n<p>Si\u00e8ge social vi Bagetti 11 10145 TORINO<\/p>\n<p>Quartier g\u00e9n\u00e9ral op\u00e9rationnel<\/p>\n<p>Via F. Gallo, 19 &#8211; 12080 SANTUARIO DI VICOFORTE (CN) Italie<\/p>\n<p><a href=\"mailto:info@silviobessone.it\">info@silviobessone.it<\/a><\/p>\n<p>TVA 12602840014<\/p>\n<p>TEL : +39 0174 563312<\/p>\n<p>FAX : +39 0174 565821<\/p>\n<\/div>\n<\/div>\n\t\t\t\t\t\t\t\t<\/div>\n\t\t\t\t<\/div>\n\t\t\t\t\t<\/div>\n\t\t<\/div>\n\t\t\t\t<div class=\"elementor-column elementor-col-50 elementor-top-column elementor-element elementor-element-2fe650c\" data-id=\"2fe650c\" data-element_type=\"column\">\n\t\t\t<div class=\"elementor-widget-wrap elementor-element-populated\">\n\t\t\t\t\t\t<div class=\"elementor-element elementor-element-b2fdf23 elementor-widget elementor-widget-spacer\" data-id=\"b2fdf23\" data-element_type=\"widget\" data-widget_type=\"spacer.default\">\n\t\t\t\t<div class=\"elementor-widget-container\">\n\t\t\t\t\t\t\t<div class=\"elementor-spacer\">\n\t\t\t<div class=\"elementor-spacer-inner\"><\/div>\n\t\t<\/div>\n\t\t\t\t\t\t<\/div>\n\t\t\t\t<\/div>\n\t\t\t\t<div class=\"elementor-element elementor-element-9c73cde elementor-widget elementor-widget-google_maps\" data-id=\"9c73cde\" data-element_type=\"widget\" data-widget_type=\"google_maps.default\">\n\t\t\t\t<div class=\"elementor-widget-container\">\n\t\t\t\t\t\t\t<div class=\"elementor-custom-embed\">\n\t\t\t<iframe loading=\"lazy\"\n\t\t\t\t\tsrc=\"https:\/\/maps.google.com\/maps?q=cioccolocanda%20san%20marco&#038;t=m&#038;z=15&#038;output=embed&#038;iwloc=near\"\n\t\t\t\t\ttitle=\"cioccolocanda san marco\"\n\t\t\t\t\taria-label=\"cioccolocanda san marco\"\n\t\t\t><\/iframe>\n\t\t<\/div>\n\t\t\t\t\t\t<\/div>\n\t\t\t\t<\/div>\n\t\t\t\t\t<\/div>\n\t\t<\/div>\n\t\t\t\t\t<\/div>\n\t\t<\/section>\n\t\t\t\t<section class=\"elementor-section elementor-top-section elementor-element elementor-element-399358f elementor-section-boxed elementor-section-height-default elementor-section-height-default\" data-id=\"399358f\" data-element_type=\"section\">\n\t\t\t\t\t\t<div class=\"elementor-container elementor-column-gap-default\">\n\t\t\t\t\t<div class=\"elementor-column elementor-col-100 elementor-top-column elementor-element elementor-element-82291ce\" data-id=\"82291ce\" data-element_type=\"column\">\n\t\t\t<div class=\"elementor-widget-wrap elementor-element-populated\">\n\t\t\t\t\t\t<div class=\"elementor-element elementor-element-579b462 elementor-widget elementor-widget-text-editor\" data-id=\"579b462\" data-element_type=\"widget\" data-widget_type=\"text-editor.default\">\n\t\t\t\t<div class=\"elementor-widget-container\">\n\t\t\t\t\t\t\t\t\t<p>Il est tr\u00e8s facile de nous rejoindre et de visiter notre atelier : il suffit de prendre la sortie <strong>Niella Tanaro<\/strong> ou <strong>Mondov\u00ed<\/strong> de l&rsquo;<strong>autoroute A6 Turin-Savona<\/strong>, puis de suivre les indications pour le <strong>Sanctuaire de Vicoforte<\/strong> et, en 10 minutes, vous y serez.<\/p>\n<p>Vous pourrez visiter notre atelier d&rsquo;artisanat et d\u00e9guster nos produits r\u00e9put\u00e9s.<\/p>\n<p>Pour nous envoyer vos demandes de renseignements ou d&rsquo;informations sur les produits et les nouveaut\u00e9s, n&rsquo;h\u00e9sitez pas \u00e0 nous envoyer un courriel \u00e0 l&rsquo;adresse suivante : <a href=\"mailto:info@silviobessone.it\">info@silviobessone.it<\/a><\/p>\n<p>Vous recevrez une r\u00e9ponse dans la bo\u00eete aux lettres que vous avez indiqu\u00e9e.<\/p>\n<p>Si vous souhaitez vous inscrire sur notre liste de diffusion et recevoir des informations p\u00e9riodiques, veuillez l&rsquo;indiquer dans l&rsquo;e-mail que vous nous envoyez.<\/p>\n<\/p>\n<p><strong>Le traitement des donn\u00e9es personnelles est soumis \u00e0 la loi sur la protection de la vie priv\u00e9e du 31\/12\/96 &#8211; n\u00b0. 675\/96 et le GDPR.<\/strong><\/p>\n<p><em><a href=\"https:\/\/www.silviobessone.it\/images\/docs\/privacy-it.pdf\" target=\"_blank\" rel=\"noopener noreferrer\">Veuillez lire notre politique de confidentialit\u00e9 (mise \u00e0 jour 31\/05\/2018).<\/a><\/em><\/p>\n<p><em><a href=\"https:\/\/www.silviobessone.it\/images\/docs\/privacy-en.pdf\" target=\"_blank\" rel=\"noopener noreferrer\">Notre politique de confidentialit\u00e9 est \u00e9galement disponible en anglais.<\/a><\/em><\/p>\n\t\t\t\t\t\t\t\t<\/div>\n\t\t\t\t<\/div>\n\t\t\t\t\t<\/div>\n\t\t<\/div>\n\t\t\t\t\t<\/div>\n\t\t<\/section>\n\t\t\t\t<section class=\"elementor-section elementor-top-section elementor-element elementor-element-ca83c4a elementor-section-boxed elementor-section-height-default elementor-section-height-default\" data-id=\"ca83c4a\" data-element_type=\"section\">\n\t\t\t\t\t\t<div class=\"elementor-container elementor-column-gap-default\">\n\t\t\t\t\t<div class=\"elementor-column elementor-col-100 elementor-top-column elementor-element elementor-element-099e248\" data-id=\"099e248\" data-element_type=\"column\">\n\t\t\t<div class=\"elementor-widget-wrap elementor-element-populated\">\n\t\t\t\t\t\t<div class=\"elementor-element elementor-element-d38632e elementor-widget elementor-widget-spacer\" data-id=\"d38632e\" data-element_type=\"widget\" data-widget_type=\"spacer.default\">\n\t\t\t\t<div class=\"elementor-widget-container\">\n\t\t\t\t\t\t\t<div class=\"elementor-spacer\">\n\t\t\t<div class=\"elementor-spacer-inner\"><\/div>\n\t\t<\/div>\n\t\t\t\t\t\t<\/div>\n\t\t\t\t<\/div>\n\t\t\t\t\t<\/div>\n\t\t<\/div>\n\t\t\t\t\t<\/div>\n\t\t<\/section>\n\t\t\t\t<\/div>\n\t\t","protected":false},"excerpt":{"rendered":"<p>CONTACTS Nous r\u00e9pondons au t\u00e9l\u00e9phone de 9 heures \u00e0 18 heures, sauf le mercredi, jour de fermeture. Si le t\u00e9l\u00e9phone est libre mais que nous ne r\u00e9pondons pas, cela signifie que tous les op\u00e9rateurs sont occup\u00e9s avec d&rsquo;autres communications, veuillez r\u00e9essayer avec un peu de patience. Nous recevons plus de 150 appels par jour ! [&hellip;]<\/p>\n","protected":false},"author":1,"featured_media":0,"parent":0,"menu_order":0,"comment_status":"closed","ping_status":"closed","template":"","meta":{"footnotes":""},"_links":{"self":[{"href":"https:\/\/www.silviobessone.it\/fr\/wp-json\/wp\/v2\/pages\/1833"}],"collection":[{"href":"https:\/\/www.silviobessone.it\/fr\/wp-json\/wp\/v2\/pages"}],"about":[{"href":"https:\/\/www.silviobessone.it\/fr\/wp-json\/wp\/v2\/types\/page"}],"author":[{"embeddable":true,"href":"https:\/\/www.silviobessone.it\/fr\/wp-json\/wp\/v2\/users\/1"}],"replies":[{"embeddable":true,"href":"https:\/\/www.silviobessone.it\/fr\/wp-json\/wp\/v2\/comments?post=1833"}],"version-history":[{"count":2,"href":"https:\/\/www.silviobessone.it\/fr\/wp-json\/wp\/v2\/pages\/1833\/revisions"}],"predecessor-version":[{"id":1838,"href":"https:\/\/www.silviobessone.it\/fr\/wp-json\/wp\/v2\/pages\/1833\/revisions\/1838"}],"wp:attachment":[{"href":"https:\/\/www.silviobessone.it\/fr\/wp-json\/wp\/v2\/media?parent=1833"}],"curies":[{"name":"wp","href":"https:\/\/api.w.org\/{rel}","templated":true}]}}