{"id":1828,"date":"2023-09-04T12:12:09","date_gmt":"2023-09-04T12:12:09","guid":{"rendered":"https:\/\/www.silviobessone.it\/la-chocolocanda\/"},"modified":"2023-10-23T14:08:22","modified_gmt":"2023-10-23T14:08:22","slug":"la-chocolocanda","status":"publish","type":"page","link":"https:\/\/www.silviobessone.it\/fr\/la-chocolocanda\/","title":{"rendered":"LA CHOCOLOCANDA"},"content":{"rendered":"\t\t<div data-elementor-type=\"wp-page\" data-elementor-id=\"1828\" class=\"elementor elementor-1828 elementor-98\" data-elementor-post-type=\"page\">\n\t\t\t\t\t\t<section class=\"elementor-section elementor-top-section elementor-element elementor-element-c40001b elementor-section-boxed elementor-section-height-default elementor-section-height-default\" data-id=\"c40001b\" data-element_type=\"section\">\n\t\t\t\t\t\t<div class=\"elementor-container elementor-column-gap-default\">\n\t\t\t\t\t<div class=\"elementor-column elementor-col-100 elementor-top-column elementor-element elementor-element-ca99fb7\" data-id=\"ca99fb7\" data-element_type=\"column\">\n\t\t\t<div class=\"elementor-widget-wrap elementor-element-populated\">\n\t\t\t\t\t\t<div class=\"elementor-element elementor-element-cd2e812 elementor-widget elementor-widget-spacer\" data-id=\"cd2e812\" data-element_type=\"widget\" data-widget_type=\"spacer.default\">\n\t\t\t\t<div class=\"elementor-widget-container\">\n\t\t\t\t\t\t\t<div class=\"elementor-spacer\">\n\t\t\t<div class=\"elementor-spacer-inner\"><\/div>\n\t\t<\/div>\n\t\t\t\t\t\t<\/div>\n\t\t\t\t<\/div>\n\t\t\t\t<div class=\"elementor-element elementor-element-2e002a2 elementor-widget elementor-widget-heading\" data-id=\"2e002a2\" data-element_type=\"widget\" data-widget_type=\"heading.default\">\n\t\t\t\t<div class=\"elementor-widget-container\">\n\t\t\t\t\t<h1 class=\"elementor-heading-title elementor-size-default\">Willy Wonka et la chocolaterie<\/h1>\t\t\t\t<\/div>\n\t\t\t\t<\/div>\n\t\t\t\t<div class=\"elementor-element elementor-element-2c1c7a8 elementor-widget elementor-widget-text-editor\" data-id=\"2c1c7a8\" data-element_type=\"widget\" data-widget_type=\"text-editor.default\">\n\t\t\t\t<div class=\"elementor-widget-container\">\n\t\t\t\t\t\t\t\t\t<p>Lors d&rsquo;une visite \u00e0 la Cioccolocanda, de nombreux clients me demandent comment faire du chocolat amateur ? Si je faisais des cours en OK pour les passionn\u00e9s qui veulent aller plus loin. Depuis 11 ans que la Cioccolocanda existe, le nombre de clients qui en ont profit\u00e9, de diverses mani\u00e8res, en s\u00e9journant, en d\u00e9jeunant ou m\u00eame simplement en visitant le petit Cioccomuseo est sup\u00e9rieur \u00e0 20 000, ce qui constitue une base tr\u00e8s importante pour proposer cette NOUVELLE EXPERIENCE.<\/p>\n\t\t\t\t\t\t\t\t<\/div>\n\t\t\t\t<\/div>\n\t\t\t\t<div class=\"elementor-element elementor-element-df1f9cd elementor-widget elementor-widget-image\" data-id=\"df1f9cd\" data-element_type=\"widget\" data-widget_type=\"image.default\">\n\t\t\t\t<div class=\"elementor-widget-container\">\n\t\t\t\t\t\t\t\t\t\t\t\t\t\t\t<img fetchpriority=\"high\" decoding=\"async\" width=\"1422\" height=\"1003\" src=\"https:\/\/www.silviobessone.it\/wp-content\/uploads\/2023\/09\/20211108_160237.jpg\" class=\"attachment-full size-full wp-image-1411\" alt=\"\" srcset=\"https:\/\/www.silviobessone.it\/wp-content\/uploads\/2023\/09\/20211108_160237.jpg 1422w, https:\/\/www.silviobessone.it\/wp-content\/uploads\/2023\/09\/20211108_160237-300x212.jpg 300w, https:\/\/www.silviobessone.it\/wp-content\/uploads\/2023\/09\/20211108_160237-1024x722.jpg 1024w, https:\/\/www.silviobessone.it\/wp-content\/uploads\/2023\/09\/20211108_160237-768x542.jpg 768w\" sizes=\"(max-width: 1422px) 100vw, 1422px\" \/>\t\t\t\t\t\t\t\t\t\t\t\t\t\t\t<\/div>\n\t\t\t\t<\/div>\n\t\t\t\t<div class=\"elementor-element elementor-element-34f48ba elementor-widget elementor-widget-text-editor\" data-id=\"34f48ba\" data-element_type=\"widget\" data-widget_type=\"text-editor.default\">\n\t\t\t\t<div class=\"elementor-widget-container\">\n\t\t\t\t\t\t\t\t\t<p>J&rsquo;ai concoct\u00e9 un programme passionnant, adapt\u00e9 aux passionn\u00e9s de CioccoAmatori, mais aussi aux familles ! Oui, une nouveaut\u00e9 absolue, cet itin\u00e9raire convient \u00e9galement aux enfants qui peuvent se sentir comme un nouveau <strong>Charlie<\/strong> du c\u00e9l\u00e8bre film <strong>Willy Wonka et la chocolaterie<\/strong>.<\/p>\n<p>Pour ce faire, j&rsquo;ai organis\u00e9 cette exp\u00e9rience : nous commen\u00e7ons par un cours th\u00e9orique et visuel approfondi qui nous emm\u00e8ne de la f\u00e8ve de cacao r\u00e9colt\u00e9e dans la for\u00eat amazonienne \u00e0 tous les processus de transformation, de fermentation et de s\u00e9chage. Ensuite, nous ferons un voyage spatio-temporel dans l&rsquo;usine artisanale de Silvio Bessone, o\u00f9 nous assisterons en quelques minutes \u00e0 la transformation de f\u00e8ves de cacao magiques en chocolat artisanal sp\u00e9cial de Silvio Bessone.<\/p>\n\t\t\t\t\t\t\t\t<\/div>\n\t\t\t\t<\/div>\n\t\t\t\t<div class=\"elementor-element elementor-element-c0308eb elementor-widget elementor-widget-image\" data-id=\"c0308eb\" data-element_type=\"widget\" data-widget_type=\"image.default\">\n\t\t\t\t<div class=\"elementor-widget-container\">\n\t\t\t\t\t\t\t\t\t\t\t\t\t\t\t<img decoding=\"async\" width=\"2144\" height=\"967\" src=\"https:\/\/www.silviobessone.it\/wp-content\/uploads\/2023\/09\/20210810_150025.jpg\" class=\"attachment-full size-full wp-image-1415\" alt=\"\" srcset=\"https:\/\/www.silviobessone.it\/wp-content\/uploads\/2023\/09\/20210810_150025.jpg 2144w, https:\/\/www.silviobessone.it\/wp-content\/uploads\/2023\/09\/20210810_150025-300x135.jpg 300w, https:\/\/www.silviobessone.it\/wp-content\/uploads\/2023\/09\/20210810_150025-1024x462.jpg 1024w, https:\/\/www.silviobessone.it\/wp-content\/uploads\/2023\/09\/20210810_150025-768x346.jpg 768w, https:\/\/www.silviobessone.it\/wp-content\/uploads\/2023\/09\/20210810_150025-1536x693.jpg 1536w, https:\/\/www.silviobessone.it\/wp-content\/uploads\/2023\/09\/20210810_150025-2048x924.jpg 2048w\" sizes=\"(max-width: 2144px) 100vw, 2144px\" \/>\t\t\t\t\t\t\t\t\t\t\t\t\t\t\t<\/div>\n\t\t\t\t<\/div>\n\t\t\t\t<div class=\"elementor-element elementor-element-daf23ab elementor-widget elementor-widget-text-editor\" data-id=\"daf23ab\" data-element_type=\"widget\" data-widget_type=\"text-editor.default\">\n\t\t\t\t<div class=\"elementor-widget-container\">\n\t\t\t\t\t\t\t\t\t<p>Au cours de cette visite, il y a des d\u00e9gustations strat\u00e9giques o\u00f9, en commen\u00e7ant par les meilleures f\u00e8ves de cacao et en passant par la masse de cacao, on arrive \u00e0 du chocolat fin noir, au lait et blanc.<\/p>\n<p>Gianduiotti, les chocolats, les tisanes ou le chocolat chaud jusqu&rsquo;\u00e0 la glace \u00e0 la pulpe de cacao fra\u00eeche sont des variables qui surprennent selon la saison.<\/p>\n<p>Chaque famille trouvera une machine \u00e0 chocolat, ses ingr\u00e9dients pr\u00e9f\u00e9r\u00e9s, un livre de recettes, des bols, des spatules et des bassines, avec tout ce qu&rsquo;il faut pour transformer magiquement les f\u00e8ves de cacao en un magnifique chocolat, dans l&rsquo;atelier magique am\u00e9nag\u00e9 sp\u00e9cialement pour eux. Mais pas n&rsquo;importe quel chocolat, exactement ce qu&rsquo;ils veulent ! Oui, fondant au lait ou fondant blanc, pas de choix.<\/p>\n<p>Une fois le chocolat transform\u00e9, il devra \u00eatre travaill\u00e9 pendant 12 \u00e0 15 heures. Entre-temps, un menu sp\u00e9cial sera servi \u00e0 tous les invit\u00e9s, les Contaminations du cacao pour les adultes et le format des enfants pour les enfants.<\/p>\n\t\t\t\t\t\t\t\t<\/div>\n\t\t\t\t<\/div>\n\t\t\t\t<div class=\"elementor-element elementor-element-ce5ac44 elementor-widget elementor-widget-heading\" data-id=\"ce5ac44\" data-element_type=\"widget\" data-widget_type=\"heading.default\">\n\t\t\t\t<div class=\"elementor-widget-container\">\n\t\t\t\t\t<h4 class=\"elementor-heading-title elementor-size-default\"><a href=\"https:\/\/shop.silviobessone.it\/it\/cioccolocanda-shop\/164-contaminazioni-di-cacao.html\">R\u00c9SERVEZ VOTRE EXP\u00c9RIENCE<\/a><\/h4>\t\t\t\t<\/div>\n\t\t\t\t<\/div>\n\t\t\t\t<div class=\"elementor-element elementor-element-961e3e8 elementor-align-left elementor-widget elementor-widget-button\" data-id=\"961e3e8\" data-element_type=\"widget\" data-widget_type=\"button.default\">\n\t\t\t\t<div class=\"elementor-widget-container\">\n\t\t\t\t\t\t\t\t\t<div class=\"elementor-button-wrapper\">\n\t\t\t\t\t<a class=\"elementor-button elementor-button-link elementor-size-md\" href=\"https:\/\/shop.silviobessone.it\/it\/cioccolocanda-shop\/164-contaminazioni-di-cacao.html\">\n\t\t\t\t\t\t<span class=\"elementor-button-content-wrapper\">\n\t\t\t\t\t\t\t\t\t<span class=\"elementor-button-text\">R\u00e9servez votre place<\/span>\n\t\t\t\t\t<\/span>\n\t\t\t\t\t<\/a>\n\t\t\t\t<\/div>\n\t\t\t\t\t\t\t\t<\/div>\n\t\t\t\t<\/div>\n\t\t\t\t<div class=\"elementor-element elementor-element-925797e elementor-widget elementor-widget-spacer\" data-id=\"925797e\" data-element_type=\"widget\" data-widget_type=\"spacer.default\">\n\t\t\t\t<div class=\"elementor-widget-container\">\n\t\t\t\t\t\t\t<div class=\"elementor-spacer\">\n\t\t\t<div class=\"elementor-spacer-inner\"><\/div>\n\t\t<\/div>\n\t\t\t\t\t\t<\/div>\n\t\t\t\t<\/div>\n\t\t\t\t\t<\/div>\n\t\t<\/div>\n\t\t\t\t\t<\/div>\n\t\t<\/section>\n\t\t\t\t<\/div>\n\t\t","protected":false},"excerpt":{"rendered":"<p>Willy Wonka et la chocolaterie Lors d&rsquo;une visite \u00e0 la Cioccolocanda, de nombreux clients me demandent comment faire du chocolat amateur ? Si je faisais des cours en OK pour les passionn\u00e9s qui veulent aller plus loin. Depuis 11 ans que la Cioccolocanda existe, le nombre de clients qui en ont profit\u00e9, de diverses mani\u00e8res, [&hellip;]<\/p>\n","protected":false},"author":1,"featured_media":0,"parent":0,"menu_order":0,"comment_status":"closed","ping_status":"closed","template":"","meta":{"footnotes":""},"_links":{"self":[{"href":"https:\/\/www.silviobessone.it\/fr\/wp-json\/wp\/v2\/pages\/1828"}],"collection":[{"href":"https:\/\/www.silviobessone.it\/fr\/wp-json\/wp\/v2\/pages"}],"about":[{"href":"https:\/\/www.silviobessone.it\/fr\/wp-json\/wp\/v2\/types\/page"}],"author":[{"embeddable":true,"href":"https:\/\/www.silviobessone.it\/fr\/wp-json\/wp\/v2\/users\/1"}],"replies":[{"embeddable":true,"href":"https:\/\/www.silviobessone.it\/fr\/wp-json\/wp\/v2\/comments?post=1828"}],"version-history":[{"count":3,"href":"https:\/\/www.silviobessone.it\/fr\/wp-json\/wp\/v2\/pages\/1828\/revisions"}],"predecessor-version":[{"id":1839,"href":"https:\/\/www.silviobessone.it\/fr\/wp-json\/wp\/v2\/pages\/1828\/revisions\/1839"}],"wp:attachment":[{"href":"https:\/\/www.silviobessone.it\/fr\/wp-json\/wp\/v2\/media?parent=1828"}],"curies":[{"name":"wp","href":"https:\/\/api.w.org\/{rel}","templated":true}]}}