{"id":1751,"date":"2023-10-18T14:03:13","date_gmt":"2023-10-18T14:03:13","guid":{"rendered":"https:\/\/www.silviobessone.it\/academie\/"},"modified":"2024-12-23T16:27:27","modified_gmt":"2024-12-23T16:27:27","slug":"academie","status":"publish","type":"page","link":"https:\/\/www.silviobessone.it\/fr\/academie\/","title":{"rendered":"ACADEMIE"},"content":{"rendered":"\t\t<div data-elementor-type=\"wp-page\" data-elementor-id=\"1751\" class=\"elementor elementor-1751 elementor-1225\" data-elementor-post-type=\"page\">\n\t\t\t\t\t\t<section class=\"elementor-section elementor-top-section elementor-element elementor-element-e334556 elementor-section-boxed elementor-section-height-default elementor-section-height-default\" data-id=\"e334556\" data-element_type=\"section\">\n\t\t\t\t\t\t<div class=\"elementor-container elementor-column-gap-default\">\n\t\t\t\t\t<div class=\"elementor-column elementor-col-100 elementor-top-column elementor-element elementor-element-0f94861\" data-id=\"0f94861\" data-element_type=\"column\">\n\t\t\t<div class=\"elementor-widget-wrap elementor-element-populated\">\n\t\t\t\t\t\t<div class=\"elementor-element elementor-element-1fbd879 elementor-widget elementor-widget-spacer\" data-id=\"1fbd879\" data-element_type=\"widget\" data-widget_type=\"spacer.default\">\n\t\t\t\t<div class=\"elementor-widget-container\">\n\t\t\t\t\t\t\t<div class=\"elementor-spacer\">\n\t\t\t<div class=\"elementor-spacer-inner\"><\/div>\n\t\t<\/div>\n\t\t\t\t\t\t<\/div>\n\t\t\t\t<\/div>\n\t\t\t\t<div class=\"elementor-element elementor-element-ba9a11d elementor-widget elementor-widget-heading\" data-id=\"ba9a11d\" data-element_type=\"widget\" data-widget_type=\"heading.default\">\n\t\t\t\t<div class=\"elementor-widget-container\">\n\t\t\t\t\t<h2 class=\"elementor-heading-title elementor-size-default\">Bienvenue \u00e0 l'Acad\u00e9mie  <\/h2>\t\t\t\t<\/div>\n\t\t\t\t<\/div>\n\t\t\t\t<div class=\"elementor-element elementor-element-79ffc03 elementor-widget elementor-widget-text-editor\" data-id=\"79ffc03\" data-element_type=\"widget\" data-widget_type=\"text-editor.default\">\n\t\t\t\t<div class=\"elementor-widget-container\">\n\t\t\t\t\t\t\t\t\t<p>Au c\u0153ur de la tradition culinaire et de la passion pour un mode de vie sain et conscient, nous vous souhaitons la bienvenue dans notre acad\u00e9mie en ligne. Ici, vous aurez non seulement l&rsquo;occasion de d\u00e9couvrir les secrets du chocolat et de la cuisine et l&rsquo;art de la pr\u00e9paration des aliments, mais aussi d&rsquo;enrichir vos connaissances sur le monde de l&rsquo;alimentation consciente.<\/p>\n<p>\ud83d\udcda <strong>Livres \u00e9lectroniques gratuits<\/strong>:<\/p>\n<ul>\n<li><strong>Consommateur conscient\u00a0\u00bb<\/strong>: un guide essentiel pour tous ceux qui souhaitent aborder le monde de l&rsquo;alimentation de mani\u00e8re avis\u00e9e et inform\u00e9e. Vous apprendrez \u00e0 faire des choix alimentaires judicieux, \u00e0 comprendre les \u00e9tiquettes et bien plus encore.<\/li>\n<li>\u00ab\u00a0<strong>La levure m\u00e8re\u00a0\u00bb<\/strong>: Plongez dans l&rsquo;art ancien de la boulangerie avec la levure m\u00e8re. Du d\u00e9marrage \u00e0 l&rsquo;entretien, ce livre \u00e9lectronique vous guidera pas \u00e0 pas dans la cr\u00e9ation de votre propre pain maison, parfum\u00e9 et sain.<\/li>\n<\/ul>\n<p>\ud83c\udf74 <strong>Recettes et vid\u00e9os Recettes :<\/strong> Jetez un coup d&rsquo;\u0153il \u00e0 notre s\u00e9lection de recettes, \u00e9labor\u00e9es avec amour et d\u00e9vouement. Que vous soyez d\u00e9butant en cuisine ou cuisinier exp\u00e9riment\u00e9, vous trouverez certainement de quoi aiguiser votre palais et nourrir votre esprit. Et gr\u00e2ce \u00e0 nos recettes vid\u00e9o, vous pouvez suivre chaque \u00e9tape visuellement, ce qui fait de chaque pr\u00e9paration un jeu d&rsquo;enfant !<\/p>\n<p>Nous invitons tous les passionn\u00e9s de cuisine, tous les curieux et tous les gourmands \u00e0 nous rejoindre dans cette aventure culinaire. T\u00e9l\u00e9chargez, d\u00e9couvrez et r\u00e9galez vos sens avec ce que l&rsquo;Acad\u00e9mie a \u00e0 vous offrir.<\/p>\n<p>Bon voyage dans le monde des saveurs et des connaissances !<\/p>\n<p>Liens vers des livres \u00e9lectroniques<\/p>\n<p>Chocolat Passion <a href=\"https:\/\/www.dropbox.com\/s\/co3him7oxvywnsa\/Passione%20Cioccolato.pdf?dl=0\">https:\/\/www.dropbox.com\/s\/co3him7oxvywnsa\/Passione%20Cioccolato.pdf?dl=0<\/a><\/p>\n<p>Aware Chocolatier <a href=\"https:\/\/www.dropbox.com\/s\/co3him7oxvywnsa\/Passione%20Cioccolato.pdf?dl=0\">https:\/\/www.dropbox.com\/s\/co3him7oxvywnsa\/Passione%20Cioccolato.pdf?dl=0<\/a><\/p>\n<p>Les secrets de la levure m\u00e8re <a href=\"https:\/\/www.dropbox.com\/s\/zeydua7gawkdnfn\/I%20segreti%20del%20Lievito%20Madre%20%20by%20Silvio%20Bessone.pdf?dl=0\">https:\/\/www.dropbox.com\/s\/zeydua7gawkdnfn\/I%20segreti%20del%20Lievito%20Madre%20%20by%20Silvio%20Bessone.pdf?dl=0<\/a><\/p>\t\t\t\t\t\t\t\t<\/div>\n\t\t\t\t<\/div>\n\t\t\t\t\t<\/div>\n\t\t<\/div>\n\t\t\t\t\t<\/div>\n\t\t<\/section>\n\t\t\t\t<section class=\"elementor-section elementor-top-section elementor-element elementor-element-efbb223 elementor-section-boxed elementor-section-height-default elementor-section-height-default\" data-id=\"efbb223\" data-element_type=\"section\">\n\t\t\t\t\t\t<div class=\"elementor-container elementor-column-gap-default\">\n\t\t\t\t\t<div class=\"elementor-column elementor-col-33 elementor-top-column elementor-element elementor-element-62fd3b5\" data-id=\"62fd3b5\" data-element_type=\"column\">\n\t\t\t<div class=\"elementor-widget-wrap elementor-element-populated\">\n\t\t\t\t\t\t<div class=\"elementor-element elementor-element-c81e053 elementor-widget elementor-widget-image\" data-id=\"c81e053\" data-element_type=\"widget\" data-widget_type=\"image.default\">\n\t\t\t\t<div class=\"elementor-widget-container\">\n\t\t\t\t\t\t\t\t\t\t\t\t\t\t\t<img fetchpriority=\"high\" decoding=\"async\" width=\"694\" height=\"1000\" src=\"https:\/\/www.silviobessone.it\/wp-content\/uploads\/2023\/11\/hardcoverjacket_700x1000.png\" class=\"attachment-large size-large wp-image-2479\" alt=\"\" srcset=\"https:\/\/www.silviobessone.it\/wp-content\/uploads\/2023\/11\/hardcoverjacket_700x1000.png 694w, https:\/\/www.silviobessone.it\/wp-content\/uploads\/2023\/11\/hardcoverjacket_700x1000-208x300.png 208w\" sizes=\"(max-width: 694px) 100vw, 694px\" \/>\t\t\t\t\t\t\t\t\t\t\t\t\t\t\t<\/div>\n\t\t\t\t<\/div>\n\t\t\t\t\t<\/div>\n\t\t<\/div>\n\t\t\t\t<div class=\"elementor-column elementor-col-33 elementor-top-column elementor-element elementor-element-4262146\" data-id=\"4262146\" data-element_type=\"column\">\n\t\t\t<div class=\"elementor-widget-wrap elementor-element-populated\">\n\t\t\t\t\t\t<div class=\"elementor-element elementor-element-e1a145d elementor-widget elementor-widget-image\" data-id=\"e1a145d\" data-element_type=\"widget\" data-widget_type=\"image.default\">\n\t\t\t\t<div class=\"elementor-widget-container\">\n\t\t\t\t\t\t\t\t\t\t\t\t\t\t\t<img decoding=\"async\" width=\"711\" height=\"1024\" src=\"https:\/\/www.silviobessone.it\/wp-content\/uploads\/2024\/02\/Cioccolatiere-Consapevole-1-711x1024.png\" class=\"attachment-large size-large wp-image-2730\" alt=\"Libro Cioccolatiere consapevole\" srcset=\"https:\/\/www.silviobessone.it\/wp-content\/uploads\/2024\/02\/Cioccolatiere-Consapevole-1-711x1024.png 711w, https:\/\/www.silviobessone.it\/wp-content\/uploads\/2024\/02\/Cioccolatiere-Consapevole-1-208x300.png 208w, https:\/\/www.silviobessone.it\/wp-content\/uploads\/2024\/02\/Cioccolatiere-Consapevole-1.png 747w\" sizes=\"(max-width: 711px) 100vw, 711px\" \/>\t\t\t\t\t\t\t\t\t\t\t\t\t\t\t<\/div>\n\t\t\t\t<\/div>\n\t\t\t\t\t<\/div>\n\t\t<\/div>\n\t\t\t\t<div class=\"elementor-column elementor-col-33 elementor-top-column elementor-element elementor-element-242653c\" data-id=\"242653c\" data-element_type=\"column\">\n\t\t\t<div class=\"elementor-widget-wrap elementor-element-populated\">\n\t\t\t\t\t\t<div class=\"elementor-element elementor-element-d379d17 elementor-widget elementor-widget-image\" data-id=\"d379d17\" data-element_type=\"widget\" data-widget_type=\"image.default\">\n\t\t\t\t<div class=\"elementor-widget-container\">\n\t\t\t\t\t\t\t\t\t\t\t\t\t\t\t<img decoding=\"async\" width=\"710\" height=\"1024\" src=\"https:\/\/www.silviobessone.it\/wp-content\/uploads\/2023\/11\/hardcoverjacket_746x10761-1-710x1024.png\" class=\"attachment-large size-large wp-image-2489\" alt=\"\" srcset=\"https:\/\/www.silviobessone.it\/wp-content\/uploads\/2023\/11\/hardcoverjacket_746x10761-1-710x1024.png 710w, https:\/\/www.silviobessone.it\/wp-content\/uploads\/2023\/11\/hardcoverjacket_746x10761-1-208x300.png 208w, https:\/\/www.silviobessone.it\/wp-content\/uploads\/2023\/11\/hardcoverjacket_746x10761-1.png 746w\" sizes=\"(max-width: 710px) 100vw, 710px\" \/>\t\t\t\t\t\t\t\t\t\t\t\t\t\t\t<\/div>\n\t\t\t\t<\/div>\n\t\t\t\t\t<\/div>\n\t\t<\/div>\n\t\t\t\t\t<\/div>\n\t\t<\/section>\n\t\t\t\t<section class=\"elementor-section elementor-top-section elementor-element elementor-element-be3cb9d elementor-section-boxed elementor-section-height-default elementor-section-height-default\" data-id=\"be3cb9d\" data-element_type=\"section\">\n\t\t\t\t\t\t<div class=\"elementor-container elementor-column-gap-default\">\n\t\t\t\t\t<div class=\"elementor-column elementor-col-100 elementor-top-column elementor-element elementor-element-6310398\" data-id=\"6310398\" data-element_type=\"column\">\n\t\t\t<div class=\"elementor-widget-wrap elementor-element-populated\">\n\t\t\t\t\t\t<div class=\"elementor-element elementor-element-db9453e elementor-widget elementor-widget-text-editor\" data-id=\"db9453e\" data-element_type=\"widget\" data-widget_type=\"text-editor.default\">\n\t\t\t\t<div class=\"elementor-widget-container\">\n\t\t\t\t\t\t\t\t\t<p>Lorem ipsum dolor sit amet, consectetur adipiscing elit. Ut elit tellus, luctus nec ullamcorper mattis, pulvinar dapibus leo.<\/p>\t\t\t\t\t\t\t\t<\/div>\n\t\t\t\t<\/div>\n\t\t\t\t\t<\/div>\n\t\t<\/div>\n\t\t\t\t\t<\/div>\n\t\t<\/section>\n\t\t\t\t<\/div>\n\t\t","protected":false},"excerpt":{"rendered":"<p>Bienvenue \u00e0 l&rsquo;Acad\u00e9mie Au c\u0153ur de la tradition culinaire et de la passion pour un mode de vie sain et conscient, nous vous souhaitons la bienvenue dans notre acad\u00e9mie en ligne. Ici, vous aurez non seulement l&rsquo;occasion de d\u00e9couvrir les secrets du chocolat et de la cuisine et l&rsquo;art de la pr\u00e9paration des aliments, mais [&hellip;]<\/p>\n","protected":false},"author":1,"featured_media":0,"parent":0,"menu_order":0,"comment_status":"closed","ping_status":"closed","template":"","meta":{"footnotes":""},"_links":{"self":[{"href":"https:\/\/www.silviobessone.it\/fr\/wp-json\/wp\/v2\/pages\/1751"}],"collection":[{"href":"https:\/\/www.silviobessone.it\/fr\/wp-json\/wp\/v2\/pages"}],"about":[{"href":"https:\/\/www.silviobessone.it\/fr\/wp-json\/wp\/v2\/types\/page"}],"author":[{"embeddable":true,"href":"https:\/\/www.silviobessone.it\/fr\/wp-json\/wp\/v2\/users\/1"}],"replies":[{"embeddable":true,"href":"https:\/\/www.silviobessone.it\/fr\/wp-json\/wp\/v2\/comments?post=1751"}],"version-history":[{"count":2,"href":"https:\/\/www.silviobessone.it\/fr\/wp-json\/wp\/v2\/pages\/1751\/revisions"}],"predecessor-version":[{"id":2802,"href":"https:\/\/www.silviobessone.it\/fr\/wp-json\/wp\/v2\/pages\/1751\/revisions\/2802"}],"wp:attachment":[{"href":"https:\/\/www.silviobessone.it\/fr\/wp-json\/wp\/v2\/media?parent=1751"}],"curies":[{"name":"wp","href":"https:\/\/api.w.org\/{rel}","templated":true}]}}