{"id":1643,"date":"2023-09-04T09:56:46","date_gmt":"2023-09-04T09:56:46","guid":{"rendered":"https:\/\/www.silviobessone.it\/profil\/"},"modified":"2023-10-23T08:06:03","modified_gmt":"2023-10-23T08:06:03","slug":"profil","status":"publish","type":"page","link":"https:\/\/www.silviobessone.it\/fr\/profil\/","title":{"rendered":"PROFIL"},"content":{"rendered":"\t\t<div data-elementor-type=\"wp-page\" data-elementor-id=\"1643\" class=\"elementor elementor-1643 elementor-14\" data-elementor-post-type=\"page\">\n\t\t\t\t\t\t<section class=\"elementor-section elementor-top-section elementor-element elementor-element-000c522 elementor-section-boxed elementor-section-height-default elementor-section-height-default\" data-id=\"000c522\" data-element_type=\"section\">\n\t\t\t\t\t\t<div class=\"elementor-container elementor-column-gap-default\">\n\t\t\t\t\t<div class=\"elementor-column elementor-col-100 elementor-top-column elementor-element elementor-element-684727b\" data-id=\"684727b\" data-element_type=\"column\">\n\t\t\t<div class=\"elementor-widget-wrap elementor-element-populated\">\n\t\t\t\t\t\t<div class=\"elementor-element elementor-element-bcc1778 elementor-widget elementor-widget-spacer\" data-id=\"bcc1778\" data-element_type=\"widget\" data-widget_type=\"spacer.default\">\n\t\t\t\t<div class=\"elementor-widget-container\">\n\t\t\t\t\t\t\t<div class=\"elementor-spacer\">\n\t\t\t<div class=\"elementor-spacer-inner\"><\/div>\n\t\t<\/div>\n\t\t\t\t\t\t<\/div>\n\t\t\t\t<\/div>\n\t\t\t\t<div class=\"elementor-element elementor-element-3127357 elementor-widget elementor-widget-image\" data-id=\"3127357\" data-element_type=\"widget\" data-widget_type=\"image.default\">\n\t\t\t\t<div class=\"elementor-widget-container\">\n\t\t\t\t\t\t\t\t\t\t\t\t\t\t\t<img fetchpriority=\"high\" decoding=\"async\" width=\"1354\" height=\"249\" src=\"https:\/\/www.silviobessone.it\/wp-content\/uploads\/2023\/09\/silvio-bessone.png\" class=\"attachment-full size-full wp-image-1331\" alt=\"\" srcset=\"https:\/\/www.silviobessone.it\/wp-content\/uploads\/2023\/09\/silvio-bessone.png 1354w, https:\/\/www.silviobessone.it\/wp-content\/uploads\/2023\/09\/silvio-bessone-300x55.png 300w, https:\/\/www.silviobessone.it\/wp-content\/uploads\/2023\/09\/silvio-bessone-1024x188.png 1024w, https:\/\/www.silviobessone.it\/wp-content\/uploads\/2023\/09\/silvio-bessone-768x141.png 768w\" sizes=\"(max-width: 1354px) 100vw, 1354px\" \/>\t\t\t\t\t\t\t\t\t\t\t\t\t\t\t<\/div>\n\t\t\t\t<\/div>\n\t\t\t\t<div class=\"elementor-element elementor-element-829a6ae elementor-widget elementor-widget-spacer\" data-id=\"829a6ae\" data-element_type=\"widget\" data-widget_type=\"spacer.default\">\n\t\t\t\t<div class=\"elementor-widget-container\">\n\t\t\t\t\t\t\t<div class=\"elementor-spacer\">\n\t\t\t<div class=\"elementor-spacer-inner\"><\/div>\n\t\t<\/div>\n\t\t\t\t\t\t<\/div>\n\t\t\t\t<\/div>\n\t\t\t\t\t<\/div>\n\t\t<\/div>\n\t\t\t\t\t<\/div>\n\t\t<\/section>\n\t\t\t\t<section class=\"elementor-section elementor-top-section elementor-element elementor-element-8e8fdf3 elementor-section-boxed elementor-section-height-default elementor-section-height-default\" data-id=\"8e8fdf3\" data-element_type=\"section\">\n\t\t\t\t\t\t<div class=\"elementor-container elementor-column-gap-default\">\n\t\t\t\t\t<div class=\"elementor-column elementor-col-33 elementor-top-column elementor-element elementor-element-b6b60ad\" data-id=\"b6b60ad\" data-element_type=\"column\">\n\t\t\t<div class=\"elementor-widget-wrap elementor-element-populated\">\n\t\t\t\t\t\t<div class=\"elementor-element elementor-element-0ffd639 elementor-align-center pulsante-personalizzato elementor-widget elementor-widget-button\" data-id=\"0ffd639\" data-element_type=\"widget\" data-widget_type=\"button.default\">\n\t\t\t\t<div class=\"elementor-widget-container\">\n\t\t\t\t\t\t\t\t\t<div class=\"elementor-button-wrapper\">\n\t\t\t\t\t<a class=\"elementor-button elementor-button-link elementor-size-sm elementor-animation-shrink\" href=\"https:\/\/www.silviobessone.it\/fr\/?page_id=1643\">\n\t\t\t\t\t\t<span class=\"elementor-button-content-wrapper\">\n\t\t\t\t\t\t\t\t\t<span class=\"elementor-button-text\">SILVIO BESSONE<\/span>\n\t\t\t\t\t<\/span>\n\t\t\t\t\t<\/a>\n\t\t\t\t<\/div>\n\t\t\t\t\t\t\t\t<\/div>\n\t\t\t\t<\/div>\n\t\t\t\t<div class=\"elementor-element elementor-element-14fb0f3 elementor-align-center pulsante-personalizzato elementor-widget elementor-widget-button\" data-id=\"14fb0f3\" data-element_type=\"widget\" data-widget_type=\"button.default\">\n\t\t\t\t<div class=\"elementor-widget-container\">\n\t\t\t\t\t\t\t\t\t<div class=\"elementor-button-wrapper\">\n\t\t\t\t\t<a class=\"elementor-button elementor-button-link elementor-size-sm elementor-animation-shrink\" href=\"https:\/\/www.silviobessone.it\/lazienda\/\">\n\t\t\t\t\t\t<span class=\"elementor-button-content-wrapper\">\n\t\t\t\t\t\t\t\t\t<span class=\"elementor-button-text\">L'ENTREPRISE<\/span>\n\t\t\t\t\t<\/span>\n\t\t\t\t\t<\/a>\n\t\t\t\t<\/div>\n\t\t\t\t\t\t\t\t<\/div>\n\t\t\t\t<\/div>\n\t\t\t\t<div class=\"elementor-element elementor-element-7b063d3 elementor-align-center pulsante-personalizzato elementor-widget elementor-widget-button\" data-id=\"7b063d3\" data-element_type=\"widget\" data-widget_type=\"button.default\">\n\t\t\t\t<div class=\"elementor-widget-container\">\n\t\t\t\t\t\t\t\t\t<div class=\"elementor-button-wrapper\">\n\t\t\t\t\t<a class=\"elementor-button elementor-button-link elementor-size-sm elementor-animation-shrink\" href=\"https:\/\/www.silviobessone.it\/concorsi-e-manifestazioni\/\">\n\t\t\t\t\t\t<span class=\"elementor-button-content-wrapper\">\n\t\t\t\t\t\t\t\t\t<span class=\"elementor-button-text\">CONCOURS ET \u00c9V\u00c9NEMENTS<\/span>\n\t\t\t\t\t<\/span>\n\t\t\t\t\t<\/a>\n\t\t\t\t<\/div>\n\t\t\t\t\t\t\t\t<\/div>\n\t\t\t\t<\/div>\n\t\t\t\t<div class=\"elementor-element elementor-element-cd04fb7 elementor-align-center pulsante-personalizzato elementor-widget elementor-widget-button\" data-id=\"cd04fb7\" data-element_type=\"widget\" data-widget_type=\"button.default\">\n\t\t\t\t<div class=\"elementor-widget-container\">\n\t\t\t\t\t\t\t\t\t<div class=\"elementor-button-wrapper\">\n\t\t\t\t\t<a class=\"elementor-button elementor-button-link elementor-size-sm elementor-animation-shrink\" href=\"https:\/\/www.silviobessone.it\/silvio-bessone-e-la-tv\/\">\n\t\t\t\t\t\t<span class=\"elementor-button-content-wrapper\">\n\t\t\t\t\t\t\t\t\t<span class=\"elementor-button-text\">SILVIO BESSONE ET LA TV<\/span>\n\t\t\t\t\t<\/span>\n\t\t\t\t\t<\/a>\n\t\t\t\t<\/div>\n\t\t\t\t\t\t\t\t<\/div>\n\t\t\t\t<\/div>\n\t\t\t\t<div class=\"elementor-element elementor-element-9fd998a elementor-align-center pulsante-personalizzato elementor-widget elementor-widget-button\" data-id=\"9fd998a\" data-element_type=\"widget\" data-widget_type=\"button.default\">\n\t\t\t\t<div class=\"elementor-widget-container\">\n\t\t\t\t\t\t\t\t\t<div class=\"elementor-button-wrapper\">\n\t\t\t\t\t<a class=\"elementor-button elementor-button-link elementor-size-sm elementor-animation-shrink\" href=\"https:\/\/www.silviobessone.it\/five\/\">\n\t\t\t\t\t\t<span class=\"elementor-button-content-wrapper\">\n\t\t\t\t\t\t\t\t\t<span class=\"elementor-button-text\">CINQ<\/span>\n\t\t\t\t\t<\/span>\n\t\t\t\t\t<\/a>\n\t\t\t\t<\/div>\n\t\t\t\t\t\t\t\t<\/div>\n\t\t\t\t<\/div>\n\t\t\t\t<div class=\"elementor-element elementor-element-e8a731b elementor-align-center pulsante-personalizzato elementor-widget elementor-widget-button\" data-id=\"e8a731b\" data-element_type=\"widget\" data-widget_type=\"button.default\">\n\t\t\t\t<div class=\"elementor-widget-container\">\n\t\t\t\t\t\t\t\t\t<div class=\"elementor-button-wrapper\">\n\t\t\t\t\t<a class=\"elementor-button elementor-button-link elementor-size-sm elementor-animation-shrink\" href=\"https:\/\/www.silviobessone.it\/cioccolato-friend\/\">\n\t\t\t\t\t\t<span class=\"elementor-button-content-wrapper\">\n\t\t\t\t\t\t\t\t\t<span class=\"elementor-button-text\">CHOCOLAT &amp; AMI<\/span>\n\t\t\t\t\t<\/span>\n\t\t\t\t\t<\/a>\n\t\t\t\t<\/div>\n\t\t\t\t\t\t\t\t<\/div>\n\t\t\t\t<\/div>\n\t\t\t\t<div class=\"elementor-element elementor-element-0dd2c57 elementor-align-center pulsante-personalizzato elementor-widget elementor-widget-button\" data-id=\"0dd2c57\" data-element_type=\"widget\" data-widget_type=\"button.default\">\n\t\t\t\t<div class=\"elementor-widget-container\">\n\t\t\t\t\t\t\t\t\t<div class=\"elementor-button-wrapper\">\n\t\t\t\t\t<a class=\"elementor-button elementor-button-link elementor-size-sm elementor-animation-shrink\" href=\"#\">\n\t\t\t\t\t\t<span class=\"elementor-button-content-wrapper\">\n\t\t\t\t\t\t\t\t\t<span class=\"elementor-button-text\">ACADEMIE<\/span>\n\t\t\t\t\t<\/span>\n\t\t\t\t\t<\/a>\n\t\t\t\t<\/div>\n\t\t\t\t\t\t\t\t<\/div>\n\t\t\t\t<\/div>\n\t\t\t\t\t<\/div>\n\t\t<\/div>\n\t\t\t\t<div class=\"elementor-column elementor-col-66 elementor-top-column elementor-element elementor-element-a1ac153\" data-id=\"a1ac153\" data-element_type=\"column\">\n\t\t\t<div class=\"elementor-widget-wrap elementor-element-populated\">\n\t\t\t\t\t\t<div class=\"elementor-element elementor-element-7fa67e0 elementor-widget elementor-widget-heading\" data-id=\"7fa67e0\" data-element_type=\"widget\" data-widget_type=\"heading.default\">\n\t\t\t\t<div class=\"elementor-widget-container\">\n\t\t\t\t\t<h2 class=\"elementor-heading-title elementor-size-default\">SILVIO BESSONE<\/h2>\t\t\t\t<\/div>\n\t\t\t\t<\/div>\n\t\t\t\t<div class=\"elementor-element elementor-element-d09746e elementor-widget-divider--view-line elementor-widget elementor-widget-divider\" data-id=\"d09746e\" data-element_type=\"widget\" data-widget_type=\"divider.default\">\n\t\t\t\t<div class=\"elementor-widget-container\">\n\t\t\t\t\t\t\t<div class=\"elementor-divider\">\n\t\t\t<span class=\"elementor-divider-separator\">\n\t\t\t\t\t\t<\/span>\n\t\t<\/div>\n\t\t\t\t\t\t<\/div>\n\t\t\t\t<\/div>\n\t\t\t\t<div class=\"elementor-element elementor-element-22de62d elementor-widget elementor-widget-text-editor\" data-id=\"22de62d\" data-element_type=\"widget\" data-widget_type=\"text-editor.default\">\n\t\t\t\t<div class=\"elementor-widget-container\">\n\t\t\t\t\t\t\t\t\t<p>  Directeur unique SB Chocolate SRL<\/p>\n<p>Pr\u00e9sident de la soci\u00e9t\u00e9 <strong>San Marco snc di Bessone Silvio &amp; C.<\/strong><\/p>\n<p>Secr\u00e9taire de l&rsquo;entreprise <em>\u00ab\u00a0Le Delizie di Silvio Bessone\u00a0\u00bb<\/em> et de <em>Vinai Mariangela s.n.c. <\/em>&#8211; Vicoforte.<\/p>\n<p>Technologue et expert en production de chocolat, consultant international pour des projets solidaires et \u00e9cologiques en Tha\u00eflande, au Guatemala, en Tanzanie, au Br\u00e9sil, en R\u00e9publique dominicaine, en \u00c9quateur, au Costa Rica, en C\u00f4te d&rsquo;Ivoire et au Sri Lanka.<\/p>\n\t\t\t\t\t\t\t\t<\/div>\n\t\t\t\t<\/div>\n\t\t\t\t<div class=\"elementor-element elementor-element-7291416 elementor-widget elementor-widget-heading\" data-id=\"7291416\" data-element_type=\"widget\" data-widget_type=\"heading.default\">\n\t\t\t\t<div class=\"elementor-widget-container\">\n\t\t\t\t\t<h4 class=\"elementor-heading-title elementor-size-default\">Une passion qui remonte \u00e0 l'enfance - l'histoire de Silvio Bessone<\/h4>\t\t\t\t<\/div>\n\t\t\t\t<\/div>\n\t\t\t\t<div class=\"elementor-element elementor-element-a9d56cd elementor-widget elementor-widget-text-editor\" data-id=\"a9d56cd\" data-element_type=\"widget\" data-widget_type=\"text-editor.default\">\n\t\t\t\t<div class=\"elementor-widget-container\">\n\t\t\t\t\t\t\t\t\t<p>\u00ab\u00a0\u00c0 l&rsquo;\u00e2ge de cinq ans, j&rsquo;ai dit \u00e0 mon p\u00e8re que j&rsquo;allais devenir p\u00e2tissier.<\/p>\n<p>Depuis ce jour, en jouant avec les casseroles de mes cousins, je faisais des puddings.<\/p>\n<p>  D\u00e8s que j&rsquo;ai \u00e9t\u00e9 plus grande, en cinqui\u00e8me, j&rsquo;ai commenc\u00e9 \u00e0 fr\u00e9quenter une p\u00e2tisserie \u00e0 Frabosa, profitant de la r\u00e9cr\u00e9ation de l&rsquo;internat pour faire des choux \u00e0 la cr\u00e8me pour mes camarades de classe.<\/p>\n\t\t\t\t\t\t\t\t<\/div>\n\t\t\t\t<\/div>\n\t\t\t\t<div class=\"elementor-element elementor-element-0a90d3c elementor-widget__width-initial elementor-widget elementor-widget-text-editor\" data-id=\"0a90d3c\" data-element_type=\"widget\" data-widget_type=\"text-editor.default\">\n\t\t\t\t<div class=\"elementor-widget-container\">\n\t\t\t\t\t\t\t\t\t<p><img decoding=\"async\" class=\"size-medium wp-image-304 alignleft\" src=\"https:\/\/www.silviobessone.it\/wp-content\/uploads\/2023\/09\/profilo2-152x300.jpg\" alt=\"\" width=\"152\" height=\"300\" srcset=\"https:\/\/www.silviobessone.it\/wp-content\/uploads\/2023\/09\/profilo2-152x300.jpg 152w, https:\/\/www.silviobessone.it\/wp-content\/uploads\/2023\/09\/profilo2.jpg 200w\" sizes=\"(max-width: 152px) 100vw, 152px\" \/>Une succession d&rsquo;indices, une confirmation constante et, \u00e0 ce jour, jamais de r\u00e9pit.<\/p>\n<p>Je ne cesse de renforcer la certitude que ma vocation approche les beaux moments de la vie et marque les \u00e9tapes importantes pour mes clients, qu&rsquo;il s&rsquo;agisse d&rsquo;un mariage ou d&rsquo;un bapt\u00eame.<\/p>\n<p>S&rsquo;il est vrai que c&rsquo;est le d\u00e9sir d&rsquo;affection qui attire une personne vers le chocolat, ma satisfaction est double.<\/p>\n<p>Un travail que l&rsquo;on aime et qui, en m\u00eame temps, r\u00e9pond aux besoins des autres.<\/p>\n<p>Ils s&rsquo;efforcent constamment de donner de la joie, de provoquer des \u00e9motions, d&rsquo;\u00e9tonner avec des saveurs uniques.<\/p>\n<p>Si parfois cela ne fonctionne pas aussi bien que je le souhaiterais, je me sens pouss\u00e9e \u00e0 toujours m&rsquo;am\u00e9liorer et \u00e0 ne jamais rel\u00e2cher mon attention et mon engagement.<\/p>\n\t\t\t\t\t\t\t\t<\/div>\n\t\t\t\t<\/div>\n\t\t\t\t<div class=\"elementor-element elementor-element-1a6c64c elementor-widget elementor-widget-text-editor\" data-id=\"1a6c64c\" data-element_type=\"widget\" data-widget_type=\"text-editor.default\">\n\t\t\t\t<div class=\"elementor-widget-container\">\n\t\t\t\t\t\t\t\t\t<p>La recherche constante de nouveaux produits me distrait parfois et m&rsquo;\u00e9loigne des produits exceptionnels qui sont oubli\u00e9s, n\u00e9glig\u00e9s ou insuffisamment valoris\u00e9s.<\/p>\n<p>C&rsquo;est pourquoi mon projet actuel vise \u00e9galement \u00e0 red\u00e9couvrir d&rsquo;anciennes recettes de l&rsquo;histoire du chocolat et, peut-\u00eatre, \u00e0 les faire conna\u00eetre \u00e0 d&rsquo;autres.<\/p>\n<p>  oubli\u00e9s dans la course vers le nouveau.<\/p>\n<p><img decoding=\"async\" class=\" wp-image-308 alignright\" src=\"https:\/\/www.silviobessone.it\/wp-content\/uploads\/2023\/09\/profilo1-152x300.jpg\" alt=\"\" width=\"149\" height=\"294\" srcset=\"https:\/\/www.silviobessone.it\/wp-content\/uploads\/2023\/09\/profilo1-152x300.jpg 152w, https:\/\/www.silviobessone.it\/wp-content\/uploads\/2023\/09\/profilo1.jpg 200w\" sizes=\"(max-width: 149px) 100vw, 149px\" \/><\/p>\n<\/p>\n<p>Le retour aux sources conduit in\u00e9vitablement \u00e0 red\u00e9couvrir des combinaisons de vari\u00e9t\u00e9s de cacao.<\/p>\n<p>La recherche constante de nouveaux produits me distrait parfois et m&rsquo;\u00e9loigne des produits exceptionnels qui sont oubli\u00e9s, n\u00e9glig\u00e9s ou insuffisamment valoris\u00e9s.<\/p>\n<p>C&rsquo;est pourquoi mon projet actuel vise \u00e9galement \u00e0 red\u00e9couvrir de vieilles recettes issues de l&rsquo;histoire du chocolat et peut-\u00eatre oubli\u00e9es dans la course \u00e0 la nouveaut\u00e9.<\/p>\n<\/p>\n<p>Le retour aux sources conduit in\u00e9vitablement \u00e0 red\u00e9couvrir des combinaisons de vari\u00e9t\u00e9s de cacao.<\/p>\n<p>C&rsquo;est la raison pour laquelle je pars personnellement \u00e0 la recherche du cacaoyer dans ses pays d&rsquo;origine.<\/p><\/p>\n\t\t\t\t\t\t\t\t<\/div>\n\t\t\t\t<\/div>\n\t\t\t\t<div class=\"elementor-element elementor-element-c2e3e81 elementor-widget elementor-widget-spacer\" data-id=\"c2e3e81\" data-element_type=\"widget\" data-widget_type=\"spacer.default\">\n\t\t\t\t<div class=\"elementor-widget-container\">\n\t\t\t\t\t\t\t<div class=\"elementor-spacer\">\n\t\t\t<div class=\"elementor-spacer-inner\"><\/div>\n\t\t<\/div>\n\t\t\t\t\t\t<\/div>\n\t\t\t\t<\/div>\n\t\t\t\t\t<\/div>\n\t\t<\/div>\n\t\t\t\t\t<\/div>\n\t\t<\/section>\n\t\t\t\t<\/div>\n\t\t","protected":false},"excerpt":{"rendered":"<p>SILVIO BESSONE L&rsquo;ENTREPRISE CONCOURS ET \u00c9V\u00c9NEMENTS SILVIO BESSONE ET LA TV CINQ CHOCOLAT &amp; AMI ACADEMIE SILVIO BESSONE Directeur unique SB Chocolate SRL Pr\u00e9sident de la soci\u00e9t\u00e9 San Marco snc di Bessone Silvio &amp; C. Secr\u00e9taire de l&rsquo;entreprise \u00ab\u00a0Le Delizie di Silvio Bessone\u00a0\u00bb et de Vinai Mariangela s.n.c. &#8211; Vicoforte. Technologue et expert en production [&hellip;]<\/p>\n","protected":false},"author":1,"featured_media":0,"parent":0,"menu_order":0,"comment_status":"closed","ping_status":"closed","template":"","meta":{"footnotes":""},"_links":{"self":[{"href":"https:\/\/www.silviobessone.it\/fr\/wp-json\/wp\/v2\/pages\/1643"}],"collection":[{"href":"https:\/\/www.silviobessone.it\/fr\/wp-json\/wp\/v2\/pages"}],"about":[{"href":"https:\/\/www.silviobessone.it\/fr\/wp-json\/wp\/v2\/types\/page"}],"author":[{"embeddable":true,"href":"https:\/\/www.silviobessone.it\/fr\/wp-json\/wp\/v2\/users\/1"}],"replies":[{"embeddable":true,"href":"https:\/\/www.silviobessone.it\/fr\/wp-json\/wp\/v2\/comments?post=1643"}],"version-history":[{"count":7,"href":"https:\/\/www.silviobessone.it\/fr\/wp-json\/wp\/v2\/pages\/1643\/revisions"}],"predecessor-version":[{"id":1656,"href":"https:\/\/www.silviobessone.it\/fr\/wp-json\/wp\/v2\/pages\/1643\/revisions\/1656"}],"wp:attachment":[{"href":"https:\/\/www.silviobessone.it\/fr\/wp-json\/wp\/v2\/media?parent=1643"}],"curies":[{"name":"wp","href":"https:\/\/api.w.org\/{rel}","templated":true}]}}