{"id":2631,"date":"2024-02-28T08:23:35","date_gmt":"2024-02-28T08:23:35","guid":{"rendered":"https:\/\/www.silviobessone.it\/estancia-achocolatada\/"},"modified":"2024-02-28T15:10:04","modified_gmt":"2024-02-28T15:10:04","slug":"estancia-achocolatada","status":"publish","type":"page","link":"https:\/\/www.silviobessone.it\/es\/estancia-achocolatada\/","title":{"rendered":"Estancia achocolatada"},"content":{"rendered":"\t\t<div data-elementor-type=\"wp-page\" data-elementor-id=\"2631\" class=\"elementor elementor-2631 elementor-2578\" data-elementor-post-type=\"page\">\n\t\t\t\t\t\t<section class=\"elementor-section elementor-top-section elementor-element elementor-element-1f668e0 elementor-section-boxed elementor-section-height-default elementor-section-height-default\" data-id=\"1f668e0\" data-element_type=\"section\">\n\t\t\t\t\t\t<div class=\"elementor-container elementor-column-gap-default\">\n\t\t\t\t\t<div class=\"elementor-column elementor-col-100 elementor-top-column elementor-element elementor-element-feb5102\" data-id=\"feb5102\" data-element_type=\"column\">\n\t\t\t<div class=\"elementor-widget-wrap elementor-element-populated\">\n\t\t\t\t\t\t<div class=\"elementor-element elementor-element-929cbf9 elementor-widget elementor-widget-spacer\" data-id=\"929cbf9\" data-element_type=\"widget\" data-widget_type=\"spacer.default\">\n\t\t\t\t<div class=\"elementor-widget-container\">\n\t\t\t\t\t\t\t<div class=\"elementor-spacer\">\n\t\t\t<div class=\"elementor-spacer-inner\"><\/div>\n\t\t<\/div>\n\t\t\t\t\t\t<\/div>\n\t\t\t\t<\/div>\n\t\t\t\t<div class=\"elementor-element elementor-element-a0767cd elementor-widget elementor-widget-heading\" data-id=\"a0767cd\" data-element_type=\"widget\" data-widget_type=\"heading.default\">\n\t\t\t\t<div class=\"elementor-widget-container\">\n\t\t\t\t\t<h2 class=\"elementor-heading-title elementor-size-default\">Estancia achocolatada <\/h2>\t\t\t\t<\/div>\n\t\t\t\t<\/div>\n\t\t\t\t<div class=\"elementor-element elementor-element-88795ab elementor-widget elementor-widget-spacer\" data-id=\"88795ab\" data-element_type=\"widget\" data-widget_type=\"spacer.default\">\n\t\t\t\t<div class=\"elementor-widget-container\">\n\t\t\t\t\t\t\t<div class=\"elementor-spacer\">\n\t\t\t<div class=\"elementor-spacer-inner\"><\/div>\n\t\t<\/div>\n\t\t\t\t\t\t<\/div>\n\t\t\t\t<\/div>\n\t\t\t\t<div class=\"elementor-element elementor-element-a3e1595 elementor-widget elementor-widget-text-editor\" data-id=\"a3e1595\" data-element_type=\"widget\" data-widget_type=\"text-editor.default\">\n\t\t\t\t<div class=\"elementor-widget-container\">\n\t\t\t\t\t\t\t\t\t<p><strong>Estancia de chocolate en la Cioccolocanda<\/strong><\/p>\n<p><strong>Viva en pareja una experiencia inolvidable en el coraz\u00f3n del chocolate.<\/strong><\/p>\n\t\t\t\t\t\t\t\t<\/div>\n\t\t\t\t<\/div>\n\t\t\t\t<div class=\"elementor-element elementor-element-8aa349e elementor-widget elementor-widget-text-editor\" data-id=\"8aa349e\" data-element_type=\"widget\" data-widget_type=\"text-editor.default\">\n\t\t\t\t<div class=\"elementor-widget-container\">\n\t\t\t\t\t\t\t\t\t<p><strong>D\u00eda 1:<\/strong><\/p>\n<ul>\n<li><strong>15.00 h:<\/strong> Llegada y acogida en la Cioccolocanda.<\/li>\n<li><strong>18.00 h:<\/strong> Sum\u00e9rjase en la historia y la fascinaci\u00f3n del chocolate con una visita guiada a nuestro Museo del Chocolate. Descubrir\u00e1 el viaje del cacao, desde la semilla hasta la irresistible tableta, enriqueciendo su experiencia con una degustaci\u00f3n guiada de nuestros mejores chocolates.<\/li>\n<li><strong>19:00:<\/strong> \u00danase a m\u00ed, Silvio Bessone, durante una hora de pura dulzura. Durante nuestra clase de pasteler\u00eda, aprenderemos juntos a crear un delicioso pastel de chocolate que luego serviremos como postre para la cena.<\/li>\n<li><strong>Cena:<\/strong> Tras una tarde de chocolate, disfrute de una cena gourmet en la que la tradici\u00f3n culinaria de la regi\u00f3n se une a la tentaci\u00f3n del cacao. Cada plato cuenta una historia, cada sabor es un viaje.<\/li>\n<li><strong>Un pralin\u00e9 vertical:<\/strong> Se servir\u00e1n tres bombones seg\u00fan la estaci\u00f3n y\/o el d\u00eda a cada pareja y preceder\u00e1n al caf\u00e9.<\/li>\n<li><strong>Durante la cena se servir\u00e1n diferentes copas de vino o cerveza de cacao adecuadas al plato.<\/strong><\/li>\n<li>El men\u00fa incluir\u00e1 agua y caf\u00e9<\/li>\n<\/ul>\n<p><strong>Del 21 de septiembre al 30 de enero, ser\u00e1 posible sustituir un plato del men\u00fa por otro de trufa blanca a cambio de una peque\u00f1a contribuci\u00f3n econ\u00f3mica. Var\u00eda en funci\u00f3n de la temporada y del valor de la trufa en ese momento.  <\/strong><\/p>\n<ul>\n<li><strong>Noche de chocolate:<\/strong> Rel\u00e1jese en su habitaci\u00f3n, inspirada y dedicada a uno de los pa\u00edses productores de cacao. Pero la noche no acaba ah\u00ed: un exclusivo kit de fondue de chocolate le espera para mimarle antes de un merecido descanso.<\/li>\n<\/ul>\n<p><strong>D\u00eda 2:<\/strong><\/p>\n<ul>\n<li>Desayuno<strong>:<\/strong> Comience el d\u00eda con un copioso desayuno en el que el chocolate es el rey indiscutible. De lo dulce a lo salado, cada propuesta es un homenaje al cacao y a sus infinitos matices.<\/li>\n<\/ul>\n<p><strong>Tratamientos exclusivos (previa reserva y no incluidos en la oferta de estancia):<\/strong><\/p>\n<ul>\n<li>Ba\u00f1o de <strong>chocolate:<\/strong> Reg\u00e1lese un momento de puro lujo y bienestar en nuestro ba\u00f1o de chocolate. Sum\u00e9rjase en un ba\u00f1o de chocolate en pareja, con suave m\u00fasica de fondo para vivir una experiencia realmente inolvidable.<\/li>\n<li><strong>CioccoMassage:<\/strong> R\u00edndase a las expertas manos de nuestro cualificado profesional y d\u00e9jese envolver por los beneficios de una soluci\u00f3n compuesta por pasta de cacao, chocolate y aceite de almendras. Un tratamiento que nutre el cuerpo y el alma.<\/li>\n<\/ul>\n<p>Prep\u00e1rese para vivir momentos de puro placer y relajaci\u00f3n en un ambiente en el que cada detalle est\u00e1 pensado para que se enamore a\u00fan m\u00e1s del chocolate.<\/p>\n<p>Este paquete de estancia hasta junio de 2023 cuesta 190,00 \u20ac y es v\u00e1lido para dos personas.<\/p>\n<p>Esta experiencia es v\u00e1lida para dos personas, tambi\u00e9n puede ser un regalo ESPECIAL Una vez realizada la compra en la web recibir\u00e1s un e-mail con un formulario a rellenar con los datos del beneficiario o beneficiarios Una vez recibido el formulario recibir\u00e1s un Bono personalizado en formato PDF imprimible que podr\u00e1s regalar. El vale contendr\u00e1 la fecha, si la ha indicado, el nombre del beneficiario o beneficiarios y las instrucciones para efectuar la reserva. S\u00f3lo tiene que rellenar el formulario con los datos que le consten, en caso de que en el momento de la reserva recuperemos los datos si faltan los beneficiarios.<\/p>\n<p>Para recibir la confirmaci\u00f3n y el n\u00famero de vale, debe realizar el pago de su estancia 190,00 \u20ac cualquier extra que conlleve puede pagarse a la salida (si usted es la parte principal). Sin una reserva por correo electr\u00f3nico con una carta de confirmaci\u00f3n, las reservas no se considerar\u00e1n v\u00e1lidas.<\/p>\n<p>Los ni\u00f1os menores de 10 a\u00f1os pagan 20 euros por su estancia, excluidas las comidas, que se cobrar\u00e1n seg\u00fan el consumo real. A partir de 10 a\u00f1os, las comidas de 30 euros se cobrar\u00e1n aparte.<\/p>\n<p>En caso de overbooking, la estancia podr\u00e1 realizarse con pernoctaci\u00f3n en el centro externo.<\/p>\n<p>Si desea m\u00e1s informaci\u00f3n sobre la posibilidad de mejorar el Bono a\u00f1adiendo otros servicios, p\u00f3ngase en contacto con <a href=\"mailto:info@silviobessone.it\">info@silviobessone.it.<\/a><\/p>\n<p>Introduzca el enlace de la estancia <a href=\"https:\/\/shop.silviobessone.it\/it\/cioccolocanda-shop\/162-contaminazioni-di-cacao.html\">https:\/\/shop.silviobessone.it\/it\/cioccolocanda-shop\/162-contaminazioni-di-cacao.html<\/a><\/p>\n\t\t\t\t\t\t\t\t<\/div>\n\t\t\t\t<\/div>\n\t\t\t\t\t<\/div>\n\t\t<\/div>\n\t\t\t\t\t<\/div>\n\t\t<\/section>\n\t\t\t\t<section class=\"elementor-section elementor-top-section elementor-element elementor-element-6629c7b elementor-section-boxed elementor-section-height-default elementor-section-height-default\" data-id=\"6629c7b\" data-element_type=\"section\">\n\t\t\t\t\t\t<div class=\"elementor-container elementor-column-gap-default\">\n\t\t\t\t\t<div class=\"elementor-column elementor-col-100 elementor-top-column elementor-element elementor-element-f00edb8\" data-id=\"f00edb8\" data-element_type=\"column\">\n\t\t\t<div class=\"elementor-widget-wrap elementor-element-populated\">\n\t\t\t\t\t\t<div class=\"elementor-element elementor-element-7f23053 elementor-widget elementor-widget-spacer\" data-id=\"7f23053\" data-element_type=\"widget\" data-widget_type=\"spacer.default\">\n\t\t\t\t<div class=\"elementor-widget-container\">\n\t\t\t\t\t\t\t<div class=\"elementor-spacer\">\n\t\t\t<div class=\"elementor-spacer-inner\"><\/div>\n\t\t<\/div>\n\t\t\t\t\t\t<\/div>\n\t\t\t\t<\/div>\n\t\t\t\t\t<\/div>\n\t\t<\/div>\n\t\t\t\t\t<\/div>\n\t\t<\/section>\n\t\t\t\t<\/div>\n\t\t","protected":false},"excerpt":{"rendered":"<p>Estancia achocolatada Estancia de chocolate en la Cioccolocanda Viva en pareja una experiencia inolvidable en el coraz\u00f3n del chocolate. D\u00eda 1: 15.00 h: Llegada y acogida en la Cioccolocanda. 18.00 h: Sum\u00e9rjase en la historia y la fascinaci\u00f3n del chocolate con una visita guiada a nuestro Museo del Chocolate. Descubrir\u00e1 el viaje del cacao, desde [&hellip;]<\/p>\n","protected":false},"author":1,"featured_media":0,"parent":0,"menu_order":0,"comment_status":"closed","ping_status":"closed","template":"","meta":{"footnotes":""},"_links":{"self":[{"href":"https:\/\/www.silviobessone.it\/es\/wp-json\/wp\/v2\/pages\/2631"}],"collection":[{"href":"https:\/\/www.silviobessone.it\/es\/wp-json\/wp\/v2\/pages"}],"about":[{"href":"https:\/\/www.silviobessone.it\/es\/wp-json\/wp\/v2\/types\/page"}],"author":[{"embeddable":true,"href":"https:\/\/www.silviobessone.it\/es\/wp-json\/wp\/v2\/users\/1"}],"replies":[{"embeddable":true,"href":"https:\/\/www.silviobessone.it\/es\/wp-json\/wp\/v2\/comments?post=2631"}],"version-history":[{"count":4,"href":"https:\/\/www.silviobessone.it\/es\/wp-json\/wp\/v2\/pages\/2631\/revisions"}],"predecessor-version":[{"id":2646,"href":"https:\/\/www.silviobessone.it\/es\/wp-json\/wp\/v2\/pages\/2631\/revisions\/2646"}],"wp:attachment":[{"href":"https:\/\/www.silviobessone.it\/es\/wp-json\/wp\/v2\/media?parent=2631"}],"curies":[{"name":"wp","href":"https:\/\/api.w.org\/{rel}","templated":true}]}}