{"id":2164,"date":"2023-10-12T10:19:09","date_gmt":"2023-10-12T10:19:09","guid":{"rendered":"https:\/\/www.silviobessone.it\/chocomasaje-relajante\/"},"modified":"2023-10-23T14:11:29","modified_gmt":"2023-10-23T14:11:29","slug":"chocomasaje-relajante","status":"publish","type":"page","link":"https:\/\/www.silviobessone.it\/es\/chocomasaje-relajante\/","title":{"rendered":"Chocomasaje relajante"},"content":{"rendered":"\t\t<div data-elementor-type=\"wp-page\" data-elementor-id=\"2164\" class=\"elementor elementor-2164 elementor-1155\" data-elementor-post-type=\"page\">\n\t\t\t\t\t\t<section class=\"elementor-section elementor-top-section elementor-element elementor-element-f2e85e0 elementor-section-boxed elementor-section-height-default elementor-section-height-default\" data-id=\"f2e85e0\" data-element_type=\"section\">\n\t\t\t\t\t\t<div class=\"elementor-container elementor-column-gap-default\">\n\t\t\t\t\t<div class=\"elementor-column elementor-col-100 elementor-top-column elementor-element elementor-element-3da5097\" data-id=\"3da5097\" data-element_type=\"column\">\n\t\t\t<div class=\"elementor-widget-wrap elementor-element-populated\">\n\t\t\t\t\t\t<div class=\"elementor-element elementor-element-ca5b105 elementor-widget elementor-widget-heading\" data-id=\"ca5b105\" data-element_type=\"widget\" data-widget_type=\"heading.default\">\n\t\t\t\t<div class=\"elementor-widget-container\">\n\t\t\t\t\t<h2 class=\"elementor-heading-title elementor-size-default\">Masaje relajante con chocolate<\/h2>\t\t\t\t<\/div>\n\t\t\t\t<\/div>\n\t\t\t\t<div class=\"elementor-element elementor-element-a4e0337 elementor-widget elementor-widget-text-editor\" data-id=\"a4e0337\" data-element_type=\"widget\" data-widget_type=\"text-editor.default\">\n\t\t\t\t<div class=\"elementor-widget-container\">\n\t\t\t\t\t\t\t\t\t<h4>Masaje relajante con aroma y musicoterapia, realizado por personal cualificado con masa de cacao, manteca de cacao caliente y aceite de almendras.<\/h4>\n<h5>Una acci\u00f3n realmente relajante para su bienestar. Sesiones de 50 minutos. Para la oferta, pida la lista de precios, que var\u00eda seg\u00fan la modalidad. Este servicio est\u00e1 reservado a los hu\u00e9spedes alojados en Cioccolocanda. Sin embargo, este servicio s\u00f3lo es posible con cita previa.<\/h5>\n\t\t\t\t\t\t\t\t<\/div>\n\t\t\t\t<\/div>\n\t\t\t\t<div class=\"elementor-element elementor-element-71c9014 elementor-widget elementor-widget-image\" data-id=\"71c9014\" data-element_type=\"widget\" data-widget_type=\"image.default\">\n\t\t\t\t<div class=\"elementor-widget-container\">\n\t\t\t\t\t\t\t\t\t\t\t\t\t\t\t<img fetchpriority=\"high\" decoding=\"async\" width=\"768\" height=\"432\" src=\"https:\/\/www.silviobessone.it\/wp-content\/uploads\/2023\/09\/Cioccomasaggio_-_Copia-768x432.jpg\" class=\"attachment-medium_large size-medium_large wp-image-1449\" alt=\"\" srcset=\"https:\/\/www.silviobessone.it\/wp-content\/uploads\/2023\/09\/Cioccomasaggio_-_Copia-768x432.jpg 768w, https:\/\/www.silviobessone.it\/wp-content\/uploads\/2023\/09\/Cioccomasaggio_-_Copia-300x169.jpg 300w, https:\/\/www.silviobessone.it\/wp-content\/uploads\/2023\/09\/Cioccomasaggio_-_Copia-1024x576.jpg 1024w, https:\/\/www.silviobessone.it\/wp-content\/uploads\/2023\/09\/Cioccomasaggio_-_Copia.jpg 1366w\" sizes=\"(max-width: 768px) 100vw, 768px\" \/>\t\t\t\t\t\t\t\t\t\t\t\t\t\t\t<\/div>\n\t\t\t\t<\/div>\n\t\t\t\t<div class=\"elementor-element elementor-element-0b65979 elementor-widget elementor-widget-heading\" data-id=\"0b65979\" data-element_type=\"widget\" data-widget_type=\"heading.default\">\n\t\t\t\t<div class=\"elementor-widget-container\">\n\t\t\t\t\t<h2 class=\"elementor-heading-title elementor-size-default\">Experiencias de bienestar con chocolate: Masaje con chocolate<\/h2>\t\t\t\t<\/div>\n\t\t\t\t<\/div>\n\t\t\t\t<div class=\"elementor-element elementor-element-69e1bba elementor-widget elementor-widget-text-editor\" data-id=\"69e1bba\" data-element_type=\"widget\" data-widget_type=\"text-editor.default\">\n\t\t\t\t<div class=\"elementor-widget-container\">\n\t\t\t\t\t\t\t\t\t<p>Entre en el mundo de CioccoBenessere y descubra el placer \u00fanico de nuestro <strong>Masaje con Chocolate<\/strong>. En un oasis de tranquilidad, nuestra caba\u00f1a CioccoBenessere se convierte en un templo dedicado a los sentidos y a la piel.<\/p>\n<p>Bajo las manos expertas de un profesional cualificado, cada movimiento se convierte en una invitaci\u00f3n a la relajaci\u00f3n y el autocuidado. Durante estos 50 minutos de puro bienestar, le envolver\u00e1 una soluci\u00f3n especial de cacao y aceite natural de almendras, que nutre e hidrata la piel, proporcion\u00e1ndole una experiencia sensual sin igual.<\/p>\n<p>Los hu\u00e9spedes del Cioccolocanda disponen de ba\u00f1ador, toalla de ba\u00f1o o albornoz.<\/p>\n<p><strong>Precio:<\/strong> 60,00 euros por persona.<\/p>\n<p><strong>Tarifas exclusivas CioccoBenessere:<\/strong><\/p>\n<ul>\n<li><strong>CioccoBagno di Coppia:<\/strong> 150,00 \u20ac por pareja  <\/li>\n<li><strong>Cena sobre la contaminaci\u00f3n del cacao:<\/strong> 50,00 euros por persona<\/li>\n<li><strong>Almuerzo sobre contaminaci\u00f3n del cacao:<\/strong> 40,00 euros por persona<\/li>\n<li><strong>Men\u00fa de almuerzo corto (2 platos y postre):<\/strong> 30,00 euros por persona<\/li>\n<li><strong>Masaje con chocolate (50 minutos):<\/strong> 60,00 \u20ac por persona<\/li>\n<\/ul>\n<p><strong>Detalles y condiciones:<\/strong><\/p>\n<ul>\n<li>Para garantizar la disponibilidad de los servicios, es imprescindible reservar con antelaci\u00f3n.<\/li>\n<li>Los vales de descuento deben comunicarse en el momento de efectuar la reserva y no pueden combinarse con otras promociones.<\/li>\n<li>Las tarifas est\u00e1n sujetas a cambios; se requiere el pago por adelantado y un vale personalizado para la confirmaci\u00f3n.<\/li>\n<li>En caso de imprevistos o fuerza mayor, podr\u00e1n modificarse las fechas de reserva.<\/li>\n<\/ul>\n<p>Esta experiencia es v\u00e1lida para una persona, tambi\u00e9n puede ser un regalo ESPECIAL Una vez realizada la compra en la web, recibir\u00e1s un e-mail con un formulario a rellenar con los datos del beneficiario. Una vez recibido el formulario, recibir\u00e1s un Bono personalizado en formato PDF imprimible que podr\u00e1s regalar. El vale contendr\u00e1 la fecha, si la ha indicado, el nombre del beneficiario o beneficiarios y las instrucciones para efectuar la reserva. S\u00f3lo tiene que rellenar el formulario con los datos que le consten, en caso de que en el momento de la reserva recuperemos los datos si faltan los beneficiarios.<\/p>\n<p>Para recibir la confirmaci\u00f3n y el n\u00famero de Bono, deber\u00e1 realizar el pago del servicio, los extras que conlleve podr\u00e1n ser abonados a la salida (si usted es el protagonista del servicio). Sin una reserva por correo electr\u00f3nico con una carta de confirmaci\u00f3n, las reservas no se considerar\u00e1n v\u00e1lidas.<strong>  Tenga en cuenta lo siguiente:<\/strong><\/p>\n<ul>\n<li>Recomendamos reservar con antelaci\u00f3n para garantizar la disponibilidad del servicio deseado.<\/li>\n<li>Se requiere el pago por adelantado para confirmar. En caso de fuerza mayor, las fechas pueden estar sujetas a cambios. Cualquier cambio ser\u00e1 acordado y confirmado por escrito por la direcci\u00f3n.<\/li>\n<\/ul>\n<p>Si desea m\u00e1s informaci\u00f3n sobre la posibilidad de mejorar el Bono a\u00f1adiendo otros servicios, p\u00f3ngase en contacto con <a href=\"mailto:info@silviobessone.it\">info@silviobessone.it.<\/a><\/p>\n<p><strong>Le espera un viaje sensorial. Reserve ya su experiencia en Cioccolocanda.<\/strong><\/p>\n<\/p>\n<p>Para comprar haga clic aqu\u00ed. <a href=\"https:\/\/shop.silviobessone.it\/it\/prodotti\/117-cioccomassaggio.html?search_query=Massaggio&amp;results=2\">https:\/\/shop.silviobessone.it\/it\/prodotti\/117-cioccomassaggio.html?search_query=Massaggio&amp;results=2<\/a><\/p>\n<p><strong>Reg\u00e1lese el lujo de un momento para usted. Reserve ya su experiencia CioccoBenessere.<\/strong><\/p><\/p>\n\t\t\t\t\t\t\t\t<\/div>\n\t\t\t\t<\/div>\n\t\t\t\t\t<\/div>\n\t\t<\/div>\n\t\t\t\t\t<\/div>\n\t\t<\/section>\n\t\t\t\t<\/div>\n\t\t","protected":false},"excerpt":{"rendered":"<p>Masaje relajante con chocolate Masaje relajante con aroma y musicoterapia, realizado por personal cualificado con masa de cacao, manteca de cacao caliente y aceite de almendras. Una acci\u00f3n realmente relajante para su bienestar. Sesiones de 50 minutos. Para la oferta, pida la lista de precios, que var\u00eda seg\u00fan la modalidad. Este servicio est\u00e1 reservado a [&hellip;]<\/p>\n","protected":false},"author":1,"featured_media":0,"parent":0,"menu_order":0,"comment_status":"closed","ping_status":"closed","template":"","meta":{"footnotes":""},"_links":{"self":[{"href":"https:\/\/www.silviobessone.it\/es\/wp-json\/wp\/v2\/pages\/2164"}],"collection":[{"href":"https:\/\/www.silviobessone.it\/es\/wp-json\/wp\/v2\/pages"}],"about":[{"href":"https:\/\/www.silviobessone.it\/es\/wp-json\/wp\/v2\/types\/page"}],"author":[{"embeddable":true,"href":"https:\/\/www.silviobessone.it\/es\/wp-json\/wp\/v2\/users\/1"}],"replies":[{"embeddable":true,"href":"https:\/\/www.silviobessone.it\/es\/wp-json\/wp\/v2\/comments?post=2164"}],"version-history":[{"count":2,"href":"https:\/\/www.silviobessone.it\/es\/wp-json\/wp\/v2\/pages\/2164\/revisions"}],"predecessor-version":[{"id":2181,"href":"https:\/\/www.silviobessone.it\/es\/wp-json\/wp\/v2\/pages\/2164\/revisions\/2181"}],"wp:attachment":[{"href":"https:\/\/www.silviobessone.it\/es\/wp-json\/wp\/v2\/media?parent=2164"}],"curies":[{"name":"wp","href":"https:\/\/api.w.org\/{rel}","templated":true}]}}