{"id":2103,"date":"2023-09-06T09:19:52","date_gmt":"2023-09-06T09:19:52","guid":{"rendered":"https:\/\/www.silviobessone.it\/almuerzo-de-cacao-contaminado\/"},"modified":"2023-10-23T14:11:42","modified_gmt":"2023-10-23T14:11:42","slug":"almuerzo-de-cacao-contaminado","status":"publish","type":"page","link":"https:\/\/www.silviobessone.it\/es\/almuerzo-de-cacao-contaminado\/","title":{"rendered":"ALMUERZO DE CACAO CONTAMINADO"},"content":{"rendered":"\t\t<div data-elementor-type=\"wp-page\" data-elementor-id=\"2103\" class=\"elementor elementor-2103 elementor-645\" data-elementor-post-type=\"page\">\n\t\t\t\t\t\t<section class=\"elementor-section elementor-top-section elementor-element elementor-element-1e4345b elementor-section-boxed elementor-section-height-default elementor-section-height-default\" data-id=\"1e4345b\" data-element_type=\"section\">\n\t\t\t\t\t\t<div class=\"elementor-container elementor-column-gap-default\">\n\t\t\t\t\t<div class=\"elementor-column elementor-col-100 elementor-top-column elementor-element elementor-element-c345867\" data-id=\"c345867\" data-element_type=\"column\">\n\t\t\t<div class=\"elementor-widget-wrap elementor-element-populated\">\n\t\t\t\t\t\t<div class=\"elementor-element elementor-element-b92dc80 elementor-widget elementor-widget-spacer\" data-id=\"b92dc80\" data-element_type=\"widget\" data-widget_type=\"spacer.default\">\n\t\t\t\t<div class=\"elementor-widget-container\">\n\t\t\t\t\t\t\t<div class=\"elementor-spacer\">\n\t\t\t<div class=\"elementor-spacer-inner\"><\/div>\n\t\t<\/div>\n\t\t\t\t\t\t<\/div>\n\t\t\t\t<\/div>\n\t\t\t\t\t<\/div>\n\t\t<\/div>\n\t\t\t\t\t<\/div>\n\t\t<\/section>\n\t\t\t\t<section class=\"elementor-section elementor-top-section elementor-element elementor-element-5c8ce71 elementor-section-boxed elementor-section-height-default elementor-section-height-default\" data-id=\"5c8ce71\" data-element_type=\"section\">\n\t\t\t\t\t\t<div class=\"elementor-container elementor-column-gap-default\">\n\t\t\t\t\t<div class=\"elementor-column elementor-col-100 elementor-top-column elementor-element elementor-element-c149e0a\" data-id=\"c149e0a\" data-element_type=\"column\" data-settings=\"{&quot;background_background&quot;:&quot;gradient&quot;}\">\n\t\t\t<div class=\"elementor-widget-wrap elementor-element-populated\">\n\t\t\t\t\t\t<div class=\"elementor-element elementor-element-8fff6fb elementor-widget elementor-widget-spacer\" data-id=\"8fff6fb\" data-element_type=\"widget\" data-widget_type=\"spacer.default\">\n\t\t\t\t<div class=\"elementor-widget-container\">\n\t\t\t\t\t\t\t<div class=\"elementor-spacer\">\n\t\t\t<div class=\"elementor-spacer-inner\"><\/div>\n\t\t<\/div>\n\t\t\t\t\t\t<\/div>\n\t\t\t\t<\/div>\n\t\t\t\t<div class=\"elementor-element elementor-element-e090f0c elementor-widget elementor-widget-heading\" data-id=\"e090f0c\" data-element_type=\"widget\" data-widget_type=\"heading.default\">\n\t\t\t\t<div class=\"elementor-widget-container\">\n\t\t\t\t\t<h1 class=\"elementor-heading-title elementor-size-default\">Cocina \"Contaminaci\u00f3n del cacao<\/h1>\t\t\t\t<\/div>\n\t\t\t\t<\/div>\n\t\t\t\t<div class=\"elementor-element elementor-element-80be9c0 elementor-widget elementor-widget-heading\" data-id=\"80be9c0\" data-element_type=\"widget\" data-widget_type=\"heading.default\">\n\t\t\t\t<div class=\"elementor-widget-container\">\n\t\t\t\t\t<h2 class=\"elementor-heading-title elementor-size-default\">Men\u00fa de almuerzo y cena<\/h2>\t\t\t\t<\/div>\n\t\t\t\t<\/div>\n\t\t\t\t<div class=\"elementor-element elementor-element-15ec53c elementor-widget__width-initial elementor-widget elementor-widget-text-editor\" data-id=\"15ec53c\" data-element_type=\"widget\" data-widget_type=\"text-editor.default\">\n\t\t\t\t<div class=\"elementor-widget-container\">\n\t\t\t\t\t\t\t\t\t<p>Nuestra cocina no sirve simple comida, sino que ofrece un viaje emocional \u00fanico, que debe experimentarse con el tiempo adecuado; la visita al peque\u00f1o museo y la degustaci\u00f3n son el comienzo del viaje a trav\u00e9s de los sentidos, sin el cual toda la experiencia podr\u00eda parecer carente de sentido.<\/p>\n<p><strong>No somos un alimentador, sino un proveedor de emociones. No ofrecemos servicio a la carta.<br><\/strong><\/p>\n<p><strong>Men\u00fa \u00bb Contaminaciones del cacao \u00bb cena<\/strong><\/p>\n<ul>\n<li>Aperitivo con verduritas fritas al estilo piemont\u00e9s&nbsp;salteadas en manteca de cacao&nbsp;<\/li>\n<li>Aperitivo Tavolozza al cacao<\/li>\n<li>Primo Tagliolini Tricolori con setas porcini, amasados con cacao<\/li>\n<li>Segunda Battuta alla Bessone en Bellavista<\/li>\n<li>Tarta dulce de fondant<\/li>\n<li>Degustaci\u00f3n de tres chocolates<\/li>\n<li>Caf\u00e9<\/li>\n<li>Bebidas por copa incluidas: Roero Arneis DOC, Dolcetto d&#8217;Alba DOC, Barolo DOCG, Moscato d&#8217;Asti DOCG o similar<\/li>\n<\/ul>\n<p>Silvio Bessone a\u00f1ade nuevos platos complementarios a su discreci\u00f3n, seg\u00fan la temporada o la inspiraci\u00f3n del momento, \u00a1emociones garantizadas!<\/p>\n<p>El paquete incluye las siguientes actividades:<\/p>\n<ul>\n<li><strong>Curso de pasteler\u00eda<\/strong>&nbsp;&#8211; h 18; Se elaborar\u00e1 una magdalena de chocolate negro que se comer\u00e1 durante la cena. Entrega del diploma y de la receta<\/li>\n<li><strong>Visita al Museo del Chocolate con degustaci\u00f3n<\/strong> en&nbsp;&#8211; 7 p.m. para la cena, 11 a.m. para el almuerzo<\/li>\n<\/ul>\n<h5><b><i>&nbsp;Si lo desea, puede solicitar un men\u00fa acorde con el estilo&nbsp;Life 120&nbsp;con una limitaci\u00f3n sustancial de los hidratos de carbono que contienen insulina, as\u00ed como men\u00fas especiales para personas intolerantes.<\/i><\/b><\/h5>\n<p><\/p>\t\t\t\t\t\t\t\t<\/div>\n\t\t\t\t<\/div>\n\t\t\t\t<div class=\"elementor-element elementor-element-aafd267 elementor-widget elementor-widget-text-editor\" data-id=\"aafd267\" data-element_type=\"widget\" data-widget_type=\"text-editor.default\">\n\t\t\t\t<div class=\"elementor-widget-container\">\n\t\t\t\t\t\t\t\t\t<p><strong>Para comprar nuestras CioccoEmozioni, haga clic en los enlaces siguientes:<\/strong><\/p>\n\t\t\t\t\t\t\t\t<\/div>\n\t\t\t\t<\/div>\n\t\t\t\t<div class=\"elementor-element elementor-element-4100bef elementor-widget elementor-widget-heading\" data-id=\"4100bef\" data-element_type=\"widget\" data-widget_type=\"heading.default\">\n\t\t\t\t<div class=\"elementor-widget-container\">\n\t\t\t\t\t<h4 class=\"elementor-heading-title elementor-size-default\">La cena:<\/h4>\t\t\t\t<\/div>\n\t\t\t\t<\/div>\n\t\t\t\t<div class=\"elementor-element elementor-element-f693121 elementor-widget elementor-widget-text-editor\" data-id=\"f693121\" data-element_type=\"widget\" data-widget_type=\"text-editor.default\">\n\t\t\t\t<div class=\"elementor-widget-container\">\n\t\t\t\t\t\t\t\t\t<p><a href=\"http:\/\/shop.silviobessone.it\/occasioni-speciali\/98-contaminazioni-di-cacao.html\">http:\/\/shop.silviobessone.it\/occasioni-speciali\/98-contaminazioni-di-cacao.html<\/a><\/p>\n\t\t\t\t\t\t\t\t<\/div>\n\t\t\t\t<\/div>\n\t\t\t\t<div class=\"elementor-element elementor-element-1bcd4c2 elementor-widget elementor-widget-heading\" data-id=\"1bcd4c2\" data-element_type=\"widget\" data-widget_type=\"heading.default\">\n\t\t\t\t<div class=\"elementor-widget-container\">\n\t\t\t\t\t<h4 class=\"elementor-heading-title elementor-size-default\">La comida:<\/h4>\t\t\t\t<\/div>\n\t\t\t\t<\/div>\n\t\t\t\t<div class=\"elementor-element elementor-element-1b58569 elementor-widget elementor-widget-text-editor\" data-id=\"1b58569\" data-element_type=\"widget\" data-widget_type=\"text-editor.default\">\n\t\t\t\t<div class=\"elementor-widget-container\">\n\t\t\t\t\t\t\t\t\t<p><a href=\"http:\/\/shop.silviobessone.it\/occasioni-speciali\/91-contaminazioni-di-cacao.html\">http:\/\/shop.silviobessone.it\/occasioni-speciali\/91-contaminazioni-di-cacao.html<\/a><\/p>\n\t\t\t\t\t\t\t\t<\/div>\n\t\t\t\t<\/div>\n\t\t\t\t<div class=\"elementor-element elementor-element-b895ecf elementor-widget elementor-widget-image\" data-id=\"b895ecf\" data-element_type=\"widget\" data-widget_type=\"image.default\">\n\t\t\t\t<div class=\"elementor-widget-container\">\n\t\t\t\t\t\t\t\t\t\t\t\t\t\t\t<img fetchpriority=\"high\" decoding=\"async\" width=\"534\" height=\"800\" src=\"https:\/\/www.silviobessone.it\/wp-content\/uploads\/2023\/09\/Foto_Galleano2014_____010515.jpeg\" class=\"attachment-large size-large wp-image-1433\" alt=\"\" srcset=\"https:\/\/www.silviobessone.it\/wp-content\/uploads\/2023\/09\/Foto_Galleano2014_____010515.jpeg 534w, https:\/\/www.silviobessone.it\/wp-content\/uploads\/2023\/09\/Foto_Galleano2014_____010515-200x300.jpeg 200w\" sizes=\"(max-width: 534px) 100vw, 534px\" \/>\t\t\t\t\t\t\t\t\t\t\t\t\t\t\t<\/div>\n\t\t\t\t<\/div>\n\t\t\t\t<div class=\"elementor-element elementor-element-60ef24c elementor-widget elementor-widget-spacer\" data-id=\"60ef24c\" data-element_type=\"widget\" data-widget_type=\"spacer.default\">\n\t\t\t\t<div class=\"elementor-widget-container\">\n\t\t\t\t\t\t\t<div class=\"elementor-spacer\">\n\t\t\t<div class=\"elementor-spacer-inner\"><\/div>\n\t\t<\/div>\n\t\t\t\t\t\t<\/div>\n\t\t\t\t<\/div>\n\t\t\t\t\t<\/div>\n\t\t<\/div>\n\t\t\t\t\t<\/div>\n\t\t<\/section>\n\t\t\t\t<section class=\"elementor-section elementor-top-section elementor-element elementor-element-8cd0545 elementor-section-boxed elementor-section-height-default elementor-section-height-default\" data-id=\"8cd0545\" data-element_type=\"section\">\n\t\t\t\t\t\t<div class=\"elementor-container elementor-column-gap-default\">\n\t\t\t\t\t<div class=\"elementor-column elementor-col-100 elementor-top-column elementor-element elementor-element-d450eb3\" data-id=\"d450eb3\" data-element_type=\"column\">\n\t\t\t<div class=\"elementor-widget-wrap elementor-element-populated\">\n\t\t\t\t\t\t<div class=\"elementor-element elementor-element-3cf24c0 elementor-widget elementor-widget-spacer\" data-id=\"3cf24c0\" data-element_type=\"widget\" data-widget_type=\"spacer.default\">\n\t\t\t\t<div class=\"elementor-widget-container\">\n\t\t\t\t\t\t\t<div class=\"elementor-spacer\">\n\t\t\t<div class=\"elementor-spacer-inner\"><\/div>\n\t\t<\/div>\n\t\t\t\t\t\t<\/div>\n\t\t\t\t<\/div>\n\t\t\t\t\t<\/div>\n\t\t<\/div>\n\t\t\t\t\t<\/div>\n\t\t<\/section>\n\t\t\t\t<\/div>\n\t\t","protected":false},"excerpt":{"rendered":"<p>Cocina \u00abContaminaci\u00f3n del cacao Men\u00fa de almuerzo y cena Nuestra cocina no sirve simple comida, sino que ofrece un viaje emocional \u00fanico, que debe experimentarse con el tiempo adecuado; la visita al peque\u00f1o museo y la degustaci\u00f3n son el comienzo del viaje a trav\u00e9s de los sentidos, sin el cual toda la experiencia podr\u00eda parecer [&hellip;]<\/p>\n","protected":false},"author":1,"featured_media":0,"parent":0,"menu_order":0,"comment_status":"closed","ping_status":"closed","template":"","meta":{"footnotes":""},"_links":{"self":[{"href":"https:\/\/www.silviobessone.it\/es\/wp-json\/wp\/v2\/pages\/2103"}],"collection":[{"href":"https:\/\/www.silviobessone.it\/es\/wp-json\/wp\/v2\/pages"}],"about":[{"href":"https:\/\/www.silviobessone.it\/es\/wp-json\/wp\/v2\/types\/page"}],"author":[{"embeddable":true,"href":"https:\/\/www.silviobessone.it\/es\/wp-json\/wp\/v2\/users\/1"}],"replies":[{"embeddable":true,"href":"https:\/\/www.silviobessone.it\/es\/wp-json\/wp\/v2\/comments?post=2103"}],"version-history":[{"count":4,"href":"https:\/\/www.silviobessone.it\/es\/wp-json\/wp\/v2\/pages\/2103\/revisions"}],"predecessor-version":[{"id":2184,"href":"https:\/\/www.silviobessone.it\/es\/wp-json\/wp\/v2\/pages\/2103\/revisions\/2184"}],"wp:attachment":[{"href":"https:\/\/www.silviobessone.it\/es\/wp-json\/wp\/v2\/media?parent=2103"}],"curies":[{"name":"wp","href":"https:\/\/api.w.org\/{rel}","templated":true}]}}