{"id":2064,"date":"2023-09-06T09:49:15","date_gmt":"2023-09-06T09:49:15","guid":{"rendered":"https:\/\/www.silviobessone.it\/vacaciones-de-chocolate\/"},"modified":"2024-02-28T15:17:45","modified_gmt":"2024-02-28T15:17:45","slug":"vacaciones-de-chocolate","status":"publish","type":"page","link":"https:\/\/www.silviobessone.it\/es\/vacaciones-de-chocolate\/","title":{"rendered":"VACACIONES DE CHOCOLATE"},"content":{"rendered":"\t\t<div data-elementor-type=\"wp-page\" data-elementor-id=\"2064\" class=\"elementor elementor-2064 elementor-697\" data-elementor-post-type=\"page\">\n\t\t\t\t\t\t<section class=\"elementor-section elementor-top-section elementor-element elementor-element-d3d7fa8 elementor-section-boxed elementor-section-height-default elementor-section-height-default\" data-id=\"d3d7fa8\" data-element_type=\"section\">\n\t\t\t\t\t\t<div class=\"elementor-container elementor-column-gap-default\">\n\t\t\t\t\t<div class=\"elementor-column elementor-col-100 elementor-top-column elementor-element elementor-element-7c6460d\" data-id=\"7c6460d\" data-element_type=\"column\">\n\t\t\t<div class=\"elementor-widget-wrap elementor-element-populated\">\n\t\t\t\t\t\t<div class=\"elementor-element elementor-element-e0ec652 elementor-widget elementor-widget-heading\" data-id=\"e0ec652\" data-element_type=\"widget\" data-widget_type=\"heading.default\">\n\t\t\t\t<div class=\"elementor-widget-container\">\n\t\t\t\t\t<h2 class=\"elementor-heading-title elementor-size-default\">Estancias con chocolate<\/h2>\t\t\t\t<\/div>\n\t\t\t\t<\/div>\n\t\t\t\t<div class=\"elementor-element elementor-element-e7822df elementor-widget elementor-widget-text-editor\" data-id=\"e7822df\" data-element_type=\"widget\" data-widget_type=\"text-editor.default\">\n\t\t\t\t<div class=\"elementor-widget-container\">\n\t\t\t\t\t\t\t\t\t<h3>La contaminaci\u00f3n del cacao se mantiene<\/h3>\n\t\t\t\t\t\t\t\t<\/div>\n\t\t\t\t<\/div>\n\t\t\t\t<div class=\"elementor-element elementor-element-406ef7a elementor-widget elementor-widget-text-editor\" data-id=\"406ef7a\" data-element_type=\"widget\" data-widget_type=\"text-editor.default\">\n\t\t\t\t<div class=\"elementor-widget-container\">\n\t\t\t\t\t\t\t\t\t<h4><em>La Cioccolocanda es una estructura SIMPLE dedicada al Chocolate, no recomendada para Snob radicales Scic y los indiferentes al Chocolate<\/em><\/h4>\n\t\t\t\t\t\t\t\t<\/div>\n\t\t\t\t<\/div>\n\t\t\t\t<div class=\"elementor-element elementor-element-369b4df elementor-widget elementor-widget-text-editor\" data-id=\"369b4df\" data-element_type=\"widget\" data-widget_type=\"text-editor.default\">\n\t\t\t\t<div class=\"elementor-widget-container\">\n\t\t\t\t\t\t\t\t\t<h5>Bienvenido al mundo en el que el chocolate no es s\u00f3lo un sabor, sino una experiencia vital. En la Cioccolocanda, le ofrecemos algo m\u00e1s que una estancia: le invitamos a sumergirse en una aventura sensorial donde cada momento est\u00e1 impregnado de la magia del chocolate. Desde despertarse con el intenso sabor de un desayuno con chocolate hasta veladas envueltas en el calor de historias y leyendas asociadas a este preciado alimento, cada momento ser\u00e1 un dulce recuerdo que atesorar. Prep\u00e1rese para vivir unos d\u00edas inmerso en la cultura, la historia y, por supuesto, los sabores del chocolate. D\u00e9jese tentar y venga a descubrir nuestras Estancias Chocolate, donde cada detalle est\u00e1 pensado para deleitar a los m\u00e1s golosos.<\/h5>\n<h5>Antes de hacer un regalo a la Cioccolocanda, aseg\u00farese de que el destinatario sabe apreciar una estructura sencilla. Evitar\u00e1 malgastar su dinero y crearnos una experiencia desagradable.<\/h5>\n\t\t\t\t\t\t\t\t<\/div>\n\t\t\t\t<\/div>\n\t\t\t\t\t<\/div>\n\t\t<\/div>\n\t\t\t\t\t<\/div>\n\t\t<\/section>\n\t\t\t\t<section class=\"elementor-section elementor-top-section elementor-element elementor-element-209b2ad elementor-section-boxed elementor-section-height-default elementor-section-height-default\" data-id=\"209b2ad\" data-element_type=\"section\">\n\t\t\t\t\t\t<div class=\"elementor-container elementor-column-gap-default\">\n\t\t\t\t\t<div class=\"elementor-column elementor-col-100 elementor-top-column elementor-element elementor-element-adc251c\" data-id=\"adc251c\" data-element_type=\"column\">\n\t\t\t<div class=\"elementor-widget-wrap elementor-element-populated\">\n\t\t\t\t\t\t<div class=\"elementor-element elementor-element-2a1df6d elementor-widget elementor-widget-spacer\" data-id=\"2a1df6d\" data-element_type=\"widget\" data-widget_type=\"spacer.default\">\n\t\t\t\t<div class=\"elementor-widget-container\">\n\t\t\t\t\t\t\t<div class=\"elementor-spacer\">\n\t\t\t<div class=\"elementor-spacer-inner\"><\/div>\n\t\t<\/div>\n\t\t\t\t\t\t<\/div>\n\t\t\t\t<\/div>\n\t\t\t\t\t<\/div>\n\t\t<\/div>\n\t\t\t\t\t<\/div>\n\t\t<\/section>\n\t\t\t\t<section class=\"elementor-section elementor-top-section elementor-element elementor-element-f0f76c4 elementor-section-boxed elementor-section-height-default elementor-section-height-default\" data-id=\"f0f76c4\" data-element_type=\"section\">\n\t\t\t\t\t\t<div class=\"elementor-container elementor-column-gap-default\">\n\t\t\t\t\t<div class=\"elementor-column elementor-col-100 elementor-top-column elementor-element elementor-element-a43ee4e\" data-id=\"a43ee4e\" data-element_type=\"column\">\n\t\t\t<div class=\"elementor-widget-wrap elementor-element-populated\">\n\t\t\t\t\t\t<div class=\"elementor-element elementor-element-650d9a4 elementor-widget elementor-widget-heading\" data-id=\"650d9a4\" data-element_type=\"widget\" data-widget_type=\"heading.default\">\n\t\t\t\t<div class=\"elementor-widget-container\">\n\t\t\t\t\t<h2 class=\"elementor-heading-title elementor-size-default\">Ba\u00f1o de chocolate en pareja<\/h2>\t\t\t\t<\/div>\n\t\t\t\t<\/div>\n\t\t\t\t<div class=\"elementor-element elementor-element-de5cf2f elementor-widget elementor-widget-text-editor\" data-id=\"de5cf2f\" data-element_type=\"widget\" data-widget_type=\"text-editor.default\">\n\t\t\t\t<div class=\"elementor-widget-container\">\n\t\t\t\t\t\t\t\t\t<h5>Una experiencia inolvidable, un ba\u00f1o en pareja en una ba\u00f1era de <strong>preciosa madera<\/strong> oriental, llena de <strong>80 litros de chocolate caliente<\/strong> a 40\u00b0, donde, en complicidad, podr\u00e1 mimarse en el <strong>m\u00e1gico aroma del alimento de los<\/strong> dioses y sentirse por un momento como unos dulces bizcochitos. Se dispondr\u00e1 de juegos de ba\u00f1o, ropa desechable, toalla de ba\u00f1o o albornoz y zapatillas. Este servicio est\u00e1 reservado a los hu\u00e9spedes alojados en Cioccolocanda. Sin embargo, este servicio s\u00f3lo es posible con cita previa.<\/h5>\n<p>Ba\u00f1o en pareja &#8211; Duraci\u00f3n 50 minutos. Daniela Ferolla lo prob\u00f3 y lo calific\u00f3 de experiencia \u00fanica. Y pensar que lo hizo ella misma&#8230;..<\/p>\n\t\t\t\t\t\t\t\t<\/div>\n\t\t\t\t<\/div>\n\t\t\t\t\t<\/div>\n\t\t<\/div>\n\t\t\t\t\t<\/div>\n\t\t<\/section>\n\t\t\t\t<section class=\"elementor-section elementor-top-section elementor-element elementor-element-8c287d3 elementor-section-boxed elementor-section-height-default elementor-section-height-default\" data-id=\"8c287d3\" data-element_type=\"section\">\n\t\t\t\t\t\t<div class=\"elementor-container elementor-column-gap-default\">\n\t\t\t\t\t<div class=\"elementor-column elementor-col-100 elementor-top-column elementor-element elementor-element-6c05f87\" data-id=\"6c05f87\" data-element_type=\"column\">\n\t\t\t<div class=\"elementor-widget-wrap elementor-element-populated\">\n\t\t\t\t\t\t<div class=\"elementor-element elementor-element-3bb0669 elementor-widget elementor-widget-heading\" data-id=\"3bb0669\" data-element_type=\"widget\" data-widget_type=\"heading.default\">\n\t\t\t\t<div class=\"elementor-widget-container\">\n\t\t\t\t\t<h2 class=\"elementor-heading-title elementor-size-default\">Masaje relajante con chocolate<\/h2>\t\t\t\t<\/div>\n\t\t\t\t<\/div>\n\t\t\t\t<div class=\"elementor-element elementor-element-724b7d1 elementor-widget elementor-widget-text-editor\" data-id=\"724b7d1\" data-element_type=\"widget\" data-widget_type=\"text-editor.default\">\n\t\t\t\t<div class=\"elementor-widget-container\">\n\t\t\t\t\t\t\t\t\t<h4><strong>Masaje relajante<\/strong> con aroma y musicoterapia, realizado por personal cualificado con <strong>masa de cacao<\/strong>, <strong>manteca de cacao caliente<\/strong> y <strong>aceite de almendras<\/strong>.<\/h4>\n<p>Una acci\u00f3n realmente relajante para su bienestar. Sesiones de 50 minutos. Para la oferta, pida la lista de precios, que var\u00eda seg\u00fan la modalidad. Este servicio est\u00e1 reservado a los hu\u00e9spedes alojados en Cioccolocanda. Sin embargo, este servicio s\u00f3lo es posible con cita previa.<\/p>\n\t\t\t\t\t\t\t\t<\/div>\n\t\t\t\t<\/div>\n\t\t\t\t<div class=\"elementor-element elementor-element-50c9b92 elementor-widget elementor-widget-text-editor\" data-id=\"50c9b92\" data-element_type=\"widget\" data-widget_type=\"text-editor.default\">\n\t\t\t\t<div class=\"elementor-widget-container\">\n\t\t\t\t\t\t\t\t\t<p><strong>Regala un vale<\/strong> personalizado para hacer un<\/p>\n<p><strong>Ciocco Bagno<\/strong>:<\/p>\n<p><a href=\"http:\/\/shop.silviobessone.it\/occasioni-speciali\/92-cioccobagno.html\">http:\/\/shop.silviobessone.it\/occasioni-speciali\/92-cioccobagno.html<\/a><\/p>\n<p>Masaje con chocolate:<\/p>\n<p><a href=\"https:\/\/shop.silviobessone.it\/it\/prodotti\/117-cioccomassaggio.html?search_query=cioccoma&amp;results=2\">https:\/\/shop.silviobessone.it\/it\/prodotti\/117-cioccomassaggio.html?search_query=cioccoma&amp;results=2<\/a><\/p>\n\t\t\t\t\t\t\t\t<\/div>\n\t\t\t\t<\/div>\n\t\t\t\t\t<\/div>\n\t\t<\/div>\n\t\t\t\t\t<\/div>\n\t\t<\/section>\n\t\t\t\t<section class=\"elementor-section elementor-top-section elementor-element elementor-element-8708362 elementor-section-boxed elementor-section-height-default elementor-section-height-default\" data-id=\"8708362\" data-element_type=\"section\">\n\t\t\t\t\t\t<div class=\"elementor-container elementor-column-gap-default\">\n\t\t\t\t\t<div class=\"elementor-column elementor-col-50 elementor-top-column elementor-element elementor-element-649df92\" data-id=\"649df92\" data-element_type=\"column\">\n\t\t\t<div class=\"elementor-widget-wrap elementor-element-populated\">\n\t\t\t\t\t\t<div class=\"elementor-element elementor-element-8665625 pulsante-personalizzato elementor-align-left elementor-widget elementor-widget-button\" data-id=\"8665625\" data-element_type=\"widget\" data-widget_type=\"button.default\">\n\t\t\t\t<div class=\"elementor-widget-container\">\n\t\t\t\t\t\t\t\t\t<div class=\"elementor-button-wrapper\">\n\t\t\t\t\t<a class=\"elementor-button elementor-button-link elementor-size-xs\" href=\"https:\/\/www.silviobessone.it\/es\/estancia-achocolatada\/\">\n\t\t\t\t\t\t<span class=\"elementor-button-content-wrapper\">\n\t\t\t\t\t\t\t\t\t<span class=\"elementor-button-text\">Estancia achocolatada<\/span>\n\t\t\t\t\t<\/span>\n\t\t\t\t\t<\/a>\n\t\t\t\t<\/div>\n\t\t\t\t\t\t\t\t<\/div>\n\t\t\t\t<\/div>\n\t\t\t\t<div class=\"elementor-element elementor-element-26f28df pulsante-personalizzato elementor-widget elementor-widget-button\" data-id=\"26f28df\" data-element_type=\"widget\" data-widget_type=\"button.default\">\n\t\t\t\t<div class=\"elementor-widget-container\">\n\t\t\t\t\t\t\t\t\t<div class=\"elementor-button-wrapper\">\n\t\t\t\t\t<a class=\"elementor-button elementor-button-link elementor-size-xs\" href=\"https:\/\/www.silviobessone.it\/es\/salon-chocolate-style-life-120\/\">\n\t\t\t\t\t\t<span class=\"elementor-button-content-wrapper\">\n\t\t\t\t\t\t\t\t\t<span class=\"elementor-button-text\">Sal\u00f3n Chocolaty Style Life 120<\/span>\n\t\t\t\t\t<\/span>\n\t\t\t\t\t<\/a>\n\t\t\t\t<\/div>\n\t\t\t\t\t\t\t\t<\/div>\n\t\t\t\t<\/div>\n\t\t\t\t\t<\/div>\n\t\t<\/div>\n\t\t\t\t<div class=\"elementor-column elementor-col-50 elementor-top-column elementor-element elementor-element-483ead5\" data-id=\"483ead5\" data-element_type=\"column\">\n\t\t\t<div class=\"elementor-widget-wrap elementor-element-populated\">\n\t\t\t\t\t\t<div class=\"elementor-element elementor-element-73575e2 pulsante-personalizzato elementor-align-right elementor-widget elementor-widget-button\" data-id=\"73575e2\" data-element_type=\"widget\" data-widget_type=\"button.default\">\n\t\t\t\t<div class=\"elementor-widget-container\">\n\t\t\t\t\t\t\t\t\t<div class=\"elementor-button-wrapper\">\n\t\t\t\t\t<a class=\"elementor-button elementor-button-link elementor-size-xs\" href=\"https:\/\/www.silviobessone.it\/es\/chocomasaje-relajante\/\">\n\t\t\t\t\t\t<span class=\"elementor-button-content-wrapper\">\n\t\t\t\t\t\t\t\t\t<span class=\"elementor-button-text\">Masaje relajante con chocolate<\/span>\n\t\t\t\t\t<\/span>\n\t\t\t\t\t<\/a>\n\t\t\t\t<\/div>\n\t\t\t\t\t\t\t\t<\/div>\n\t\t\t\t<\/div>\n\t\t\t\t<div class=\"elementor-element elementor-element-81c7d3e pulsante-personalizzato elementor-align-right elementor-widget elementor-widget-button\" data-id=\"81c7d3e\" data-element_type=\"widget\" data-widget_type=\"button.default\">\n\t\t\t\t<div class=\"elementor-widget-container\">\n\t\t\t\t\t\t\t\t\t<div class=\"elementor-button-wrapper\">\n\t\t\t\t\t<a class=\"elementor-button elementor-button-link elementor-size-sm\" href=\"https:\/\/www.silviobessone.it\/es\/banarse-en-chocolate\/\">\n\t\t\t\t\t\t<span class=\"elementor-button-content-wrapper\">\n\t\t\t\t\t\t\t\t\t<span class=\"elementor-button-text\">Ba\u00f1arse en chocolate<\/span>\n\t\t\t\t\t<\/span>\n\t\t\t\t\t<\/a>\n\t\t\t\t<\/div>\n\t\t\t\t\t\t\t\t<\/div>\n\t\t\t\t<\/div>\n\t\t\t\t\t<\/div>\n\t\t<\/div>\n\t\t\t\t\t<\/div>\n\t\t<\/section>\n\t\t\t\t<section class=\"elementor-section elementor-top-section elementor-element elementor-element-719fbd7 elementor-section-boxed elementor-section-height-default elementor-section-height-default\" data-id=\"719fbd7\" data-element_type=\"section\">\n\t\t\t\t\t\t<div class=\"elementor-container elementor-column-gap-default\">\n\t\t\t\t\t<div class=\"elementor-column elementor-col-100 elementor-top-column elementor-element elementor-element-fe4cce8\" data-id=\"fe4cce8\" data-element_type=\"column\">\n\t\t\t<div class=\"elementor-widget-wrap\">\n\t\t\t\t\t\t\t<\/div>\n\t\t<\/div>\n\t\t\t\t\t<\/div>\n\t\t<\/section>\n\t\t\t\t<section class=\"elementor-section elementor-top-section elementor-element elementor-element-4f00972 elementor-section-boxed elementor-section-height-default elementor-section-height-default\" data-id=\"4f00972\" data-element_type=\"section\">\n\t\t\t\t\t\t<div class=\"elementor-container elementor-column-gap-default\">\n\t\t\t\t\t<div class=\"elementor-column elementor-col-100 elementor-top-column elementor-element elementor-element-3b72e1d\" data-id=\"3b72e1d\" data-element_type=\"column\">\n\t\t\t<div class=\"elementor-widget-wrap elementor-element-populated\">\n\t\t\t\t\t\t<div class=\"elementor-element elementor-element-d9ff7bd elementor-widget elementor-widget-spacer\" data-id=\"d9ff7bd\" data-element_type=\"widget\" data-widget_type=\"spacer.default\">\n\t\t\t\t<div class=\"elementor-widget-container\">\n\t\t\t\t\t\t\t<div class=\"elementor-spacer\">\n\t\t\t<div class=\"elementor-spacer-inner\"><\/div>\n\t\t<\/div>\n\t\t\t\t\t\t<\/div>\n\t\t\t\t<\/div>\n\t\t\t\t\t<\/div>\n\t\t<\/div>\n\t\t\t\t\t<\/div>\n\t\t<\/section>\n\t\t\t\t<section class=\"elementor-section elementor-top-section elementor-element elementor-element-7a2056f elementor-section-boxed elementor-section-height-default elementor-section-height-default\" data-id=\"7a2056f\" data-element_type=\"section\">\n\t\t\t\t\t\t<div class=\"elementor-container elementor-column-gap-default\">\n\t\t\t\t\t<div class=\"elementor-column elementor-col-50 elementor-top-column elementor-element elementor-element-07ff330\" data-id=\"07ff330\" data-element_type=\"column\">\n\t\t\t<div class=\"elementor-widget-wrap elementor-element-populated\">\n\t\t\t\t\t\t<div class=\"elementor-element elementor-element-3640843 elementor-widget elementor-widget-image\" data-id=\"3640843\" data-element_type=\"widget\" data-widget_type=\"image.default\">\n\t\t\t\t<div class=\"elementor-widget-container\">\n\t\t\t\t\t\t\t\t\t\t\t\t\t\t\t<img fetchpriority=\"high\" decoding=\"async\" width=\"800\" height=\"522\" src=\"https:\/\/www.silviobessone.it\/wp-content\/uploads\/2023\/09\/Daniela_Ferolla_fa_il_Cioccobagno-1024x668.jpg\" class=\"attachment-large size-large wp-image-1445\" alt=\"\" srcset=\"https:\/\/www.silviobessone.it\/wp-content\/uploads\/2023\/09\/Daniela_Ferolla_fa_il_Cioccobagno-1024x668.jpg 1024w, https:\/\/www.silviobessone.it\/wp-content\/uploads\/2023\/09\/Daniela_Ferolla_fa_il_Cioccobagno-300x196.jpg 300w, https:\/\/www.silviobessone.it\/wp-content\/uploads\/2023\/09\/Daniela_Ferolla_fa_il_Cioccobagno-768x501.jpg 768w, https:\/\/www.silviobessone.it\/wp-content\/uploads\/2023\/09\/Daniela_Ferolla_fa_il_Cioccobagno.jpg 1070w\" sizes=\"(max-width: 800px) 100vw, 800px\" \/>\t\t\t\t\t\t\t\t\t\t\t\t\t\t\t<\/div>\n\t\t\t\t<\/div>\n\t\t\t\t\t<\/div>\n\t\t<\/div>\n\t\t\t\t<div class=\"elementor-column elementor-col-50 elementor-top-column elementor-element elementor-element-36a1be2\" data-id=\"36a1be2\" data-element_type=\"column\">\n\t\t\t<div class=\"elementor-widget-wrap elementor-element-populated\">\n\t\t\t\t\t\t<div class=\"elementor-element elementor-element-a7669ab elementor-widget elementor-widget-video\" data-id=\"a7669ab\" data-element_type=\"widget\" data-settings=\"{&quot;video_type&quot;:&quot;hosted&quot;,&quot;autoplay&quot;:&quot;yes&quot;,&quot;play_on_mobile&quot;:&quot;yes&quot;,&quot;loop&quot;:&quot;yes&quot;,&quot;controls&quot;:&quot;yes&quot;}\" data-widget_type=\"video.default\">\n\t\t\t\t<div class=\"elementor-widget-container\">\n\t\t\t\t\t\t\t<div class=\"e-hosted-video elementor-wrapper elementor-open-inline\">\n\t\t\t\t\t<video class=\"elementor-video\" src=\"https:\/\/www.silviobessone.it\/wp-content\/uploads\/2023\/10\/VideoMassaggio.mp4\" autoplay=\"\" loop=\"\" controls=\"\" playsinline=\"\" controlsList=\"nodownload\"><\/video>\n\t\t\t\t<\/div>\n\t\t\t\t\t\t<\/div>\n\t\t\t\t<\/div>\n\t\t\t\t\t<\/div>\n\t\t<\/div>\n\t\t\t\t\t<\/div>\n\t\t<\/section>\n\t\t\t\t<\/div>\n\t\t","protected":false},"excerpt":{"rendered":"<p>Estancias con chocolate La contaminaci\u00f3n del cacao se mantiene La Cioccolocanda es una estructura SIMPLE dedicada al Chocolate, no recomendada para Snob radicales Scic y los indiferentes al Chocolate Bienvenido al mundo en el que el chocolate no es s\u00f3lo un sabor, sino una experiencia vital. En la Cioccolocanda, le ofrecemos algo m\u00e1s que una [&hellip;]<\/p>\n","protected":false},"author":1,"featured_media":0,"parent":0,"menu_order":0,"comment_status":"closed","ping_status":"closed","template":"","meta":{"footnotes":""},"_links":{"self":[{"href":"https:\/\/www.silviobessone.it\/es\/wp-json\/wp\/v2\/pages\/2064"}],"collection":[{"href":"https:\/\/www.silviobessone.it\/es\/wp-json\/wp\/v2\/pages"}],"about":[{"href":"https:\/\/www.silviobessone.it\/es\/wp-json\/wp\/v2\/types\/page"}],"author":[{"embeddable":true,"href":"https:\/\/www.silviobessone.it\/es\/wp-json\/wp\/v2\/users\/1"}],"replies":[{"embeddable":true,"href":"https:\/\/www.silviobessone.it\/es\/wp-json\/wp\/v2\/comments?post=2064"}],"version-history":[{"count":10,"href":"https:\/\/www.silviobessone.it\/es\/wp-json\/wp\/v2\/pages\/2064\/revisions"}],"predecessor-version":[{"id":2653,"href":"https:\/\/www.silviobessone.it\/es\/wp-json\/wp\/v2\/pages\/2064\/revisions\/2653"}],"wp:attachment":[{"href":"https:\/\/www.silviobessone.it\/es\/wp-json\/wp\/v2\/media?parent=2064"}],"curies":[{"name":"wp","href":"https:\/\/api.w.org\/{rel}","templated":true}]}}