{"id":2047,"date":"2023-09-06T12:08:27","date_gmt":"2023-09-06T12:08:27","guid":{"rendered":"https:\/\/www.silviobessone.it\/salon-chocolate-estilo-vida-120-pag2\/"},"modified":"2023-10-23T14:10:55","modified_gmt":"2023-10-23T14:10:55","slug":"salon-chocolate-estilo-vida-120-pag2","status":"publish","type":"page","link":"https:\/\/www.silviobessone.it\/es\/salon-chocolate-estilo-vida-120-pag2\/","title":{"rendered":"sal\u00f3n chocolate estilo vida 120 pag2"},"content":{"rendered":"\t\t<div data-elementor-type=\"wp-page\" data-elementor-id=\"2047\" class=\"elementor elementor-2047 elementor-756\" data-elementor-post-type=\"page\">\n\t\t\t\t\t\t<section class=\"elementor-section elementor-top-section elementor-element elementor-element-ead1233 elementor-section-boxed elementor-section-height-default elementor-section-height-default\" data-id=\"ead1233\" data-element_type=\"section\">\n\t\t\t\t\t\t<div class=\"elementor-container elementor-column-gap-default\">\n\t\t\t\t\t<div class=\"elementor-column elementor-col-100 elementor-top-column elementor-element elementor-element-a81e66e\" data-id=\"a81e66e\" data-element_type=\"column\">\n\t\t\t<div class=\"elementor-widget-wrap elementor-element-populated\">\n\t\t\t\t\t\t<div class=\"elementor-element elementor-element-f87c15a elementor-widget elementor-widget-spacer\" data-id=\"f87c15a\" data-element_type=\"widget\" data-widget_type=\"spacer.default\">\n\t\t\t\t<div class=\"elementor-widget-container\">\n\t\t\t\t\t\t\t<div class=\"elementor-spacer\">\n\t\t\t<div class=\"elementor-spacer-inner\"><\/div>\n\t\t<\/div>\n\t\t\t\t\t\t<\/div>\n\t\t\t\t<\/div>\n\t\t\t\t<div class=\"elementor-element elementor-element-3ae180f elementor-widget elementor-widget-heading\" data-id=\"3ae180f\" data-element_type=\"widget\" data-widget_type=\"heading.default\">\n\t\t\t\t<div class=\"elementor-widget-container\">\n\t\t\t\t\t<h2 class=\"elementor-heading-title elementor-size-default\"><a href=\"https:\/\/shop.silviobessone.it\/it\/cioccolocanda-shop\/129-contaminazioni-di-cacao.html\">\u00a1\u00a1\u00a1COMPRA EL SAL\u00d3N VIDA 120!!!<\/a><\/h2>\t\t\t\t<\/div>\n\t\t\t\t<\/div>\n\t\t\t\t<div class=\"elementor-element elementor-element-324c6db elementor-widget elementor-widget-image\" data-id=\"324c6db\" data-element_type=\"widget\" data-widget_type=\"image.default\">\n\t\t\t\t<div class=\"elementor-widget-container\">\n\t\t\t\t\t\t\t\t\t\t\t\t\t\t\t<img fetchpriority=\"high\" decoding=\"async\" width=\"1366\" height=\"756\" src=\"https:\/\/www.silviobessone.it\/wp-content\/uploads\/2023\/09\/Panzironi_al_Buffet2.jpg\" class=\"attachment-full size-full wp-image-1465\" alt=\"\" srcset=\"https:\/\/www.silviobessone.it\/wp-content\/uploads\/2023\/09\/Panzironi_al_Buffet2.jpg 1366w, https:\/\/www.silviobessone.it\/wp-content\/uploads\/2023\/09\/Panzironi_al_Buffet2-300x166.jpg 300w, https:\/\/www.silviobessone.it\/wp-content\/uploads\/2023\/09\/Panzironi_al_Buffet2-1024x567.jpg 1024w, https:\/\/www.silviobessone.it\/wp-content\/uploads\/2023\/09\/Panzironi_al_Buffet2-768x425.jpg 768w\" sizes=\"(max-width: 1366px) 100vw, 1366px\" \/>\t\t\t\t\t\t\t\t\t\t\t\t\t\t\t<\/div>\n\t\t\t\t<\/div>\n\t\t\t\t<div class=\"elementor-element elementor-element-cad1bc8 elementor-widget elementor-widget-text-editor\" data-id=\"cad1bc8\" data-element_type=\"widget\" data-widget_type=\"text-editor.default\">\n\t\t\t\t<div class=\"elementor-widget-container\">\n\t\t\t\t\t\t\t\t\t<p>Stay Life 120 Contaminaci\u00f3n del cacao<\/p>\n\t\t\t\t\t\t\t\t<\/div>\n\t\t\t\t<\/div>\n\t\t\t\t<div class=\"elementor-element elementor-element-2aae81a elementor-widget elementor-widget-image\" data-id=\"2aae81a\" data-element_type=\"widget\" data-widget_type=\"image.default\">\n\t\t\t\t<div class=\"elementor-widget-container\">\n\t\t\t\t\t\t\t\t\t\t\t\t\t\t\t<img decoding=\"async\" width=\"130\" height=\"130\" src=\"https:\/\/www.silviobessone.it\/wp-content\/uploads\/2023\/09\/Life_120_Logo.jpg\" class=\"attachment-large size-large wp-image-1469\" alt=\"\" \/>\t\t\t\t\t\t\t\t\t\t\t\t\t\t\t<\/div>\n\t\t\t\t<\/div>\n\t\t\t\t<div class=\"elementor-element elementor-element-362dacd elementor-widget elementor-widget-text-editor\" data-id=\"362dacd\" data-element_type=\"widget\" data-widget_type=\"text-editor.default\">\n\t\t\t\t<div class=\"elementor-widget-container\">\n\t\t\t\t\t\t\t\t\t<p>para 2 personas en habitaci\u00f3n doble o twin<\/p>\n<p>Se trata de una experiencia emocional dedicada a todos aquellos que siguen la filosof\u00eda de vida LIFE 120.<\/p>\n\t\t\t\t\t\t\t\t<\/div>\n\t\t\t\t<\/div>\n\t\t\t\t<div class=\"elementor-element elementor-element-c4ce5d0 elementor-widget elementor-widget-image\" data-id=\"c4ce5d0\" data-element_type=\"widget\" data-widget_type=\"image.default\">\n\t\t\t\t<div class=\"elementor-widget-container\">\n\t\t\t\t\t\t\t\t\t\t\t\t\t\t\t<img decoding=\"async\" width=\"1872\" height=\"910\" src=\"https:\/\/www.silviobessone.it\/wp-content\/uploads\/2023\/09\/20191030_175536.jpg\" class=\"attachment-full size-full wp-image-1473\" alt=\"\" srcset=\"https:\/\/www.silviobessone.it\/wp-content\/uploads\/2023\/09\/20191030_175536.jpg 1872w, https:\/\/www.silviobessone.it\/wp-content\/uploads\/2023\/09\/20191030_175536-300x146.jpg 300w, https:\/\/www.silviobessone.it\/wp-content\/uploads\/2023\/09\/20191030_175536-1024x498.jpg 1024w, https:\/\/www.silviobessone.it\/wp-content\/uploads\/2023\/09\/20191030_175536-768x373.jpg 768w, https:\/\/www.silviobessone.it\/wp-content\/uploads\/2023\/09\/20191030_175536-1536x747.jpg 1536w\" sizes=\"(max-width: 1872px) 100vw, 1872px\" \/>\t\t\t\t\t\t\t\t\t\t\t\t\t\t\t<\/div>\n\t\t\t\t<\/div>\n\t\t\t\t<div class=\"elementor-element elementor-element-110fbc7 elementor-widget elementor-widget-text-editor\" data-id=\"110fbc7\" data-element_type=\"widget\" data-widget_type=\"text-editor.default\">\n\t\t\t\t<div class=\"elementor-widget-container\">\n\t\t\t\t\t\t\t\t\t<p>y consiste en:<\/p>\n<p>Acceso a las salas LOCANDA a partir de las 15.30 horas.<\/p>\n<ul>\n<li><strong>Curso de reposter\u00eda *- h 18; <\/strong>Se elaborar\u00e1 una magdalena de chocolate negro que se degustar\u00e1 durante la cena. Entrega del diploma y de la receta<\/li>\n<li><strong>Visita al Museo del Chocolate con degustaci\u00f3n del d\u00eda &#8211; 19.00 h.<\/strong><\/li>\n<li><strong>Cena \u00abContaminaci\u00f3n por cacao\u00bb servida en el interior del Museo**<\/strong><\/li>\n<\/ul>\n<p>Aperitivo con verduritas fritas a la piamontesa<\/p>\n<p><em>Entremeses<\/em> Paleta de cacao con<\/p>\n<p><em>Carpaccio de ternera, ensalada y trufa (blanca si est\u00e1 disponible) Suero de ricotta con cacao<\/em><\/p>\n<p><em>Primo<\/em> Tagliolini Tricolori con setas porcini<\/p>\n<p><em>Pasta elaborada con Mezcla de Harina Flower Life 120 con setas porcini<\/em><\/p>\n<p><em>Segunda<\/em> Battuta alla Bessone en Bellavista<\/p>\n<p><em>Hamburguesa de ternera de la l\u00ednea Life 120 empanada en granos de cacao y servida sobre un lecho de verduras chamuscadas con manteca de cacao natural<\/em><\/p>\n<p><em>Dolce<\/em> Tortino Fondente Life 120<\/p>\n<p>Degustaci\u00f3n de tres chocolates, Blanco, Leche y Oscuro Life 120<\/p>\n<p>Caf\u00e9<\/p>\n<p><em>Bebidas por copa incluidas:<\/em> Roero Arneis DOC, Dolcetto d&#8217;Alba DOC, Barolo DOCG, Moscato d&#8217;Asti DOCG o similar<\/p>\n<ul>\n<li><strong>Noche de chocolate en habitaci\u00f3n doble<\/strong><\/li>\n<\/ul>\n\t\t\t\t\t\t\t\t<\/div>\n\t\t\t\t<\/div>\n\t\t\t\t<div class=\"elementor-element elementor-element-7e74752 elementor-widget elementor-widget-button\" data-id=\"7e74752\" data-element_type=\"widget\" data-widget_type=\"button.default\">\n\t\t\t\t<div class=\"elementor-widget-container\">\n\t\t\t\t\t\t\t\t\t<div class=\"elementor-button-wrapper\">\n\t\t\t\t\t<a class=\"elementor-button elementor-button-link elementor-size-sm\" href=\"https:\/\/shop.silviobessone.it\/it\/cioccolocanda-shop\/129-contaminazioni-di-cacao.html\" target=\"_blank\">\n\t\t\t\t\t\t<span class=\"elementor-button-content-wrapper\">\n\t\t\t\t\t\t\t\t\t<span class=\"elementor-button-text\">RESERVE SU PLAZA<\/span>\n\t\t\t\t\t<\/span>\n\t\t\t\t\t<\/a>\n\t\t\t\t<\/div>\n\t\t\t\t\t\t\t\t<\/div>\n\t\t\t\t<\/div>\n\t\t\t\t<div class=\"elementor-element elementor-element-172fbcf elementor-widget elementor-widget-text-editor\" data-id=\"172fbcf\" data-element_type=\"widget\" data-widget_type=\"text-editor.default\">\n\t\t\t\t<div class=\"elementor-widget-container\">\n\t\t\t\t\t\t\t\t\t<p>Una sabrosa fondue de su chocolate favorito (con leche o fondant life) acompa\u00f1ada de fruta fresca o seca se servir\u00e1 en su habitaci\u00f3n<\/p>\n<ul>\n<li><strong>Desayuno buf\u00e9<\/strong> con productos artesanales Life 120 de 8.30 a 9.30 h.<\/li>\n<\/ul>\n<p>** Se atender\u00e1n las intolerancias alimentarias particulares si se comunican con la debida antelaci\u00f3n.<\/p>\n<p>En particular: Gluten, leche, setas, pimienta, ajo, etc.<\/p>\n<table>\n<tbody>\n<tr>\n<td>\n<table>\n<tbody>\n<tr>\n<td>\n<p><strong>Horario<\/strong><\/p>\n<p>Ciok-in disponible a partir de las 15.30 h., Ciok-out a las 12 h., Visita al museo a las 19 h., Curso de pasteler\u00eda a las 18 h.<\/p>\n<p>En caso de exceso de reservas, se podr\u00e1 pernoctar en el establecimiento externo de categor\u00eda superior situado a 100 metros en las mismas condiciones.<\/p>\n<p><strong>Otras informaciones y pol\u00edticas de liberaci\u00f3n o reembolso<\/strong><\/p>\n<p>El Bono es v\u00e1lido durante un a\u00f1o a partir del momento del pago; es posible adelantar la fecha de la estancia hasta 48 horas. En un plazo de 48 horas, si la habitaci\u00f3n se queda vac\u00eda, se cobrar\u00e1 una penalizaci\u00f3n de 50 euros por la nueva reserva y puede haber restricciones de fechas.<strong>  En los 8 d\u00edas siguientes a la compra, previa solicitud por escrito <span id=\"cloak86f273a6e12549a9bae873f9c12fb268\"><br \/>\n  <a href=\"mailto:info@silviobessone.it\">info@silviobessone.it<\/a><br \/>\n<\/span> o RR se le reembolsar\u00e1 el precio pagado con una deducci\u00f3n por gastos de secretar\u00eda de 40,00 euros. M\u00e1s all\u00e1 del octavo d\u00eda, no se efectuar\u00e1n reembolsos por ninguna causa.<\/strong><\/p>\n<p>La reserva queda confirmada cuando se recibe la carta de confirmaci\u00f3n de reserva.<\/p>\n<p><strong>Tercera cama en la habitaci\u00f3n: <\/strong><strong>\u20ac<\/strong><strong> 15 para ni\u00f1os menores de 10 a\u00f1os <\/strong><strong>\u20ac<\/strong><strong>  25,00 por superior, desayuno buffet incluido. Para comidas infantiles adicionales<\/strong><strong>  pueden acordar un men\u00fa o recurrir a precios a la carta<\/strong><\/p>\n<p><strong> <\/strong><\/p>\n<\/td>\n<\/tr>\n<\/tbody>\n<\/table>\n<\/td>\n<\/tr>\n<\/tbody>\n<\/table>\n<p>Los platos pueden variar sin previo aviso, en funci\u00f3n de la disponibilidad y la temporada.<\/p>\n\t\t\t\t\t\t\t\t<\/div>\n\t\t\t\t<\/div>\n\t\t\t\t<div class=\"elementor-element elementor-element-5907a55 elementor-widget elementor-widget-heading\" data-id=\"5907a55\" data-element_type=\"widget\" data-widget_type=\"heading.default\">\n\t\t\t\t<div class=\"elementor-widget-container\">\n\t\t\t\t\t<h2 class=\"elementor-heading-title elementor-size-default\"><a href=\"https:\/\/www.silviobessone.it\/es\/?page_id=2068\">&lt;Volver<\/a><\/h2>\t\t\t\t<\/div>\n\t\t\t\t<\/div>\n\t\t\t\t\t<\/div>\n\t\t<\/div>\n\t\t\t\t\t<\/div>\n\t\t<\/section>\n\t\t\t\t<\/div>\n\t\t","protected":false},"excerpt":{"rendered":"<p>\u00a1\u00a1\u00a1COMPRA EL SAL\u00d3N VIDA 120!!! Stay Life 120 Contaminaci\u00f3n del cacao para 2 personas en habitaci\u00f3n doble o twin Se trata de una experiencia emocional dedicada a todos aquellos que siguen la filosof\u00eda de vida LIFE 120. y consiste en: Acceso a las salas LOCANDA a partir de las 15.30 horas. Curso de reposter\u00eda *- [&hellip;]<\/p>\n","protected":false},"author":1,"featured_media":0,"parent":0,"menu_order":0,"comment_status":"closed","ping_status":"closed","template":"","meta":{"footnotes":""},"_links":{"self":[{"href":"https:\/\/www.silviobessone.it\/es\/wp-json\/wp\/v2\/pages\/2047"}],"collection":[{"href":"https:\/\/www.silviobessone.it\/es\/wp-json\/wp\/v2\/pages"}],"about":[{"href":"https:\/\/www.silviobessone.it\/es\/wp-json\/wp\/v2\/types\/page"}],"author":[{"embeddable":true,"href":"https:\/\/www.silviobessone.it\/es\/wp-json\/wp\/v2\/users\/1"}],"replies":[{"embeddable":true,"href":"https:\/\/www.silviobessone.it\/es\/wp-json\/wp\/v2\/comments?post=2047"}],"version-history":[{"count":3,"href":"https:\/\/www.silviobessone.it\/es\/wp-json\/wp\/v2\/pages\/2047\/revisions"}],"predecessor-version":[{"id":2137,"href":"https:\/\/www.silviobessone.it\/es\/wp-json\/wp\/v2\/pages\/2047\/revisions\/2137"}],"wp:attachment":[{"href":"https:\/\/www.silviobessone.it\/es\/wp-json\/wp\/v2\/media?parent=2047"}],"curies":[{"name":"wp","href":"https:\/\/api.w.org\/{rel}","templated":true}]}}