{"id":1936,"date":"2023-09-05T09:12:29","date_gmt":"2023-09-05T09:12:29","guid":{"rendered":"https:\/\/www.silviobessone.it\/concursos-y-eventos\/"},"modified":"2023-10-23T14:09:27","modified_gmt":"2023-10-23T14:09:27","slug":"concursos-y-eventos","status":"publish","type":"page","link":"https:\/\/www.silviobessone.it\/es\/concursos-y-eventos\/","title":{"rendered":"CONCURSOS Y EVENTOS"},"content":{"rendered":"\t\t<div data-elementor-type=\"wp-page\" data-elementor-id=\"1936\" class=\"elementor elementor-1936 elementor-356\" data-elementor-post-type=\"page\">\n\t\t\t\t\t\t<section class=\"elementor-section elementor-top-section elementor-element elementor-element-1b20ce2 elementor-section-boxed elementor-section-height-default elementor-section-height-default\" data-id=\"1b20ce2\" data-element_type=\"section\">\n\t\t\t\t\t\t<div class=\"elementor-container elementor-column-gap-default\">\n\t\t\t\t\t<div class=\"elementor-column elementor-col-100 elementor-top-column elementor-element elementor-element-0d7bb76\" data-id=\"0d7bb76\" data-element_type=\"column\">\n\t\t\t<div class=\"elementor-widget-wrap elementor-element-populated\">\n\t\t\t\t\t\t<div class=\"elementor-element elementor-element-cd89980 elementor-widget elementor-widget-spacer\" data-id=\"cd89980\" data-element_type=\"widget\" data-widget_type=\"spacer.default\">\n\t\t\t\t<div class=\"elementor-widget-container\">\n\t\t\t\t\t\t\t<div class=\"elementor-spacer\">\n\t\t\t<div class=\"elementor-spacer-inner\"><\/div>\n\t\t<\/div>\n\t\t\t\t\t\t<\/div>\n\t\t\t\t<\/div>\n\t\t\t\t<div class=\"elementor-element elementor-element-1b93d4f elementor-widget elementor-widget-image\" data-id=\"1b93d4f\" data-element_type=\"widget\" data-widget_type=\"image.default\">\n\t\t\t\t<div class=\"elementor-widget-container\">\n\t\t\t\t\t\t\t\t\t\t\t\t\t\t\t<img fetchpriority=\"high\" decoding=\"async\" width=\"1354\" height=\"249\" src=\"https:\/\/www.silviobessone.it\/wp-content\/uploads\/2023\/09\/silvio-bessone.png\" class=\"attachment-full size-full wp-image-1333\" alt=\"\" srcset=\"https:\/\/www.silviobessone.it\/wp-content\/uploads\/2023\/09\/silvio-bessone.png 1354w, https:\/\/www.silviobessone.it\/wp-content\/uploads\/2023\/09\/silvio-bessone-300x55.png 300w, https:\/\/www.silviobessone.it\/wp-content\/uploads\/2023\/09\/silvio-bessone-1024x188.png 1024w, https:\/\/www.silviobessone.it\/wp-content\/uploads\/2023\/09\/silvio-bessone-768x141.png 768w\" sizes=\"(max-width: 1354px) 100vw, 1354px\" \/>\t\t\t\t\t\t\t\t\t\t\t\t\t\t\t<\/div>\n\t\t\t\t<\/div>\n\t\t\t\t<div class=\"elementor-element elementor-element-660792a elementor-widget elementor-widget-spacer\" data-id=\"660792a\" data-element_type=\"widget\" data-widget_type=\"spacer.default\">\n\t\t\t\t<div class=\"elementor-widget-container\">\n\t\t\t\t\t\t\t<div class=\"elementor-spacer\">\n\t\t\t<div class=\"elementor-spacer-inner\"><\/div>\n\t\t<\/div>\n\t\t\t\t\t\t<\/div>\n\t\t\t\t<\/div>\n\t\t\t\t\t<\/div>\n\t\t<\/div>\n\t\t\t\t\t<\/div>\n\t\t<\/section>\n\t\t\t\t<section class=\"elementor-section elementor-top-section elementor-element elementor-element-073f44a elementor-section-boxed elementor-section-height-default elementor-section-height-default\" data-id=\"073f44a\" data-element_type=\"section\">\n\t\t\t\t\t\t<div class=\"elementor-container elementor-column-gap-default\">\n\t\t\t\t\t<div class=\"elementor-column elementor-col-33 elementor-top-column elementor-element elementor-element-4a9ba36\" data-id=\"4a9ba36\" data-element_type=\"column\">\n\t\t\t<div class=\"elementor-widget-wrap elementor-element-populated\">\n\t\t\t\t\t\t<div class=\"elementor-element elementor-element-79cba54 elementor-align-center pulsante-personalizzato elementor-widget elementor-widget-button\" data-id=\"79cba54\" data-element_type=\"widget\" data-widget_type=\"button.default\">\n\t\t\t\t<div class=\"elementor-widget-container\">\n\t\t\t\t\t\t\t\t\t<div class=\"elementor-button-wrapper\">\n\t\t\t\t\t<a class=\"elementor-button elementor-button-link elementor-size-sm elementor-animation-shrink\" href=\"#\">\n\t\t\t\t\t\t<span class=\"elementor-button-content-wrapper\">\n\t\t\t\t\t\t\t\t\t<span class=\"elementor-button-text\">SILVIO BESSONE<\/span>\n\t\t\t\t\t<\/span>\n\t\t\t\t\t<\/a>\n\t\t\t\t<\/div>\n\t\t\t\t\t\t\t\t<\/div>\n\t\t\t\t<\/div>\n\t\t\t\t<div class=\"elementor-element elementor-element-718250a elementor-align-center pulsante-personalizzato elementor-widget elementor-widget-button\" data-id=\"718250a\" data-element_type=\"widget\" data-widget_type=\"button.default\">\n\t\t\t\t<div class=\"elementor-widget-container\">\n\t\t\t\t\t\t\t\t\t<div class=\"elementor-button-wrapper\">\n\t\t\t\t\t<a class=\"elementor-button elementor-button-link elementor-size-sm elementor-animation-shrink\" href=\"#\">\n\t\t\t\t\t\t<span class=\"elementor-button-content-wrapper\">\n\t\t\t\t\t\t\t\t\t<span class=\"elementor-button-text\">LA EMPRESA<\/span>\n\t\t\t\t\t<\/span>\n\t\t\t\t\t<\/a>\n\t\t\t\t<\/div>\n\t\t\t\t\t\t\t\t<\/div>\n\t\t\t\t<\/div>\n\t\t\t\t<div class=\"elementor-element elementor-element-ff023fa elementor-align-center pulsante-personalizzato elementor-widget elementor-widget-button\" data-id=\"ff023fa\" data-element_type=\"widget\" data-widget_type=\"button.default\">\n\t\t\t\t<div class=\"elementor-widget-container\">\n\t\t\t\t\t\t\t\t\t<div class=\"elementor-button-wrapper\">\n\t\t\t\t\t<a class=\"elementor-button elementor-button-link elementor-size-sm elementor-animation-shrink\" href=\"#\">\n\t\t\t\t\t\t<span class=\"elementor-button-content-wrapper\">\n\t\t\t\t\t\t\t\t\t<span class=\"elementor-button-text\">CONCURSOS Y EVENTOS<\/span>\n\t\t\t\t\t<\/span>\n\t\t\t\t\t<\/a>\n\t\t\t\t<\/div>\n\t\t\t\t\t\t\t\t<\/div>\n\t\t\t\t<\/div>\n\t\t\t\t<div class=\"elementor-element elementor-element-d6283c6 elementor-align-center pulsante-personalizzato elementor-widget elementor-widget-button\" data-id=\"d6283c6\" data-element_type=\"widget\" data-widget_type=\"button.default\">\n\t\t\t\t<div class=\"elementor-widget-container\">\n\t\t\t\t\t\t\t\t\t<div class=\"elementor-button-wrapper\">\n\t\t\t\t\t<a class=\"elementor-button elementor-button-link elementor-size-sm elementor-animation-shrink\" href=\"https:\/\/www.silviobessone.it\/es\/silvio-bessone-y-la-tv\/\">\n\t\t\t\t\t\t<span class=\"elementor-button-content-wrapper\">\n\t\t\t\t\t\t\t\t\t<span class=\"elementor-button-text\">SILVIO BESSONE Y LA TV<\/span>\n\t\t\t\t\t<\/span>\n\t\t\t\t\t<\/a>\n\t\t\t\t<\/div>\n\t\t\t\t\t\t\t\t<\/div>\n\t\t\t\t<\/div>\n\t\t\t\t<div class=\"elementor-element elementor-element-42a7e24 elementor-align-center pulsante-personalizzato elementor-widget elementor-widget-button\" data-id=\"42a7e24\" data-element_type=\"widget\" data-widget_type=\"button.default\">\n\t\t\t\t<div class=\"elementor-widget-container\">\n\t\t\t\t\t\t\t\t\t<div class=\"elementor-button-wrapper\">\n\t\t\t\t\t<a class=\"elementor-button elementor-button-link elementor-size-sm elementor-animation-shrink\" href=\"https:\/\/www.silviobessone.it\/es\/?page_id=1859\">\n\t\t\t\t\t\t<span class=\"elementor-button-content-wrapper\">\n\t\t\t\t\t\t\t\t\t<span class=\"elementor-button-text\">CINCO<\/span>\n\t\t\t\t\t<\/span>\n\t\t\t\t\t<\/a>\n\t\t\t\t<\/div>\n\t\t\t\t\t\t\t\t<\/div>\n\t\t\t\t<\/div>\n\t\t\t\t<div class=\"elementor-element elementor-element-bf6aab9 elementor-align-center pulsante-personalizzato elementor-widget elementor-widget-button\" data-id=\"bf6aab9\" data-element_type=\"widget\" data-widget_type=\"button.default\">\n\t\t\t\t<div class=\"elementor-widget-container\">\n\t\t\t\t\t\t\t\t\t<div class=\"elementor-button-wrapper\">\n\t\t\t\t\t<a class=\"elementor-button elementor-button-link elementor-size-sm elementor-animation-shrink\" href=\"https:\/\/www.silviobessone.it\/cioccolato-friend\/\">\n\t\t\t\t\t\t<span class=\"elementor-button-content-wrapper\">\n\t\t\t\t\t\t\t\t\t<span class=\"elementor-button-text\">CHOCOLATE Y AMIGO<\/span>\n\t\t\t\t\t<\/span>\n\t\t\t\t\t<\/a>\n\t\t\t\t<\/div>\n\t\t\t\t\t\t\t\t<\/div>\n\t\t\t\t<\/div>\n\t\t\t\t\t<\/div>\n\t\t<\/div>\n\t\t\t\t<div class=\"elementor-column elementor-col-66 elementor-top-column elementor-element elementor-element-07819f4\" data-id=\"07819f4\" data-element_type=\"column\">\n\t\t\t<div class=\"elementor-widget-wrap elementor-element-populated\">\n\t\t\t\t\t\t<div class=\"elementor-element elementor-element-a2121ba elementor-widget elementor-widget-heading\" data-id=\"a2121ba\" data-element_type=\"widget\" data-widget_type=\"heading.default\">\n\t\t\t\t<div class=\"elementor-widget-container\">\n\t\t\t\t\t<h2 class=\"elementor-heading-title elementor-size-default\">CONCURSOS Y EVENTOS<\/h2>\t\t\t\t<\/div>\n\t\t\t\t<\/div>\n\t\t\t\t<div class=\"elementor-element elementor-element-eb0930f elementor-widget-divider--view-line elementor-widget elementor-widget-divider\" data-id=\"eb0930f\" data-element_type=\"widget\" data-widget_type=\"divider.default\">\n\t\t\t\t<div class=\"elementor-widget-container\">\n\t\t\t\t\t\t\t<div class=\"elementor-divider\">\n\t\t\t<span class=\"elementor-divider-separator\">\n\t\t\t\t\t\t<\/span>\n\t\t<\/div>\n\t\t\t\t\t\t<\/div>\n\t\t\t\t<\/div>\n\t\t\t\t<div class=\"elementor-element elementor-element-11cd0cf elementor-widget elementor-widget-text-editor\" data-id=\"11cd0cf\" data-element_type=\"widget\" data-widget_type=\"text-editor.default\">\n\t\t\t\t<div class=\"elementor-widget-container\">\n\t\t\t\t\t\t\t\t\t<p>Asisti\u00f3 a su primera competici\u00f3n con s\u00f3lo 13 a\u00f1os, con gran \u00e9xito.<\/p>\n<p>Era el <strong>Berretto D&#8217;Oro<\/strong>, un concurso <em>piamont\u00e9s para chefs<\/em>.<\/p>\n<p>A lo largo de los a\u00f1os, su asistencia constante al <strong>S.I.G.E.P.<\/strong> de <em>R\u00edmini<\/em> (un importante concurso nacional para pasteleros) le llev\u00f3 a mejorar a\u00f1o tras a\u00f1o hasta ganar el <strong>Super Sigep D&#8217;Oro<\/strong> en <strong>1997<\/strong>.<\/p>\n<p>En <strong>1995<\/strong>, inici\u00f3 la aventura de la <strong>Copa del Mundo de Pasteler\u00eda<\/strong> en <em>Lyon<\/em>, en la que se clasific\u00f3 5\u00ba del mundo.<\/p>\n<p>En <strong>2000<\/strong>, gan\u00f3 la selecci\u00f3n nacional para la edici\u00f3n de <strong>2001<\/strong> y fue elegido capit\u00e1n del equipo nacional <em>italiano de pasteler\u00eda<\/em>.<\/p>\n<p>Junto con <em>Leonardo Di Carlo<\/em> y <em>Amelio Mazzella<\/em>, gan\u00f3 la medalla <strong>de bronce<\/strong> y el t\u00edtulo de Mejor <em>Pastel de Chocolate<\/em>, as\u00ed como el premio al <strong>Mejor Chocolatero de Europa 2001<\/strong>.<\/p>\n<p>En <strong>2002<\/strong> volvi\u00f3 a ganar la selecci\u00f3n nacional y, elegido de nuevo capit\u00e1n, particip\u00f3 en la final de <em>Lyon<\/em> <strong>2003<\/strong> con <em>Gennaro Volpe<\/em> y <em>Francesco Marchioro<\/em>.<\/p>\n<p>Entretanto, ha ganado numerosos concursos internacionales.<\/p>\n<p>Noviembre <strong>de 2005<\/strong>: <strong>medalla de oro de la Academia de Maestros<\/strong> Pasteleros al mejor pastel de casta\u00f1as.<\/p>\n<p>Julio de <strong>2006<\/strong>: <strong>Capit\u00e1n<\/strong> del equipo <strong>nacional italiano<\/strong> en la final <strong>del Campeonato Mundial de Pasteler\u00eda por Equipos <\/strong><a title=\"Pasteler\u00eda internacional\" href=\"http:\/\/www.pasticceriainternazionale.it\/\" target=\"_blank\" rel=\"noopener\">(www.pasticceriainternazionale.it)<\/a> con <em>Roberto Rinaldini<\/em> y <em>Lucio Forino<\/em>.<\/p>\n<p>Octubre de <strong>2006<\/strong>: Galardonado <strong>en Perugina<\/strong> con el<strong>Premio Eurochocolate \u00abMejor Chocolatero Artesano 2006\u00bb<\/strong><a title=\"Euro Chocolate\" href=\"http:\/\/www.eurochocolate.it\/\" target=\"_blank\" rel=\"noopener\">(www.eurochocolate.it)<\/a>.<\/p>\n<p>Diciembre <strong>de 2006<\/strong>: Discute su tesis de <em>licenciatura en la Universidad Jean Monnet de<\/em> Bruselas sobre <em>\u00abBiograf\u00eda del chocolate artesano<\/em> \u00ab, obteniendo una calificaci\u00f3n de <em>110 cum laude<\/em> con <em>matr\u00edcula de honor<\/em>.<\/p>\n<p><strong>Silvio Bessone<\/strong> figura entre los profesionales de <em>la industria con m\u00e1s \u00e9xito del mundo<\/em>, y como testimonio de artesan\u00eda de alta calidad.<\/p>\n\t\t\t\t\t\t\t\t<\/div>\n\t\t\t\t<\/div>\n\t\t\t\t<div class=\"elementor-element elementor-element-8f34498 elementor-widget elementor-widget-image\" data-id=\"8f34498\" data-element_type=\"widget\" data-widget_type=\"image.default\">\n\t\t\t\t<div class=\"elementor-widget-container\">\n\t\t\t\t\t\t\t\t\t\t\t\t\t\t\t<img decoding=\"async\" width=\"800\" height=\"538\" src=\"https:\/\/www.silviobessone.it\/wp-content\/uploads\/2023\/09\/concorsi.jpg\" class=\"attachment-large size-large wp-image-1337\" alt=\"\" srcset=\"https:\/\/www.silviobessone.it\/wp-content\/uploads\/2023\/09\/concorsi.jpg 848w, https:\/\/www.silviobessone.it\/wp-content\/uploads\/2023\/09\/concorsi-300x202.jpg 300w, https:\/\/www.silviobessone.it\/wp-content\/uploads\/2023\/09\/concorsi-768x516.jpg 768w\" sizes=\"(max-width: 800px) 100vw, 800px\" \/>\t\t\t\t\t\t\t\t\t\t\t\t\t\t\t<\/div>\n\t\t\t\t<\/div>\n\t\t\t\t<div class=\"elementor-element elementor-element-019ea8d elementor-widget elementor-widget-spacer\" data-id=\"019ea8d\" data-element_type=\"widget\" data-widget_type=\"spacer.default\">\n\t\t\t\t<div class=\"elementor-widget-container\">\n\t\t\t\t\t\t\t<div class=\"elementor-spacer\">\n\t\t\t<div class=\"elementor-spacer-inner\"><\/div>\n\t\t<\/div>\n\t\t\t\t\t\t<\/div>\n\t\t\t\t<\/div>\n\t\t\t\t\t<\/div>\n\t\t<\/div>\n\t\t\t\t\t<\/div>\n\t\t<\/section>\n\t\t\t\t<\/div>\n\t\t","protected":false},"excerpt":{"rendered":"<p>SILVIO BESSONE LA EMPRESA CONCURSOS Y EVENTOS SILVIO BESSONE Y LA TV CINCO CHOCOLATE Y AMIGO CONCURSOS Y EVENTOS Asisti\u00f3 a su primera competici\u00f3n con s\u00f3lo 13 a\u00f1os, con gran \u00e9xito. Era el Berretto D&#8217;Oro, un concurso piamont\u00e9s para chefs. A lo largo de los a\u00f1os, su asistencia constante al S.I.G.E.P. de R\u00edmini (un importante [&hellip;]<\/p>\n","protected":false},"author":1,"featured_media":0,"parent":0,"menu_order":0,"comment_status":"closed","ping_status":"closed","template":"","meta":{"footnotes":""},"_links":{"self":[{"href":"https:\/\/www.silviobessone.it\/es\/wp-json\/wp\/v2\/pages\/1936"}],"collection":[{"href":"https:\/\/www.silviobessone.it\/es\/wp-json\/wp\/v2\/pages"}],"about":[{"href":"https:\/\/www.silviobessone.it\/es\/wp-json\/wp\/v2\/types\/page"}],"author":[{"embeddable":true,"href":"https:\/\/www.silviobessone.it\/es\/wp-json\/wp\/v2\/users\/1"}],"replies":[{"embeddable":true,"href":"https:\/\/www.silviobessone.it\/es\/wp-json\/wp\/v2\/comments?post=1936"}],"version-history":[{"count":3,"href":"https:\/\/www.silviobessone.it\/es\/wp-json\/wp\/v2\/pages\/1936\/revisions"}],"predecessor-version":[{"id":1966,"href":"https:\/\/www.silviobessone.it\/es\/wp-json\/wp\/v2\/pages\/1936\/revisions\/1966"}],"wp:attachment":[{"href":"https:\/\/www.silviobessone.it\/es\/wp-json\/wp\/v2\/media?parent=1936"}],"curies":[{"name":"wp","href":"https:\/\/api.w.org\/{rel}","templated":true}]}}