{"id":1882,"date":"2023-09-04T12:13:38","date_gmt":"2023-09-04T12:13:38","guid":{"rendered":"https:\/\/www.silviobessone.it\/restaurante\/"},"modified":"2023-10-23T14:09:27","modified_gmt":"2023-10-23T14:09:27","slug":"restaurante","status":"publish","type":"page","link":"https:\/\/www.silviobessone.it\/es\/restaurante\/","title":{"rendered":"RESTAURANTE"},"content":{"rendered":"\t\t<div data-elementor-type=\"wp-page\" data-elementor-id=\"1882\" class=\"elementor elementor-1882 elementor-105\" data-elementor-post-type=\"page\">\n\t\t\t\t\t\t<section class=\"elementor-section elementor-top-section elementor-element elementor-element-c913b34 elementor-section-boxed elementor-section-height-default elementor-section-height-default\" data-id=\"c913b34\" data-element_type=\"section\">\n\t\t\t\t\t\t<div class=\"elementor-container elementor-column-gap-default\">\n\t\t\t\t\t<div class=\"elementor-column elementor-col-50 elementor-top-column elementor-element elementor-element-f41794f\" data-id=\"f41794f\" data-element_type=\"column\">\n\t\t\t<div class=\"elementor-widget-wrap elementor-element-populated\">\n\t\t\t\t\t\t<div class=\"elementor-element elementor-element-d6696aa pulsante-personalizzato elementor-widget elementor-widget-button\" data-id=\"d6696aa\" data-element_type=\"widget\" data-widget_type=\"button.default\">\n\t\t\t\t<div class=\"elementor-widget-container\">\n\t\t\t\t\t\t\t\t\t<div class=\"elementor-button-wrapper\">\n\t\t\t\t\t<a class=\"elementor-button elementor-button-link elementor-size-sm\" href=\"https:\/\/www.silviobessone.it\/pranzo-contaminata-al-cacao\/\">\n\t\t\t\t\t\t<span class=\"elementor-button-content-wrapper\">\n\t\t\t\t\t\t\t\t\t<span class=\"elementor-button-text\">ALMUERZO \"CONTAMINACI\u00d3N DEL CACAO<\/span>\n\t\t\t\t\t<\/span>\n\t\t\t\t\t<\/a>\n\t\t\t\t<\/div>\n\t\t\t\t\t\t\t\t<\/div>\n\t\t\t\t<\/div>\n\t\t\t\t<div class=\"elementor-element elementor-element-d469b02 pulsante-personalizzato elementor-widget elementor-widget-button\" data-id=\"d469b02\" data-element_type=\"widget\" data-widget_type=\"button.default\">\n\t\t\t\t<div class=\"elementor-widget-container\">\n\t\t\t\t\t\t\t\t\t<div class=\"elementor-button-wrapper\">\n\t\t\t\t\t<a class=\"elementor-button elementor-button-link elementor-size-sm\" href=\"https:\/\/www.silviobessone.it\/cena-contaminata-al-cacao\/\">\n\t\t\t\t\t\t<span class=\"elementor-button-content-wrapper\">\n\t\t\t\t\t\t\t\t\t<span class=\"elementor-button-text\">CENA \"CONTAMINACI\u00d3N DEL CACAO<\/span>\n\t\t\t\t\t<\/span>\n\t\t\t\t\t<\/a>\n\t\t\t\t<\/div>\n\t\t\t\t\t\t\t\t<\/div>\n\t\t\t\t<\/div>\n\t\t\t\t\t<\/div>\n\t\t<\/div>\n\t\t\t\t<div class=\"elementor-column elementor-col-50 elementor-top-column elementor-element elementor-element-0f97536\" data-id=\"0f97536\" data-element_type=\"column\">\n\t\t\t<div class=\"elementor-widget-wrap elementor-element-populated\">\n\t\t\t\t\t\t<div class=\"elementor-element elementor-element-f8ab382 pulsante-personalizzato elementor-align-right elementor-widget elementor-widget-button\" data-id=\"f8ab382\" data-element_type=\"widget\" data-widget_type=\"button.default\">\n\t\t\t\t<div class=\"elementor-widget-container\">\n\t\t\t\t\t\t\t\t\t<div class=\"elementor-button-wrapper\">\n\t\t\t\t\t<a class=\"elementor-button elementor-button-link elementor-size-sm\" href=\"https:\/\/www.silviobessone.it\/offerta-gruppi\/\">\n\t\t\t\t\t\t<span class=\"elementor-button-content-wrapper\">\n\t\t\t\t\t\t\t\t\t<span class=\"elementor-button-text\">  OFERTA PARA GRUPOS<\/span>\n\t\t\t\t\t<\/span>\n\t\t\t\t\t<\/a>\n\t\t\t\t<\/div>\n\t\t\t\t\t\t\t\t<\/div>\n\t\t\t\t<\/div>\n\t\t\t\t<div class=\"elementor-element elementor-element-45d171c pulsante-personalizzato elementor-align-right elementor-widget elementor-widget-button\" data-id=\"45d171c\" data-element_type=\"widget\" data-widget_type=\"button.default\">\n\t\t\t\t<div class=\"elementor-widget-container\">\n\t\t\t\t\t\t\t\t\t<div class=\"elementor-button-wrapper\">\n\t\t\t\t\t<a class=\"elementor-button elementor-button-link elementor-size-sm\" href=\"https:\/\/www.silviobessone.it\/eventi-speciali\/\">\n\t\t\t\t\t\t<span class=\"elementor-button-content-wrapper\">\n\t\t\t\t\t\t\t\t\t<span class=\"elementor-button-text\">ACONTECIMIENTOS ESPECIALES<\/span>\n\t\t\t\t\t<\/span>\n\t\t\t\t\t<\/a>\n\t\t\t\t<\/div>\n\t\t\t\t\t\t\t\t<\/div>\n\t\t\t\t<\/div>\n\t\t\t\t\t<\/div>\n\t\t<\/div>\n\t\t\t\t\t<\/div>\n\t\t<\/section>\n\t\t\t\t<section class=\"elementor-section elementor-top-section elementor-element elementor-element-6363910 elementor-section-boxed elementor-section-height-default elementor-section-height-default\" data-id=\"6363910\" data-element_type=\"section\">\n\t\t\t\t\t\t<div class=\"elementor-container elementor-column-gap-default\">\n\t\t\t\t\t<div class=\"elementor-column elementor-col-100 elementor-top-column elementor-element elementor-element-9ae4d81\" data-id=\"9ae4d81\" data-element_type=\"column\">\n\t\t\t<div class=\"elementor-widget-wrap elementor-element-populated\">\n\t\t\t\t\t\t<div class=\"elementor-element elementor-element-0995689 elementor-widget elementor-widget-spacer\" data-id=\"0995689\" data-element_type=\"widget\" data-widget_type=\"spacer.default\">\n\t\t\t\t<div class=\"elementor-widget-container\">\n\t\t\t\t\t\t\t<div class=\"elementor-spacer\">\n\t\t\t<div class=\"elementor-spacer-inner\"><\/div>\n\t\t<\/div>\n\t\t\t\t\t\t<\/div>\n\t\t\t\t<\/div>\n\t\t\t\t\t<\/div>\n\t\t<\/div>\n\t\t\t\t\t<\/div>\n\t\t<\/section>\n\t\t\t\t<section class=\"elementor-section elementor-top-section elementor-element elementor-element-1631535 elementor-section-boxed elementor-section-height-default elementor-section-height-default\" data-id=\"1631535\" data-element_type=\"section\">\n\t\t\t\t\t\t<div class=\"elementor-container elementor-column-gap-default\">\n\t\t\t\t\t<div class=\"elementor-column elementor-col-100 elementor-top-column elementor-element elementor-element-a886cef\" data-id=\"a886cef\" data-element_type=\"column\">\n\t\t\t<div class=\"elementor-widget-wrap elementor-element-populated\">\n\t\t\t\t\t\t<div class=\"elementor-element elementor-element-c539a07 elementor-widget elementor-widget-heading\" data-id=\"c539a07\" data-element_type=\"widget\" data-widget_type=\"heading.default\">\n\t\t\t\t<div class=\"elementor-widget-container\">\n\t\t\t\t\t<h2 class=\"elementor-heading-title elementor-size-default\"><a href=\"https:\/\/shop.silviobessone.it\/it\/cioccolocanda-shop\/91-contaminazioni-di-cacao.html\">Para comprar el almuerzo<\/a><\/h2>\t\t\t\t<\/div>\n\t\t\t\t<\/div>\n\t\t\t\t<div class=\"elementor-element elementor-element-91a38eb elementor-widget elementor-widget-spacer\" data-id=\"91a38eb\" data-element_type=\"widget\" data-widget_type=\"spacer.default\">\n\t\t\t\t<div class=\"elementor-widget-container\">\n\t\t\t\t\t\t\t<div class=\"elementor-spacer\">\n\t\t\t<div class=\"elementor-spacer-inner\"><\/div>\n\t\t<\/div>\n\t\t\t\t\t\t<\/div>\n\t\t\t\t<\/div>\n\t\t\t\t<div class=\"elementor-element elementor-element-cf74f77 elementor-widget elementor-widget-heading\" data-id=\"cf74f77\" data-element_type=\"widget\" data-widget_type=\"heading.default\">\n\t\t\t\t<div class=\"elementor-widget-container\">\n\t\t\t\t\t<h3 class=\"elementor-heading-title elementor-size-default\">La Cucina della Cioccolocanda: Un viaje sensorial al coraz\u00f3n del chocolate<\/h3>\t\t\t\t<\/div>\n\t\t\t\t<\/div>\n\t\t\t\t<div class=\"elementor-element elementor-element-ae3e3ac elementor-widget elementor-widget-text-editor\" data-id=\"ae3e3ac\" data-element_type=\"widget\" data-widget_type=\"text-editor.default\">\n\t\t\t\t<div class=\"elementor-widget-container\">\n\t\t\t\t\t\t\t\t\t<p>Nuestro restaurante, integrado en la estructura de Cioccolocanda, es una celebraci\u00f3n de la pasi\u00f3n y el arte culinario. Estamos situados justo encima de la famosa F\u00e1brica de Chocolate de Silvio Bessone, y el embriagador aroma a cacao tostado y avellanas frescas impregna cada rinc\u00f3n, sumergi\u00e9ndole en una atm\u00f3sfera de Museo del Chocolate.<\/p>\n<p>Nos inspiramos en la generosidad de la tierra monegalesa: desde la tierna carne de la raza piamontesa Fassona hasta los suculentos conejos \u00abCuneo\u00bb, desde el regio cap\u00f3n Morozzo hasta el cordero Sambucano o Frabosano. Nuestro men\u00fa tambi\u00e9n ofrece aut\u00e9nticos quesos alpinos, as\u00ed como delicias caseras con leche fresca y nibs de cacao.<\/p>\n<p>\u00a1Nuestro amor por el cacao es palpable! Mediante estudios recientes y colaboraciones con expertos en nutrici\u00f3n, hemos desarrollado platos que combinan el beneficio nutrac\u00e9utico y el placer gastron\u00f3mico. Experimente con nuestro innovador uso del cacao: desde la manteca de cacao y el aceite de oliva virgen extra para una fritura ligera, hasta los nibs de cacao como crujiente cobertura, pasando por la pasta de cacao como salsa refinada.<\/p>\n<p>\u00bfY los postres? Hablamos de la famosa Testa di Moro, dos veces reconocida como el mejor postre del mundo, y de otras delicias como la tarta fondant de aceite de oliva virgen extra, nuestros helados artesanos y la amplia gama de chocolates y pralin\u00e9s.<\/p>\n<p>Una experiencia que no debe perderse es nuestra \u00abCarta Mundial del Chocolate\u00bb. Descubra 44 variedades de chocolates, acompa\u00f1ados de una selecci\u00f3n de vinos de postre y licores raros. Y con el experto chocolatero a su lado, la degustaci\u00f3n se convierte en una aventura inolvidable.<\/p>\n<p>Por \u00faltimo, para los amantes de la trufa, nuestro Chef Silvio Bessone, apasionado cazador de trufas, propone platos exclusivos a base de Trufa Blanca y Trufa Negra. Para los m\u00e1s aventureros, es posible acompa\u00f1ar al chef en la b\u00fasqueda de la preciada trufa previa cita. P\u00f3ngase en contacto con nosotros en <a href=\"mailto:info@silviobessone.it\">info@silviobessone.it<\/a> para m\u00e1s detalles y disponibilidad.<\/p>\n\t\t\t\t\t\t\t\t<\/div>\n\t\t\t\t<\/div>\n\t\t\t\t<div class=\"elementor-element elementor-element-bf1813c pulsante-personalizzato elementor-align-center elementor-widget elementor-widget-button\" data-id=\"bf1813c\" data-element_type=\"widget\" data-widget_type=\"button.default\">\n\t\t\t\t<div class=\"elementor-widget-container\">\n\t\t\t\t\t\t\t\t\t<div class=\"elementor-button-wrapper\">\n\t\t\t\t\t<a class=\"elementor-button elementor-button-link elementor-size-sm\" href=\"https:\/\/www.silviobessone.it\/menu-emozionali\/\">\n\t\t\t\t\t\t<span class=\"elementor-button-content-wrapper\">\n\t\t\t\t\t\t\t\t\t<span class=\"elementor-button-text\">Men\u00fas emocionales  <\/span>\n\t\t\t\t\t<\/span>\n\t\t\t\t\t<\/a>\n\t\t\t\t<\/div>\n\t\t\t\t\t\t\t\t<\/div>\n\t\t\t\t<\/div>\n\t\t\t\t\t<\/div>\n\t\t<\/div>\n\t\t\t\t\t<\/div>\n\t\t<\/section>\n\t\t\t\t<section class=\"elementor-section elementor-top-section elementor-element elementor-element-84be643 elementor-section-boxed elementor-section-height-default elementor-section-height-default\" data-id=\"84be643\" data-element_type=\"section\">\n\t\t\t\t\t\t<div class=\"elementor-container elementor-column-gap-default\">\n\t\t\t\t\t<div class=\"elementor-column elementor-col-100 elementor-top-column elementor-element elementor-element-58ce335\" data-id=\"58ce335\" data-element_type=\"column\">\n\t\t\t<div class=\"elementor-widget-wrap\">\n\t\t\t\t\t\t\t<\/div>\n\t\t<\/div>\n\t\t\t\t\t<\/div>\n\t\t<\/section>\n\t\t\t\t<section class=\"elementor-section elementor-top-section elementor-element elementor-element-c391b14 elementor-section-boxed elementor-section-height-default elementor-section-height-default\" data-id=\"c391b14\" data-element_type=\"section\">\n\t\t\t\t\t\t<div class=\"elementor-container elementor-column-gap-default\">\n\t\t\t\t\t<div class=\"elementor-column elementor-col-100 elementor-top-column elementor-element elementor-element-632b5d1\" data-id=\"632b5d1\" data-element_type=\"column\">\n\t\t\t<div class=\"elementor-widget-wrap elementor-element-populated\">\n\t\t\t\t\t\t<div class=\"elementor-element elementor-element-285bb54 elementor-widget elementor-widget-spacer\" data-id=\"285bb54\" data-element_type=\"widget\" data-widget_type=\"spacer.default\">\n\t\t\t\t<div class=\"elementor-widget-container\">\n\t\t\t\t\t\t\t<div class=\"elementor-spacer\">\n\t\t\t<div class=\"elementor-spacer-inner\"><\/div>\n\t\t<\/div>\n\t\t\t\t\t\t<\/div>\n\t\t\t\t<\/div>\n\t\t\t\t\t<\/div>\n\t\t<\/div>\n\t\t\t\t\t<\/div>\n\t\t<\/section>\n\t\t\t\t<section class=\"elementor-section elementor-top-section elementor-element elementor-element-70bed7a elementor-section-boxed elementor-section-height-default elementor-section-height-default\" data-id=\"70bed7a\" data-element_type=\"section\">\n\t\t\t\t\t\t<div class=\"elementor-container elementor-column-gap-default\">\n\t\t\t\t\t<div class=\"elementor-column elementor-col-100 elementor-top-column elementor-element elementor-element-3162162\" data-id=\"3162162\" data-element_type=\"column\">\n\t\t\t<div class=\"elementor-widget-wrap elementor-element-populated\">\n\t\t\t\t\t\t<section class=\"elementor-section elementor-inner-section elementor-element elementor-element-7c7edb1 elementor-section-boxed elementor-section-height-default elementor-section-height-default\" data-id=\"7c7edb1\" data-element_type=\"section\">\n\t\t\t\t\t\t<div class=\"elementor-container elementor-column-gap-default\">\n\t\t\t\t\t<div class=\"elementor-column elementor-col-100 elementor-inner-column elementor-element elementor-element-31de84b\" data-id=\"31de84b\" data-element_type=\"column\">\n\t\t\t<div class=\"elementor-widget-wrap elementor-element-populated\">\n\t\t\t\t\t\t<div class=\"elementor-element elementor-element-2f4c879 elementor-widget elementor-widget-heading\" data-id=\"2f4c879\" data-element_type=\"widget\" data-widget_type=\"heading.default\">\n\t\t\t\t<div class=\"elementor-widget-container\">\n\t\t\t\t\t<h2 class=\"elementor-heading-title elementor-size-default\">Comida y cena con contaminaci\u00f3n por cacao<\/h2>\t\t\t\t<\/div>\n\t\t\t\t<\/div>\n\t\t\t\t<div class=\"elementor-element elementor-element-3fea16e elementor-widget elementor-widget-text-editor\" data-id=\"3fea16e\" data-element_type=\"widget\" data-widget_type=\"text-editor.default\">\n\t\t\t\t<div class=\"elementor-widget-container\">\n\t\t\t\t\t\t\t\t\t<p>  Es posible experimentar las emociones culinarias de la posada del chocolate incluso sin pernoctar, as\u00ed que aqu\u00ed tiene nuestra propuesta chocolatera:<\/p>\n<h4>Almuerzo<\/h4>\n<div class=\"rte\">\n<p>Un viaje emocional, un recorrido por los sabores del cacao y la contaminaci\u00f3n de la regi\u00f3n del Piamonte.<\/p>\n<ul>\n<li>Bombones con una copa de J&#8217;Amis<\/li>\n<li>Aperitivo Tavolozza al cacao<\/li>\n<li>Raviolis de ternera estofados con cacao<\/li>\n<li>Segundo Capocollo en Crosta alla Bessone<\/li>\n<li>Tarta dulce de fondant o surtido del d\u00eda al carrito<\/li>\n<li>Degustaci\u00f3n de tres chocolates<\/li>\n<li>Caf\u00e9<\/li>\n<li>Bebidas por copa incluidas: J&#8217;Amis (de Silvio Bessone) Binaco y Rosso, Dolcetto d&#8217;Alba DOC, Barolo DOCG, Moscato d&#8217;Asti DOCG o similar.<\/li>\n<\/ul>\n<p>El paquete incluye las siguientes actividades:<\/p>\n<ul>\n<li><strong>Visita al Museo del Chocolate con degustaci\u00f3n del d\u00eda<\/strong> &#8211; h 11<\/li>\n<\/ul>\n<\/div>\n<p> <strong><em>Si lo desea, puede solicitar un men\u00fa estilo Life 120 con una limitaci\u00f3n sustancial de los hidratos de carbono que contienen insulina y men\u00fas especiales para personas intolerantes.<\/em><\/strong><\/p>\n<h4>Cena<\/h4>\n<ul>\n<li>Aperitivo con verduritas fritas a la piamontesa salteadas en manteca de cacao  <\/li>\n<li>Aperitivo Tavolozza al cacao<\/li>\n<li>Primo Tagliolini Tricolori con setas porcini, amasados con cacao<\/li>\n<li>Segunda Battuta alla Bessone en Bellavista<\/li>\n<li>Tarta dulce de fondant<\/li>\n<li>Degustaci\u00f3n de tres chocolates<\/li>\n<li>Caf\u00e9<\/li>\n<li>Bebidas por copa incluidas: Roero Arneis DOC, Dolcetto d&#8217;Alba DOC, Barolo DOCG, Moscato d&#8217;Asti DOCG o similar<\/li>\n<\/ul>\n<p>El paquete incluye las siguientes actividades:<\/p>\n<ul>\n<li>Curso de reposter\u00eda &#8211; h 18; Se elaborar\u00e1 una magdalena de chocolate negro que se comer\u00e1 durante la cena. Entrega del diploma y de la receta<\/li>\n<li>Visita al Museo del Chocolate con degustaci\u00f3n del d\u00eda &#8211; 19 h para la cena, 11 h para el almuerzo<\/li>\n<li>\n<p><strong><em>Si lo desea, puede solicitar un men\u00fa estilo Life 120 con una limitaci\u00f3n sustancial de los hidratos de carbono que contienen insulina y men\u00fas especiales para personas intolerantes.<\/em><\/strong><\/p>\n<\/li>\n<\/ul>\n\t\t\t\t\t\t\t\t<\/div>\n\t\t\t\t<\/div>\n\t\t\t\t\t<\/div>\n\t\t<\/div>\n\t\t\t\t\t<\/div>\n\t\t<\/section>\n\t\t\t\t\t<\/div>\n\t\t<\/div>\n\t\t\t\t\t<\/div>\n\t\t<\/section>\n\t\t\t\t<\/div>\n\t\t","protected":false},"excerpt":{"rendered":"<p>ALMUERZO \u00abCONTAMINACI\u00d3N DEL CACAO CENA \u00abCONTAMINACI\u00d3N DEL CACAO OFERTA PARA GRUPOS ACONTECIMIENTOS ESPECIALES Para comprar el almuerzo La Cucina della Cioccolocanda: Un viaje sensorial al coraz\u00f3n del chocolate Nuestro restaurante, integrado en la estructura de Cioccolocanda, es una celebraci\u00f3n de la pasi\u00f3n y el arte culinario. Estamos situados justo encima de la famosa F\u00e1brica de [&hellip;]<\/p>\n","protected":false},"author":1,"featured_media":0,"parent":0,"menu_order":0,"comment_status":"closed","ping_status":"closed","template":"","meta":{"footnotes":""},"_links":{"self":[{"href":"https:\/\/www.silviobessone.it\/es\/wp-json\/wp\/v2\/pages\/1882"}],"collection":[{"href":"https:\/\/www.silviobessone.it\/es\/wp-json\/wp\/v2\/pages"}],"about":[{"href":"https:\/\/www.silviobessone.it\/es\/wp-json\/wp\/v2\/types\/page"}],"author":[{"embeddable":true,"href":"https:\/\/www.silviobessone.it\/es\/wp-json\/wp\/v2\/users\/1"}],"replies":[{"embeddable":true,"href":"https:\/\/www.silviobessone.it\/es\/wp-json\/wp\/v2\/comments?post=1882"}],"version-history":[{"count":2,"href":"https:\/\/www.silviobessone.it\/es\/wp-json\/wp\/v2\/pages\/1882\/revisions"}],"predecessor-version":[{"id":1901,"href":"https:\/\/www.silviobessone.it\/es\/wp-json\/wp\/v2\/pages\/1882\/revisions\/1901"}],"wp:attachment":[{"href":"https:\/\/www.silviobessone.it\/es\/wp-json\/wp\/v2\/media?parent=1882"}],"curies":[{"name":"wp","href":"https:\/\/api.w.org\/{rel}","templated":true}]}}