{"id":1876,"date":"2023-09-05T09:12:41","date_gmt":"2023-09-05T09:12:41","guid":{"rendered":"https:\/\/www.silviobessone.it\/silvio-bessone-y-la-tv\/"},"modified":"2023-10-23T14:09:27","modified_gmt":"2023-10-23T14:09:27","slug":"silvio-bessone-y-la-tv","status":"publish","type":"page","link":"https:\/\/www.silviobessone.it\/es\/silvio-bessone-y-la-tv\/","title":{"rendered":"SILVIO BESSONE Y LA TV"},"content":{"rendered":"\t\t<div data-elementor-type=\"wp-page\" data-elementor-id=\"1876\" class=\"elementor elementor-1876 elementor-359\" data-elementor-post-type=\"page\">\n\t\t\t\t\t\t<section class=\"elementor-section elementor-top-section elementor-element elementor-element-ca3a27d elementor-section-boxed elementor-section-height-default elementor-section-height-default\" data-id=\"ca3a27d\" data-element_type=\"section\">\n\t\t\t\t\t\t<div class=\"elementor-container elementor-column-gap-default\">\n\t\t\t\t\t<div class=\"elementor-column elementor-col-100 elementor-top-column elementor-element elementor-element-d536f8e\" data-id=\"d536f8e\" data-element_type=\"column\">\n\t\t\t<div class=\"elementor-widget-wrap elementor-element-populated\">\n\t\t\t\t\t\t<div class=\"elementor-element elementor-element-a009322 elementor-widget elementor-widget-spacer\" data-id=\"a009322\" data-element_type=\"widget\" data-widget_type=\"spacer.default\">\n\t\t\t\t<div class=\"elementor-widget-container\">\n\t\t\t\t\t\t\t<div class=\"elementor-spacer\">\n\t\t\t<div class=\"elementor-spacer-inner\"><\/div>\n\t\t<\/div>\n\t\t\t\t\t\t<\/div>\n\t\t\t\t<\/div>\n\t\t\t\t<div class=\"elementor-element elementor-element-4089c49 elementor-widget elementor-widget-image\" data-id=\"4089c49\" data-element_type=\"widget\" data-widget_type=\"image.default\">\n\t\t\t\t<div class=\"elementor-widget-container\">\n\t\t\t\t\t\t\t\t\t\t\t\t\t\t\t<img fetchpriority=\"high\" decoding=\"async\" width=\"1354\" height=\"249\" src=\"https:\/\/www.silviobessone.it\/wp-content\/uploads\/2023\/09\/silvio-bessone.png\" class=\"attachment-full size-full wp-image-1333\" alt=\"\" srcset=\"https:\/\/www.silviobessone.it\/wp-content\/uploads\/2023\/09\/silvio-bessone.png 1354w, https:\/\/www.silviobessone.it\/wp-content\/uploads\/2023\/09\/silvio-bessone-300x55.png 300w, https:\/\/www.silviobessone.it\/wp-content\/uploads\/2023\/09\/silvio-bessone-1024x188.png 1024w, https:\/\/www.silviobessone.it\/wp-content\/uploads\/2023\/09\/silvio-bessone-768x141.png 768w\" sizes=\"(max-width: 1354px) 100vw, 1354px\" \/>\t\t\t\t\t\t\t\t\t\t\t\t\t\t\t<\/div>\n\t\t\t\t<\/div>\n\t\t\t\t<div class=\"elementor-element elementor-element-41f742f elementor-widget elementor-widget-spacer\" data-id=\"41f742f\" data-element_type=\"widget\" data-widget_type=\"spacer.default\">\n\t\t\t\t<div class=\"elementor-widget-container\">\n\t\t\t\t\t\t\t<div class=\"elementor-spacer\">\n\t\t\t<div class=\"elementor-spacer-inner\"><\/div>\n\t\t<\/div>\n\t\t\t\t\t\t<\/div>\n\t\t\t\t<\/div>\n\t\t\t\t\t<\/div>\n\t\t<\/div>\n\t\t\t\t\t<\/div>\n\t\t<\/section>\n\t\t\t\t<section class=\"elementor-section elementor-top-section elementor-element elementor-element-f44bea8 elementor-section-boxed elementor-section-height-default elementor-section-height-default\" data-id=\"f44bea8\" data-element_type=\"section\">\n\t\t\t\t\t\t<div class=\"elementor-container elementor-column-gap-default\">\n\t\t\t\t\t<div class=\"elementor-column elementor-col-33 elementor-top-column elementor-element elementor-element-62eb8cc\" data-id=\"62eb8cc\" data-element_type=\"column\">\n\t\t\t<div class=\"elementor-widget-wrap elementor-element-populated\">\n\t\t\t\t\t\t<div class=\"elementor-element elementor-element-a5b7b06 elementor-align-center pulsante-personalizzato elementor-widget elementor-widget-button\" data-id=\"a5b7b06\" data-element_type=\"widget\" data-widget_type=\"button.default\">\n\t\t\t\t<div class=\"elementor-widget-container\">\n\t\t\t\t\t\t\t\t\t<div class=\"elementor-button-wrapper\">\n\t\t\t\t\t<a class=\"elementor-button elementor-button-link elementor-size-sm elementor-animation-shrink\" href=\"https:\/\/www.silviobessone.it\/es\/perfil\/\">\n\t\t\t\t\t\t<span class=\"elementor-button-content-wrapper\">\n\t\t\t\t\t\t\t\t\t<span class=\"elementor-button-text\">SILVIO BESSONE<\/span>\n\t\t\t\t\t<\/span>\n\t\t\t\t\t<\/a>\n\t\t\t\t<\/div>\n\t\t\t\t\t\t\t\t<\/div>\n\t\t\t\t<\/div>\n\t\t\t\t<div class=\"elementor-element elementor-element-296378b elementor-align-center pulsante-personalizzato elementor-widget elementor-widget-button\" data-id=\"296378b\" data-element_type=\"widget\" data-widget_type=\"button.default\">\n\t\t\t\t<div class=\"elementor-widget-container\">\n\t\t\t\t\t\t\t\t\t<div class=\"elementor-button-wrapper\">\n\t\t\t\t\t<a class=\"elementor-button elementor-button-link elementor-size-sm elementor-animation-shrink\" href=\"https:\/\/www.silviobessone.it\/es\/?page_id=1857\">\n\t\t\t\t\t\t<span class=\"elementor-button-content-wrapper\">\n\t\t\t\t\t\t\t\t\t<span class=\"elementor-button-text\">LA EMPRESA<\/span>\n\t\t\t\t\t<\/span>\n\t\t\t\t\t<\/a>\n\t\t\t\t<\/div>\n\t\t\t\t\t\t\t\t<\/div>\n\t\t\t\t<\/div>\n\t\t\t\t<div class=\"elementor-element elementor-element-d698286 elementor-align-center pulsante-personalizzato elementor-widget elementor-widget-button\" data-id=\"d698286\" data-element_type=\"widget\" data-widget_type=\"button.default\">\n\t\t\t\t<div class=\"elementor-widget-container\">\n\t\t\t\t\t\t\t\t\t<div class=\"elementor-button-wrapper\">\n\t\t\t\t\t<a class=\"elementor-button elementor-button-link elementor-size-sm elementor-animation-shrink\" href=\"https:\/\/www.silviobessone.it\/es\/?page_id=1936\">\n\t\t\t\t\t\t<span class=\"elementor-button-content-wrapper\">\n\t\t\t\t\t\t\t\t\t<span class=\"elementor-button-text\">CONCURSOS Y EVENTOS<\/span>\n\t\t\t\t\t<\/span>\n\t\t\t\t\t<\/a>\n\t\t\t\t<\/div>\n\t\t\t\t\t\t\t\t<\/div>\n\t\t\t\t<\/div>\n\t\t\t\t<div class=\"elementor-element elementor-element-64b89de elementor-align-center pulsante-personalizzato elementor-widget elementor-widget-button\" data-id=\"64b89de\" data-element_type=\"widget\" data-widget_type=\"button.default\">\n\t\t\t\t<div class=\"elementor-widget-container\">\n\t\t\t\t\t\t\t\t\t<div class=\"elementor-button-wrapper\">\n\t\t\t\t\t<a class=\"elementor-button elementor-button-link elementor-size-sm elementor-animation-shrink\" href=\"https:\/\/www.silviobessone.it\/es\/?page_id=1876\">\n\t\t\t\t\t\t<span class=\"elementor-button-content-wrapper\">\n\t\t\t\t\t\t\t\t\t<span class=\"elementor-button-text\">SILVIO BESSONE Y LA TV<\/span>\n\t\t\t\t\t<\/span>\n\t\t\t\t\t<\/a>\n\t\t\t\t<\/div>\n\t\t\t\t\t\t\t\t<\/div>\n\t\t\t\t<\/div>\n\t\t\t\t<div class=\"elementor-element elementor-element-1a60744 elementor-align-center pulsante-personalizzato elementor-widget elementor-widget-button\" data-id=\"1a60744\" data-element_type=\"widget\" data-widget_type=\"button.default\">\n\t\t\t\t<div class=\"elementor-widget-container\">\n\t\t\t\t\t\t\t\t\t<div class=\"elementor-button-wrapper\">\n\t\t\t\t\t<a class=\"elementor-button elementor-button-link elementor-size-sm elementor-animation-shrink\" href=\"https:\/\/www.silviobessone.it\/es\/?page_id=1859\">\n\t\t\t\t\t\t<span class=\"elementor-button-content-wrapper\">\n\t\t\t\t\t\t\t\t\t<span class=\"elementor-button-text\">CINCO<\/span>\n\t\t\t\t\t<\/span>\n\t\t\t\t\t<\/a>\n\t\t\t\t<\/div>\n\t\t\t\t\t\t\t\t<\/div>\n\t\t\t\t<\/div>\n\t\t\t\t<div class=\"elementor-element elementor-element-b249419 elementor-align-center pulsante-personalizzato elementor-widget elementor-widget-button\" data-id=\"b249419\" data-element_type=\"widget\" data-widget_type=\"button.default\">\n\t\t\t\t<div class=\"elementor-widget-container\">\n\t\t\t\t\t\t\t\t\t<div class=\"elementor-button-wrapper\">\n\t\t\t\t\t<a class=\"elementor-button elementor-button-link elementor-size-sm elementor-animation-shrink\" href=\"https:\/\/www.silviobessone.it\/cioccolato-friend\/\">\n\t\t\t\t\t\t<span class=\"elementor-button-content-wrapper\">\n\t\t\t\t\t\t\t\t\t<span class=\"elementor-button-text\">CHOCOLATE Y AMIGO<\/span>\n\t\t\t\t\t<\/span>\n\t\t\t\t\t<\/a>\n\t\t\t\t<\/div>\n\t\t\t\t\t\t\t\t<\/div>\n\t\t\t\t<\/div>\n\t\t\t\t\t<\/div>\n\t\t<\/div>\n\t\t\t\t<div class=\"elementor-column elementor-col-66 elementor-top-column elementor-element elementor-element-6e87fce\" data-id=\"6e87fce\" data-element_type=\"column\">\n\t\t\t<div class=\"elementor-widget-wrap elementor-element-populated\">\n\t\t\t\t\t\t<div class=\"elementor-element elementor-element-1fa7f98 elementor-widget elementor-widget-heading\" data-id=\"1fa7f98\" data-element_type=\"widget\" data-widget_type=\"heading.default\">\n\t\t\t\t<div class=\"elementor-widget-container\">\n\t\t\t\t\t<h2 class=\"elementor-heading-title elementor-size-default\">SILVIO BESSONE Y LA TELEVISI\u00d3N<\/h2>\t\t\t\t<\/div>\n\t\t\t\t<\/div>\n\t\t\t\t<div class=\"elementor-element elementor-element-0426fd5 elementor-widget-divider--view-line elementor-widget elementor-widget-divider\" data-id=\"0426fd5\" data-element_type=\"widget\" data-widget_type=\"divider.default\">\n\t\t\t\t<div class=\"elementor-widget-container\">\n\t\t\t\t\t\t\t<div class=\"elementor-divider\">\n\t\t\t<span class=\"elementor-divider-separator\">\n\t\t\t\t\t\t<\/span>\n\t\t<\/div>\n\t\t\t\t\t\t<\/div>\n\t\t\t\t<\/div>\n\t\t\t\t<div class=\"elementor-element elementor-element-c65b0aa elementor-widget elementor-widget-text-editor\" data-id=\"c65b0aa\" data-element_type=\"widget\" data-widget_type=\"text-editor.default\">\n\t\t\t\t<div class=\"elementor-widget-container\">\n\t\t\t\t\t\t\t\t\t<p>Desde hace algunos a\u00f1os, me solicitan con frecuencia en numerosos programas de televisi\u00f3n, y mi participaci\u00f3n se dedica exclusivamente a la divulgaci\u00f3n adecuada de conocimientos sobre las especialidades de chocolate y confiter\u00eda.<\/p>\n<p><em>Rai, Mediaset<\/em> y muchas otras <em>televisiones<\/em> locales hicieron reportajes sobre mi trabajo, como la elaboraci\u00f3n de bombones y huevos de Pascua.<\/p>\n<\/p>\n<p><img decoding=\"async\" class=\"aligncenter wp-image-422 size-full\" src=\"https:\/\/www.silviobessone.it\/wp-content\/uploads\/2023\/09\/televisione.jpg\" alt=\"\" width=\"700\" height=\"80\" srcset=\"https:\/\/www.silviobessone.it\/wp-content\/uploads\/2023\/09\/televisione.jpg 700w, https:\/\/www.silviobessone.it\/wp-content\/uploads\/2023\/09\/televisione-300x34.jpg 300w\" sizes=\"(max-width: 700px) 100vw, 700px\" \/><\/p>\n<\/p>\n<h4>Principales programas a los que ha asistido:<\/h4>\n<ul>\n<li>N\u00famero 1 con Pippo Baudo 1995<\/li>\n<li>I Cervelloni con Bonolis y Magalli 1996-1997<\/li>\n<li>Buona Domenica con Maurizio Costanzo 2001-2002<\/li>\n<li>Uno Mattina con Saluzzi, Giurato, Ruta, Goria, Clerici, Azzariti 1995-2006<\/li>\n<li>La vita in diretta con Michele Cocuzza 1997- 2007<\/li>\n<li>Manzana verde Edoardo Raspelli 2001<\/li>\n<li>Vigilancia, con Alessandro Dipietro 2006<\/li>\n<li>Geo &amp; Geo con Sveva Sagramola 2002- 2005<\/li>\n<li>A Bocca aperta con Gianfranco Funari 1995<\/li>\n<li>L\u00ednea Verde 2005<\/li>\n<li>El Gambero Rosso 2007<\/li>\n<li>Traje y sociedad 2004-2007<\/li>\n<li>Muy cierto 2001-2006<\/li>\n<li>Cien campanadas 2007<\/li>\n<li>Rai: Tg1 &#8211; Tg2 &#8211; Tg3<\/li>\n<li>Mediaset Tg5 &#8211; Tg4 &#8211; Studio Aperto<\/li>\n<li>Telecups<\/li>\n<\/ul>\n\t\t\t\t\t\t\t\t<\/div>\n\t\t\t\t<\/div>\n\t\t\t\t<div class=\"elementor-element elementor-element-29db770 elementor-widget elementor-widget-spacer\" data-id=\"29db770\" data-element_type=\"widget\" data-widget_type=\"spacer.default\">\n\t\t\t\t<div class=\"elementor-widget-container\">\n\t\t\t\t\t\t\t<div class=\"elementor-spacer\">\n\t\t\t<div class=\"elementor-spacer-inner\"><\/div>\n\t\t<\/div>\n\t\t\t\t\t\t<\/div>\n\t\t\t\t<\/div>\n\t\t\t\t\t<\/div>\n\t\t<\/div>\n\t\t\t\t\t<\/div>\n\t\t<\/section>\n\t\t\t\t<\/div>\n\t\t","protected":false},"excerpt":{"rendered":"<p>SILVIO BESSONE LA EMPRESA CONCURSOS Y EVENTOS SILVIO BESSONE Y LA TV CINCO CHOCOLATE Y AMIGO SILVIO BESSONE Y LA TELEVISI\u00d3N Desde hace algunos a\u00f1os, me solicitan con frecuencia en numerosos programas de televisi\u00f3n, y mi participaci\u00f3n se dedica exclusivamente a la divulgaci\u00f3n adecuada de conocimientos sobre las especialidades de chocolate y confiter\u00eda. Rai, Mediaset [&hellip;]<\/p>\n","protected":false},"author":1,"featured_media":0,"parent":0,"menu_order":0,"comment_status":"closed","ping_status":"closed","template":"","meta":{"footnotes":""},"_links":{"self":[{"href":"https:\/\/www.silviobessone.it\/es\/wp-json\/wp\/v2\/pages\/1876"}],"collection":[{"href":"https:\/\/www.silviobessone.it\/es\/wp-json\/wp\/v2\/pages"}],"about":[{"href":"https:\/\/www.silviobessone.it\/es\/wp-json\/wp\/v2\/types\/page"}],"author":[{"embeddable":true,"href":"https:\/\/www.silviobessone.it\/es\/wp-json\/wp\/v2\/users\/1"}],"replies":[{"embeddable":true,"href":"https:\/\/www.silviobessone.it\/es\/wp-json\/wp\/v2\/comments?post=1876"}],"version-history":[{"count":4,"href":"https:\/\/www.silviobessone.it\/es\/wp-json\/wp\/v2\/pages\/1876\/revisions"}],"predecessor-version":[{"id":1964,"href":"https:\/\/www.silviobessone.it\/es\/wp-json\/wp\/v2\/pages\/1876\/revisions\/1964"}],"wp:attachment":[{"href":"https:\/\/www.silviobessone.it\/es\/wp-json\/wp\/v2\/media?parent=1876"}],"curies":[{"name":"wp","href":"https:\/\/api.w.org\/{rel}","templated":true}]}}