{"id":1859,"date":"2023-09-05T09:12:50","date_gmt":"2023-09-05T09:12:50","guid":{"rendered":"https:\/\/www.silviobessone.it\/cinco\/"},"modified":"2023-10-23T14:09:27","modified_gmt":"2023-10-23T14:09:27","slug":"cinco","status":"publish","type":"page","link":"https:\/\/www.silviobessone.it\/es\/cinco\/","title":{"rendered":"CINCO"},"content":{"rendered":"\t\t<div data-elementor-type=\"wp-page\" data-elementor-id=\"1859\" class=\"elementor elementor-1859 elementor-362\" data-elementor-post-type=\"page\">\n\t\t\t\t\t\t<section class=\"elementor-section elementor-top-section elementor-element elementor-element-9c2baff elementor-section-boxed elementor-section-height-default elementor-section-height-default\" data-id=\"9c2baff\" data-element_type=\"section\">\n\t\t\t\t\t\t<div class=\"elementor-container elementor-column-gap-default\">\n\t\t\t\t\t<div class=\"elementor-column elementor-col-100 elementor-top-column elementor-element elementor-element-0a34ea9\" data-id=\"0a34ea9\" data-element_type=\"column\">\n\t\t\t<div class=\"elementor-widget-wrap elementor-element-populated\">\n\t\t\t\t\t\t<div class=\"elementor-element elementor-element-97e9c04 elementor-widget elementor-widget-spacer\" data-id=\"97e9c04\" data-element_type=\"widget\" data-widget_type=\"spacer.default\">\n\t\t\t\t<div class=\"elementor-widget-container\">\n\t\t\t\t\t\t\t<div class=\"elementor-spacer\">\n\t\t\t<div class=\"elementor-spacer-inner\"><\/div>\n\t\t<\/div>\n\t\t\t\t\t\t<\/div>\n\t\t\t\t<\/div>\n\t\t\t\t<div class=\"elementor-element elementor-element-029650b elementor-widget elementor-widget-image\" data-id=\"029650b\" data-element_type=\"widget\" data-widget_type=\"image.default\">\n\t\t\t\t<div class=\"elementor-widget-container\">\n\t\t\t\t\t\t\t\t\t\t\t\t\t\t\t<img fetchpriority=\"high\" decoding=\"async\" width=\"1354\" height=\"249\" src=\"https:\/\/www.silviobessone.it\/wp-content\/uploads\/2023\/09\/silvio-bessone.png\" class=\"attachment-full size-full wp-image-1333\" alt=\"\" srcset=\"https:\/\/www.silviobessone.it\/wp-content\/uploads\/2023\/09\/silvio-bessone.png 1354w, https:\/\/www.silviobessone.it\/wp-content\/uploads\/2023\/09\/silvio-bessone-300x55.png 300w, https:\/\/www.silviobessone.it\/wp-content\/uploads\/2023\/09\/silvio-bessone-1024x188.png 1024w, https:\/\/www.silviobessone.it\/wp-content\/uploads\/2023\/09\/silvio-bessone-768x141.png 768w\" sizes=\"(max-width: 1354px) 100vw, 1354px\" \/>\t\t\t\t\t\t\t\t\t\t\t\t\t\t\t<\/div>\n\t\t\t\t<\/div>\n\t\t\t\t<div class=\"elementor-element elementor-element-1cbf48a elementor-widget elementor-widget-spacer\" data-id=\"1cbf48a\" data-element_type=\"widget\" data-widget_type=\"spacer.default\">\n\t\t\t\t<div class=\"elementor-widget-container\">\n\t\t\t\t\t\t\t<div class=\"elementor-spacer\">\n\t\t\t<div class=\"elementor-spacer-inner\"><\/div>\n\t\t<\/div>\n\t\t\t\t\t\t<\/div>\n\t\t\t\t<\/div>\n\t\t\t\t\t<\/div>\n\t\t<\/div>\n\t\t\t\t\t<\/div>\n\t\t<\/section>\n\t\t\t\t<section class=\"elementor-section elementor-top-section elementor-element elementor-element-767fae6 elementor-section-boxed elementor-section-height-default elementor-section-height-default\" data-id=\"767fae6\" data-element_type=\"section\">\n\t\t\t\t\t\t<div class=\"elementor-container elementor-column-gap-default\">\n\t\t\t\t\t<div class=\"elementor-column elementor-col-33 elementor-top-column elementor-element elementor-element-1f18b86\" data-id=\"1f18b86\" data-element_type=\"column\">\n\t\t\t<div class=\"elementor-widget-wrap elementor-element-populated\">\n\t\t\t\t\t\t<div class=\"elementor-element elementor-element-b9e4c3e elementor-align-center pulsante-personalizzato elementor-widget elementor-widget-button\" data-id=\"b9e4c3e\" data-element_type=\"widget\" data-widget_type=\"button.default\">\n\t\t\t\t<div class=\"elementor-widget-container\">\n\t\t\t\t\t\t\t\t\t<div class=\"elementor-button-wrapper\">\n\t\t\t\t\t<a class=\"elementor-button elementor-button-link elementor-size-sm elementor-animation-shrink\" href=\"https:\/\/www.silviobessone.it\/es\/perfil\/\">\n\t\t\t\t\t\t<span class=\"elementor-button-content-wrapper\">\n\t\t\t\t\t\t\t\t\t<span class=\"elementor-button-text\">SILVIO BESSONE<\/span>\n\t\t\t\t\t<\/span>\n\t\t\t\t\t<\/a>\n\t\t\t\t<\/div>\n\t\t\t\t\t\t\t\t<\/div>\n\t\t\t\t<\/div>\n\t\t\t\t<div class=\"elementor-element elementor-element-ebcf6b2 elementor-align-center pulsante-personalizzato elementor-widget elementor-widget-button\" data-id=\"ebcf6b2\" data-element_type=\"widget\" data-widget_type=\"button.default\">\n\t\t\t\t<div class=\"elementor-widget-container\">\n\t\t\t\t\t\t\t\t\t<div class=\"elementor-button-wrapper\">\n\t\t\t\t\t<a class=\"elementor-button elementor-button-link elementor-size-sm elementor-animation-shrink\" href=\"https:\/\/www.silviobessone.it\/es\/?page_id=1857\">\n\t\t\t\t\t\t<span class=\"elementor-button-content-wrapper\">\n\t\t\t\t\t\t\t\t\t<span class=\"elementor-button-text\">LA EMPRESA<\/span>\n\t\t\t\t\t<\/span>\n\t\t\t\t\t<\/a>\n\t\t\t\t<\/div>\n\t\t\t\t\t\t\t\t<\/div>\n\t\t\t\t<\/div>\n\t\t\t\t<div class=\"elementor-element elementor-element-84e088b elementor-align-center pulsante-personalizzato elementor-widget elementor-widget-button\" data-id=\"84e088b\" data-element_type=\"widget\" data-widget_type=\"button.default\">\n\t\t\t\t<div class=\"elementor-widget-container\">\n\t\t\t\t\t\t\t\t\t<div class=\"elementor-button-wrapper\">\n\t\t\t\t\t<a class=\"elementor-button elementor-button-link elementor-size-sm elementor-animation-shrink\" href=\"https:\/\/www.silviobessone.it\/concorsi-e-manifestazioni\/\">\n\t\t\t\t\t\t<span class=\"elementor-button-content-wrapper\">\n\t\t\t\t\t\t\t\t\t<span class=\"elementor-button-text\">CONCURSOS Y EVENTOS<\/span>\n\t\t\t\t\t<\/span>\n\t\t\t\t\t<\/a>\n\t\t\t\t<\/div>\n\t\t\t\t\t\t\t\t<\/div>\n\t\t\t\t<\/div>\n\t\t\t\t<div class=\"elementor-element elementor-element-26e5017 elementor-align-center pulsante-personalizzato elementor-widget elementor-widget-button\" data-id=\"26e5017\" data-element_type=\"widget\" data-widget_type=\"button.default\">\n\t\t\t\t<div class=\"elementor-widget-container\">\n\t\t\t\t\t\t\t\t\t<div class=\"elementor-button-wrapper\">\n\t\t\t\t\t<a class=\"elementor-button elementor-button-link elementor-size-sm elementor-animation-shrink\" href=\"https:\/\/www.silviobessone.it\/es\/?page_id=1876\">\n\t\t\t\t\t\t<span class=\"elementor-button-content-wrapper\">\n\t\t\t\t\t\t\t\t\t<span class=\"elementor-button-text\">SILVIO BESSONE Y LA TV<\/span>\n\t\t\t\t\t<\/span>\n\t\t\t\t\t<\/a>\n\t\t\t\t<\/div>\n\t\t\t\t\t\t\t\t<\/div>\n\t\t\t\t<\/div>\n\t\t\t\t<div class=\"elementor-element elementor-element-9bd4e70 elementor-align-center pulsante-personalizzato elementor-widget elementor-widget-button\" data-id=\"9bd4e70\" data-element_type=\"widget\" data-widget_type=\"button.default\">\n\t\t\t\t<div class=\"elementor-widget-container\">\n\t\t\t\t\t\t\t\t\t<div class=\"elementor-button-wrapper\">\n\t\t\t\t\t<a class=\"elementor-button elementor-button-link elementor-size-sm elementor-animation-shrink\" href=\"https:\/\/www.silviobessone.it\/es\/?page_id=1859\">\n\t\t\t\t\t\t<span class=\"elementor-button-content-wrapper\">\n\t\t\t\t\t\t\t\t\t<span class=\"elementor-button-text\">CINCO<\/span>\n\t\t\t\t\t<\/span>\n\t\t\t\t\t<\/a>\n\t\t\t\t<\/div>\n\t\t\t\t\t\t\t\t<\/div>\n\t\t\t\t<\/div>\n\t\t\t\t<div class=\"elementor-element elementor-element-13f28c4 elementor-align-center pulsante-personalizzato elementor-widget elementor-widget-button\" data-id=\"13f28c4\" data-element_type=\"widget\" data-widget_type=\"button.default\">\n\t\t\t\t<div class=\"elementor-widget-container\">\n\t\t\t\t\t\t\t\t\t<div class=\"elementor-button-wrapper\">\n\t\t\t\t\t<a class=\"elementor-button elementor-button-link elementor-size-sm elementor-animation-shrink\" href=\"https:\/\/www.silviobessone.it\/cioccolato-friend\/\">\n\t\t\t\t\t\t<span class=\"elementor-button-content-wrapper\">\n\t\t\t\t\t\t\t\t\t<span class=\"elementor-button-text\">CHOCOLATE Y AMIGO<\/span>\n\t\t\t\t\t<\/span>\n\t\t\t\t\t<\/a>\n\t\t\t\t<\/div>\n\t\t\t\t\t\t\t\t<\/div>\n\t\t\t\t<\/div>\n\t\t\t\t\t<\/div>\n\t\t<\/div>\n\t\t\t\t<div class=\"elementor-column elementor-col-66 elementor-top-column elementor-element elementor-element-4c2b84a\" data-id=\"4c2b84a\" data-element_type=\"column\">\n\t\t\t<div class=\"elementor-widget-wrap elementor-element-populated\">\n\t\t\t\t\t\t<div class=\"elementor-element elementor-element-6d90efc elementor-widget elementor-widget-image\" data-id=\"6d90efc\" data-element_type=\"widget\" data-widget_type=\"image.default\">\n\t\t\t\t<div class=\"elementor-widget-container\">\n\t\t\t\t\t\t\t\t\t\t\t\t\t\t\t<img decoding=\"async\" width=\"500\" height=\"218\" src=\"https:\/\/www.silviobessone.it\/wp-content\/uploads\/2023\/09\/logo-five-titolo.png\" class=\"attachment-medium_large size-medium_large wp-image-1345\" alt=\"\" srcset=\"https:\/\/www.silviobessone.it\/wp-content\/uploads\/2023\/09\/logo-five-titolo.png 500w, https:\/\/www.silviobessone.it\/wp-content\/uploads\/2023\/09\/logo-five-titolo-300x131.png 300w\" sizes=\"(max-width: 500px) 100vw, 500px\" \/>\t\t\t\t\t\t\t\t\t\t\t\t\t\t\t<\/div>\n\t\t\t\t<\/div>\n\t\t\t\t<div class=\"elementor-element elementor-element-ec56413 elementor-widget elementor-widget-text-editor\" data-id=\"ec56413\" data-element_type=\"widget\" data-widget_type=\"text-editor.default\">\n\t\t\t\t<div class=\"elementor-widget-container\">\n\t\t\t\t\t\t\t\t\t<p>Estimado cliente y ojal\u00e1 amigo<\/p>\n<p>Un d\u00eda, de ni\u00f1a, so\u00f1aba con convertirme en <strong><br \/>\n  <em>chocolatero<\/em><br \/>\n<\/strong>y, a pesar de todo y de todos, llegu\u00e9 a serlo.<\/p>\n<p>El camino que he tomado tanto profesional como cient\u00edficamente me ha llevado a conocer a mucha gente, pero demasiadas veces me he encontrado haciendo de goma el\u00e1stica y viendo o enter\u00e1ndome de hechos que si la mano derecha hubiera hablado con la izquierda \u00a1me habr\u00eda lavado la cara r\u00e1pidamente!<\/p>\n<p>Una <em>met\u00e1fora graciosa<\/em> pero que sigue siendo pertinente y hoy m\u00e1s que nunca, los que me conocen saben que soy una persona de peso, mis <strong>kilos<\/strong> denuncian muy bien mi tendencia a disfrutar de cuantas cosas buenas Dios ha puesto a nuestra disposici\u00f3n, pero el verdadero secreto est\u00e1 en comer bien \u00a1pero cosas sanas!<\/p>\n<p>Viajando por todo el mundo, me he dado cuenta de que con demasiada frecuencia, por razones estrictamente econ\u00f3micas, se alimenta a la gente con comida basura, pero el consumidor, a menudo inconsciente, se f\u00eda de meras siglas v\u00e1lidas y casi nunca profundiza lo necesario para saber lo que se lleva a la boca.<\/p>\n<\/p>\n<p>Por eso he creado una organizaci\u00f3n <em>sencilla<\/em> pero <strong>eficaz<\/strong>, porque el mercado del ma\u00f1ana se basa en 5 principios fundamentales:<\/p>\n<ul>\n<li>Los productos en venta deben ser <strong>BUENOS<\/strong>, condici\u00f3n sin la cual ning\u00fan otro reconocimiento tiene inter\u00e9s.\n<\/li>\n<li><strong>SANO<\/strong>, todo lo que comemos, vestimos o utilizamos debe hacernos bien a nosotros y a las personas que comparten nuestro placer.\n<\/li>\n<li><strong>SEGURO!<\/strong> Ninguna cadena de suministro puede ser controlada si no se basa en un pacto de solidaridad, pero para garantizar que as\u00ed sea debe ser supervisada constantemente.\n<\/li>\n<li><strong>DERECHO<\/strong>, no se debe explotar a ning\u00fan actor de la cadena de suministro, ni al agricultor que lo cultiv\u00f3 ni al que lo proces\u00f3, pero tampoco al que lo consume en \u00faltima instancia.\n<\/li>\n<li><strong>SOSTENIBLE<\/strong>, ninguno de estos factores puede ignorar el hecho de que el medio ambiente es nuestro contenedor y como tal debe ser respetado.<\/li>\n<\/ul>\n<p>Partiendo de estos cinco sencillos elementos podemos lanzar <strong>al mercado<\/strong> las reglas para un nuevo orden mundial.<\/p>\n<p>El proyecto puede parecer un poco ambicioso, \u00a1claro! pero \u00bfc\u00f3mo se mejora el Mundo si no es con proyectos ambiciosos?<\/p>\n<p>No conozco mejor manera de llegar lejos que ver lejos, y la distancia no s\u00f3lo deber\u00eda medirse por metros, sino tambi\u00e9n por tiempo, como se hace con las distancias c\u00f3smicas.<\/p>\n<p>A lo largo de los a\u00f1os, en los que he promovido mi pasi\u00f3n, he conocido a muchas personas que me han emocionado y animado a seguir adelante, a desafiar a este mundo esf\u00e9rico y a intentar hacer algo.<\/p>\n<p>Algunos incluso me prometieron ayuda cultural, otros econ\u00f3mica, pero mucho apoyo moral, y as\u00ed, tras sentar las bases de mi moral, decid\u00ed poner en marcha un proyecto as\u00ed.<\/p>\n<p>\u00bfPor qu\u00e9 sector podr\u00eda empezar?<\/p>\n<p>\u00a1De Chocolate Obvio!<\/p>\n<\/p>\n<p>Pues ahora he decidido hac\u00e9rtelo part\u00edcipe, si t\u00fa crees que todos juntos podemos hacer algo, \u00a1yo me lo creo!<\/p>\n<p>Empec\u00e9 a producir cacao <em><br \/>\n  <strong>Biodin\u00e1mica<\/strong><br \/>\n<\/em> En el centro que dise\u00f1\u00e9 en <em>Babahoyo<\/em>, <em>Ecuador<\/em>, un grupo de amigos agricultores se preparan para comenzar con la pr\u00f3xima temporada de cultivo <em>Biodin\u00e1mico<\/em>, es decir, el procesamiento del cacao con la <strong>Patente del M\u00e9todo B<\/strong> <strong>.M.P<\/strong>. <strong>Bessone<\/strong>.<\/p>\n<p>Partimos de la transformaci\u00f3n de las mejores habas de cacao para procesarlas correctamente y de forma respetuosa con el  <em>Biodin\u00e1mica<\/em>  y transformarlos a su vez en  <em>Biochocolate<\/em>respetuoso con la extraordinaria calidad organol\u00e9ptica pero tambi\u00e9n rico en elementos naturales de gran valor para nuestra salud tanto desde un punto de vista cardiovascular como  <strong><em>Psicoactivo<\/em><\/strong>  pero principalmente debido al alto nivel de fenoles  <em><strong>Antienvejecimiento<\/strong><\/em>\u00a1!<\/p>\n<p>El cacao se est\u00e1 recogiendo esta misma semana tanto en <strong>Ecuador<\/strong> como en <strong>Sri Lanka<\/strong>, donde tengo mis dos centros de procesamiento, y a finales de julio estar\u00e1 listo para ser enviado por mar a Italia.<\/p>\n<p>A finales de agosto lleg\u00f3 el cacao a mi laboratorio y comenzaremos a procesar el lote de cacao producido en pleno control de la cadena de suministro <em><br \/>\n  <strong>Biodin\u00e1mica para el mundo<\/strong><br \/>\n<\/em>.<\/p>\n<p>Tras un mes de maduraci\u00f3n, el <em>\u00abChocolate Biodin\u00e1mico<\/em> \u00bb se transformar\u00e1 en tabletas y pralin\u00e9s, en algunos casos encontrando las mejores <em>avellanas<\/em> de las estribaciones de los valles <em>monegrinos<\/em> de la variedad <em>Trilobata<\/em>.<\/p>\n<p>A finales de noviembre podremos entregarle este sue\u00f1o hecho realidad directamente en su casa.<\/p>\n<p>Llegados a este punto, \u00a1tengo que hablarte de un proyecto m\u00edo para que inviertas (poco) pero en bienestar gastron\u00f3mica y econ\u00f3micamente interesante!<\/p>\n<p>AP\u00daNTATE A LOS CINCO Y \u00a1T\u00da TAMBI\u00c9N SER\u00c1S PROTAGONISTA! S\u00d3LO CUESTA 20 EUROS<\/p>\n<p>Si realizas el pago antes del mi\u00e9rcoles 21 de septiembre tambi\u00e9n obtendr\u00e1s un descuento del 100%.<\/p>\n<p>\u00a1con la compra de los 2 bonos solidarios que se emitir\u00e1n a partir del 1 de octubre y se podr\u00e1n retirar a partir del 1 de diciembre!<\/p>\n<p>El pago debe efectuarse haciendo clic aqu\u00ed (insertar plug-in para pay pall)<\/p>\n<p>Si crees que mi trabajo es serio y tiene objetivos nobles, podr\u00edas invertir y apoyar conmigo esta iniciativa suscribi\u00e9ndote a una acci\u00f3n asistencial, es decir:  <strong><br \/>\n  <em>Comprar un t\u00edtulo de chocolate<\/em><br \/>\n<\/strong> vale  <strong>\u20ac 60,00<\/strong>  antes de octubre y le enviar\u00e9 un t\u00edtulo en papel que le dar\u00e1 derecho a recibir entre  <em><strong>Navidad y Semana Santa a strenna  <\/strong><\/em>de excelentes productos de chocolate  <em><strong>Biodin\u00e1mica<\/strong><\/em>  e incluirse entre los miembros de la  <strong>CINCO<\/strong>  as\u00ed como recibir si est\u00e1 interesado y de forma gratuita nuestras muestras de prueba convirti\u00e9ndose as\u00ed en nuestro  <em>catador oficial<\/em>.<\/p>\n<p>Esta oferta puede regalarse a un familiar o amigo para apoyar directamente una nueva forma de hacer negocios.<\/p>\n<p>Acortemos la cadena de suministro y mejoremos lo que comemos, s\u00f3lo hace falta una peque\u00f1a inversi\u00f3n.<\/p>\n<p>S\u00f3lo tiene que responder a este correo electr\u00f3nico e indicar cu\u00e1ntas acciones tiene intenci\u00f3n de suscribir para recibir un contrato de compraventa regular, a continuaci\u00f3n realizar el pago y le enviar\u00e9 el t\u00edtulo de propiedad para que lo recoja directamente de nosotros, en<strong>  Via Francesco Gallo 19  <\/strong>a<strong>  Vicoforte<\/strong>  o envi\u00e1ndoselo a domicilio, a partir de diciembre.<\/p>\n<\/p>\n<p><em>Para m\u00e1s informaci\u00f3n, escriba a <a href=\"mailto:info@silviobessone.it\">info@silviobessone.it<\/a><\/em><\/p>\n<p><em>O llame al 0174 563312<\/em><\/p>\n\t\t\t\t\t\t\t\t<\/div>\n\t\t\t\t<\/div>\n\t\t\t\t<div class=\"elementor-element elementor-element-84284d1 elementor-widget elementor-widget-spacer\" data-id=\"84284d1\" data-element_type=\"widget\" data-widget_type=\"spacer.default\">\n\t\t\t\t<div class=\"elementor-widget-container\">\n\t\t\t\t\t\t\t<div class=\"elementor-spacer\">\n\t\t\t<div class=\"elementor-spacer-inner\"><\/div>\n\t\t<\/div>\n\t\t\t\t\t\t<\/div>\n\t\t\t\t<\/div>\n\t\t\t\t\t<\/div>\n\t\t<\/div>\n\t\t\t\t\t<\/div>\n\t\t<\/section>\n\t\t\t\t<\/div>\n\t\t","protected":false},"excerpt":{"rendered":"<p>SILVIO BESSONE LA EMPRESA CONCURSOS Y EVENTOS SILVIO BESSONE Y LA TV CINCO CHOCOLATE Y AMIGO Estimado cliente y ojal\u00e1 amigo Un d\u00eda, de ni\u00f1a, so\u00f1aba con convertirme en chocolatero y, a pesar de todo y de todos, llegu\u00e9 a serlo. El camino que he tomado tanto profesional como cient\u00edficamente me ha llevado a conocer [&hellip;]<\/p>\n","protected":false},"author":1,"featured_media":0,"parent":0,"menu_order":0,"comment_status":"closed","ping_status":"closed","template":"","meta":{"footnotes":""},"_links":{"self":[{"href":"https:\/\/www.silviobessone.it\/es\/wp-json\/wp\/v2\/pages\/1859"}],"collection":[{"href":"https:\/\/www.silviobessone.it\/es\/wp-json\/wp\/v2\/pages"}],"about":[{"href":"https:\/\/www.silviobessone.it\/es\/wp-json\/wp\/v2\/types\/page"}],"author":[{"embeddable":true,"href":"https:\/\/www.silviobessone.it\/es\/wp-json\/wp\/v2\/users\/1"}],"replies":[{"embeddable":true,"href":"https:\/\/www.silviobessone.it\/es\/wp-json\/wp\/v2\/comments?post=1859"}],"version-history":[{"count":4,"href":"https:\/\/www.silviobessone.it\/es\/wp-json\/wp\/v2\/pages\/1859\/revisions"}],"predecessor-version":[{"id":1919,"href":"https:\/\/www.silviobessone.it\/es\/wp-json\/wp\/v2\/pages\/1859\/revisions\/1919"}],"wp:attachment":[{"href":"https:\/\/www.silviobessone.it\/es\/wp-json\/wp\/v2\/media?parent=1859"}],"curies":[{"name":"wp","href":"https:\/\/api.w.org\/{rel}","templated":true}]}}