{"id":1850,"date":"2023-09-04T12:12:09","date_gmt":"2023-09-04T12:12:09","guid":{"rendered":"https:\/\/www.silviobessone.it\/la-chocolocanda\/"},"modified":"2023-10-23T14:08:26","modified_gmt":"2023-10-23T14:08:26","slug":"la-chocolocanda","status":"publish","type":"page","link":"https:\/\/www.silviobessone.it\/es\/la-chocolocanda\/","title":{"rendered":"LA CHOCOLOCANDA"},"content":{"rendered":"\t\t<div data-elementor-type=\"wp-page\" data-elementor-id=\"1850\" class=\"elementor elementor-1850 elementor-98\" data-elementor-post-type=\"page\">\n\t\t\t\t\t\t<section class=\"elementor-section elementor-top-section elementor-element elementor-element-c40001b elementor-section-boxed elementor-section-height-default elementor-section-height-default\" data-id=\"c40001b\" data-element_type=\"section\">\n\t\t\t\t\t\t<div class=\"elementor-container elementor-column-gap-default\">\n\t\t\t\t\t<div class=\"elementor-column elementor-col-100 elementor-top-column elementor-element elementor-element-ca99fb7\" data-id=\"ca99fb7\" data-element_type=\"column\">\n\t\t\t<div class=\"elementor-widget-wrap elementor-element-populated\">\n\t\t\t\t\t\t<div class=\"elementor-element elementor-element-cd2e812 elementor-widget elementor-widget-spacer\" data-id=\"cd2e812\" data-element_type=\"widget\" data-widget_type=\"spacer.default\">\n\t\t\t\t<div class=\"elementor-widget-container\">\n\t\t\t\t\t\t\t<div class=\"elementor-spacer\">\n\t\t\t<div class=\"elementor-spacer-inner\"><\/div>\n\t\t<\/div>\n\t\t\t\t\t\t<\/div>\n\t\t\t\t<\/div>\n\t\t\t\t<div class=\"elementor-element elementor-element-2e002a2 elementor-widget elementor-widget-heading\" data-id=\"2e002a2\" data-element_type=\"widget\" data-widget_type=\"heading.default\">\n\t\t\t\t<div class=\"elementor-widget-container\">\n\t\t\t\t\t<h1 class=\"elementor-heading-title elementor-size-default\">Willy Wonka y la f\u00e1brica de chocolate<\/h1>\t\t\t\t<\/div>\n\t\t\t\t<\/div>\n\t\t\t\t<div class=\"elementor-element elementor-element-2c1c7a8 elementor-widget elementor-widget-text-editor\" data-id=\"2c1c7a8\" data-element_type=\"widget\" data-widget_type=\"text-editor.default\">\n\t\t\t\t<div class=\"elementor-widget-container\">\n\t\t\t\t\t\t\t\t\t<p>Muchos clientes durante una visita a la Cioccolocanda me preguntan \u00bfc\u00f3mo se hace el chocolate para aficionados? Si hiciera cursos en OK para entusiastas que quisieran profundizar. En los 11 a\u00f1os que lleva funcionando la Cioccolocanda, el n\u00famero de clientes que han aprovechado, de diversas formas, con una estancia, comida o incluso s\u00f3lo una visita al peque\u00f1o Cioccomuseo es de m\u00e1s de 20.000, y por lo tanto una base muy importante para proponer esta NUEVA EXPERIENCIA.<\/p>\n\t\t\t\t\t\t\t\t<\/div>\n\t\t\t\t<\/div>\n\t\t\t\t<div class=\"elementor-element elementor-element-df1f9cd elementor-widget elementor-widget-image\" data-id=\"df1f9cd\" data-element_type=\"widget\" data-widget_type=\"image.default\">\n\t\t\t\t<div class=\"elementor-widget-container\">\n\t\t\t\t\t\t\t\t\t\t\t\t\t\t\t<img fetchpriority=\"high\" decoding=\"async\" width=\"1422\" height=\"1003\" src=\"https:\/\/www.silviobessone.it\/wp-content\/uploads\/2023\/09\/20211108_160237.jpg\" class=\"attachment-full size-full wp-image-1413\" alt=\"\" srcset=\"https:\/\/www.silviobessone.it\/wp-content\/uploads\/2023\/09\/20211108_160237.jpg 1422w, https:\/\/www.silviobessone.it\/wp-content\/uploads\/2023\/09\/20211108_160237-300x212.jpg 300w, https:\/\/www.silviobessone.it\/wp-content\/uploads\/2023\/09\/20211108_160237-1024x722.jpg 1024w, https:\/\/www.silviobessone.it\/wp-content\/uploads\/2023\/09\/20211108_160237-768x542.jpg 768w\" sizes=\"(max-width: 1422px) 100vw, 1422px\" \/>\t\t\t\t\t\t\t\t\t\t\t\t\t\t\t<\/div>\n\t\t\t\t<\/div>\n\t\t\t\t<div class=\"elementor-element elementor-element-34f48ba elementor-widget elementor-widget-text-editor\" data-id=\"34f48ba\" data-element_type=\"widget\" data-widget_type=\"text-editor.default\">\n\t\t\t\t<div class=\"elementor-widget-container\">\n\t\t\t\t\t\t\t\t\t<p>He preparado un programa realmente emocionante, apto para los entusiastas de CioccoAmatori, pero tambi\u00e9n para las familias. Una novedad absoluta, esta ruta tambi\u00e9n es adecuada para los ni\u00f1os, que pueden sentirse como un nuevo <strong>Charlie<\/strong> de la conocida pel\u00edcula <strong>Willy Wonka y la f\u00e1brica de<\/strong> chocolate.<\/p>\n<p>Para poder hacerlo, organic\u00e9 esta experiencia: Empezamos con una profunda lecci\u00f3n te\u00f3rica y visual que te lleva desde el grano de cacao recolectado en la selva amaz\u00f3nica hasta todos los procesos de transformaci\u00f3n, fermentaci\u00f3n y secado. A continuaci\u00f3n, realizaremos un viaje espacio-temporal a la F\u00e1brica Artesanal de Silvio Bessone, donde en pocos minutos seremos testigos de la transformaci\u00f3n de las m\u00e1gicas habas de cacao en el especial Chocolate Artesanal de Silvio Bessone.<\/p>\n\t\t\t\t\t\t\t\t<\/div>\n\t\t\t\t<\/div>\n\t\t\t\t<div class=\"elementor-element elementor-element-c0308eb elementor-widget elementor-widget-image\" data-id=\"c0308eb\" data-element_type=\"widget\" data-widget_type=\"image.default\">\n\t\t\t\t<div class=\"elementor-widget-container\">\n\t\t\t\t\t\t\t\t\t\t\t\t\t\t\t<img decoding=\"async\" width=\"2144\" height=\"967\" src=\"https:\/\/www.silviobessone.it\/wp-content\/uploads\/2023\/09\/20210810_150025.jpg\" class=\"attachment-full size-full wp-image-1417\" alt=\"\" srcset=\"https:\/\/www.silviobessone.it\/wp-content\/uploads\/2023\/09\/20210810_150025.jpg 2144w, https:\/\/www.silviobessone.it\/wp-content\/uploads\/2023\/09\/20210810_150025-300x135.jpg 300w, https:\/\/www.silviobessone.it\/wp-content\/uploads\/2023\/09\/20210810_150025-1024x462.jpg 1024w, https:\/\/www.silviobessone.it\/wp-content\/uploads\/2023\/09\/20210810_150025-768x346.jpg 768w, https:\/\/www.silviobessone.it\/wp-content\/uploads\/2023\/09\/20210810_150025-1536x693.jpg 1536w, https:\/\/www.silviobessone.it\/wp-content\/uploads\/2023\/09\/20210810_150025-2048x924.jpg 2048w\" sizes=\"(max-width: 2144px) 100vw, 2144px\" \/>\t\t\t\t\t\t\t\t\t\t\t\t\t\t\t<\/div>\n\t\t\t\t<\/div>\n\t\t\t\t<div class=\"elementor-element elementor-element-daf23ab elementor-widget elementor-widget-text-editor\" data-id=\"daf23ab\" data-element_type=\"widget\" data-widget_type=\"text-editor.default\">\n\t\t\t\t<div class=\"elementor-widget-container\">\n\t\t\t\t\t\t\t\t\t<p>Durante este recorrido, se realizan catas estrat\u00e9gicas en las que, empezando por las mejores habas de cacao y pasando por la pasta de cacao, se llega al chocolate fino negro, con leche y blanco.<\/p>\n<p>Gianduiotti, bombones, infusiones o chocolate caliente hasta helados de pulpa de cacao fresco son variables que sorprender\u00e1n seg\u00fan la temporada.<\/p>\n<p>Cada familia encontrar\u00e1 una m\u00e1quina de chocolate, sus ingredientes favoritos, un libro de recetas, cuencos, esp\u00e1tulas y palanganas, con todo lo necesario para transformar m\u00e1gicamente las habas de cacao en magn\u00edfico chocolate, en el taller m\u00e1gico montado especialmente para ellos. Pero no cualquier chocolate, sino exactamente lo que quieren. S\u00ed fondant de leche o fondant blanco, no hay elecci\u00f3n.<\/p>\n<p>Mientras tanto, se servir\u00e1 un men\u00fa especial para todos los invitados, Contaminaciones de Cacao para los adultos y el formato Infantil para los ni\u00f1os.<\/p>\n\t\t\t\t\t\t\t\t<\/div>\n\t\t\t\t<\/div>\n\t\t\t\t<div class=\"elementor-element elementor-element-ce5ac44 elementor-widget elementor-widget-heading\" data-id=\"ce5ac44\" data-element_type=\"widget\" data-widget_type=\"heading.default\">\n\t\t\t\t<div class=\"elementor-widget-container\">\n\t\t\t\t\t<h4 class=\"elementor-heading-title elementor-size-default\"><a href=\"https:\/\/shop.silviobessone.it\/it\/cioccolocanda-shop\/164-contaminazioni-di-cacao.html\">RESERVE SU EXPERIENCIA<\/a><\/h4>\t\t\t\t<\/div>\n\t\t\t\t<\/div>\n\t\t\t\t<div class=\"elementor-element elementor-element-961e3e8 elementor-align-left elementor-widget elementor-widget-button\" data-id=\"961e3e8\" data-element_type=\"widget\" data-widget_type=\"button.default\">\n\t\t\t\t<div class=\"elementor-widget-container\">\n\t\t\t\t\t\t\t\t\t<div class=\"elementor-button-wrapper\">\n\t\t\t\t\t<a class=\"elementor-button elementor-button-link elementor-size-md\" href=\"https:\/\/shop.silviobessone.it\/it\/cioccolocanda-shop\/164-contaminazioni-di-cacao.html\">\n\t\t\t\t\t\t<span class=\"elementor-button-content-wrapper\">\n\t\t\t\t\t\t\t\t\t<span class=\"elementor-button-text\">Reserve su plaza<\/span>\n\t\t\t\t\t<\/span>\n\t\t\t\t\t<\/a>\n\t\t\t\t<\/div>\n\t\t\t\t\t\t\t\t<\/div>\n\t\t\t\t<\/div>\n\t\t\t\t<div class=\"elementor-element elementor-element-925797e elementor-widget elementor-widget-spacer\" data-id=\"925797e\" data-element_type=\"widget\" data-widget_type=\"spacer.default\">\n\t\t\t\t<div class=\"elementor-widget-container\">\n\t\t\t\t\t\t\t<div class=\"elementor-spacer\">\n\t\t\t<div class=\"elementor-spacer-inner\"><\/div>\n\t\t<\/div>\n\t\t\t\t\t\t<\/div>\n\t\t\t\t<\/div>\n\t\t\t\t\t<\/div>\n\t\t<\/div>\n\t\t\t\t\t<\/div>\n\t\t<\/section>\n\t\t\t\t<\/div>\n\t\t","protected":false},"excerpt":{"rendered":"<p>Willy Wonka y la f\u00e1brica de chocolate Muchos clientes durante una visita a la Cioccolocanda me preguntan \u00bfc\u00f3mo se hace el chocolate para aficionados? Si hiciera cursos en OK para entusiastas que quisieran profundizar. En los 11 a\u00f1os que lleva funcionando la Cioccolocanda, el n\u00famero de clientes que han aprovechado, de diversas formas, con una [&hellip;]<\/p>\n","protected":false},"author":1,"featured_media":0,"parent":0,"menu_order":0,"comment_status":"closed","ping_status":"closed","template":"","meta":{"footnotes":""},"_links":{"self":[{"href":"https:\/\/www.silviobessone.it\/es\/wp-json\/wp\/v2\/pages\/1850"}],"collection":[{"href":"https:\/\/www.silviobessone.it\/es\/wp-json\/wp\/v2\/pages"}],"about":[{"href":"https:\/\/www.silviobessone.it\/es\/wp-json\/wp\/v2\/types\/page"}],"author":[{"embeddable":true,"href":"https:\/\/www.silviobessone.it\/es\/wp-json\/wp\/v2\/users\/1"}],"replies":[{"embeddable":true,"href":"https:\/\/www.silviobessone.it\/es\/wp-json\/wp\/v2\/comments?post=1850"}],"version-history":[{"count":2,"href":"https:\/\/www.silviobessone.it\/es\/wp-json\/wp\/v2\/pages\/1850\/revisions"}],"predecessor-version":[{"id":1852,"href":"https:\/\/www.silviobessone.it\/es\/wp-json\/wp\/v2\/pages\/1850\/revisions\/1852"}],"wp:attachment":[{"href":"https:\/\/www.silviobessone.it\/es\/wp-json\/wp\/v2\/media?parent=1850"}],"curies":[{"name":"wp","href":"https:\/\/api.w.org\/{rel}","templated":true}]}}