{"id":1842,"date":"2023-09-04T12:13:19","date_gmt":"2023-09-04T12:13:19","guid":{"rendered":"https:\/\/www.silviobessone.it\/la-posada\/"},"modified":"2023-10-23T14:08:22","modified_gmt":"2023-10-23T14:08:22","slug":"la-posada","status":"publish","type":"page","link":"https:\/\/www.silviobessone.it\/es\/la-posada\/","title":{"rendered":"LA POSADA"},"content":{"rendered":"\t\t<div data-elementor-type=\"wp-page\" data-elementor-id=\"1842\" class=\"elementor elementor-1842 elementor-102\" data-elementor-post-type=\"page\">\n\t\t\t\t\t\t<section class=\"elementor-section elementor-top-section elementor-element elementor-element-f805040 elementor-section-boxed elementor-section-height-default elementor-section-height-default\" data-id=\"f805040\" data-element_type=\"section\">\n\t\t\t\t\t\t<div class=\"elementor-container elementor-column-gap-default\">\n\t\t\t\t\t<div class=\"elementor-column elementor-col-100 elementor-top-column elementor-element elementor-element-79e0906\" data-id=\"79e0906\" data-element_type=\"column\">\n\t\t\t<div class=\"elementor-widget-wrap elementor-element-populated\">\n\t\t\t\t\t\t<div class=\"elementor-element elementor-element-215b3af elementor-widget elementor-widget-spacer\" data-id=\"215b3af\" data-element_type=\"widget\" data-widget_type=\"spacer.default\">\n\t\t\t\t<div class=\"elementor-widget-container\">\n\t\t\t\t\t\t\t<div class=\"elementor-spacer\">\n\t\t\t<div class=\"elementor-spacer-inner\"><\/div>\n\t\t<\/div>\n\t\t\t\t\t\t<\/div>\n\t\t\t\t<\/div>\n\t\t\t\t\t<\/div>\n\t\t<\/div>\n\t\t\t\t\t<\/div>\n\t\t<\/section>\n\t\t\t\t<section class=\"elementor-section elementor-top-section elementor-element elementor-element-2f4ca0b elementor-section-boxed elementor-section-height-default elementor-section-height-default\" data-id=\"2f4ca0b\" data-element_type=\"section\">\n\t\t\t\t\t\t<div class=\"elementor-container elementor-column-gap-default\">\n\t\t\t\t\t<div class=\"elementor-column elementor-col-100 elementor-top-column elementor-element elementor-element-db45a33\" data-id=\"db45a33\" data-element_type=\"column\" data-settings=\"{&quot;background_background&quot;:&quot;classic&quot;}\">\n\t\t\t<div class=\"elementor-widget-wrap elementor-element-populated\">\n\t\t\t\t\t\t<div class=\"elementor-element elementor-element-7922810 elementor-widget elementor-widget-heading\" data-id=\"7922810\" data-element_type=\"widget\" data-widget_type=\"heading.default\">\n\t\t\t\t<div class=\"elementor-widget-container\">\n\t\t\t\t\t<h1 class=\"elementor-heading-title elementor-size-default\">La Posada del Chocolate<\/h1>\t\t\t\t<\/div>\n\t\t\t\t<\/div>\n\t\t\t\t<div class=\"elementor-element elementor-element-101a211 elementor-widget elementor-widget-text-editor\" data-id=\"101a211\" data-element_type=\"widget\" data-widget_type=\"text-editor.default\">\n\t\t\t\t<div class=\"elementor-widget-container\">\n\t\t\t\t\t\t\t\t\t<p>Alojamiento original, construido en la parte m\u00e1s antigua en el 1400, donde todo, pero todo, tiene un toque chocolatero.<\/p>\n\t\t\t\t\t\t\t\t<\/div>\n\t\t\t\t<\/div>\n\t\t\t\t<div class=\"elementor-element elementor-element-a09b72f elementor-widget elementor-widget-text-editor\" data-id=\"a09b72f\" data-element_type=\"widget\" data-widget_type=\"text-editor.default\">\n\t\t\t\t<div class=\"elementor-widget-container\">\n\t\t\t\t\t\t\t\t\t<h4><strong>\u00a1LA CHOCOLOCANDA ES UNA ESTRUCTURA SENCILLA! **ESTRELLAS, \u00a1TURISMO ART\u00cdSTICO DEDICADO A LOS AMANTES DEL CHOCOLATE! NO RECOMENDADO PARA SNOBS RADICALES E INDIFERENTES AL CHOCOLATE.  <\/strong><\/h4>\n\t\t\t\t\t\t\t\t<\/div>\n\t\t\t\t<\/div>\n\t\t\t\t<div class=\"elementor-element elementor-element-46814ed elementor-widget elementor-widget-text-editor\" data-id=\"46814ed\" data-element_type=\"widget\" data-widget_type=\"text-editor.default\">\n\t\t\t\t<div class=\"elementor-widget-container\">\n\t\t\t\t\t\t\t\t\t<p><strong>\u00a1LA CHOCOLOCANDA ES UNA ESTRUCTURA SENCILLA! **ESTRELLAS, \u00a1TURISMO ART\u00cdSTICO DEDICADO A LOS AMANTES DEL CHOCOLATE! NO RECOMENDADO PARA SNOBS RADICALES E INDIFERENTES AL CHOCOLATE. No bromeo, es exactamente eso, as\u00ed que inf\u00f3rmese antes de reservar si le conviene nuestra experiencia. Muchos nos aprecian pero algunos piensan que somos demasiado r\u00fasticos, compruebe siempre sus caracter\u00edsticas antes de estropear su estancia y desmoralizarnos.<br \/><\/strong><\/p>\n<h5><strong>Seis salas dedicadas a los pa\u00edses productores de cacao<\/strong>, las habitaciones <strong>no son grandes<\/strong>, pero s\u00ed esenciales, un bonito mobiliario recuerda la producci\u00f3n o el consumo de cacao. De <strong>lindas l\u00e1mparas de<\/strong> chocolate. Tocado local original. El n\u00facleo de la estructura data del siglo XIV y durante la batalla napole\u00f3nica sirvi\u00f3 de base a los comandos napole\u00f3nicos. El suelo de una habitaci\u00f3n (la Venezuela) y parte del pasillo siguen siendo originales de la \u00e9poca y conservan la huella del tiempo. No es sucio ni cutre, \u00a1es HIST\u00d3RICO!<\/h5>\n<p><strong>Sacos de cacao<\/strong> que se convierten en improbables mesillas de noche o fascinantes im\u00e1genes de personas o cosas que recuerdan la <strong>historia y la cultura del pa\u00eds representado<\/strong>. Venezuela, M\u00e9xico, Brasil, Sri Lanka, Ecuador y Colombia. As\u00ed como la sala especial CioccoBagno o la sala CioccoRelax para masajes con chocolate. Algunas habitaciones disponen de bid\u00e9, otras no, en cuyo caso hay una ducha de hidromasaje y una teleducha.<\/p>\n<p>El edificio data de finales del siglo XV y las habitaciones son diferentes tanto en mobiliario como en tama\u00f1o.<\/p>\n<p>Sin embargo, todas est\u00e1n equipadas con cuarto de ba\u00f1o y ducha, algunas con ducha de hidromasaje si no est\u00e1n equipadas con bid\u00e9, TV y Wi Fi gratuito. Las habitaciones <strong>no tienen aire acondicionado<\/strong> y en su mayor\u00eda <strong>no est\u00e1n equipadas con armario<\/strong>, sino con pr\u00e1cticos percheros de color chocolate.<\/p>\n<p>  Se encuentran en la planta superior de la F\u00e1brica Artesanal de Chocolate, por lo que los aromas y los polvos de la elaboraci\u00f3n del cacao pueden perdurar en las Salas de Chocolate.<\/p>\n\t\t\t\t\t\t\t\t<\/div>\n\t\t\t\t<\/div>\n\t\t\t\t<div class=\"elementor-element elementor-element-13d9cae elementor-widget elementor-widget-image\" data-id=\"13d9cae\" data-element_type=\"widget\" data-widget_type=\"image.default\">\n\t\t\t\t<div class=\"elementor-widget-container\">\n\t\t\t\t\t\t\t\t\t\t\t\t\t\t\t<img fetchpriority=\"high\" decoding=\"async\" width=\"800\" height=\"534\" src=\"https:\/\/www.silviobessone.it\/wp-content\/uploads\/2023\/09\/Foto_Galleano2014_____010510_quadro.jpg\" class=\"attachment-large size-large wp-image-1453\" alt=\"\" srcset=\"https:\/\/www.silviobessone.it\/wp-content\/uploads\/2023\/09\/Foto_Galleano2014_____010510_quadro.jpg 1024w, https:\/\/www.silviobessone.it\/wp-content\/uploads\/2023\/09\/Foto_Galleano2014_____010510_quadro-300x200.jpg 300w, https:\/\/www.silviobessone.it\/wp-content\/uploads\/2023\/09\/Foto_Galleano2014_____010510_quadro-768x512.jpg 768w\" sizes=\"(max-width: 800px) 100vw, 800px\" \/>\t\t\t\t\t\t\t\t\t\t\t\t\t\t\t<\/div>\n\t\t\t\t<\/div>\n\t\t\t\t<div class=\"elementor-element elementor-element-44a34c2 elementor-widget elementor-widget-heading\" data-id=\"44a34c2\" data-element_type=\"widget\" data-widget_type=\"heading.default\">\n\t\t\t\t<div class=\"elementor-widget-container\">\n\t\t\t\t\t<h1 class=\"elementor-heading-title elementor-size-default\">Noche de fondant o leche<\/h1>\t\t\t\t<\/div>\n\t\t\t\t<\/div>\n\t\t\t\t<div class=\"elementor-element elementor-element-b51834a elementor-widget elementor-widget-text-editor\" data-id=\"b51834a\" data-element_type=\"widget\" data-widget_type=\"text-editor.default\">\n\t\t\t\t<div class=\"elementor-widget-container\">\n\t\t\t\t\t\t\t\t\t<p>Donde los hu\u00e9spedes encontrar\u00e1n a su disposici\u00f3n un servicio de  <strong>Fondue de chocolate negro o con leche con fruta fresca<\/strong>  de temporada y secos, as\u00ed como quemadores para fundir chocolate y todo lo necesario para disfrutar de todas las fragancias del chocolate y pasar una dulce noche de gula y pasi\u00f3n.<\/p>\n\t\t\t\t\t\t\t\t<\/div>\n\t\t\t\t<\/div>\n\t\t\t\t<div class=\"elementor-element elementor-element-0362a3f elementor-widget elementor-widget-heading\" data-id=\"0362a3f\" data-element_type=\"widget\" data-widget_type=\"heading.default\">\n\t\t\t\t<div class=\"elementor-widget-container\">\n\t\t\t\t\t<h2 class=\"elementor-heading-title elementor-size-default\">  ..y muchos otros SERVICIOS EXTRA:<\/h2>\t\t\t\t<\/div>\n\t\t\t\t<\/div>\n\t\t\t\t<div class=\"elementor-element elementor-element-ce3cb01 elementor-align-center elementor-widget elementor-widget-button\" data-id=\"ce3cb01\" data-element_type=\"widget\" data-widget_type=\"button.default\">\n\t\t\t\t<div class=\"elementor-widget-container\">\n\t\t\t\t\t\t\t\t\t<div class=\"elementor-button-wrapper\">\n\t\t\t\t\t<a class=\"elementor-button elementor-button-link elementor-size-sm\" href=\"https:\/\/www.silviobessone.it\/eventi-speciali\/\">\n\t\t\t\t\t\t<span class=\"elementor-button-content-wrapper\">\n\t\t\t\t\t\t\t\t\t<span class=\"elementor-button-text\">ACONTECIMIENTOS ESPECIALES<\/span>\n\t\t\t\t\t<\/span>\n\t\t\t\t\t<\/a>\n\t\t\t\t<\/div>\n\t\t\t\t\t\t\t\t<\/div>\n\t\t\t\t<\/div>\n\t\t\t\t<div class=\"elementor-element elementor-element-79ed1f5 elementor-widget elementor-widget-text-editor\" data-id=\"79ed1f5\" data-element_type=\"widget\" data-widget_type=\"text-editor.default\">\n\t\t\t\t<div class=\"elementor-widget-container\">\n\t\t\t\t\t\t\t\t\t<p><a href=\"https:\/\/www.tripadvisor.it\/Hotel_Review-g1951131-d2462303-Reviews-Cioccolocanda_San_Marco-Vicoforte_Province_of_Cuneo_Piedmont.html\"><img decoding=\"async\" class=\"alignleft wp-image-720\" src=\"https:\/\/www.silviobessone.it\/wp-content\/uploads\/2023\/09\/tripadvisor.png\" alt=\"\" width=\"81\" height=\"81\"><\/a><\/p>\n<h3>Hola, soy Silvio Bessone<\/h3>\n<h5>el creador de la Cioccolocanda. \u00a1Antes de reservar, VISITA NUESTRO PERFIL EN TRIPADVISOR! No se precipite, somos un simple establecimiento chocolatero, no un encantador Chateaux. Aseg\u00farese de que nuestra oferta se ajusta a sus deseos. Evitar\u00e1s sentimientos desagradables para ti y tristeza para nosotros.<\/h5>\n\t\t\t\t\t\t\t\t<\/div>\n\t\t\t\t<\/div>\n\t\t\t\t\t<\/div>\n\t\t<\/div>\n\t\t\t\t\t<\/div>\n\t\t<\/section>\n\t\t\t\t<section class=\"elementor-section elementor-top-section elementor-element elementor-element-d004201 elementor-section-boxed elementor-section-height-default elementor-section-height-default\" data-id=\"d004201\" data-element_type=\"section\">\n\t\t\t\t\t\t<div class=\"elementor-container elementor-column-gap-default\">\n\t\t\t\t\t<div class=\"elementor-column elementor-col-100 elementor-top-column elementor-element elementor-element-e4cf541\" data-id=\"e4cf541\" data-element_type=\"column\">\n\t\t\t<div class=\"elementor-widget-wrap elementor-element-populated\">\n\t\t\t\t\t\t<div class=\"elementor-element elementor-element-2d55d7b elementor-widget elementor-widget-spacer\" data-id=\"2d55d7b\" data-element_type=\"widget\" data-widget_type=\"spacer.default\">\n\t\t\t\t<div class=\"elementor-widget-container\">\n\t\t\t\t\t\t\t<div class=\"elementor-spacer\">\n\t\t\t<div class=\"elementor-spacer-inner\"><\/div>\n\t\t<\/div>\n\t\t\t\t\t\t<\/div>\n\t\t\t\t<\/div>\n\t\t\t\t\t<\/div>\n\t\t<\/div>\n\t\t\t\t\t<\/div>\n\t\t<\/section>\n\t\t\t\t<\/div>\n\t\t","protected":false},"excerpt":{"rendered":"<p>La Posada del Chocolate Alojamiento original, construido en la parte m\u00e1s antigua en el 1400, donde todo, pero todo, tiene un toque chocolatero. \u00a1LA CHOCOLOCANDA ES UNA ESTRUCTURA SENCILLA! **ESTRELLAS, \u00a1TURISMO ART\u00cdSTICO DEDICADO A LOS AMANTES DEL CHOCOLATE! NO RECOMENDADO PARA SNOBS RADICALES E INDIFERENTES AL CHOCOLATE. \u00a1LA CHOCOLOCANDA ES UNA ESTRUCTURA SENCILLA! **ESTRELLAS, \u00a1TURISMO [&hellip;]<\/p>\n","protected":false},"author":1,"featured_media":0,"parent":0,"menu_order":0,"comment_status":"closed","ping_status":"closed","template":"","meta":{"footnotes":""},"_links":{"self":[{"href":"https:\/\/www.silviobessone.it\/es\/wp-json\/wp\/v2\/pages\/1842"}],"collection":[{"href":"https:\/\/www.silviobessone.it\/es\/wp-json\/wp\/v2\/pages"}],"about":[{"href":"https:\/\/www.silviobessone.it\/es\/wp-json\/wp\/v2\/types\/page"}],"author":[{"embeddable":true,"href":"https:\/\/www.silviobessone.it\/es\/wp-json\/wp\/v2\/users\/1"}],"replies":[{"embeddable":true,"href":"https:\/\/www.silviobessone.it\/es\/wp-json\/wp\/v2\/comments?post=1842"}],"version-history":[{"count":2,"href":"https:\/\/www.silviobessone.it\/es\/wp-json\/wp\/v2\/pages\/1842\/revisions"}],"predecessor-version":[{"id":1846,"href":"https:\/\/www.silviobessone.it\/es\/wp-json\/wp\/v2\/pages\/1842\/revisions\/1846"}],"wp:attachment":[{"href":"https:\/\/www.silviobessone.it\/es\/wp-json\/wp\/v2\/media?parent=1842"}],"curies":[{"name":"wp","href":"https:\/\/api.w.org\/{rel}","templated":true}]}}