{"id":1827,"date":"2023-09-04T09:57:46","date_gmt":"2023-09-04T09:57:46","guid":{"rendered":"https:\/\/www.silviobessone.it\/contactos\/"},"modified":"2023-10-23T14:08:26","modified_gmt":"2023-10-23T14:08:26","slug":"contactos","status":"publish","type":"page","link":"https:\/\/www.silviobessone.it\/es\/contactos\/","title":{"rendered":"CONTACTOS"},"content":{"rendered":"\t\t<div data-elementor-type=\"wp-page\" data-elementor-id=\"1827\" class=\"elementor elementor-1827 elementor-29\" data-elementor-post-type=\"page\">\n\t\t\t\t\t\t<section class=\"elementor-section elementor-top-section elementor-element elementor-element-93846e2 elementor-section-boxed elementor-section-height-default elementor-section-height-default\" data-id=\"93846e2\" data-element_type=\"section\">\n\t\t\t\t\t\t<div class=\"elementor-container elementor-column-gap-default\">\n\t\t\t\t\t<div class=\"elementor-column elementor-col-100 elementor-top-column elementor-element elementor-element-d7af1fb\" data-id=\"d7af1fb\" data-element_type=\"column\">\n\t\t\t<div class=\"elementor-widget-wrap elementor-element-populated\">\n\t\t\t\t\t\t<div class=\"elementor-element elementor-element-3263c62 elementor-widget elementor-widget-spacer\" data-id=\"3263c62\" data-element_type=\"widget\" data-widget_type=\"spacer.default\">\n\t\t\t\t<div class=\"elementor-widget-container\">\n\t\t\t\t\t\t\t<div class=\"elementor-spacer\">\n\t\t\t<div class=\"elementor-spacer-inner\"><\/div>\n\t\t<\/div>\n\t\t\t\t\t\t<\/div>\n\t\t\t\t<\/div>\n\t\t\t\t<div class=\"elementor-element elementor-element-195bf25 elementor-widget elementor-widget-image\" data-id=\"195bf25\" data-element_type=\"widget\" data-widget_type=\"image.default\">\n\t\t\t\t<div class=\"elementor-widget-container\">\n\t\t\t\t\t\t\t\t\t\t\t\t\t\t\t<img fetchpriority=\"high\" decoding=\"async\" width=\"800\" height=\"105\" src=\"https:\/\/www.silviobessone.it\/wp-content\/uploads\/2023\/09\/contatti-1024x135.png\" class=\"attachment-large size-large wp-image-1309\" alt=\"\" srcset=\"https:\/\/www.silviobessone.it\/wp-content\/uploads\/2023\/09\/contatti-1024x135.png 1024w, https:\/\/www.silviobessone.it\/wp-content\/uploads\/2023\/09\/contatti-300x39.png 300w, https:\/\/www.silviobessone.it\/wp-content\/uploads\/2023\/09\/contatti-768x101.png 768w, https:\/\/www.silviobessone.it\/wp-content\/uploads\/2023\/09\/contatti.png 1354w\" sizes=\"(max-width: 800px) 100vw, 800px\" \/>\t\t\t\t\t\t\t\t\t\t\t\t\t\t\t<\/div>\n\t\t\t\t<\/div>\n\t\t\t\t<div class=\"elementor-element elementor-element-2cbc5b3 elementor-widget elementor-widget-spacer\" data-id=\"2cbc5b3\" data-element_type=\"widget\" data-widget_type=\"spacer.default\">\n\t\t\t\t<div class=\"elementor-widget-container\">\n\t\t\t\t\t\t\t<div class=\"elementor-spacer\">\n\t\t\t<div class=\"elementor-spacer-inner\"><\/div>\n\t\t<\/div>\n\t\t\t\t\t\t<\/div>\n\t\t\t\t<\/div>\n\t\t\t\t<div class=\"elementor-element elementor-element-5eac09a elementor-widget elementor-widget-heading\" data-id=\"5eac09a\" data-element_type=\"widget\" data-widget_type=\"heading.default\">\n\t\t\t\t<div class=\"elementor-widget-container\">\n\t\t\t\t\t<h1 class=\"elementor-heading-title elementor-size-default\">CONTACTOS<\/h1>\t\t\t\t<\/div>\n\t\t\t\t<\/div>\n\t\t\t\t\t<\/div>\n\t\t<\/div>\n\t\t\t\t\t<\/div>\n\t\t<\/section>\n\t\t\t\t<section class=\"elementor-section elementor-top-section elementor-element elementor-element-e8a2b79 elementor-section-boxed elementor-section-height-default elementor-section-height-default\" data-id=\"e8a2b79\" data-element_type=\"section\">\n\t\t\t\t\t\t<div class=\"elementor-container elementor-column-gap-default\">\n\t\t\t\t\t<div class=\"elementor-column elementor-col-50 elementor-top-column elementor-element elementor-element-65b57d2\" data-id=\"65b57d2\" data-element_type=\"column\">\n\t\t\t<div class=\"elementor-widget-wrap elementor-element-populated\">\n\t\t\t\t\t\t<div class=\"elementor-element elementor-element-8e3b722 elementor-widget elementor-widget-text-editor\" data-id=\"8e3b722\" data-element_type=\"widget\" data-widget_type=\"text-editor.default\">\n\t\t\t\t<div class=\"elementor-widget-container\">\n\t\t\t\t\t\t\t\t\t<p>Atendemos el tel\u00e9fono de 9.00 a 18.00 horas, excepto los mi\u00e9rcoles, que cerramos por vacaciones.<\/p>\n<p>En caso de que el tel\u00e9fono est\u00e9 libre pero no contestemos, significa que todos los operadores est\u00e1n ocupados con otras comunicaciones, por favor int\u00e9ntelo de nuevo con un poco de paciencia. Recibimos m\u00e1s de 150 llamadas al d\u00eda. \ud83d\ude09 Para reservas, env\u00ede un correo electr\u00f3nico a <a href=\"mailto:prenotazioni@silviobessone.it\">info@silviobessone.it<\/a><\/p>\n<div class=\"row-fluid\">\n<div class=\"col-md-4\">\n<p>SB Chocolate SRL<\/p>\n<p>Domicilio social vi Bagetti 11 10145 TORINO<\/p>\n<p>Cuartel General Operativo<\/p>\n<p>Via F. Gallo, 19 &#8211; 12080 SANTUARIO DI VICOFORTE (CN) Italia<\/p>\n<p><a href=\"mailto:info@silviobessone.it\">info@silviobessone.it<\/a><\/p>\n<p>IVA 12602840014<\/p>\n<p>TEL.: +39 0174 563312<\/p>\n<p>FAX: +39 0174 565821<\/p>\n<\/div>\n<\/div>\n\t\t\t\t\t\t\t\t<\/div>\n\t\t\t\t<\/div>\n\t\t\t\t\t<\/div>\n\t\t<\/div>\n\t\t\t\t<div class=\"elementor-column elementor-col-50 elementor-top-column elementor-element elementor-element-2fe650c\" data-id=\"2fe650c\" data-element_type=\"column\">\n\t\t\t<div class=\"elementor-widget-wrap elementor-element-populated\">\n\t\t\t\t\t\t<div class=\"elementor-element elementor-element-b2fdf23 elementor-widget elementor-widget-spacer\" data-id=\"b2fdf23\" data-element_type=\"widget\" data-widget_type=\"spacer.default\">\n\t\t\t\t<div class=\"elementor-widget-container\">\n\t\t\t\t\t\t\t<div class=\"elementor-spacer\">\n\t\t\t<div class=\"elementor-spacer-inner\"><\/div>\n\t\t<\/div>\n\t\t\t\t\t\t<\/div>\n\t\t\t\t<\/div>\n\t\t\t\t<div class=\"elementor-element elementor-element-9c73cde elementor-widget elementor-widget-google_maps\" data-id=\"9c73cde\" data-element_type=\"widget\" data-widget_type=\"google_maps.default\">\n\t\t\t\t<div class=\"elementor-widget-container\">\n\t\t\t\t\t\t\t<div class=\"elementor-custom-embed\">\n\t\t\t<iframe loading=\"lazy\"\n\t\t\t\t\tsrc=\"https:\/\/maps.google.com\/maps?q=cioccolocanda%20san%20marco&#038;t=m&#038;z=15&#038;output=embed&#038;iwloc=near\"\n\t\t\t\t\ttitle=\"cioccolocanda san marco\"\n\t\t\t\t\taria-label=\"cioccolocanda san marco\"\n\t\t\t><\/iframe>\n\t\t<\/div>\n\t\t\t\t\t\t<\/div>\n\t\t\t\t<\/div>\n\t\t\t\t\t<\/div>\n\t\t<\/div>\n\t\t\t\t\t<\/div>\n\t\t<\/section>\n\t\t\t\t<section class=\"elementor-section elementor-top-section elementor-element elementor-element-399358f elementor-section-boxed elementor-section-height-default elementor-section-height-default\" data-id=\"399358f\" data-element_type=\"section\">\n\t\t\t\t\t\t<div class=\"elementor-container elementor-column-gap-default\">\n\t\t\t\t\t<div class=\"elementor-column elementor-col-100 elementor-top-column elementor-element elementor-element-82291ce\" data-id=\"82291ce\" data-element_type=\"column\">\n\t\t\t<div class=\"elementor-widget-wrap elementor-element-populated\">\n\t\t\t\t\t\t<div class=\"elementor-element elementor-element-579b462 elementor-widget elementor-widget-text-editor\" data-id=\"579b462\" data-element_type=\"widget\" data-widget_type=\"text-editor.default\">\n\t\t\t\t<div class=\"elementor-widget-container\">\n\t\t\t\t\t\t\t\t\t<p>Llegar hasta nosotros y visitar nuestro taller es muy f\u00e1cil, basta con tomar la salida <strong>Niella Tanaro<\/strong> o <strong>Mondov\u00ed<\/strong> de la autopista<strong> A6 Tur\u00edn-Savona<\/strong>, seguir las indicaciones hacia el <strong>Santuario de Vicoforte<\/strong> y en 10 minutos estar\u00e1 all\u00ed.<\/p>\n<p>Podr\u00e1 visitar nuestro taller artesanal y degustar nuestros renombrados productos.<\/p>\n<p>Para hacernos llegar sus consultas o solicitar informaci\u00f3n sobre productos y novedades, no dude en enviarnos un correo electr\u00f3nico a: <a href=\"mailto:info@silviobessone.it\">info@silviobessone.it<\/a><\/p>\n<p>Recibir\u00e1 una respuesta en el buz\u00f3n indicado por usted.<\/p>\n<p>Si desea suscribirse a nuestra lista de correo y recibir informaci\u00f3n peri\u00f3dica, ind\u00edquelo en el correo electr\u00f3nico que nos env\u00ede.<\/p>\n<\/p>\n<p><strong>El tratamiento de datos personales est\u00e1 sujeto a la Ley de Privacidad de 31\/12\/96 &#8211; no. 675\/96 y el GDPR.<\/strong><\/p>\n<p><em><a href=\"https:\/\/www.silviobessone.it\/images\/docs\/privacy-it.pdf\" target=\"_blank\" rel=\"noopener noreferrer\">Lea nuestra pol\u00edtica de privacidad (actualizada el 31\/05\/2018)<\/a><\/em><\/p>\n<p><em><a href=\"https:\/\/www.silviobessone.it\/images\/docs\/privacy-en.pdf\" target=\"_blank\" rel=\"noopener noreferrer\">Nuestra pol\u00edtica de privacidad tambi\u00e9n est\u00e1 disponible en ingl\u00e9s.<\/a><\/em><\/p>\n\t\t\t\t\t\t\t\t<\/div>\n\t\t\t\t<\/div>\n\t\t\t\t\t<\/div>\n\t\t<\/div>\n\t\t\t\t\t<\/div>\n\t\t<\/section>\n\t\t\t\t<section class=\"elementor-section elementor-top-section elementor-element elementor-element-ca83c4a elementor-section-boxed elementor-section-height-default elementor-section-height-default\" data-id=\"ca83c4a\" data-element_type=\"section\">\n\t\t\t\t\t\t<div class=\"elementor-container elementor-column-gap-default\">\n\t\t\t\t\t<div class=\"elementor-column elementor-col-100 elementor-top-column elementor-element elementor-element-099e248\" data-id=\"099e248\" data-element_type=\"column\">\n\t\t\t<div class=\"elementor-widget-wrap elementor-element-populated\">\n\t\t\t\t\t\t<div class=\"elementor-element elementor-element-d38632e elementor-widget elementor-widget-spacer\" data-id=\"d38632e\" data-element_type=\"widget\" data-widget_type=\"spacer.default\">\n\t\t\t\t<div class=\"elementor-widget-container\">\n\t\t\t\t\t\t\t<div class=\"elementor-spacer\">\n\t\t\t<div class=\"elementor-spacer-inner\"><\/div>\n\t\t<\/div>\n\t\t\t\t\t\t<\/div>\n\t\t\t\t<\/div>\n\t\t\t\t\t<\/div>\n\t\t<\/div>\n\t\t\t\t\t<\/div>\n\t\t<\/section>\n\t\t\t\t<\/div>\n\t\t","protected":false},"excerpt":{"rendered":"<p>CONTACTOS Atendemos el tel\u00e9fono de 9.00 a 18.00 horas, excepto los mi\u00e9rcoles, que cerramos por vacaciones. En caso de que el tel\u00e9fono est\u00e9 libre pero no contestemos, significa que todos los operadores est\u00e1n ocupados con otras comunicaciones, por favor int\u00e9ntelo de nuevo con un poco de paciencia. Recibimos m\u00e1s de 150 llamadas al d\u00eda. \ud83d\ude09 [&hellip;]<\/p>\n","protected":false},"author":1,"featured_media":0,"parent":0,"menu_order":0,"comment_status":"closed","ping_status":"closed","template":"","meta":{"footnotes":""},"_links":{"self":[{"href":"https:\/\/www.silviobessone.it\/es\/wp-json\/wp\/v2\/pages\/1827"}],"collection":[{"href":"https:\/\/www.silviobessone.it\/es\/wp-json\/wp\/v2\/pages"}],"about":[{"href":"https:\/\/www.silviobessone.it\/es\/wp-json\/wp\/v2\/types\/page"}],"author":[{"embeddable":true,"href":"https:\/\/www.silviobessone.it\/es\/wp-json\/wp\/v2\/users\/1"}],"replies":[{"embeddable":true,"href":"https:\/\/www.silviobessone.it\/es\/wp-json\/wp\/v2\/comments?post=1827"}],"version-history":[{"count":3,"href":"https:\/\/www.silviobessone.it\/es\/wp-json\/wp\/v2\/pages\/1827\/revisions"}],"predecessor-version":[{"id":1836,"href":"https:\/\/www.silviobessone.it\/es\/wp-json\/wp\/v2\/pages\/1827\/revisions\/1836"}],"wp:attachment":[{"href":"https:\/\/www.silviobessone.it\/es\/wp-json\/wp\/v2\/media?parent=1827"}],"curies":[{"name":"wp","href":"https:\/\/api.w.org\/{rel}","templated":true}]}}