{"id":1747,"date":"2023-10-18T14:03:13","date_gmt":"2023-10-18T14:03:13","guid":{"rendered":"https:\/\/www.silviobessone.it\/academia\/"},"modified":"2024-12-23T16:27:27","modified_gmt":"2024-12-23T16:27:27","slug":"academia","status":"publish","type":"page","link":"https:\/\/www.silviobessone.it\/es\/academia\/","title":{"rendered":"ACADEMIA"},"content":{"rendered":"\t\t<div data-elementor-type=\"wp-page\" data-elementor-id=\"1747\" class=\"elementor elementor-1747 elementor-1225\" data-elementor-post-type=\"page\">\n\t\t\t\t\t\t<section class=\"elementor-section elementor-top-section elementor-element elementor-element-e334556 elementor-section-boxed elementor-section-height-default elementor-section-height-default\" data-id=\"e334556\" data-element_type=\"section\">\n\t\t\t\t\t\t<div class=\"elementor-container elementor-column-gap-default\">\n\t\t\t\t\t<div class=\"elementor-column elementor-col-100 elementor-top-column elementor-element elementor-element-0f94861\" data-id=\"0f94861\" data-element_type=\"column\">\n\t\t\t<div class=\"elementor-widget-wrap elementor-element-populated\">\n\t\t\t\t\t\t<div class=\"elementor-element elementor-element-1fbd879 elementor-widget elementor-widget-spacer\" data-id=\"1fbd879\" data-element_type=\"widget\" data-widget_type=\"spacer.default\">\n\t\t\t\t<div class=\"elementor-widget-container\">\n\t\t\t\t\t\t\t<div class=\"elementor-spacer\">\n\t\t\t<div class=\"elementor-spacer-inner\"><\/div>\n\t\t<\/div>\n\t\t\t\t\t\t<\/div>\n\t\t\t\t<\/div>\n\t\t\t\t<div class=\"elementor-element elementor-element-ba9a11d elementor-widget elementor-widget-heading\" data-id=\"ba9a11d\" data-element_type=\"widget\" data-widget_type=\"heading.default\">\n\t\t\t\t<div class=\"elementor-widget-container\">\n\t\t\t\t\t<h2 class=\"elementor-heading-title elementor-size-default\">Bienvenido a la Academia  <\/h2>\t\t\t\t<\/div>\n\t\t\t\t<\/div>\n\t\t\t\t<div class=\"elementor-element elementor-element-79ffc03 elementor-widget elementor-widget-text-editor\" data-id=\"79ffc03\" data-element_type=\"widget\" data-widget_type=\"text-editor.default\">\n\t\t\t\t<div class=\"elementor-widget-container\">\n\t\t\t\t\t\t\t\t\t<p>En el coraz\u00f3n de la tradici\u00f3n culinaria y la pasi\u00f3n por una vida sana y consciente, le damos la bienvenida a nuestra academia en l\u00ednea. Aqu\u00ed no s\u00f3lo tendr\u00e1 la oportunidad de descubrir los secretos del chocolate y la cocina y el arte de la preparaci\u00f3n de los alimentos, sino tambi\u00e9n de enriquecer sus conocimientos sobre el mundo de la alimentaci\u00f3n consciente.<\/p>\n<p>\ud83d\udcda <strong>Libros electr\u00f3nicos gratuitos<\/strong>:<\/p>\n<ul>\n<li><strong>&#8216;Consumidor<\/strong> consciente&#8217;: Una gu\u00eda esencial para todos aquellos que deseen acercarse al mundo de la alimentaci\u00f3n de forma sabia e informada. Aprender\u00e1 a elegir los alimentos con sensatez, a entender las etiquetas y mucho m\u00e1s.<\/li>\n<li>\u00ab<strong>La levadura<\/strong> madre\u00bb: Sum\u00e9rjase en el antiguo arte de la panader\u00eda con la levadura madre. Desde la puesta en marcha hasta el mantenimiento, este libro electr\u00f3nico le guiar\u00e1 paso a paso en la creaci\u00f3n de su propio pan casero, arom\u00e1tico y saludable.<\/li>\n<\/ul>\n<p>\ud83c\udf74 <strong>Recetas y V\u00eddeo Recetas:<\/strong> Echa un vistazo a nuestra selecci\u00f3n de recetas, curadas con amor y dedicaci\u00f3n. Tanto si es un principiante en la cocina como un cocinero experimentado, seguro que encuentra algo que le haga cosquillas en el paladar y alimente su esp\u00edritu. Y con nuestras recetas en v\u00eddeo, podr\u00e1 seguir cada paso visualmente, \u00a1haciendo que cada preparaci\u00f3n sea pan comido!<\/p>\n<p>Invitamos a todos los entusiastas de la cocina, a todos los curiosos y a todos los amantes de la comida a unirse a nosotros en esta aventura culinaria. Descargue, descubra y deleite sus sentidos con lo que le ofrece la Academia.<\/p>\n<p>Disfrute de su viaje al mundo de los sabores y el conocimiento.<\/p>\n<p>Enlaces a libros electr\u00f3nicos<\/p>\n<p>Chocolate Pasi\u00f3n <a href=\"https:\/\/www.dropbox.com\/s\/co3him7oxvywnsa\/Passione%20Cioccolato.pdf?dl=0\">https:\/\/www.dropbox.com\/s\/co3him7oxvywnsa\/Passione%20Cioccolato.pdf?dl=0<\/a><\/p>\n<p>Chocolater\u00eda Aware <a href=\"https:\/\/www.dropbox.com\/s\/co3him7oxvywnsa\/Passione%20Cioccolato.pdf?dl=0\">https:\/\/www.dropbox.com\/s\/co3him7oxvywnsa\/Passione%20Cioccolato.pdf?dl=0<\/a><\/p>\n<p>Los secretos de la levadura madre <a href=\"https:\/\/www.dropbox.com\/s\/zeydua7gawkdnfn\/I%20segreti%20del%20Lievito%20Madre%20%20by%20Silvio%20Bessone.pdf?dl=0\">https:\/\/www.dropbox.com\/s\/zeydua7gawkdnfn\/I%20segreti%20del%20Lievito%20Madre%20%20by%20Silvio%20Bessone.pdf?dl=0<\/a><\/p>\t\t\t\t\t\t\t\t<\/div>\n\t\t\t\t<\/div>\n\t\t\t\t\t<\/div>\n\t\t<\/div>\n\t\t\t\t\t<\/div>\n\t\t<\/section>\n\t\t\t\t<section class=\"elementor-section elementor-top-section elementor-element elementor-element-efbb223 elementor-section-boxed elementor-section-height-default elementor-section-height-default\" data-id=\"efbb223\" data-element_type=\"section\">\n\t\t\t\t\t\t<div class=\"elementor-container elementor-column-gap-default\">\n\t\t\t\t\t<div class=\"elementor-column elementor-col-33 elementor-top-column elementor-element elementor-element-62fd3b5\" data-id=\"62fd3b5\" data-element_type=\"column\">\n\t\t\t<div class=\"elementor-widget-wrap elementor-element-populated\">\n\t\t\t\t\t\t<div class=\"elementor-element elementor-element-c81e053 elementor-widget elementor-widget-image\" data-id=\"c81e053\" data-element_type=\"widget\" data-widget_type=\"image.default\">\n\t\t\t\t<div class=\"elementor-widget-container\">\n\t\t\t\t\t\t\t\t\t\t\t\t\t\t\t<img fetchpriority=\"high\" decoding=\"async\" width=\"694\" height=\"1000\" src=\"https:\/\/www.silviobessone.it\/wp-content\/uploads\/2023\/11\/hardcoverjacket_700x1000.png\" class=\"attachment-large size-large wp-image-2481\" alt=\"\" srcset=\"https:\/\/www.silviobessone.it\/wp-content\/uploads\/2023\/11\/hardcoverjacket_700x1000.png 694w, https:\/\/www.silviobessone.it\/wp-content\/uploads\/2023\/11\/hardcoverjacket_700x1000-208x300.png 208w\" sizes=\"(max-width: 694px) 100vw, 694px\" \/>\t\t\t\t\t\t\t\t\t\t\t\t\t\t\t<\/div>\n\t\t\t\t<\/div>\n\t\t\t\t\t<\/div>\n\t\t<\/div>\n\t\t\t\t<div class=\"elementor-column elementor-col-33 elementor-top-column elementor-element elementor-element-4262146\" data-id=\"4262146\" data-element_type=\"column\">\n\t\t\t<div class=\"elementor-widget-wrap elementor-element-populated\">\n\t\t\t\t\t\t<div class=\"elementor-element elementor-element-e1a145d elementor-widget elementor-widget-image\" data-id=\"e1a145d\" data-element_type=\"widget\" data-widget_type=\"image.default\">\n\t\t\t\t<div class=\"elementor-widget-container\">\n\t\t\t\t\t\t\t\t\t\t\t\t\t\t\t<img decoding=\"async\" width=\"711\" height=\"1024\" src=\"https:\/\/www.silviobessone.it\/wp-content\/uploads\/2024\/02\/Cioccolatiere-Consapevole-1-711x1024.png\" class=\"attachment-large size-large wp-image-2732\" alt=\"Libro Cioccolatiere consapevole\" srcset=\"https:\/\/www.silviobessone.it\/wp-content\/uploads\/2024\/02\/Cioccolatiere-Consapevole-1-711x1024.png 711w, https:\/\/www.silviobessone.it\/wp-content\/uploads\/2024\/02\/Cioccolatiere-Consapevole-1-208x300.png 208w, https:\/\/www.silviobessone.it\/wp-content\/uploads\/2024\/02\/Cioccolatiere-Consapevole-1.png 747w\" sizes=\"(max-width: 711px) 100vw, 711px\" \/>\t\t\t\t\t\t\t\t\t\t\t\t\t\t\t<\/div>\n\t\t\t\t<\/div>\n\t\t\t\t\t<\/div>\n\t\t<\/div>\n\t\t\t\t<div class=\"elementor-column elementor-col-33 elementor-top-column elementor-element elementor-element-242653c\" data-id=\"242653c\" data-element_type=\"column\">\n\t\t\t<div class=\"elementor-widget-wrap elementor-element-populated\">\n\t\t\t\t\t\t<div class=\"elementor-element elementor-element-d379d17 elementor-widget elementor-widget-image\" data-id=\"d379d17\" data-element_type=\"widget\" data-widget_type=\"image.default\">\n\t\t\t\t<div class=\"elementor-widget-container\">\n\t\t\t\t\t\t\t\t\t\t\t\t\t\t\t<img decoding=\"async\" width=\"710\" height=\"1024\" src=\"https:\/\/www.silviobessone.it\/wp-content\/uploads\/2023\/11\/hardcoverjacket_746x10761-1-710x1024.png\" class=\"attachment-large size-large wp-image-2491\" alt=\"\" srcset=\"https:\/\/www.silviobessone.it\/wp-content\/uploads\/2023\/11\/hardcoverjacket_746x10761-1-710x1024.png 710w, https:\/\/www.silviobessone.it\/wp-content\/uploads\/2023\/11\/hardcoverjacket_746x10761-1-208x300.png 208w, https:\/\/www.silviobessone.it\/wp-content\/uploads\/2023\/11\/hardcoverjacket_746x10761-1.png 746w\" sizes=\"(max-width: 710px) 100vw, 710px\" \/>\t\t\t\t\t\t\t\t\t\t\t\t\t\t\t<\/div>\n\t\t\t\t<\/div>\n\t\t\t\t\t<\/div>\n\t\t<\/div>\n\t\t\t\t\t<\/div>\n\t\t<\/section>\n\t\t\t\t<section class=\"elementor-section elementor-top-section elementor-element elementor-element-be3cb9d elementor-section-boxed elementor-section-height-default elementor-section-height-default\" data-id=\"be3cb9d\" data-element_type=\"section\">\n\t\t\t\t\t\t<div class=\"elementor-container elementor-column-gap-default\">\n\t\t\t\t\t<div class=\"elementor-column elementor-col-100 elementor-top-column elementor-element elementor-element-6310398\" data-id=\"6310398\" data-element_type=\"column\">\n\t\t\t<div class=\"elementor-widget-wrap elementor-element-populated\">\n\t\t\t\t\t\t<div class=\"elementor-element elementor-element-db9453e elementor-widget elementor-widget-text-editor\" data-id=\"db9453e\" data-element_type=\"widget\" data-widget_type=\"text-editor.default\">\n\t\t\t\t<div class=\"elementor-widget-container\">\n\t\t\t\t\t\t\t\t\t<p>Lorem fistrum por la gloria de mi madre esse jarl aliqua llevame al sircoo. De la pradera ullamco qu\u00e9 dise usteer est\u00e1 la cosa muy malar.<\/p>\t\t\t\t\t\t\t\t<\/div>\n\t\t\t\t<\/div>\n\t\t\t\t\t<\/div>\n\t\t<\/div>\n\t\t\t\t\t<\/div>\n\t\t<\/section>\n\t\t\t\t<\/div>\n\t\t","protected":false},"excerpt":{"rendered":"<p>Bienvenido a la Academia En el coraz\u00f3n de la tradici\u00f3n culinaria y la pasi\u00f3n por una vida sana y consciente, le damos la bienvenida a nuestra academia en l\u00ednea. Aqu\u00ed no s\u00f3lo tendr\u00e1 la oportunidad de descubrir los secretos del chocolate y la cocina y el arte de la preparaci\u00f3n de los alimentos, sino tambi\u00e9n [&hellip;]<\/p>\n","protected":false},"author":1,"featured_media":0,"parent":0,"menu_order":0,"comment_status":"closed","ping_status":"closed","template":"","meta":{"footnotes":""},"_links":{"self":[{"href":"https:\/\/www.silviobessone.it\/es\/wp-json\/wp\/v2\/pages\/1747"}],"collection":[{"href":"https:\/\/www.silviobessone.it\/es\/wp-json\/wp\/v2\/pages"}],"about":[{"href":"https:\/\/www.silviobessone.it\/es\/wp-json\/wp\/v2\/types\/page"}],"author":[{"embeddable":true,"href":"https:\/\/www.silviobessone.it\/es\/wp-json\/wp\/v2\/users\/1"}],"replies":[{"embeddable":true,"href":"https:\/\/www.silviobessone.it\/es\/wp-json\/wp\/v2\/comments?post=1747"}],"version-history":[{"count":2,"href":"https:\/\/www.silviobessone.it\/es\/wp-json\/wp\/v2\/pages\/1747\/revisions"}],"predecessor-version":[{"id":2800,"href":"https:\/\/www.silviobessone.it\/es\/wp-json\/wp\/v2\/pages\/1747\/revisions\/2800"}],"wp:attachment":[{"href":"https:\/\/www.silviobessone.it\/es\/wp-json\/wp\/v2\/media?parent=1747"}],"curies":[{"name":"wp","href":"https:\/\/api.w.org\/{rel}","templated":true}]}}