{"id":1696,"date":"2023-09-04T09:56:46","date_gmt":"2023-09-04T09:56:46","guid":{"rendered":"https:\/\/www.silviobessone.it\/perfil\/"},"modified":"2023-10-23T14:03:52","modified_gmt":"2023-10-23T14:03:52","slug":"perfil","status":"publish","type":"page","link":"https:\/\/www.silviobessone.it\/es\/perfil\/","title":{"rendered":"PERFIL"},"content":{"rendered":"\t\t<div data-elementor-type=\"wp-page\" data-elementor-id=\"1696\" class=\"elementor elementor-1696 elementor-14\" data-elementor-post-type=\"page\">\n\t\t\t\t\t\t<section class=\"elementor-section elementor-top-section elementor-element elementor-element-000c522 elementor-section-boxed elementor-section-height-default elementor-section-height-default\" data-id=\"000c522\" data-element_type=\"section\">\n\t\t\t\t\t\t<div class=\"elementor-container elementor-column-gap-default\">\n\t\t\t\t\t<div class=\"elementor-column elementor-col-100 elementor-top-column elementor-element elementor-element-684727b\" data-id=\"684727b\" data-element_type=\"column\">\n\t\t\t<div class=\"elementor-widget-wrap elementor-element-populated\">\n\t\t\t\t\t\t<div class=\"elementor-element elementor-element-bcc1778 elementor-widget elementor-widget-spacer\" data-id=\"bcc1778\" data-element_type=\"widget\" data-widget_type=\"spacer.default\">\n\t\t\t\t<div class=\"elementor-widget-container\">\n\t\t\t\t\t\t\t<div class=\"elementor-spacer\">\n\t\t\t<div class=\"elementor-spacer-inner\"><\/div>\n\t\t<\/div>\n\t\t\t\t\t\t<\/div>\n\t\t\t\t<\/div>\n\t\t\t\t<div class=\"elementor-element elementor-element-3127357 elementor-widget elementor-widget-image\" data-id=\"3127357\" data-element_type=\"widget\" data-widget_type=\"image.default\">\n\t\t\t\t<div class=\"elementor-widget-container\">\n\t\t\t\t\t\t\t\t\t\t\t\t\t\t\t<img fetchpriority=\"high\" decoding=\"async\" width=\"1354\" height=\"249\" src=\"https:\/\/www.silviobessone.it\/wp-content\/uploads\/2023\/09\/silvio-bessone.png\" class=\"attachment-full size-full wp-image-1333\" alt=\"\" srcset=\"https:\/\/www.silviobessone.it\/wp-content\/uploads\/2023\/09\/silvio-bessone.png 1354w, https:\/\/www.silviobessone.it\/wp-content\/uploads\/2023\/09\/silvio-bessone-300x55.png 300w, https:\/\/www.silviobessone.it\/wp-content\/uploads\/2023\/09\/silvio-bessone-1024x188.png 1024w, https:\/\/www.silviobessone.it\/wp-content\/uploads\/2023\/09\/silvio-bessone-768x141.png 768w\" sizes=\"(max-width: 1354px) 100vw, 1354px\" \/>\t\t\t\t\t\t\t\t\t\t\t\t\t\t\t<\/div>\n\t\t\t\t<\/div>\n\t\t\t\t<div class=\"elementor-element elementor-element-829a6ae elementor-widget elementor-widget-spacer\" data-id=\"829a6ae\" data-element_type=\"widget\" data-widget_type=\"spacer.default\">\n\t\t\t\t<div class=\"elementor-widget-container\">\n\t\t\t\t\t\t\t<div class=\"elementor-spacer\">\n\t\t\t<div class=\"elementor-spacer-inner\"><\/div>\n\t\t<\/div>\n\t\t\t\t\t\t<\/div>\n\t\t\t\t<\/div>\n\t\t\t\t\t<\/div>\n\t\t<\/div>\n\t\t\t\t\t<\/div>\n\t\t<\/section>\n\t\t\t\t<section class=\"elementor-section elementor-top-section elementor-element elementor-element-8e8fdf3 elementor-section-boxed elementor-section-height-default elementor-section-height-default\" data-id=\"8e8fdf3\" data-element_type=\"section\">\n\t\t\t\t\t\t<div class=\"elementor-container elementor-column-gap-default\">\n\t\t\t\t\t<div class=\"elementor-column elementor-col-33 elementor-top-column elementor-element elementor-element-b6b60ad\" data-id=\"b6b60ad\" data-element_type=\"column\">\n\t\t\t<div class=\"elementor-widget-wrap elementor-element-populated\">\n\t\t\t\t\t\t<div class=\"elementor-element elementor-element-0ffd639 elementor-align-center pulsante-personalizzato elementor-widget elementor-widget-button\" data-id=\"0ffd639\" data-element_type=\"widget\" data-widget_type=\"button.default\">\n\t\t\t\t<div class=\"elementor-widget-container\">\n\t\t\t\t\t\t\t\t\t<div class=\"elementor-button-wrapper\">\n\t\t\t\t\t<a class=\"elementor-button elementor-button-link elementor-size-sm elementor-animation-shrink\" href=\"https:\/\/www.silviobessone.it\/es\/?page_id=1696\">\n\t\t\t\t\t\t<span class=\"elementor-button-content-wrapper\">\n\t\t\t\t\t\t\t\t\t<span class=\"elementor-button-text\">SILVIO BESSONE<\/span>\n\t\t\t\t\t<\/span>\n\t\t\t\t\t<\/a>\n\t\t\t\t<\/div>\n\t\t\t\t\t\t\t\t<\/div>\n\t\t\t\t<\/div>\n\t\t\t\t<div class=\"elementor-element elementor-element-14fb0f3 elementor-align-center pulsante-personalizzato elementor-widget elementor-widget-button\" data-id=\"14fb0f3\" data-element_type=\"widget\" data-widget_type=\"button.default\">\n\t\t\t\t<div class=\"elementor-widget-container\">\n\t\t\t\t\t\t\t\t\t<div class=\"elementor-button-wrapper\">\n\t\t\t\t\t<a class=\"elementor-button elementor-button-link elementor-size-sm elementor-animation-shrink\" href=\"https:\/\/www.silviobessone.it\/lazienda\/\">\n\t\t\t\t\t\t<span class=\"elementor-button-content-wrapper\">\n\t\t\t\t\t\t\t\t\t<span class=\"elementor-button-text\">LA EMPRESA<\/span>\n\t\t\t\t\t<\/span>\n\t\t\t\t\t<\/a>\n\t\t\t\t<\/div>\n\t\t\t\t\t\t\t\t<\/div>\n\t\t\t\t<\/div>\n\t\t\t\t<div class=\"elementor-element elementor-element-7b063d3 elementor-align-center pulsante-personalizzato elementor-widget elementor-widget-button\" data-id=\"7b063d3\" data-element_type=\"widget\" data-widget_type=\"button.default\">\n\t\t\t\t<div class=\"elementor-widget-container\">\n\t\t\t\t\t\t\t\t\t<div class=\"elementor-button-wrapper\">\n\t\t\t\t\t<a class=\"elementor-button elementor-button-link elementor-size-sm elementor-animation-shrink\" href=\"https:\/\/www.silviobessone.it\/concorsi-e-manifestazioni\/\">\n\t\t\t\t\t\t<span class=\"elementor-button-content-wrapper\">\n\t\t\t\t\t\t\t\t\t<span class=\"elementor-button-text\">CONCURSOS Y EVENTOS<\/span>\n\t\t\t\t\t<\/span>\n\t\t\t\t\t<\/a>\n\t\t\t\t<\/div>\n\t\t\t\t\t\t\t\t<\/div>\n\t\t\t\t<\/div>\n\t\t\t\t<div class=\"elementor-element elementor-element-cd04fb7 elementor-align-center pulsante-personalizzato elementor-widget elementor-widget-button\" data-id=\"cd04fb7\" data-element_type=\"widget\" data-widget_type=\"button.default\">\n\t\t\t\t<div class=\"elementor-widget-container\">\n\t\t\t\t\t\t\t\t\t<div class=\"elementor-button-wrapper\">\n\t\t\t\t\t<a class=\"elementor-button elementor-button-link elementor-size-sm elementor-animation-shrink\" href=\"https:\/\/www.silviobessone.it\/silvio-bessone-e-la-tv\/\">\n\t\t\t\t\t\t<span class=\"elementor-button-content-wrapper\">\n\t\t\t\t\t\t\t\t\t<span class=\"elementor-button-text\">SILVIO BESSONE Y LA TV<\/span>\n\t\t\t\t\t<\/span>\n\t\t\t\t\t<\/a>\n\t\t\t\t<\/div>\n\t\t\t\t\t\t\t\t<\/div>\n\t\t\t\t<\/div>\n\t\t\t\t<div class=\"elementor-element elementor-element-9fd998a elementor-align-center pulsante-personalizzato elementor-widget elementor-widget-button\" data-id=\"9fd998a\" data-element_type=\"widget\" data-widget_type=\"button.default\">\n\t\t\t\t<div class=\"elementor-widget-container\">\n\t\t\t\t\t\t\t\t\t<div class=\"elementor-button-wrapper\">\n\t\t\t\t\t<a class=\"elementor-button elementor-button-link elementor-size-sm elementor-animation-shrink\" href=\"https:\/\/www.silviobessone.it\/five\/\">\n\t\t\t\t\t\t<span class=\"elementor-button-content-wrapper\">\n\t\t\t\t\t\t\t\t\t<span class=\"elementor-button-text\">CINCO<\/span>\n\t\t\t\t\t<\/span>\n\t\t\t\t\t<\/a>\n\t\t\t\t<\/div>\n\t\t\t\t\t\t\t\t<\/div>\n\t\t\t\t<\/div>\n\t\t\t\t<div class=\"elementor-element elementor-element-e8a731b elementor-align-center pulsante-personalizzato elementor-widget elementor-widget-button\" data-id=\"e8a731b\" data-element_type=\"widget\" data-widget_type=\"button.default\">\n\t\t\t\t<div class=\"elementor-widget-container\">\n\t\t\t\t\t\t\t\t\t<div class=\"elementor-button-wrapper\">\n\t\t\t\t\t<a class=\"elementor-button elementor-button-link elementor-size-sm elementor-animation-shrink\" href=\"https:\/\/www.silviobessone.it\/cioccolato-friend\/\">\n\t\t\t\t\t\t<span class=\"elementor-button-content-wrapper\">\n\t\t\t\t\t\t\t\t\t<span class=\"elementor-button-text\">CHOCOLATE Y AMIGO<\/span>\n\t\t\t\t\t<\/span>\n\t\t\t\t\t<\/a>\n\t\t\t\t<\/div>\n\t\t\t\t\t\t\t\t<\/div>\n\t\t\t\t<\/div>\n\t\t\t\t<div class=\"elementor-element elementor-element-0dd2c57 elementor-align-center pulsante-personalizzato elementor-widget elementor-widget-button\" data-id=\"0dd2c57\" data-element_type=\"widget\" data-widget_type=\"button.default\">\n\t\t\t\t<div class=\"elementor-widget-container\">\n\t\t\t\t\t\t\t\t\t<div class=\"elementor-button-wrapper\">\n\t\t\t\t\t<a class=\"elementor-button elementor-button-link elementor-size-sm elementor-animation-shrink\" href=\"#\">\n\t\t\t\t\t\t<span class=\"elementor-button-content-wrapper\">\n\t\t\t\t\t\t\t\t\t<span class=\"elementor-button-text\">ACADEMIA<\/span>\n\t\t\t\t\t<\/span>\n\t\t\t\t\t<\/a>\n\t\t\t\t<\/div>\n\t\t\t\t\t\t\t\t<\/div>\n\t\t\t\t<\/div>\n\t\t\t\t\t<\/div>\n\t\t<\/div>\n\t\t\t\t<div class=\"elementor-column elementor-col-66 elementor-top-column elementor-element elementor-element-a1ac153\" data-id=\"a1ac153\" data-element_type=\"column\">\n\t\t\t<div class=\"elementor-widget-wrap elementor-element-populated\">\n\t\t\t\t\t\t<div class=\"elementor-element elementor-element-7fa67e0 elementor-widget elementor-widget-heading\" data-id=\"7fa67e0\" data-element_type=\"widget\" data-widget_type=\"heading.default\">\n\t\t\t\t<div class=\"elementor-widget-container\">\n\t\t\t\t\t<h2 class=\"elementor-heading-title elementor-size-default\">SILVIO BESSONE<\/h2>\t\t\t\t<\/div>\n\t\t\t\t<\/div>\n\t\t\t\t<div class=\"elementor-element elementor-element-d09746e elementor-widget-divider--view-line elementor-widget elementor-widget-divider\" data-id=\"d09746e\" data-element_type=\"widget\" data-widget_type=\"divider.default\">\n\t\t\t\t<div class=\"elementor-widget-container\">\n\t\t\t\t\t\t\t<div class=\"elementor-divider\">\n\t\t\t<span class=\"elementor-divider-separator\">\n\t\t\t\t\t\t<\/span>\n\t\t<\/div>\n\t\t\t\t\t\t<\/div>\n\t\t\t\t<\/div>\n\t\t\t\t<div class=\"elementor-element elementor-element-22de62d elementor-widget elementor-widget-text-editor\" data-id=\"22de62d\" data-element_type=\"widget\" data-widget_type=\"text-editor.default\">\n\t\t\t\t<div class=\"elementor-widget-container\">\n\t\t\t\t\t\t\t\t\t<p>  Administrador \u00fanico SB Chocolate SRL<\/p>\n<p>Presidente de la empresa <strong>San Marco snc di Bessone Silvio &amp; C.<\/strong><\/p>\n<p>Secretario de la empresa <em>\u00abLe Delizie di Silvio Bessone\u00bb<\/em> y <em>Vinai Mariangela s.n.c. <\/em>&#8211; Vicoforte.<\/p>\n<p>Tecn\u00f3logo y experto en producci\u00f3n de chocolate, consultor internacional para proyectos solidarios y ecol\u00f3gicos en Tailandia, Guatemala, Tanzania, Brasil, Rep\u00fablica Dominicana, Ecuador, Costa Rica, Costa de Marfil y Sry Lanka.<\/p>\n\t\t\t\t\t\t\t\t<\/div>\n\t\t\t\t<\/div>\n\t\t\t\t<div class=\"elementor-element elementor-element-7291416 elementor-widget elementor-widget-heading\" data-id=\"7291416\" data-element_type=\"widget\" data-widget_type=\"heading.default\">\n\t\t\t\t<div class=\"elementor-widget-container\">\n\t\t\t\t\t<h4 class=\"elementor-heading-title elementor-size-default\">Una pasi\u00f3n desde la infancia: la historia de Silvio Bessone<\/h4>\t\t\t\t<\/div>\n\t\t\t\t<\/div>\n\t\t\t\t<div class=\"elementor-element elementor-element-a9d56cd elementor-widget elementor-widget-text-editor\" data-id=\"a9d56cd\" data-element_type=\"widget\" data-widget_type=\"text-editor.default\">\n\t\t\t\t<div class=\"elementor-widget-container\">\n\t\t\t\t\t\t\t\t\t<p>\u00abA los cinco a\u00f1os le dije a mi padre que iba a ser pastelero.<\/p>\n<p>Desde ese d\u00eda, jugando con las ollas de mis primos, hice budines.<\/p>\n<p>  En cuanto fui mayor, en s\u00e9ptimo curso, empec\u00e9 a ir a una pasteler\u00eda de Frabosa, aprovechando el recreo del internado para hacer bollos de crema para mis compa\u00f1eros.<\/p>\n\t\t\t\t\t\t\t\t<\/div>\n\t\t\t\t<\/div>\n\t\t\t\t<div class=\"elementor-element elementor-element-0a90d3c elementor-widget__width-initial elementor-widget elementor-widget-text-editor\" data-id=\"0a90d3c\" data-element_type=\"widget\" data-widget_type=\"text-editor.default\">\n\t\t\t\t<div class=\"elementor-widget-container\">\n\t\t\t\t\t\t\t\t\t<p><img decoding=\"async\" class=\"size-medium wp-image-304 alignleft\" src=\"https:\/\/www.silviobessone.it\/wp-content\/uploads\/2023\/09\/profilo2-152x300.jpg\" alt=\"\" width=\"152\" height=\"300\" srcset=\"https:\/\/www.silviobessone.it\/wp-content\/uploads\/2023\/09\/profilo2-152x300.jpg 152w, https:\/\/www.silviobessone.it\/wp-content\/uploads\/2023\/09\/profilo2.jpg 200w\" sizes=\"(max-width: 152px) 100vw, 152px\" \/>Una sucesi\u00f3n de pistas, confirmaciones constantes y, hasta la fecha, nunca una tregua.<\/p>\n<p>Refuerzo constantemente la certeza de que mi vocaci\u00f3n se acerca a momentos hermosos de la vida y marca hitos importantes para mis clientes, ya sea una boda o un bautizo.<\/p>\n<p>Si es cierto que es el deseo de afecto lo que atrae a una persona hacia el chocolate, mi satisfacci\u00f3n es doble.<\/p>\n<p>Un trabajo con el que uno disfruta y al mismo tiempo sirve a las necesidades de los dem\u00e1s.<\/p>\n<p>Se esfuerzan constantemente por dar alegr\u00eda, provocar emociones, sorprender con sabores \u00fanicos.<\/p>\n<p>Si a veces esto no funciona tan bien como me gustar\u00eda, me siento impulsado a mejorar siempre y a no cejar en mi empe\u00f1o y dedicaci\u00f3n.<\/p>\n\t\t\t\t\t\t\t\t<\/div>\n\t\t\t\t<\/div>\n\t\t\t\t<div class=\"elementor-element elementor-element-1a6c64c elementor-widget elementor-widget-text-editor\" data-id=\"1a6c64c\" data-element_type=\"widget\" data-widget_type=\"text-editor.default\">\n\t\t\t\t<div class=\"elementor-widget-container\">\n\t\t\t\t\t\t\t\t\t<p>La b\u00fasqueda constante de nuevos productos a veces me distrae y me aleja de productos excepcionales olvidados, descuidados o insuficientemente valorados.<\/p>\n<p>Por lo tanto, mi empe\u00f1o actual tambi\u00e9n est\u00e1 dirigido a redescubrir antiguas recetas de la historia del chocolate y quiz\u00e1s<\/p>\n<p>  olvidado en la carrera hacia lo nuevo.<\/p>\n<p><img decoding=\"async\" class=\" wp-image-308 alignright\" src=\"https:\/\/www.silviobessone.it\/wp-content\/uploads\/2023\/09\/profilo1-152x300.jpg\" alt=\"\" width=\"149\" height=\"294\" srcset=\"https:\/\/www.silviobessone.it\/wp-content\/uploads\/2023\/09\/profilo1-152x300.jpg 152w, https:\/\/www.silviobessone.it\/wp-content\/uploads\/2023\/09\/profilo1.jpg 200w\" sizes=\"(max-width: 149px) 100vw, 149px\" \/><\/p>\n<\/p>\n<p>La vuelta a las ra\u00edces lleva inevitablemente a redescubrir combinaciones de variedades de cacao.<\/p>\n<p>La b\u00fasqueda constante de nuevos productos a veces me distrae y me aleja de productos excepcionales olvidados, descuidados o insuficientemente valorados.<\/p>\n<p>Por ello, mis esfuerzos actuales tambi\u00e9n se dirigen a redescubrir viejas recetas de la historia del chocolate y quiz\u00e1 olvidadas en la carrera hacia lo nuevo.<\/p>\n<\/p>\n<p>La vuelta a las ra\u00edces lleva inevitablemente a redescubrir combinaciones de variedades de cacao.<\/p>\n<p>Esta es la raz\u00f3n por la que personalmente voy en busca del cacao en sus pa\u00edses de origen.<\/p><\/p>\n\t\t\t\t\t\t\t\t<\/div>\n\t\t\t\t<\/div>\n\t\t\t\t<div class=\"elementor-element elementor-element-c2e3e81 elementor-widget elementor-widget-spacer\" data-id=\"c2e3e81\" data-element_type=\"widget\" data-widget_type=\"spacer.default\">\n\t\t\t\t<div class=\"elementor-widget-container\">\n\t\t\t\t\t\t\t<div class=\"elementor-spacer\">\n\t\t\t<div class=\"elementor-spacer-inner\"><\/div>\n\t\t<\/div>\n\t\t\t\t\t\t<\/div>\n\t\t\t\t<\/div>\n\t\t\t\t\t<\/div>\n\t\t<\/div>\n\t\t\t\t\t<\/div>\n\t\t<\/section>\n\t\t\t\t<\/div>\n\t\t","protected":false},"excerpt":{"rendered":"<p>SILVIO BESSONE LA EMPRESA CONCURSOS Y EVENTOS SILVIO BESSONE Y LA TV CINCO CHOCOLATE Y AMIGO ACADEMIA SILVIO BESSONE Administrador \u00fanico SB Chocolate SRL Presidente de la empresa San Marco snc di Bessone Silvio &amp; C. Secretario de la empresa \u00abLe Delizie di Silvio Bessone\u00bb y Vinai Mariangela s.n.c. &#8211; Vicoforte. Tecn\u00f3logo y experto en [&hellip;]<\/p>\n","protected":false},"author":1,"featured_media":0,"parent":0,"menu_order":0,"comment_status":"closed","ping_status":"closed","template":"","meta":{"footnotes":""},"_links":{"self":[{"href":"https:\/\/www.silviobessone.it\/es\/wp-json\/wp\/v2\/pages\/1696"}],"collection":[{"href":"https:\/\/www.silviobessone.it\/es\/wp-json\/wp\/v2\/pages"}],"about":[{"href":"https:\/\/www.silviobessone.it\/es\/wp-json\/wp\/v2\/types\/page"}],"author":[{"embeddable":true,"href":"https:\/\/www.silviobessone.it\/es\/wp-json\/wp\/v2\/users\/1"}],"replies":[{"embeddable":true,"href":"https:\/\/www.silviobessone.it\/es\/wp-json\/wp\/v2\/comments?post=1696"}],"version-history":[{"count":4,"href":"https:\/\/www.silviobessone.it\/es\/wp-json\/wp\/v2\/pages\/1696\/revisions"}],"predecessor-version":[{"id":1735,"href":"https:\/\/www.silviobessone.it\/es\/wp-json\/wp\/v2\/pages\/1696\/revisions\/1735"}],"wp:attachment":[{"href":"https:\/\/www.silviobessone.it\/es\/wp-json\/wp\/v2\/media?parent=1696"}],"curies":[{"name":"wp","href":"https:\/\/api.w.org\/{rel}","templated":true}]}}